
{"id":53867,"date":"2024-04-17T11:24:42","date_gmt":"2024-04-17T11:24:42","guid":{"rendered":"https:\/\/azurefilm.com\/product\/asa-prime-filament-silber\/"},"modified":"2026-04-02T11:53:34","modified_gmt":"2026-04-02T11:53:34","slug":"asa-prime-filament-silber","status":"publish","type":"product","link":"https:\/\/azurefilm.com\/de\/produkt\/asa-prime-filament-silber\/","title":{"rendered":"ASA Prime Filament Silber"},"content":{"rendered":"<h2><strong>ASA Prime<\/strong><\/h2>\n<p><span style=\"font-weight: 400;\">ASA Prime ist unser hochwertiges, verzugsfreies technisches Filament, basierend auf regul\u00e4rem ASA (Acrylnitril-Styrol-Acrylat). Dank unserer verbesserten Formulierung hat ASA Prime au\u00dfergew\u00f6hnliche St\u00e4rke, hohe Schlagfestigkeit und exzellente Schichthaftung. Mit ASA Prime erstellen Sie pr\u00e4zise, detaillierte Drucke, die UV- und wetterbest\u00e4ndig sind, was es zum perfekten Material f\u00fcr Au\u00dfenanwendungen macht. <\/span><\/p>\n<p><img loading=\"lazy\" decoding=\"async\" class=\"wp-image-31846 alignright\" src=\"https:\/\/azurefilm.com\/wp-content\/uploads\/2024\/04\/ASA-Prime-spider-chart_EN-1024x598.png\" alt=\"\" width=\"700\" height=\"409\" title=\"\" srcset=\"https:\/\/azurefilm.com\/wp-content\/uploads\/2024\/04\/ASA-Prime-spider-chart_EN-1024x598.png 1024w, https:\/\/azurefilm.com\/wp-content\/uploads\/2024\/04\/ASA-Prime-spider-chart_EN-510x298.png 510w, https:\/\/azurefilm.com\/wp-content\/uploads\/2024\/04\/ASA-Prime-spider-chart_EN-300x175.png 300w, https:\/\/azurefilm.com\/wp-content\/uploads\/2024\/04\/ASA-Prime-spider-chart_EN-768x449.png 768w, https:\/\/azurefilm.com\/wp-content\/uploads\/2024\/04\/ASA-Prime-spider-chart_EN-1536x897.png 1536w, https:\/\/azurefilm.com\/wp-content\/uploads\/2024\/04\/ASA-Prime-spider-chart_EN.png 1674w\" sizes=\"auto, (max-width: 700px) 100vw, 700px\" \/><\/p>\n<p><span style=\"font-weight: 400;\">Um mehr \u00fcber ASA Prime Filamente zu erfahren, lesen Sie unseren <\/span><a href=\"https:\/\/azurefilm.com\/de\/2024\/04\/23\/einfuehrung-der-prime-filamente-entfesseln-sie-die-wahre-kraft\/\" target=\"_blank\" rel=\"noopener\"><b>Blog<\/b><\/a><span style=\"font-weight: 400;\">.<\/span><\/p>\n<h3><strong>Druckempfehlungen:<\/strong><\/h3>\n<ul>\n<li style=\"font-weight: 400;\" aria-level=\"1\"><span style=\"font-weight: 400;\">F\u00fcr die besten Ergebnisse drucken Sie bei 235\u2013255\u00b0C*. <\/span><\/li>\n<li style=\"font-weight: 400;\" aria-level=\"1\"><span style=\"font-weight: 400;\">Die empfohlene Druckbetttemperatur liegt bei 80-100\u00b0C. Wir empfehlen die Verwendung eines Geh\u00e4uses oder eines geschlossenen 3D-Druckers, obwohl dieses Material auch ohne Geh\u00e4use gedruckt werden kann. <\/span><\/li>\n<li style=\"font-weight: 400;\" aria-level=\"1\"><span style=\"font-weight: 400;\">Wir empfehlen dringend die Verwendung von dicken und strukturierten PEI-Folien\/Glas, da die Steifigkeit und Festigkeit von ASA Prime das Gewicht und\/oder die magnetische Anziehungskraft eines hochwertigen Druckbetts erfordern.<\/span><\/li>\n<\/ul>\n<p><i><span style=\"font-weight: 400;\">*Die ideale Temperatur kann je nach verwendetem Drucker variieren.<\/span><\/i><\/p>\n<h3><strong>Gl\u00e4ttungstechniken<\/strong><\/h3>\n<p><span style=\"font-weight: 400;\">Eine g\u00e4ngige Methode, um die Oberfl\u00e4che Ihres 3D-gedruckten ASA Prime Objekts zu gl\u00e4tten, besteht darin, Aceton auf die Oberfl\u00e4che aufzutragen. Wir empfehlen, das Objekt direkt in Aceton zu tauchen, anstatt die Dampfgl\u00e4ttung zu verwenden. <\/span><\/p>\n<div class=\"is-divider divider clearfix\" style=\"max-width:100%;height:1px;background-color:rgb(17, 107, 168);\"><\/div>\n<h2><strong>Anwendungen<\/strong><\/h2>\n<p><span style=\"font-weight: 400;\">ASA Prime hat keinen Verzug und exzellente Schichthaftung, was einen deutlich reibungsloseren Druckprozess im Vergleich zum Drucken mit regul\u00e4rem ASA erm\u00f6glicht, ohne Kompromisse bei den mechanischen Eigenschaften einzugehen.<\/span><\/p>\n<h3><strong>Kein Verziehen<\/strong><\/h3>\n<p><span style=\"font-weight: 400;\">Beim Drucken mit regul\u00e4ren Hochleistungsmaterialien wie ASA tritt h\u00e4ufig das Problem des Verzugs auf. Verzug tritt auf, wenn sich die Kanten eines gedruckten Teils vom Druckbett abheben und eine Verformung des Drucks verursachen. In Kombination mit schlechter Schichthaftung bilden sich Risse, was zu einer insgesamt schlechteren Optik und Funktionalit\u00e4t des Drucks f\u00fchrt. Dank unserer verbesserten Formel hat ASA Prime keinen Verzug und exzellente Schichthaftung, wodurch diese h\u00e4ufigen Probleme von regul\u00e4rem ASA vollst\u00e4ndig eliminiert werden. <\/span><\/p>\n<div style=\"padding: 56.25% 0 0 0; position: relative;\"><iframe style=\"position: absolute; top: 0; left: 0; width: 100%; height: 100%;\" title=\"Kein Verziehen\" src=\"https:\/\/player.vimeo.com\/video\/932429617?badge=0autopause=0player_id=0app_id=58479\" frameborder=\"0\"><\/iframe><\/div>\n<p><script src=\"https:\/\/player.vimeo.com\/api\/player.js\"><\/script><\/p>\n<h3><strong>Hohe W\u00e4rmebest\u00e4ndigkeit<\/strong><\/h3>\n<p><span style=\"font-weight: 400;\">ASA Prime hat eine hohe Hitzebest\u00e4ndigkeit<\/span><span style=\"font-weight: 400;\">, was es zu einem \u00e4u\u00dferst geeigneten Material f\u00fcr den Druck von Teilen macht, die h\u00f6heren Temperaturen standhalten m\u00fcssen. Aus diesem Grund wird ASA Prime verwendet, um Prototypen und Endverbraucherteile zu drucken, die unter anspruchsvollen, realen Bedingungen getestet werden sollen. <\/span><\/p>\n<p><img loading=\"lazy\" decoding=\"async\" class=\"aligncenter wp-image-31891 size-full\" src=\"https:\/\/azurefilm.com\/wp-content\/uploads\/2024\/04\/ASA-PRIME-Heat-Resistance-1-scaled.jpg\" alt=\"\" width=\"2560\" height=\"961\" title=\"\" srcset=\"https:\/\/azurefilm.com\/wp-content\/uploads\/2024\/04\/ASA-PRIME-Heat-Resistance-1-scaled.jpg 2560w, https:\/\/azurefilm.com\/wp-content\/uploads\/2024\/04\/ASA-PRIME-Heat-Resistance-1-scaled-510x191.jpg 510w, https:\/\/azurefilm.com\/wp-content\/uploads\/2024\/04\/ASA-PRIME-Heat-Resistance-1-300x113.jpg 300w, https:\/\/azurefilm.com\/wp-content\/uploads\/2024\/04\/ASA-PRIME-Heat-Resistance-1-1024x384.jpg 1024w, https:\/\/azurefilm.com\/wp-content\/uploads\/2024\/04\/ASA-PRIME-Heat-Resistance-1-768x288.jpg 768w, https:\/\/azurefilm.com\/wp-content\/uploads\/2024\/04\/ASA-PRIME-Heat-Resistance-1-1536x576.jpg 1536w, https:\/\/azurefilm.com\/wp-content\/uploads\/2024\/04\/ASA-PRIME-Heat-Resistance-1-2048x768.jpg 2048w\" sizes=\"auto, (max-width: 2560px) 100vw, 2560px\" \/><\/p>\n<h3><strong>Hohe Schlagfestigkeit<\/strong><\/h3>\n<p><span style=\"font-weight: 400;\">Der Begriff &#8216;Schlagfestigkeit&#8217; bezieht sich auf die F\u00e4higkeit eines Materials, Verformung, Rissbildung und Bruch unter pl\u00f6tzlicher und intensiver Belastung zu widerstehen. ASA Prime hat eine hohe Schlagfestigkeit <\/span><span style=\"font-weight: 400;\">, <\/span><span style=\"font-weight: 400;\"> was bedeutet, dass es einer hohen Belastung standhalten kann, ohne die Integrit\u00e4t Ihres Drucks zu beeintr\u00e4chtigen.<\/span><\/p>\n<p><img loading=\"lazy\" decoding=\"async\" class=\"aligncenter wp-image-31895 size-full\" src=\"https:\/\/azurefilm.com\/wp-content\/uploads\/2024\/04\/ASA-PRIME-High-Impact-Strength-1-scaled.jpg\" alt=\"\" width=\"2560\" height=\"961\" title=\"\" srcset=\"https:\/\/azurefilm.com\/wp-content\/uploads\/2024\/04\/ASA-PRIME-High-Impact-Strength-1-scaled.jpg 2560w, https:\/\/azurefilm.com\/wp-content\/uploads\/2024\/04\/ASA-PRIME-High-Impact-Strength-1-scaled-510x191.jpg 510w, https:\/\/azurefilm.com\/wp-content\/uploads\/2024\/04\/ASA-PRIME-High-Impact-Strength-1-300x113.jpg 300w, https:\/\/azurefilm.com\/wp-content\/uploads\/2024\/04\/ASA-PRIME-High-Impact-Strength-1-1024x384.jpg 1024w, https:\/\/azurefilm.com\/wp-content\/uploads\/2024\/04\/ASA-PRIME-High-Impact-Strength-1-768x288.jpg 768w, https:\/\/azurefilm.com\/wp-content\/uploads\/2024\/04\/ASA-PRIME-High-Impact-Strength-1-1536x576.jpg 1536w, https:\/\/azurefilm.com\/wp-content\/uploads\/2024\/04\/ASA-PRIME-High-Impact-Strength-1-2048x768.jpg 2048w\" sizes=\"auto, (max-width: 2560px) 100vw, 2560px\" \/><\/p>\n<h3><strong>Starke UV- Wetterbest\u00e4ndigkeit<\/strong><\/h3>\n<p><span style=\"font-weight: 400;\">ASA Prime ist eines der langlebigsten und st\u00e4rksten Materialien, die f\u00fcr den 3D-Druck verwendet werden. Da es UV- und wetterbest\u00e4ndig ist, eignet sich ASA Prime \u00e4u\u00dferst gut f\u00fcr eine Vielzahl von Au\u00dfenanwendungen. Die hohe Schlagfestigkeit von ASA Prime in Kombination mit seiner Haltbarkeit macht es zum perfekten Material f\u00fcr Drucke, die den Test der Zeit bestehen m\u00fcssen. <\/span><\/p>\n<p><img loading=\"lazy\" decoding=\"async\" class=\"aligncenter wp-image-31903 size-full\" src=\"https:\/\/azurefilm.com\/wp-content\/uploads\/2024\/04\/Strong-UV-weather-resistance-1-scaled.jpg\" alt=\"\" width=\"2560\" height=\"961\" title=\"\" srcset=\"https:\/\/azurefilm.com\/wp-content\/uploads\/2024\/04\/Strong-UV-weather-resistance-1-scaled.jpg 2560w, https:\/\/azurefilm.com\/wp-content\/uploads\/2024\/04\/Strong-UV-weather-resistance-1-scaled-510x191.jpg 510w, https:\/\/azurefilm.com\/wp-content\/uploads\/2024\/04\/Strong-UV-weather-resistance-1-300x113.jpg 300w, https:\/\/azurefilm.com\/wp-content\/uploads\/2024\/04\/Strong-UV-weather-resistance-1-1024x384.jpg 1024w, https:\/\/azurefilm.com\/wp-content\/uploads\/2024\/04\/Strong-UV-weather-resistance-1-768x288.jpg 768w, https:\/\/azurefilm.com\/wp-content\/uploads\/2024\/04\/Strong-UV-weather-resistance-1-1536x576.jpg 1536w, https:\/\/azurefilm.com\/wp-content\/uploads\/2024\/04\/Strong-UV-weather-resistance-1-2048x768.jpg 2048w\" sizes=\"auto, (max-width: 2560px) 100vw, 2560px\" \/><\/p>\n<h3><strong>Exzellente erste Schicht- Schichthaftung<\/strong><\/h3>\n<p><span style=\"font-weight: 400;\">ASA Prime hat eine exzellente erste Schicht- und Schichthaftung, ein Merkmal, das entscheidend f\u00fcr die strukturelle Integrit\u00e4t und St\u00e4rke gedruckter Teile ist. Gute Schichthaftung minimiert das Risiko von Rissen unter Druck und sorgt f\u00fcr einen reibungsloseren Druckprozess. <\/span><\/p>\n<h3><strong>Hochpr\u00e4ziser Druck mit feinen Details<\/strong><\/h3>\n<p><span style=\"font-weight: 400;\">Mit ASA Prime k\u00f6nnen Sie Drucke erstellen, die die feinsten Details zeigen, ohne Kompromisse bei den mechanischen Eigenschaften einzugehen, die Sie von einem hochwertigen technischen Material erwarten.<\/span><\/p>\n<p><img loading=\"lazy\" decoding=\"async\" class=\"aligncenter wp-image-31887 \" src=\"https:\/\/azurefilm.com\/wp-content\/uploads\/2024\/04\/ASA-PRIME-High-Percision-1-scaled.jpg\" alt=\"\" width=\"2560\" height=\"961\" title=\"\" srcset=\"https:\/\/azurefilm.com\/wp-content\/uploads\/2024\/04\/ASA-PRIME-High-Percision-1-scaled.jpg 2560w, https:\/\/azurefilm.com\/wp-content\/uploads\/2024\/04\/ASA-PRIME-High-Percision-1-scaled-510x191.jpg 510w, https:\/\/azurefilm.com\/wp-content\/uploads\/2024\/04\/ASA-PRIME-High-Percision-1-300x113.jpg 300w, https:\/\/azurefilm.com\/wp-content\/uploads\/2024\/04\/ASA-PRIME-High-Percision-1-1024x384.jpg 1024w, https:\/\/azurefilm.com\/wp-content\/uploads\/2024\/04\/ASA-PRIME-High-Percision-1-768x288.jpg 768w, https:\/\/azurefilm.com\/wp-content\/uploads\/2024\/04\/ASA-PRIME-High-Percision-1-1536x576.jpg 1536w, https:\/\/azurefilm.com\/wp-content\/uploads\/2024\/04\/ASA-PRIME-High-Percision-1-2048x768.jpg 2048w\" sizes=\"auto, (max-width: 2560px) 100vw, 2560px\" \/><\/p>\n<h3><strong>Perfekt f\u00fcr Hochgeschwindigkeitsdruck<\/strong><\/h3>\n<p><span style=\"font-weight: 400;\">ASA Prime ist perfekt f\u00fcr Hochgeschwindigkeitsdruck (\u2264350mm\/s), ohne dass die mechanischen Eigenschaften beeintr\u00e4chtigt werden. Dies erm\u00f6glicht es Ihnen, mit hoher Geschwindigkeit zu drucken, ohne sich \u00fcber m\u00f6gliche Auswirkungen auf das Endergebnis Sorgen machen zu m\u00fcssen. <\/span><\/p>\n<p><img loading=\"lazy\" decoding=\"async\" class=\"aligncenter wp-image-32054 size-full\" src=\"https:\/\/azurefilm.com\/wp-content\/uploads\/2024\/04\/ASA-SPEED-1-scaled.jpg\" alt=\"\" width=\"2560\" height=\"961\" title=\"\" srcset=\"https:\/\/azurefilm.com\/wp-content\/uploads\/2024\/04\/ASA-SPEED-1-scaled.jpg 2560w, https:\/\/azurefilm.com\/wp-content\/uploads\/2024\/04\/ASA-SPEED-1-scaled-510x191.jpg 510w, https:\/\/azurefilm.com\/wp-content\/uploads\/2024\/04\/ASA-SPEED-1-300x113.jpg 300w, https:\/\/azurefilm.com\/wp-content\/uploads\/2024\/04\/ASA-SPEED-1-1024x384.jpg 1024w, https:\/\/azurefilm.com\/wp-content\/uploads\/2024\/04\/ASA-SPEED-1-768x288.jpg 768w, https:\/\/azurefilm.com\/wp-content\/uploads\/2024\/04\/ASA-SPEED-1-1536x576.jpg 1536w, https:\/\/azurefilm.com\/wp-content\/uploads\/2024\/04\/ASA-SPEED-1-2048x768.jpg 2048w\" sizes=\"auto, (max-width: 2560px) 100vw, 2560px\" \/><\/p>\n<h4><strong>Produktlagerung<\/strong><span style=\"font-weight: 400;\"><br \/>\n<\/span><\/h4>\n<p><span style=\"font-weight: 400;\">Wir empfehlen, das Filament an einem k\u00fchlen, trockenen, geschlossenen Ort mit einem Silica-Trockenmittelbeutel aufzubewahren.<\/span><\/p>\n<div class=\"is-divider divider clearfix\" style=\"max-width:100%;height:1px;background-color:rgb(17, 107, 168);\"><\/div>\n<h2><strong>Eigenschaften Eigenschaften<\/strong><\/h2>\n<table>\n<tbody>\n<tr>\n<th><\/th>\n<th><span style=\"font-weight: 400;\">Standard<\/span><\/th>\n<th><span style=\"font-weight: 400;\">XY Wert<\/span><\/th>\n<th><span style=\"font-weight: 400;\">XZ Wert<\/span><\/th>\n<th><span style=\"font-weight: 400;\">ZX Wert<\/span><\/th>\n<th><span style=\"font-weight: 400;\">Einheit<\/span><\/th>\n<\/tr>\n<tr>\n<td><span style=\"font-weight: 400;\"> Zugfestigkeit<\/span><\/td>\n<td><span style=\"font-weight: 400;\">ISO 527-2<\/span><\/td>\n<td><span style=\"font-weight: 400;\">37.6<\/span><\/td>\n<td><span style=\"font-weight: 400;\">43.0<\/span><\/td>\n<td><span style=\"font-weight: 400;\">9.4<\/span><\/td>\n<td><span style=\"font-weight: 400;\">MPa<\/span><\/td>\n<\/tr>\n<tr>\n<td><span style=\"font-weight: 400;\"> Streckgrenze<\/span><\/td>\n<td><span style=\"font-weight: 400;\">ISO 527-2<\/span><\/td>\n<td><span style=\"font-weight: 400;\">30.1<\/span><\/td>\n<td><span style=\"font-weight: 400;\">31.4<\/span><\/td>\n<td><span style=\"font-weight: 400;\">\/<\/span><\/td>\n<td><span style=\"font-weight: 400;\">MPa<\/span><\/td>\n<\/tr>\n<tr>\n<td><span style=\"font-weight: 400;\"> Zugmodul<\/span><\/td>\n<td><span style=\"font-weight: 400;\">ISO 527-2<\/span><\/td>\n<td><span style=\"font-weight: 400;\">1900<\/span><\/td>\n<td><span style=\"font-weight: 400;\">2000<\/span><\/td>\n<td><span style=\"font-weight: 400;\">1600<\/span><\/td>\n<td><span style=\"font-weight: 400;\">MPa<\/span><\/td>\n<\/tr>\n<tr>\n<td><span style=\"font-weight: 400;\"> Dehnung bei Streckgrenze<\/span><\/td>\n<td><span style=\"font-weight: 400;\">ISO 527-2<\/span><\/td>\n<td><span style=\"font-weight: 400;\">2.9<\/span><\/td>\n<td><span style=\"font-weight: 400;\">3.2<\/span><\/td>\n<td><span style=\"font-weight: 400;\">0.6<\/span><\/td>\n<td><span style=\"font-weight: 400;\">%<\/span><\/td>\n<\/tr>\n<tr>\n<td><span style=\"font-weight: 400;\"> Biegefestigkeit<\/span><\/td>\n<td><span style=\"font-weight: 400;\">ISO 178<\/span><\/td>\n<td><span style=\"font-weight: 400;\">56.0<\/span><\/td>\n<td><span style=\"font-weight: 400;\">68.8<\/span><\/td>\n<td><span style=\"font-weight: 400;\">15.6<\/span><\/td>\n<td><span style=\"font-weight: 400;\">MPa<\/span><\/td>\n<\/tr>\n<tr>\n<td><span style=\"font-weight: 400;\"> Biegemodul<\/span><\/td>\n<td><span style=\"font-weight: 400;\">ISO 178 <\/span><\/td>\n<td><span style=\"font-weight: 400;\">1900<\/span><\/td>\n<td><span style=\"font-weight: 400;\">2000<\/span><\/td>\n<td><span style=\"font-weight: 400;\">1700<\/span><\/td>\n<td><span style=\"font-weight: 400;\">MPa<\/span><\/td>\n<\/tr>\n<tr>\n<td><span style=\"font-weight: 400;\"> Schlagfestigkeit<\/span><\/td>\n<td><span style=\"font-weight: 400;\">ISO 179<\/span><\/td>\n<td><span style=\"font-weight: 400;\">13.9<\/span><\/td>\n<td><span style=\"font-weight: 400;\">\/<\/span><\/td>\n<td><span style=\"font-weight: 400;\">\/<\/span><\/td>\n<td><span style=\"font-weight: 400;\">kJ\/m\u00b2<\/span><\/td>\n<\/tr>\n<\/tbody>\n<\/table>\n<p><span style=\"font-weight: 400;\">Sie k\u00f6nnen auf das <\/span><b>Technische Datenblatt<\/b> <span style=\"font-weight: 400;\"> und <\/span><b>Sicherheitsdatenblatt<\/b><span style=\"font-weight: 400;\"><a href=\"https:\/\/azurefilm.com\/de\/technical-data-sheets\/\" target=\"_blank\" rel=\"noopener\"><strong> hier zugreifen<\/strong><\/a>. <\/span><\/p>\n","protected":false},"excerpt":{"rendered":"<p><span style=\"font-weight: 400;\">Entdecken Sie die Welt der au\u00dfergew\u00f6hnlichen St\u00e4rke, hohen Schlagfestigkeit und exzellenten Schichthaftung mit unserem ASA Prime Filament Silber. <\/span><span style=\"font-weight: 400;\">Perfekt f\u00fcr Au\u00dfenanwendungen.<\/span><\/p>\n","protected":false},"featured_media":53868,"comment_status":"closed","ping_status":"closed","template":"","meta":{"_acf_changed":false},"product_brand":[],"product_cat":[2139,1669,1672,1872,1673],"product_tag":[1675],"brand":[267],"class_list":{"0":"post-53867","1":"product","2":"type-product","3":"status-publish","4":"has-post-thumbnail","6":"product_cat-asa-prime-de","7":"product_cat-3d-filamente","8":"product_cat-alle-filamente","9":"product_cat-asa-filamente","10":"product_cat-prime-kollektion","11":"product_tag-high-speed","12":"pa_colour-gray","13":"pa_filament-diameter-1-75mm","14":"pa_filament-weight-1000g","15":"brand-azurefilm","17":"first","18":"instock","19":"taxable","20":"shipping-taxable","21":"purchasable","22":"product-type-variable"},"acf":[],"_links":{"self":[{"href":"https:\/\/azurefilm.com\/de\/wp-json\/wp\/v2\/product\/53867","targetHints":{"allow":["GET"]}}],"collection":[{"href":"https:\/\/azurefilm.com\/de\/wp-json\/wp\/v2\/product"}],"about":[{"href":"https:\/\/azurefilm.com\/de\/wp-json\/wp\/v2\/types\/product"}],"replies":[{"embeddable":true,"href":"https:\/\/azurefilm.com\/de\/wp-json\/wp\/v2\/comments?post=53867"}],"wp:featuredmedia":[{"embeddable":true,"href":"https:\/\/azurefilm.com\/de\/wp-json\/wp\/v2\/media\/53868"}],"wp:attachment":[{"href":"https:\/\/azurefilm.com\/de\/wp-json\/wp\/v2\/media?parent=53867"}],"wp:term":[{"taxonomy":"product_brand","embeddable":true,"href":"https:\/\/azurefilm.com\/de\/wp-json\/wp\/v2\/product_brand?post=53867"},{"taxonomy":"product_cat","embeddable":true,"href":"https:\/\/azurefilm.com\/de\/wp-json\/wp\/v2\/product_cat?post=53867"},{"taxonomy":"product_tag","embeddable":true,"href":"https:\/\/azurefilm.com\/de\/wp-json\/wp\/v2\/product_tag?post=53867"},{"taxonomy":"brand","embeddable":true,"href":"https:\/\/azurefilm.com\/de\/wp-json\/wp\/v2\/brand?post=53867"}],"curies":[{"name":"wp","href":"https:\/\/api.w.org\/{rel}","templated":true}]}}