
{"id":53954,"date":"2024-04-23T06:22:34","date_gmt":"2024-04-23T06:22:34","guid":{"rendered":"https:\/\/azurefilm.com\/product\/abs-prime-filament-rot\/"},"modified":"2026-02-16T19:06:18","modified_gmt":"2026-02-16T19:06:18","slug":"abs-prime-filament-rot","status":"publish","type":"product","link":"https:\/\/azurefilm.com\/de\/produkt\/abs-prime-filament-rot\/","title":{"rendered":"ABS Prime Filament Rot"},"content":{"rendered":"<h2><strong>ABS Prime<\/strong><\/h2>\n<p><span style=\"font-weight: 400;\">ABS Prime ist unser hochwertiges, verzugsfreies Konstruktionsfilament, basierend auf regul\u00e4rem ABS (Acrylnitril-Butadien-Styrol). Dank unserer verbesserten Formulierung hat ABS Prime au\u00dfergew\u00f6hnliche St\u00e4rke mit erh\u00f6hter Schlagfestigkeit und hervorragender Schichthaftung. Mit ABS Prime erstellen Sie pr\u00e4zise, detaillierte Drucke, die sowohl langlebig als auch sch\u00f6n in der Oberfl\u00e4chenbeschaffenheit sind. <\/span><\/p>\n<p><img loading=\"lazy\" decoding=\"async\" class=\"wp-image-31850 alignright\" src=\"https:\/\/azurefilm.com\/wp-content\/uploads\/2024\/04\/ABS-Prime-spider-chart_EN-1024x600.png\" alt=\"\" width=\"700\" height=\"410\" title=\"\" srcset=\"https:\/\/azurefilm.com\/wp-content\/uploads\/2024\/04\/ABS-Prime-spider-chart_EN-1024x600.png 1024w, https:\/\/azurefilm.com\/wp-content\/uploads\/2024\/04\/ABS-Prime-spider-chart_EN-510x299.png 510w, https:\/\/azurefilm.com\/wp-content\/uploads\/2024\/04\/ABS-Prime-spider-chart_EN-300x176.png 300w, https:\/\/azurefilm.com\/wp-content\/uploads\/2024\/04\/ABS-Prime-spider-chart_EN-768x450.png 768w, https:\/\/azurefilm.com\/wp-content\/uploads\/2024\/04\/ABS-Prime-spider-chart_EN-1536x900.png 1536w, https:\/\/azurefilm.com\/wp-content\/uploads\/2024\/04\/ABS-Prime-spider-chart_EN.png 1670w\" sizes=\"auto, (max-width: 700px) 100vw, 700px\" \/><\/p>\n<p><span style=\"font-weight: 400;\">Um mehr \u00fcber ABS Prime Filamente zu erfahren, lesen Sie unseren <\/span><a href=\"https:\/\/azurefilm.com\/de\/2024\/04\/23\/einfuehrung-der-prime-filamente-entfesseln-sie-die-wahre-kraft\/\" target=\"_blank\" rel=\"noopener\"><b>Blog<\/b><\/a><span style=\"font-weight: 400;\">.<\/span><\/p>\n<h3><strong>Druckempfehlungen:<\/strong><\/h3>\n<ul>\n<li style=\"font-weight: 400;\" aria-level=\"1\"><span style=\"font-weight: 400;\">F\u00fcr beste Ergebnisse drucken Sie bei 240\u2013265\u00b0C*. <\/span><\/li>\n<li style=\"font-weight: 400;\" aria-level=\"1\"><span style=\"font-weight: 400;\">Die empfohlene Druckbetttemperatur betr\u00e4gt 70-100\u00b0C. Wir empfehlen die Verwendung eines Geh\u00e4uses oder eines geschlossenen 3D-Druckers, obwohl dieses Material auch ohne Geh\u00e4use gedruckt werden kann. <\/span><\/li>\n<li style=\"font-weight: 400;\" aria-level=\"1\"><span style=\"font-weight: 400;\">Wir empfehlen dringend die Verwendung von dicken und strukturierten PEI-Bl\u00e4ttern\/Glas, da die Steifigkeit und St\u00e4rke von ABS Prime das Gewicht und\/oder die magnetische Anziehungskraft eines hochwertigen Druckbetts erfordern.<\/span><\/li>\n<\/ul>\n<p><i><span style=\"font-weight: 400;\">*Die ideale Temperatur kann je nach verwendetem Drucker variieren.<\/span><\/i><\/p>\n<h3><strong>Gl\u00e4ttungstechniken<\/strong><\/h3>\n<p><span style=\"font-weight: 400;\">Eine g\u00e4ngige Methode, um die Oberfl\u00e4che Ihres 3D-gedruckten ABS Prime Objekts zu gl\u00e4tten, besteht darin, Aceton auf die Oberfl\u00e4che aufzutragen. Wir empfehlen, das Objekt direkt in Aceton zu tauchen, anstatt die Dampfgl\u00e4ttung zu verwenden. <\/span><span style=\"font-weight: 400;\"><br \/>\n<\/span><\/p>\n<div class=\"is-divider divider clearfix\" style=\"max-width:100%;height:1px;background-color:rgb(17, 107, 168);\"><\/div>\n<h2><strong>Anwendungen<\/strong><\/h2>\n<p><span style=\"font-weight: 400;\">ABS Prime hat kein Verziehen und hervorragende Schichthaftung, was einen deutlich reibungsloseren Druckprozess im Vergleich zum Drucken mit regul\u00e4rem ABS erm\u00f6glicht, ohne Kompromisse bei den mechanischen Eigenschaften einzugehen.<\/span><\/p>\n<h3><strong>Kein Verziehen<\/strong><\/h3>\n<p><span style=\"font-weight: 400;\">Beim Drucken mit regul\u00e4ren Hochleistungsmaterialien wie ABS tritt h\u00e4ufig das Problem des Verziehens auf. Verziehen tritt auf, wenn sich die Kanten eines gedruckten Teils vom Druckbett abheben und eine Verformung des Drucks verursachen. In Kombination mit schlechter Schichthaftung bilden sich Risse, was zu einer insgesamt schlechteren Optik und Funktionalit\u00e4t des Drucks f\u00fchrt. Dank unserer verbesserten Formel hat ABS Prime kein Verziehen und hervorragende Schichthaftung, wodurch diese h\u00e4ufigen Probleme von ABS vollst\u00e4ndig beseitigt werden. <\/span><\/p>\n<div style=\"padding: 56.25% 0 0 0; position: relative;\"><iframe style=\"position: absolute; top: 0; left: 0; width: 100%; height: 100%;\" title=\"Kein Verziehen\" src=\"https:\/\/player.vimeo.com\/video\/932431868?badge=0&amp;autopause=0&amp;player_id=0&amp;app_id=58479\" frameborder=\"0\"><\/iframe><\/div>\n<p><script src=\"https:\/\/player.vimeo.com\/api\/player.js\"><\/script><\/p>\n<h3><strong>Hohe W\u00e4rmebest\u00e4ndigkeit<\/strong><\/h3>\n<p><span style=\"font-weight: 400;\">ABS Prime hat eine hohe Hitzebest\u00e4ndigkeit<\/span><span style=\"font-weight: 400;\">, was es zu einem \u00e4u\u00dferst geeigneten Material f\u00fcr den Druck von Teilen macht, die h\u00f6heren Temperaturen standhalten m\u00fcssen. Aus diesem Grund wird ABS Prime verwendet, um Prototypen und Endverbraucherteile zu drucken, die unter anspruchsvollen, realen Bedingungen getestet werden sollen. <\/span><\/p>\n<p><img loading=\"lazy\" decoding=\"async\" class=\"wp-image-31859 size-full aligncenter\" src=\"https:\/\/azurefilm.com\/wp-content\/uploads\/2024\/04\/ABS-PRIME-High-Heat-Res-scaled.jpg\" alt=\"\" width=\"2560\" height=\"961\" title=\"\" srcset=\"https:\/\/azurefilm.com\/wp-content\/uploads\/2024\/04\/ABS-PRIME-High-Heat-Res-scaled.jpg 2560w, https:\/\/azurefilm.com\/wp-content\/uploads\/2024\/04\/ABS-PRIME-High-Heat-Res-scaled-510x191.jpg 510w, https:\/\/azurefilm.com\/wp-content\/uploads\/2024\/04\/ABS-PRIME-High-Heat-Res-300x113.jpg 300w, https:\/\/azurefilm.com\/wp-content\/uploads\/2024\/04\/ABS-PRIME-High-Heat-Res-1024x384.jpg 1024w, https:\/\/azurefilm.com\/wp-content\/uploads\/2024\/04\/ABS-PRIME-High-Heat-Res-768x288.jpg 768w, https:\/\/azurefilm.com\/wp-content\/uploads\/2024\/04\/ABS-PRIME-High-Heat-Res-1536x576.jpg 1536w, https:\/\/azurefilm.com\/wp-content\/uploads\/2024\/04\/ABS-PRIME-High-Heat-Res-2048x768.jpg 2048w\" sizes=\"auto, (max-width: 2560px) 100vw, 2560px\" \/><\/p>\n<h3><strong>Hohe Schlagfestigkeit<\/strong><\/h3>\n<p><span style=\"font-weight: 400;\">Der Begriff &#8216;Schlagfestigkeit&#8217; bezieht sich auf die F\u00e4higkeit eines Materials, Verformung, Rissbildung und Bruch unter pl\u00f6tzlicher und intensiver Belastung zu widerstehen. ABS Prime hat eine hohe Schlagfestigkeit <\/span><span style=\"font-weight: 400;\">, <\/span><span style=\"font-weight: 400;\"> was bedeutet, dass es einer hohen Belastung standhalten kann, ohne die Integrit\u00e4t Ihres Drucks zu beeintr\u00e4chtigen.<\/span><\/p>\n<div style=\"padding: 56.25% 0 0 0; position: relative;\"><iframe style=\"position: absolute; top: 0; left: 0; width: 100%; height: 100%;\" title=\"Hohe Schlagfestigkeit\" src=\"https:\/\/player.vimeo.com\/video\/932035999?badge=0&amp;autopause=0&amp;player_id=0&amp;app_id=58479\" frameborder=\"0\"><\/iframe><\/div>\n<p><script src=\"https:\/\/player.vimeo.com\/api\/player.js\"><\/script><\/p>\n<h3><strong>Ausgezeichnete Schichthaftung<\/strong><\/h3>\n<p><span style=\"font-weight: 400;\">ABS Prime hat eine hervorragende Schichthaftung, ein Merkmal, das entscheidend f\u00fcr die Gew\u00e4hrleistung der strukturellen Integrit\u00e4t und St\u00e4rke gedruckter Teile ist. Gute Schichthaftung minimiert das Risiko von Rissen unter Druck und sorgt f\u00fcr einen reibungsloseren Druckprozess. <\/span><\/p>\n<div style=\"padding: 56.25% 0 0 0; position: relative;\"><iframe style=\"position: absolute; top: 0; left: 0; width: 100%; height: 100%;\" title=\"Ausgezeichnete Schichthaftung\" src=\"https:\/\/player.vimeo.com\/video\/932035280?badge=0&amp;autopause=0&amp;player_id=0&amp;app_id=58479\" frameborder=\"0\"><\/iframe><\/div>\n<p><script src=\"https:\/\/player.vimeo.com\/api\/player.js\"><\/script><\/p>\n<h3><strong>Hochpr\u00e4ziser Druck mit feinen Details<\/strong><\/h3>\n<p><span style=\"font-weight: 400;\">Mit ABS Prime k\u00f6nnen Sie Drucke erstellen, die die feinsten Details zeigen, ohne Kompromisse bei den mechanischen Eigenschaften einzugehen, die Sie von einem hochentwickelten Material erwarten.<\/span><\/p>\n<p><img loading=\"lazy\" decoding=\"async\" class=\"aligncenter wp-image-31883 size-full\" src=\"https:\/\/azurefilm.com\/wp-content\/uploads\/2024\/04\/ABS-PRIME-High-percision-scaled.jpg\" alt=\"\" width=\"2560\" height=\"961\" title=\"\" srcset=\"https:\/\/azurefilm.com\/wp-content\/uploads\/2024\/04\/ABS-PRIME-High-percision-scaled.jpg 2560w, https:\/\/azurefilm.com\/wp-content\/uploads\/2024\/04\/ABS-PRIME-High-percision-scaled-510x191.jpg 510w, https:\/\/azurefilm.com\/wp-content\/uploads\/2024\/04\/ABS-PRIME-High-percision-300x113.jpg 300w, https:\/\/azurefilm.com\/wp-content\/uploads\/2024\/04\/ABS-PRIME-High-percision-1024x384.jpg 1024w, https:\/\/azurefilm.com\/wp-content\/uploads\/2024\/04\/ABS-PRIME-High-percision-768x288.jpg 768w, https:\/\/azurefilm.com\/wp-content\/uploads\/2024\/04\/ABS-PRIME-High-percision-1536x576.jpg 1536w, https:\/\/azurefilm.com\/wp-content\/uploads\/2024\/04\/ABS-PRIME-High-percision-2048x768.jpg 2048w\" sizes=\"auto, (max-width: 2560px) 100vw, 2560px\" \/><\/p>\n<h3><strong>Reduzierter Geruch<\/strong><\/h3>\n<p><span style=\"font-weight: 400;\">ABS Prime hat im Vergleich zu regul\u00e4rem ABS einen deutlich geringeren Geruch w\u00e4hrend des Druckens, was die Arbeit angenehmer macht. Obwohl ABS Prime eine reduzierte Freisetzung bestimmter Toxine und D\u00e4mpfe beim Erhitzen des Materials aufweist, empfehlen wir dennoch, mit 3D-Druckern in einem gut bel\u00fcfteten Raum zu arbeiten. <\/span><\/p>\n<h4><strong>Produktlagerung<\/strong><span style=\"font-weight: 400;\"><br \/>\n<\/span><\/h4>\n<p><span style=\"font-weight: 400;\">Wir empfehlen, das Filament in einem k\u00fchlen, trockenen, geschlossenen Raum mit einem Silica-Trockenmittelbeutel und fern von UV-Licht aufzubewahren.<\/span><\/p>\n<div class=\"is-divider divider clearfix\" style=\"max-width:100%;height:1px;background-color:rgb(17, 107, 168);\"><\/div>\n<h2><strong>Eigenschaften &amp; Eigenschaften<\/strong><\/h2>\n<table>\n<tbody>\n<tr>\n<th><\/th>\n<th><span style=\"font-weight: 400;\">Standard<\/span><\/th>\n<th><span style=\"font-weight: 400;\">XY Wert<\/span><\/th>\n<th><span style=\"font-weight: 400;\">XZ Wert<\/span><\/th>\n<th><span style=\"font-weight: 400;\">ZX Wert<\/span><\/th>\n<th><span style=\"font-weight: 400;\">Einheit<\/span><\/th>\n<\/tr>\n<tr>\n<td><span style=\"font-weight: 400;\"> Zugfestigkeit<\/span><\/td>\n<td><span style=\"font-weight: 400;\">ISO 527-2<\/span><\/td>\n<td><span style=\"font-weight: 400;\">30.9<\/span><\/td>\n<td><span style=\"font-weight: 400;\">33.5<\/span><\/td>\n<td><span style=\"font-weight: 400;\">11.5<\/span><\/td>\n<td><span style=\"font-weight: 400;\">MPa<\/span><\/td>\n<\/tr>\n<tr>\n<td><span style=\"font-weight: 400;\"> Streckgrenze<\/span><\/td>\n<td><span style=\"font-weight: 400;\">ISO 527-2<\/span><\/td>\n<td><span style=\"font-weight: 400;\">25.2<\/span><\/td>\n<td><span style=\"font-weight: 400;\">26.6<\/span><\/td>\n<td><span style=\"font-weight: 400;\">\/<\/span><\/td>\n<td><span style=\"font-weight: 400;\">MPa<\/span><\/td>\n<\/tr>\n<tr>\n<td><span style=\"font-weight: 400;\"> Zugmodul<\/span><\/td>\n<td><span style=\"font-weight: 400;\">ISO 527-2<\/span><\/td>\n<td><span style=\"font-weight: 400;\">1600<\/span><\/td>\n<td><span style=\"font-weight: 400;\">1600<\/span><\/td>\n<td><span style=\"font-weight: 400;\">1400<\/span><\/td>\n<td><span style=\"font-weight: 400;\">MPa<\/span><\/td>\n<\/tr>\n<tr>\n<td><span style=\"font-weight: 400;\"> Dehnung bei Streckgrenze<\/span><\/td>\n<td><span style=\"font-weight: 400;\">ISO 527-2<\/span><\/td>\n<td><span style=\"font-weight: 400;\">3.2<\/span><\/td>\n<td><span style=\"font-weight: 400;\">3.2<\/span><\/td>\n<td><span style=\"font-weight: 400;\">0.9<\/span><\/td>\n<td><span style=\"font-weight: 400;\">%<\/span><\/td>\n<\/tr>\n<tr>\n<td><span style=\"font-weight: 400;\"> Biegefestigkeit<\/span><\/td>\n<td><span style=\"font-weight: 400;\">ISO 178<\/span><\/td>\n<td><span style=\"font-weight: 400;\">47.3<\/span><\/td>\n<td><span style=\"font-weight: 400;\">55.5<\/span><\/td>\n<td><span style=\"font-weight: 400;\">24.3<\/span><\/td>\n<td><span style=\"font-weight: 400;\">MPa<\/span><\/td>\n<\/tr>\n<tr>\n<td><span style=\"font-weight: 400;\"> Biegemodul<\/span><\/td>\n<td><span style=\"font-weight: 400;\">ISO 178 <\/span><\/td>\n<td><span style=\"font-weight: 400;\">1600<\/span><\/td>\n<td><span style=\"font-weight: 400;\">1700<\/span><\/td>\n<td><span style=\"font-weight: 400;\">1500<\/span><\/td>\n<td><span style=\"font-weight: 400;\">MPa<\/span><\/td>\n<\/tr>\n<tr>\n<td><span style=\"font-weight: 400;\"> Schlagfestigkeit<\/span><\/td>\n<td><span style=\"font-weight: 400;\">ISO 179<\/span><\/td>\n<td><span style=\"font-weight: 400;\">55.5<\/span><\/td>\n<td><span style=\"font-weight: 400;\">\/<\/span><\/td>\n<td><span style=\"font-weight: 400;\">\/<\/span><\/td>\n<td><span style=\"font-weight: 400;\">kJ\/m\u00b2<\/span><\/td>\n<\/tr>\n<\/tbody>\n<\/table>\n<p><span style=\"font-weight: 400;\">Sie k\u00f6nnen auf das <\/span><b>Technische Datenblatt<\/b> <span style=\"font-weight: 400;\"> und das <\/span><b>Sicherheitsdatenblatt <\/b><span style=\"font-weight: 400;\"><a href=\"https:\/\/azurefilm.com\/de\/technical-data-sheets\/\" target=\"_blank\" rel=\"noopener\"><strong>hier zugreifen<\/strong><\/a>.<\/span><\/p>\n","protected":false},"excerpt":{"rendered":"<p><span style=\"font-weight: 400;\">Erleben Sie au\u00dfergew\u00f6hnliche St\u00e4rke in Kombination mit erh\u00f6hter Schlagfestigkeit und <\/span><span style=\"font-weight: 400;\">hervorragender Schichthaftung, garantiert durch unser ABS Prime Filament Rot. Perfekt f\u00fcr langlebige Anwendungen. <\/span><\/p>\n","protected":false},"featured_media":53956,"comment_status":"closed","ping_status":"closed","template":"","meta":{"_acf_changed":false},"product_brand":[],"product_cat":[2140,1669,1993,1672,1671,1673],"product_tag":[],"brand":[267],"class_list":{"0":"post-53954","1":"product","2":"type-product","3":"status-publish","4":"has-post-thumbnail","6":"product_cat-abs-prime-de","7":"product_cat-3d-filamente","8":"product_cat-abs-filamente","9":"product_cat-alle-filamente","10":"product_cat-angebote","11":"product_cat-prime-kollektion","12":"pa_colour-red","13":"pa_filament-diameter-1-75mm","14":"pa_filament-weight-1000g","15":"brand-azurefilm","17":"first","18":"instock","19":"sale","20":"taxable","21":"shipping-taxable","22":"purchasable","23":"product-type-variable"},"acf":[],"_links":{"self":[{"href":"https:\/\/azurefilm.com\/de\/wp-json\/wp\/v2\/product\/53954","targetHints":{"allow":["GET"]}}],"collection":[{"href":"https:\/\/azurefilm.com\/de\/wp-json\/wp\/v2\/product"}],"about":[{"href":"https:\/\/azurefilm.com\/de\/wp-json\/wp\/v2\/types\/product"}],"replies":[{"embeddable":true,"href":"https:\/\/azurefilm.com\/de\/wp-json\/wp\/v2\/comments?post=53954"}],"wp:featuredmedia":[{"embeddable":true,"href":"https:\/\/azurefilm.com\/de\/wp-json\/wp\/v2\/media\/53956"}],"wp:attachment":[{"href":"https:\/\/azurefilm.com\/de\/wp-json\/wp\/v2\/media?parent=53954"}],"wp:term":[{"taxonomy":"product_brand","embeddable":true,"href":"https:\/\/azurefilm.com\/de\/wp-json\/wp\/v2\/product_brand?post=53954"},{"taxonomy":"product_cat","embeddable":true,"href":"https:\/\/azurefilm.com\/de\/wp-json\/wp\/v2\/product_cat?post=53954"},{"taxonomy":"product_tag","embeddable":true,"href":"https:\/\/azurefilm.com\/de\/wp-json\/wp\/v2\/product_tag?post=53954"},{"taxonomy":"brand","embeddable":true,"href":"https:\/\/azurefilm.com\/de\/wp-json\/wp\/v2\/brand?post=53954"}],"curies":[{"name":"wp","href":"https:\/\/api.w.org\/{rel}","templated":true}]}}