
{"id":54005,"date":"2024-05-13T11:33:41","date_gmt":"2024-05-13T11:33:41","guid":{"rendered":"https:\/\/azurefilm.com\/product\/creality-mk8-messingduesen-set-5er-pack\/"},"modified":"2025-12-26T08:53:39","modified_gmt":"2025-12-26T08:53:39","slug":"creality-mk8-messingduesen-set-5er-pack","status":"publish","type":"product","link":"https:\/\/azurefilm.com\/de\/produkt\/creality-mk8-messingduesen-set-5er-pack\/","title":{"rendered":"Creality MK8 Messingd\u00fcsen-Set (5er Pack)"},"content":{"rendered":"<h2><span style=\"font-weight: 400;\">Hauptmerkmale<\/span><\/h2>\n<p><span style=\"font-weight: 400;\">Das Creality MK8 Messingd\u00fcsen-Set (5er Pack) enth\u00e4lt:<\/span><\/p>\n<ul>\n<li style=\"font-weight: 400;\" aria-level=\"1\"><span style=\"font-weight: 400;\">1x 0,25mm Messingd\u00fcse<\/span><\/li>\n<li style=\"font-weight: 400;\" aria-level=\"1\"><span style=\"font-weight: 400;\">2x 0,40mm Messingd\u00fcse<\/span><\/li>\n<li style=\"font-weight: 400;\" aria-level=\"1\"><span style=\"font-weight: 400;\">1x 0,60mm Messingd\u00fcse<\/span><\/li>\n<li style=\"font-weight: 400;\" aria-level=\"1\"><span style=\"font-weight: 400;\">1x 0,80mm Messingd\u00fcse<\/span><\/li>\n<\/ul>\n<p><span style=\"font-weight: 400;\">Jede dieser D\u00fcsen hat einen unterschiedlichen D\u00fcsendurchmesser, der die Dicke der Filamentbeschichtung w\u00e4hrend des Drucks beeinflusst. Im Allgemeinen erm\u00f6glicht eine kleinere D\u00fcse einen genaueren und detaillierteren Druck, w\u00e4hrend gr\u00f6\u00dfere D\u00fcsen den Druckvorgang beschleunigen, jedoch mit etwas geringerer Genauigkeit. <\/span><\/p>\n<p><span style=\"font-weight: 400;\">Vor der Verwendung einer neuen D\u00fcse wird empfohlen, die Druckereinstellungen entsprechend der gew\u00e4hlten D\u00fcsen Gr\u00f6\u00dfe zu \u00fcberpr\u00fcfen und anzupassen. Au\u00dferdem ist es immer eine gute Idee, Ersatzd\u00fcsen zu haben, falls sie sich abnutzen oder w\u00e4hrend des Drucks besch\u00e4digt werden. <\/span><\/p>\n","protected":false},"excerpt":{"rendered":"<p><span style=\"font-weight: 400;\">Jede D\u00fcse im Creality MK8 Messingd\u00fcsen-Set (5er Pack) hat einen unterschiedlichen Durchmesser, sodass der Benutzer die gew\u00fcnschte Gr\u00f6\u00dfe entsprechend den spezifischen Druckanforderungen ausw\u00e4hlen kann.<\/span><\/p>\n","protected":false},"featured_media":54007,"comment_status":"closed","ping_status":"closed","template":"","meta":{"_acf_changed":false},"product_brand":[],"product_cat":[1765,1767,1671,1807,1835],"product_tag":[],"brand":[],"class_list":{"0":"post-54005","1":"product","2":"type-product","3":"status-publish","4":"has-post-thumbnail","6":"product_cat-ersatzteile","7":"product_cat-alle-ersatzteile","8":"product_cat-angebote","9":"product_cat-dusen","10":"product_cat-gehartete-verschleisfeste-dusen","12":"first","13":"instock","14":"sale","15":"taxable","16":"shipping-taxable","17":"purchasable","18":"product-type-simple"},"acf":[],"_links":{"self":[{"href":"https:\/\/azurefilm.com\/de\/wp-json\/wp\/v2\/product\/54005","targetHints":{"allow":["GET"]}}],"collection":[{"href":"https:\/\/azurefilm.com\/de\/wp-json\/wp\/v2\/product"}],"about":[{"href":"https:\/\/azurefilm.com\/de\/wp-json\/wp\/v2\/types\/product"}],"replies":[{"embeddable":true,"href":"https:\/\/azurefilm.com\/de\/wp-json\/wp\/v2\/comments?post=54005"}],"wp:featuredmedia":[{"embeddable":true,"href":"https:\/\/azurefilm.com\/de\/wp-json\/wp\/v2\/media\/54007"}],"wp:attachment":[{"href":"https:\/\/azurefilm.com\/de\/wp-json\/wp\/v2\/media?parent=54005"}],"wp:term":[{"taxonomy":"product_brand","embeddable":true,"href":"https:\/\/azurefilm.com\/de\/wp-json\/wp\/v2\/product_brand?post=54005"},{"taxonomy":"product_cat","embeddable":true,"href":"https:\/\/azurefilm.com\/de\/wp-json\/wp\/v2\/product_cat?post=54005"},{"taxonomy":"product_tag","embeddable":true,"href":"https:\/\/azurefilm.com\/de\/wp-json\/wp\/v2\/product_tag?post=54005"},{"taxonomy":"brand","embeddable":true,"href":"https:\/\/azurefilm.com\/de\/wp-json\/wp\/v2\/brand?post=54005"}],"curies":[{"name":"wp","href":"https:\/\/api.w.org\/{rel}","templated":true}]}}