
{"id":54118,"date":"2024-06-18T07:53:17","date_gmt":"2024-06-18T07:53:17","guid":{"rendered":"https:\/\/azurefilm.com\/product\/front-housing-assembly-x1-series\/"},"modified":"2025-11-07T17:16:11","modified_gmt":"2025-11-07T17:16:11","slug":"front-housing-assembly-x1-series","status":"publish","type":"product","link":"https:\/\/azurefilm.com\/de\/produkt\/front-housing-assembly-x1-series\/","title":{"rendered":"Front Housing Assembly &#8211; X1 Series"},"content":{"rendered":"<h2><strong>Hauptmerkmale<\/strong><\/h2>\n<p><span style=\"font-weight: 400;\">Das Front Housing Assembly &#8211; X1 Series wird verwendet, um <\/span><b>das 3D-gedruckte Teil zu k\u00fchlen<\/b><span style=\"font-weight: 400;\"> und sicherzustellen, dass es <\/span><b>geformt werden kann<\/b><span style=\"font-weight: 400;\">.<\/span> <b>Haftungsausschluss:<\/b><span style=\"font-weight: 400;\"> Bitte best\u00e4tigen Sie Ihr Druckermodell vor dem Kauf, da der Anschluss zwischen der X1 Series und der P1P-Version variieren kann.<\/span><\/p>\n<h2><strong>Installation<\/strong><\/h2>\n<p><span style=\"font-weight: 400;\">F\u00fcr detaillierte Anweisungen zum Austausch des Front Housing Assembly f\u00fcr die X1 Series besuchen Sie das Bambu Lab Wiki.<\/span><\/p>\n","protected":false},"excerpt":{"rendered":"<p><span style=\"font-weight: 400;\">Front Housing Assembly &#8211; X1 Series sorgt daf\u00fcr, dass Ihre 3D-gedruckten Teile abgek\u00fchlt werden und geformt werden k\u00f6nnen. <\/span><\/p>\n","protected":false},"featured_media":54119,"comment_status":"closed","ping_status":"closed","template":"","meta":{"_acf_changed":false},"product_brand":[],"product_cat":[1765,1767,1671,1786,1788],"product_tag":[],"brand":[],"class_list":{"0":"post-54118","1":"product","2":"type-product","3":"status-publish","4":"has-post-thumbnail","6":"product_cat-ersatzteile","7":"product_cat-alle-ersatzteile","8":"product_cat-angebote","9":"product_cat-extruder-de","10":"product_cat-extruderteile","11":"pa_compatible-with-bambulab-fdm-3d-printers","12":"pa_fits-printer-bambu-lab-x1-series-only","14":"first","15":"instock","16":"sale","17":"taxable","18":"shipping-taxable","19":"purchasable","20":"product-type-simple"},"acf":[],"_links":{"self":[{"href":"https:\/\/azurefilm.com\/de\/wp-json\/wp\/v2\/product\/54118","targetHints":{"allow":["GET"]}}],"collection":[{"href":"https:\/\/azurefilm.com\/de\/wp-json\/wp\/v2\/product"}],"about":[{"href":"https:\/\/azurefilm.com\/de\/wp-json\/wp\/v2\/types\/product"}],"replies":[{"embeddable":true,"href":"https:\/\/azurefilm.com\/de\/wp-json\/wp\/v2\/comments?post=54118"}],"wp:featuredmedia":[{"embeddable":true,"href":"https:\/\/azurefilm.com\/de\/wp-json\/wp\/v2\/media\/54119"}],"wp:attachment":[{"href":"https:\/\/azurefilm.com\/de\/wp-json\/wp\/v2\/media?parent=54118"}],"wp:term":[{"taxonomy":"product_brand","embeddable":true,"href":"https:\/\/azurefilm.com\/de\/wp-json\/wp\/v2\/product_brand?post=54118"},{"taxonomy":"product_cat","embeddable":true,"href":"https:\/\/azurefilm.com\/de\/wp-json\/wp\/v2\/product_cat?post=54118"},{"taxonomy":"product_tag","embeddable":true,"href":"https:\/\/azurefilm.com\/de\/wp-json\/wp\/v2\/product_tag?post=54118"},{"taxonomy":"brand","embeddable":true,"href":"https:\/\/azurefilm.com\/de\/wp-json\/wp\/v2\/brand?post=54118"}],"curies":[{"name":"wp","href":"https:\/\/api.w.org\/{rel}","templated":true}]}}