
{"id":54265,"date":"2024-09-09T13:12:06","date_gmt":"2024-09-09T13:12:06","guid":{"rendered":"https:\/\/azurefilm.com\/product\/anycubic-kobra-3-combo\/"},"modified":"2025-05-29T23:43:52","modified_gmt":"2025-05-29T23:43:52","slug":"anycubic-kobra-3-combo","status":"publish","type":"product","link":"https:\/\/azurefilm.com\/de\/produkt\/anycubic-kobra-3-combo\/","title":{"rendered":"Anycubic Kobra 3 Combo"},"content":{"rendered":"<h2><b>Anycubic Kobra 3<\/b><\/h2>\n<p><span style=\"font-weight: 400;\">Mit einem gro\u00dfz\u00fcgigen Bauvolumen von 250 x 250 x 260 mm bietet die Kobra 3 viel Platz f\u00fcr ambitionierte Projekte, w\u00e4hrend ihre Geschwindigkeit von bis zu 600 mm\/s und die Beschleunigung von 20.000 mm\/s\u00b2 Sie mit schnellen Druckzeiten beeindrucken wird.<\/span><\/p>\n<p><b>Elegantes, aber robustes Design<\/b><b><br \/>\n<\/b><span style=\"font-weight: 400;\">Dieser Drucker kombiniert Eleganz mit Langlebigkeit und verf\u00fcgt \u00fcber integrierte, einfach zu installierende Kernmodule in einem versiegelten Design, das wichtige Komponenten vor Staub und anderen Umwelteinfl\u00fcssen sch\u00fctzt.<\/span><\/p>\n<p><b>Pr\u00e4zision in Bewegung<\/b><b><br \/>\n<\/b><span style=\"font-weight: 400;\">Seine XY-Achse, ausgestattet mit einem doppelten Metallkern und SG15-Lagern, sorgt f\u00fcr eine reibungslose, stabile Leistung und langanhaltende Zuverl\u00e4ssigkeit.<\/span><\/p>\n<p><b>Robuste Z-Achse mit doppelten Gewindespindeln<\/b><b><br \/>\n<\/b><span style=\"font-weight: 400;\">Die doppelten Gewindespindeln der Kobra 3 auf der Z-Achse reduzieren den Widerstand w\u00e4hrend des Druckens und verbessern die Stabilit\u00e4t und Druckqualit\u00e4t.<\/span><\/p>\n<p><b>Verbessertes K\u00fchlsystem<\/b><b><br \/>\n<\/b><span style=\"font-weight: 400;\">Ein neu gestalteter Extruderl\u00fcfter erreicht beeindruckende 7.000 U\/min, verbessert die W\u00e4rmeableitung und k\u00fchlt Modelle schneller.<\/span><\/p>\n<p><b>LeviQ 3.0 automatische Nivellierung<\/b><b><br \/>\n<\/b><span style=\"font-weight: 400;\">Mit dem LeviQ 3.0 ist die automatische Nivellierung m\u00fchelos. Ein spezielles Modul passt den Z-Versatz automatisch per Knopfdruck an und sorgt so f\u00fcr Pr\u00e4zision bei jedem Druck. <\/span><\/p>\n<p><b>Intelligente Funktionen f\u00fcr optimale Leistung<\/b><\/p>\n<ul>\n<li style=\"font-weight: 400;\" aria-level=\"1\"><b>Riemenspannungs\u00fcberwachung:<\/b><span style=\"font-weight: 400;\"> Resonanzdetektion identifiziert und passt die Riemenspannung automatisch an, um einen reibungslosen Betrieb zu gew\u00e4hrleisten (erfordert eine Kamera f\u00fcr die KI-Funktion).<\/span><\/li>\n<li style=\"font-weight: 400;\" aria-level=\"1\"><b>Druck fortsetzen:<\/b><span style=\"font-weight: 400;\"> Nimmt den Druck nach einem unerwarteten Stromausfall automatisch dort wieder auf, wo er aufgeh\u00f6rt hat.<\/span><\/li>\n<li style=\"font-weight: 400;\" aria-level=\"1\"><b>Filament-Ende-Sensor:<\/b><span style=\"font-weight: 400;\"> Erkennt, wenn das Filament zur Neige geht, und pausiert den Druck, um Fehler zu vermeiden.<\/span><\/li>\n<\/ul>\n<p><b>Vibrationskompensation<\/b><b><br \/>\n<\/b><span style=\"font-weight: 400;\">Ein eingebauter Beschleunigungssensor erkennt Resonanzen in den X- und Y-Achsen und nimmt Bewegungsanpassungen vor, um stabile, hochpr\u00e4zise Drucke zu gew\u00e4hrleisten.<\/span><\/p>\n<p><b>Hochtemperaturf\u00e4higkeiten<\/b><b><br \/>\n<\/b><span style=\"font-weight: 400;\">Die Kobra 3 ist f\u00fcr Temperaturen bis zu 300\u00b0C ausgelegt und bietet werkzeuglose D\u00fcsenwechsel f\u00fcr mehr Komfort.<\/span><\/p>\n<p><b>Weitere Highlights:<\/b><\/p>\n<ul>\n<li style=\"font-weight: 400;\" aria-level=\"1\"><span style=\"font-weight: 400;\">Leises 32-Bit-Motherboard mit ger\u00e4uschlosen Treibern.<\/span><\/li>\n<li style=\"font-weight: 400;\" aria-level=\"1\"><span style=\"font-weight: 400;\">4,3-Zoll-Touchscreen mit einstellbaren Betrachtungswinkeln (30\u00b0-60\u00b0).<\/span><\/li>\n<li style=\"font-weight: 400;\" aria-level=\"1\"><span style=\"font-weight: 400;\">Einfache Riemenspannungseinstellung \u00fcber einen einfachen Knopf.<\/span><\/li>\n<\/ul>\n<h2><b>Anycubic Colour Engine Pro \u2013 ACE Pro<\/b><\/h2>\n<p><span style=\"font-weight: 400;\">Der ACE Pro erm\u00f6glicht das Drucken mit <\/span><b>mehreren Materialien und Farben<\/b><span style=\"font-weight: 400;\"> gleichzeitig, perfekt, um Ihren Projekten kreative Komplexit\u00e4t zu verleihen. Er h\u00e4lt bis zu <\/span> <b> vier verschiedene Farbspulen gleichzeitig<\/b><span style=\"font-weight: 400;\">, und in Kombination mit einem weiteren ACE-System erm\u00f6glicht er das Drucken mit bis zu acht Farben.<\/span><\/p>\n<p><b>Wie funktioniert es?<\/b><b><br \/>\n<\/b><span style=\"font-weight: 400;\">Die Farben werden w\u00e4hrend des Druckens automatisch basierend auf Ihren Slicer-Einstellungen gewechselt, was das Mehrfarbendrucken m\u00fchelos macht.<\/span><\/p>\n<p><b>Aktives Trocknen f\u00fcr bessere Drucke<\/b><b><br \/>\n<\/b><span style=\"font-weight: 400;\">Mit einem dualen 200-Watt-Heizelement und leistungsstarken L\u00fcftern trocknet ACE Pro <\/span><b>Ihre Filamente w\u00e4hrend des Druckens aktiv<\/b><span style=\"font-weight: 400;\">, um sicherzustellen, dass sie feuchtigkeitsfrei bleiben. Tipp: Die Innentemperatur kann auf bis zu 55 \u00b0C mit optimaler Luftfeuchtigkeit eingestellt werden. <\/span><\/p>\n<p><span style=\"font-weight: 400;\"> Sie k\u00f6nnen das System sogar verwenden, um Filamente zwischen den Drucken sicher zu lagern. <\/span><\/p>\n<p><b>Verhedderungsfreies Design<\/b><b><br \/>\n<\/b><span style=\"font-weight: 400;\">Jede Filamentspule hat ihre eigene Ausgangsleitung, was das Risiko von Verhedderungen reduziert und f\u00fcr reibungslose Farbwechsel sorgt. Die aktive R\u00fcckspulfunktion hilft auch, Materialverschwendung zu vermeiden. <\/span><\/p>\n<p><b>Erweiterte Funktionen umfassen:<\/b><\/p>\n<ul>\n<li style=\"font-weight: 400;\" aria-level=\"1\"><b>Verstopfungserkennung:<\/b><span style=\"font-weight: 400;\"> Erkennt Blockaden fr\u00fchzeitig, um Druckunterbrechungen zu vermeiden.<\/span><\/li>\n<li style=\"font-weight: 400;\" aria-level=\"1\"><b>Automatischer Spulenwechsel:<\/b><span style=\"font-weight: 400;\"> Setzt den Druck nahtlos mit einer zweiten Spule fort, wenn die erste leer ist.<\/span><\/li>\n<li style=\"font-weight: 400;\" aria-level=\"1\"><b>Intelligenter Farbwechsel:<\/b><span style=\"font-weight: 400;\"> Optimiert Farbwechsel, um Abfall und Druckzeit zu reduzieren.<\/span><\/li>\n<\/ul>\n<p><b>Anycubic Slicer App:<\/b><\/p>\n<ul>\n<li style=\"font-weight: 400;\" aria-level=\"1\"><span style=\"font-weight: 400;\">Unterst\u00fctzt Mehrfarbendruck, Slicing und Farbwechsel.<\/span><\/li>\n<li style=\"font-weight: 400;\" aria-level=\"1\"><span style=\"font-weight: 400;\">Bietet Fernsteuerung \u00fcber Computer oder Smartphone.<\/span><\/li>\n<li style=\"font-weight: 400;\" aria-level=\"1\"><span style=\"font-weight: 400;\">\u00dcberwacht den Druckstatus in Echtzeit mit optionaler Kamerunterst\u00fctzung.<\/span><\/li>\n<li style=\"font-weight: 400;\" aria-level=\"1\"><span style=\"font-weight: 400;\">Erm\u00f6glicht die Steuerung des 3D-Druckers \u00fcber Ihr lokales Netzwerk.<\/span><\/li>\n<\/ul>\n<p><b>Im Lieferumfang des Kobra 3 Combo enthalten:<\/b><\/p>\n<ul>\n<li style=\"font-weight: 400;\" aria-level=\"1\"><span style=\"font-weight: 400;\">1 x Kobra 3<\/span><\/li>\n<li style=\"font-weight: 400;\" aria-level=\"1\"><span style=\"font-weight: 400;\">1 x Anycubic Colour Engine Pro (ACE Pro)<\/span><\/li>\n<li style=\"font-weight: 400;\" aria-level=\"1\"><span style=\"font-weight: 400;\">1 x Druckkopf<\/span><\/li>\n<li style=\"font-weight: 400;\" aria-level=\"1\"><span style=\"font-weight: 400;\">1 x Touchscreen<\/span><\/li>\n<li style=\"font-weight: 400;\" aria-level=\"1\"><span style=\"font-weight: 400;\">1 x Spulenhalter<\/span><\/li>\n<li style=\"font-weight: 400;\" aria-level=\"1\"><span style=\"font-weight: 400;\">1 x Kabelhalter<\/span><\/li>\n<li style=\"font-weight: 400;\" aria-level=\"1\"><span style=\"font-weight: 400;\">1 x Reinigungsb\u00fcrste<\/span><\/li>\n<li style=\"font-weight: 400;\" aria-level=\"1\"><span style=\"font-weight: 400;\">2 x M2x14 Schrauben<\/span><\/li>\n<li style=\"font-weight: 400;\" aria-level=\"1\"><span style=\"font-weight: 400;\">4 x M3x6 Schrauben<\/span><\/li>\n<li style=\"font-weight: 400;\" aria-level=\"1\"><span style=\"font-weight: 400;\">2 x M4x16 Schrauben<\/span><\/li>\n<li style=\"font-weight: 400;\" aria-level=\"1\"><span style=\"font-weight: 400;\">1 x M3x10 Schraube<\/span><\/li>\n<li style=\"font-weight: 400;\" aria-level=\"1\"><span style=\"font-weight: 400;\">1 x M3x8 Schrauben<\/span><\/li>\n<li style=\"font-weight: 400;\" aria-level=\"1\"><span style=\"font-weight: 400;\">1 x U-Disk<\/span><\/li>\n<li style=\"font-weight: 400;\" aria-level=\"1\"><span style=\"font-weight: 400;\">2 x Netzteil<\/span><\/li>\n<li style=\"font-weight: 400;\" aria-level=\"1\"><span style=\"font-weight: 400;\">1 x Signalkabel<\/span><\/li>\n<li style=\"font-weight: 400;\" aria-level=\"1\"><span style=\"font-weight: 400;\">4 x Kabelsammler<\/span><\/li>\n<li style=\"font-weight: 400;\" aria-level=\"1\"><span style=\"font-weight: 400;\">5 x Filamentschl\u00e4uche<\/span><\/li>\n<li style=\"font-weight: 400;\" aria-level=\"1\"><span style=\"font-weight: 400;\">1 x Schraubenschl\u00fcsselsatz<\/span><\/li>\n<li style=\"font-weight: 400;\" aria-level=\"1\"><span style=\"font-weight: 400;\">1 x Inbusschl\u00fcsselsatz (4.0, 3.0, 2.5, 2.0, 1.5)<\/span><\/li>\n<li style=\"font-weight: 400;\" aria-level=\"1\"><span style=\"font-weight: 400;\">1 x Filament<\/span><\/li>\n<li style=\"font-weight: 400;\" aria-level=\"1\"><span style=\"font-weight: 400;\">1 x Fett<\/span><\/li>\n<li style=\"font-weight: 400;\" aria-level=\"1\"><span style=\"font-weight: 400;\">1 x D\u00fcsenreiniger<\/span><\/li>\n<\/ul>\n","protected":false},"excerpt":{"rendered":"<p><span style=\"font-weight: 400;\">Erh\u00f6hen Sie den Spa\u00df an Ihrem 3D-Druckerlebnis! Der <\/span><b>Anycubic Kobra 3 Combo<\/b><span style=\"font-weight: 400;\"> bringt ein dynamisches Duo perfekt synchronisierter 3D-Drucktechnologie, das Ihre kreativen Projekte auf die n\u00e4chste Stufe hebt.<\/span><\/p>\n<p><span style=\"font-weight: 400;\">Das Combo enth\u00e4lt zwei leistungsstarke Komponenten, die Ihre 3D-Drucke auf neue H\u00f6hen bringen:<\/span><\/p>\n<p><span style=\"font-weight: 400;\">Zuerst der<\/span><b> Kobra 3 FDM 3D-Drucker <\/b> <span style=\"font-weight: 400;\">liefert unglaubliche Geschwindigkeit, druckt bis zu 600 mm\/s mit einer maximalen Beschleunigung von 20.000 mm\/s\u00b2. Unterst\u00fctzt durch den <\/span> <b> Anycubic Colour Engine Pro (ACE Pro)<\/b><span style=\"font-weight: 400;\">\u2014ein automatisches Materialsystem mit Trocknungsfunktion\u2014haben Sie alles, was Sie f\u00fcr den Mehrfarbendruck ben\u00f6tigen.<\/span><\/p>\n","protected":false},"featured_media":43035,"comment_status":"closed","ping_status":"closed","template":"","meta":{"_acf_changed":false},"product_brand":[],"product_cat":[1695,1671,2148,1694],"product_tag":[],"brand":[],"class_list":{"0":"post-54265","1":"product","2":"type-product","3":"status-publish","4":"has-post-thumbnail","6":"product_cat-alle-3d-drucker","7":"product_cat-angebote","8":"product_cat-anycubic-de","9":"product_cat-fdm-drucker","11":"first","12":"outofstock","13":"sale","14":"taxable","15":"shipping-taxable","16":"purchasable","17":"product-type-simple"},"acf":[],"_links":{"self":[{"href":"https:\/\/azurefilm.com\/de\/wp-json\/wp\/v2\/product\/54265","targetHints":{"allow":["GET"]}}],"collection":[{"href":"https:\/\/azurefilm.com\/de\/wp-json\/wp\/v2\/product"}],"about":[{"href":"https:\/\/azurefilm.com\/de\/wp-json\/wp\/v2\/types\/product"}],"replies":[{"embeddable":true,"href":"https:\/\/azurefilm.com\/de\/wp-json\/wp\/v2\/comments?post=54265"}],"wp:featuredmedia":[{"embeddable":true,"href":"https:\/\/azurefilm.com\/de\/wp-json\/wp\/v2\/media\/43035"}],"wp:attachment":[{"href":"https:\/\/azurefilm.com\/de\/wp-json\/wp\/v2\/media?parent=54265"}],"wp:term":[{"taxonomy":"product_brand","embeddable":true,"href":"https:\/\/azurefilm.com\/de\/wp-json\/wp\/v2\/product_brand?post=54265"},{"taxonomy":"product_cat","embeddable":true,"href":"https:\/\/azurefilm.com\/de\/wp-json\/wp\/v2\/product_cat?post=54265"},{"taxonomy":"product_tag","embeddable":true,"href":"https:\/\/azurefilm.com\/de\/wp-json\/wp\/v2\/product_tag?post=54265"},{"taxonomy":"brand","embeddable":true,"href":"https:\/\/azurefilm.com\/de\/wp-json\/wp\/v2\/brand?post=54265"}],"curies":[{"name":"wp","href":"https:\/\/api.w.org\/{rel}","templated":true}]}}