
{"id":54266,"date":"2024-09-10T10:15:15","date_gmt":"2024-09-10T10:15:15","guid":{"rendered":"https:\/\/azurefilm.com\/product\/creality-k2-plus-combo\/"},"modified":"2025-02-05T15:43:45","modified_gmt":"2025-02-05T15:43:45","slug":"creality-k2-plus-combo","status":"publish","type":"product","link":"https:\/\/azurefilm.com\/de\/produkt\/creality-k2-plus-combo\/","title":{"rendered":"Creality K2 Plus Combo"},"content":{"rendered":"<p>Das Creality K2 Plus Combo ist der erste 3D-Drucker von Creality mit einem Mehrfarben-System! CFS oder Creality Filament System erm\u00f6glicht das Drucken mit 4 Farben gleichzeitig, was Creality zu einer der innovativsten 3D-Drucker-Marken der Gegenwart macht.<\/p>\n<h2><strong>Mehrfarbendruck<\/strong><\/h2>\n<p>Das CFS-System, das mit dem Creality K2 Plus Combo geliefert wird, erm\u00f6glicht das gleichzeitige Drucken mit 4 Farben. Zus\u00e4tzlich k\u00f6nnen 4 CFS-Einheiten verbunden werden, um ein 16-Farben-System zu erstellen. Das CFS-System erm\u00f6glicht das automatische Laden und Ersetzen von Filamenten. Es hat ein geschlossenes Design mit Temperatur- und Feuchtigkeitskontrolle, das aktiv optimale Druckbedingungen aufrechterh\u00e4lt und das Filament trocknet. CFS ist kompatibel mit dem K2 Plus und anderen zuk\u00fcnftigen Creality-Druckern. Das System verbessert die Druckqualit\u00e4t und Effizienz, unterst\u00fctzt wasserl\u00f6sliche Materialien f\u00fcr eine einfachere Nachbearbeitung und erweitert die kreativen und gestalterischen M\u00f6glichkeiten. Creality hat angek\u00fcndigt, dass CFS-Upgrades in Zukunft f\u00fcr die Modelle K1 und Ender 3 V3 verf\u00fcgbar sein werden.<\/p>\n<h2><strong>Geschlossene Regelkreis-Motorsteuerung<\/strong><\/h2>\n<p>Die Implementierung der FOC (Field-Oriented Control) geschlossenen Regelkreis-Motorsteuerung f\u00fcr alle Motoren des neuen K2 Plus Druckers bietet eine bessere Kontrolle der Motoren, einschlie\u00dflich des Extruders. Es gibt mehr als 32.000 gesteuerte Mikroschritte bei jeder Motorumdrehung, was verbessertes Drehmoment, \u00fcberlegene Pr\u00e4zision, niedrige Fehlerraten und extrem hohe Geschwindigkeiten bietet.<\/p>\n<h2><strong>APUS Direct Drive Extruder<\/strong><\/h2>\n<p>Neben seiner Leistung enth\u00e4lt dieser neue Direct Drive auch einen eingebauten Run-Out-Sensor und einen pr\u00e4zisen Nivelliersensor. Die Zahnr\u00e4der bestehen aus geh\u00e4rtetem Stahl und sind mit einer DLC-Beschichtung versehen, die Schutz bietet und Stabilit\u00e4t beim Drucken mit anspruchsvolleren Materialien wie Carbonfaser-Filament gew\u00e4hrleistet. Das Hotend heizt bis zu 350\u00b0C auf und hat einen besseren Fluss im Vergleich zum vorherigen Modell.<\/p>\n<h2><strong>Gro\u00dfe Beschleunigung und Geschwindigkeit<\/strong><\/h2>\n<p>Der K2 Plus kann 600 mm\/s erreichen und seine Beschleunigungen erreichen bis zu 30.000 mm\/s\u00b2. Somit ist dieses Modell derzeit einer der Drucker mit den schnellsten Beschleunigungsoptionen, was folglich extrem schnelles Drucken erm\u00f6glicht.<\/p>\n<h2><strong>Gro\u00dfes Druckformat<\/strong><\/h2>\n<p>Creality hat sein Engagement f\u00fcr Kundenfeedback gezeigt, indem es eine gro\u00dfz\u00fcgige 350mm\u00b3 Druckfl\u00e4che in das neue Modell integriert hat. Diese expansive Fl\u00e4che ist beeindruckend f\u00fcr einen Desktop-Drucker und er\u00f6ffnet neue kreative M\u00f6glichkeiten.<\/p>\n","protected":false},"excerpt":{"rendered":"<p><span style=\"font-weight: 400;\">Probieren Sie das Creality K2 Plus Combo: Mehrfarben-Druck mit dem CFS-System, Hochgeschwindigkeitsleistung und ein gro\u00dfes 350x350x350mm<sup>3<\/sup> Bauvolumen f\u00fcr erweiterte Kreativit\u00e4t.<\/span><\/p>\n","protected":false},"featured_media":43194,"comment_status":"closed","ping_status":"closed","template":"","meta":{"_acf_changed":false},"product_brand":[],"product_cat":[1693,1695,1671,1851,1694],"product_tag":[],"brand":[],"class_list":{"0":"post-54266","1":"product","2":"type-product","3":"status-publish","4":"has-post-thumbnail","6":"product_cat-3d-drucker","7":"product_cat-alle-3d-drucker","8":"product_cat-angebote","9":"product_cat-creality-de","10":"product_cat-fdm-drucker","12":"first","13":"onbackorder","14":"sale","15":"taxable","16":"shipping-taxable","17":"purchasable","18":"product-type-simple"},"acf":[],"_links":{"self":[{"href":"https:\/\/azurefilm.com\/de\/wp-json\/wp\/v2\/product\/54266","targetHints":{"allow":["GET"]}}],"collection":[{"href":"https:\/\/azurefilm.com\/de\/wp-json\/wp\/v2\/product"}],"about":[{"href":"https:\/\/azurefilm.com\/de\/wp-json\/wp\/v2\/types\/product"}],"replies":[{"embeddable":true,"href":"https:\/\/azurefilm.com\/de\/wp-json\/wp\/v2\/comments?post=54266"}],"wp:featuredmedia":[{"embeddable":true,"href":"https:\/\/azurefilm.com\/de\/wp-json\/wp\/v2\/media\/43194"}],"wp:attachment":[{"href":"https:\/\/azurefilm.com\/de\/wp-json\/wp\/v2\/media?parent=54266"}],"wp:term":[{"taxonomy":"product_brand","embeddable":true,"href":"https:\/\/azurefilm.com\/de\/wp-json\/wp\/v2\/product_brand?post=54266"},{"taxonomy":"product_cat","embeddable":true,"href":"https:\/\/azurefilm.com\/de\/wp-json\/wp\/v2\/product_cat?post=54266"},{"taxonomy":"product_tag","embeddable":true,"href":"https:\/\/azurefilm.com\/de\/wp-json\/wp\/v2\/product_tag?post=54266"},{"taxonomy":"brand","embeddable":true,"href":"https:\/\/azurefilm.com\/de\/wp-json\/wp\/v2\/brand?post=54266"}],"curies":[{"name":"wp","href":"https:\/\/api.w.org\/{rel}","templated":true}]}}