
{"id":54286,"date":"2024-09-17T11:51:18","date_gmt":"2024-09-17T11:51:18","guid":{"rendered":"https:\/\/azurefilm.com\/product\/creality-k1-max-mainboard\/"},"modified":"2025-04-09T08:37:09","modified_gmt":"2025-04-09T08:37:09","slug":"creality-k1-max-mainboard","status":"publish","type":"product","link":"https:\/\/azurefilm.com\/de\/produkt\/creality-k1-max-mainboard\/","title":{"rendered":"Creality K1 Max Mainboard"},"content":{"rendered":"<p><span style=\"font-weight: 400;\">Das Creality K1 Max Mainboard ist darauf ausgelegt, einen reibungslosen, effizienten und pr\u00e4zisen 3D-Druck zu gew\u00e4hrleisten. Speziell f\u00fcr die Creality K1 Max Serie entwickelt, bietet dieses Mainboard eine \u00fcberlegene Kontrolle \u00fcber jede Funktion Ihres Druckers.  <\/span><\/p>\n<p><b>Haftungsausschluss:  <\/b><span style=\"font-weight: 400;\">Stellen Sie sicher, dass Ihr K1 MAX mit 4248 kleinen Getriebemotoren ausgestattet ist, bevor Sie bestellen. Dieses Mainboard-Kit funktioniert nur mit 42-48 X\/Y-Motoren, nicht mit 42-60.  <\/span><\/p>\n","protected":false},"excerpt":{"rendered":"<p><span style=\"font-weight: 400;\">Verbessern Sie Ihr 3D-Druckerlebnis mit diesem zuverl\u00e4ssigen Creality K1 Max Mainboard.<\/span><\/p>\n","protected":false},"featured_media":44248,"comment_status":"closed","ping_status":"closed","template":"","meta":{"_acf_changed":false},"product_brand":[],"product_cat":[1765,1767,1671,1768],"product_tag":[],"brand":[],"class_list":{"0":"post-54286","1":"product","2":"type-product","3":"status-publish","4":"has-post-thumbnail","6":"product_cat-ersatzteile","7":"product_cat-alle-ersatzteile","8":"product_cat-angebote","9":"product_cat-hauptplatinen","10":"pa_compatible-with-creality-fdm-3d-printers","11":"pa_fits-printer-creality-k1-max","13":"first","14":"instock","15":"sale","16":"taxable","17":"shipping-taxable","18":"purchasable","19":"product-type-simple"},"acf":[],"_links":{"self":[{"href":"https:\/\/azurefilm.com\/de\/wp-json\/wp\/v2\/product\/54286","targetHints":{"allow":["GET"]}}],"collection":[{"href":"https:\/\/azurefilm.com\/de\/wp-json\/wp\/v2\/product"}],"about":[{"href":"https:\/\/azurefilm.com\/de\/wp-json\/wp\/v2\/types\/product"}],"replies":[{"embeddable":true,"href":"https:\/\/azurefilm.com\/de\/wp-json\/wp\/v2\/comments?post=54286"}],"wp:featuredmedia":[{"embeddable":true,"href":"https:\/\/azurefilm.com\/de\/wp-json\/wp\/v2\/media\/44248"}],"wp:attachment":[{"href":"https:\/\/azurefilm.com\/de\/wp-json\/wp\/v2\/media?parent=54286"}],"wp:term":[{"taxonomy":"product_brand","embeddable":true,"href":"https:\/\/azurefilm.com\/de\/wp-json\/wp\/v2\/product_brand?post=54286"},{"taxonomy":"product_cat","embeddable":true,"href":"https:\/\/azurefilm.com\/de\/wp-json\/wp\/v2\/product_cat?post=54286"},{"taxonomy":"product_tag","embeddable":true,"href":"https:\/\/azurefilm.com\/de\/wp-json\/wp\/v2\/product_tag?post=54286"},{"taxonomy":"brand","embeddable":true,"href":"https:\/\/azurefilm.com\/de\/wp-json\/wp\/v2\/brand?post=54286"}],"curies":[{"name":"wp","href":"https:\/\/api.w.org\/{rel}","templated":true}]}}