
{"id":54288,"date":"2024-09-17T11:53:27","date_gmt":"2024-09-17T11:53:27","guid":{"rendered":"https:\/\/azurefilm.com\/product\/gehaertete-stahlduese-fuer-creality-k1-k1-max\/"},"modified":"2025-09-21T11:18:42","modified_gmt":"2025-09-21T11:18:42","slug":"gehaertete-stahlduese-fuer-creality-k1-k1-max","status":"publish","type":"product","link":"https:\/\/azurefilm.com\/de\/produkt\/gehaertete-stahlduese-fuer-creality-k1-k1-max\/","title":{"rendered":"Geh\u00e4rtete Stahld\u00fcse f\u00fcr Creality K1  K1 MAX"},"content":{"rendered":"<p><span style=\"font-weight: 400;\">R\u00fcsten Sie Ihren Creality K1 oder K1 MAX 3D-Drucker mit der geh\u00e4rteten Stahld\u00fcse auf, die f\u00fcr Langlebigkeit und Pr\u00e4zision entwickelt wurde. Diese D\u00fcse h\u00e4lt hohen Temperaturen und abrasiven Filamenten stand und gew\u00e4hrleistet gleichbleibend hochwertige Drucke, selbst bei der Verwendung von harten Materialien. Ihre verbesserte Verschlei\u00dffestigkeit reduziert die Notwendigkeit h\u00e4ufiger Auswechslungen, was sie ideal f\u00fcr langfristiges, leistungsstarkes Drucken macht.   <\/span><\/p>\n<h2><strong>Hauptmerkmale:<\/strong><\/h2>\n<ul>\n<li style=\"font-weight: 400;\" aria-level=\"1\"><span style=\"font-weight: 400;\">F\u00fcr Creality K1  K1 MAX<\/span><\/li>\n<li style=\"font-weight: 400;\" aria-level=\"1\"><span style=\"font-weight: 400;\">Eingangsdurchmesser: 1,75mm<\/span><\/li>\n<li style=\"font-weight: 400;\" aria-level=\"1\"><span style=\"font-weight: 400;\">Ausgangsdurchmesser: 0,4mm, 0,6mm<\/span><\/li>\n<li style=\"font-weight: 400;\" aria-level=\"1\"><span style=\"font-weight: 400;\">M6 Gewinde<\/span><\/li>\n<li style=\"font-weight: 400;\" aria-level=\"1\"><span style=\"font-weight: 400;\">Geeignete Filamente: PLA, ABS, PETG, TPE, TPU, PC, PSU, PPSU, PEL und sogar Hochtemperaturfilamente PEEK, PEKK<\/span><\/li>\n<\/ul>\n","protected":false},"excerpt":{"rendered":"<p><span style=\"font-weight: 400;\">R\u00fcsten Sie Ihren Creality K1 oder K1 MAX mit einer geh\u00e4rteten Stahld\u00fcse f\u00fcr verbesserte Haltbarkeit und Pr\u00e4zision auf. Perfekt f\u00fcr Hochtemperatur- und abrasive Filamente, die gleichbleibend hochwertige Drucke gew\u00e4hrleisten. <\/span><\/p>\n","protected":false},"featured_media":44398,"comment_status":"closed","ping_status":"closed","template":"","meta":{"_acf_changed":false},"product_brand":[],"product_cat":[1765,1767,1671,1807,1835],"product_tag":[],"brand":[270],"class_list":{"0":"post-54288","1":"product","2":"type-product","3":"status-publish","4":"has-post-thumbnail","6":"product_cat-ersatzteile","7":"product_cat-alle-ersatzteile","8":"product_cat-angebote","9":"product_cat-dusen","10":"product_cat-gehartete-verschleisfeste-dusen","11":"pa_compatible-with-creality-fdm-3d-printers","12":"pa_fits-printer-creality-k1","13":"pa_fits-printer-creality-k1-max","14":"pa_nozzle-diameter-0-4mm","15":"pa_nozzle-diameter-0-6mm","16":"brand-creality","18":"first","19":"instock","20":"sale","21":"taxable","22":"shipping-taxable","23":"purchasable","24":"product-type-variable"},"acf":[],"_links":{"self":[{"href":"https:\/\/azurefilm.com\/de\/wp-json\/wp\/v2\/product\/54288","targetHints":{"allow":["GET"]}}],"collection":[{"href":"https:\/\/azurefilm.com\/de\/wp-json\/wp\/v2\/product"}],"about":[{"href":"https:\/\/azurefilm.com\/de\/wp-json\/wp\/v2\/types\/product"}],"replies":[{"embeddable":true,"href":"https:\/\/azurefilm.com\/de\/wp-json\/wp\/v2\/comments?post=54288"}],"wp:featuredmedia":[{"embeddable":true,"href":"https:\/\/azurefilm.com\/de\/wp-json\/wp\/v2\/media\/44398"}],"wp:attachment":[{"href":"https:\/\/azurefilm.com\/de\/wp-json\/wp\/v2\/media?parent=54288"}],"wp:term":[{"taxonomy":"product_brand","embeddable":true,"href":"https:\/\/azurefilm.com\/de\/wp-json\/wp\/v2\/product_brand?post=54288"},{"taxonomy":"product_cat","embeddable":true,"href":"https:\/\/azurefilm.com\/de\/wp-json\/wp\/v2\/product_cat?post=54288"},{"taxonomy":"product_tag","embeddable":true,"href":"https:\/\/azurefilm.com\/de\/wp-json\/wp\/v2\/product_tag?post=54288"},{"taxonomy":"brand","embeddable":true,"href":"https:\/\/azurefilm.com\/de\/wp-json\/wp\/v2\/brand?post=54288"}],"curies":[{"name":"wp","href":"https:\/\/api.w.org\/{rel}","templated":true}]}}