
{"id":54294,"date":"2024-09-17T11:53:49","date_gmt":"2024-09-17T11:53:49","guid":{"rendered":"https:\/\/azurefilm.com\/product\/messingduese-fuer-creality-k1-k1-max\/"},"modified":"2024-09-17T11:53:49","modified_gmt":"2024-09-17T11:53:49","slug":"messingduese-fuer-creality-k1-k1-max","status":"publish","type":"product","link":"https:\/\/azurefilm.com\/de\/produkt\/messingduese-fuer-creality-k1-k1-max\/","title":{"rendered":"Messingd\u00fcse f\u00fcr Creality K1  K1 MAX"},"content":{"rendered":"<p><span style=\"font-weight: 400;\">Optimieren Sie Ihren 3D-Druckprozess mit der Messingd\u00fcse f\u00fcr Creality K1  K1 MAX, die f\u00fcr glattes und pr\u00e4zises Drucken entwickelt wurde. Ideal f\u00fcr den t\u00e4glichen Gebrauch bietet diese D\u00fcse eine hervorragende W\u00e4rmeleitf\u00e4higkeit, die eine schnelle und gleichm\u00e4\u00dfige Erw\u00e4rmung f\u00fcr eine konsistente Druckqualit\u00e4t gew\u00e4hrleistet. Perfekt f\u00fcr Standardfilamente wie PLA, PETG, ASA und ABS bietet die Messingd\u00fcse zuverl\u00e4ssige Leistung und einfache Wartung, was sie zur ersten Wahl f\u00fcr sowohl Anf\u00e4nger als auch erfahrene Benutzer macht.  <\/span><\/p>\n<h2><strong>Hauptmerkmale:<\/strong><\/h2>\n<ul>\n<li style=\"font-weight: 400;\" aria-level=\"1\"><span style=\"font-weight: 400;\">F\u00fcr Creality K1  K1 MAX<\/span><\/li>\n<li style=\"font-weight: 400;\" aria-level=\"1\"><span style=\"font-weight: 400;\">Eingangsdurchmesser: 1,75mm<\/span><\/li>\n<li style=\"font-weight: 400;\" aria-level=\"1\"><span style=\"font-weight: 400;\">Ausgangsdurchmesser: 0,4 mm, 0,6 mm<\/span><\/li>\n<li style=\"font-weight: 400;\" aria-level=\"1\"><span style=\"font-weight: 400;\">M6 Gewinde<\/span><\/li>\n<li style=\"font-weight: 400;\" aria-level=\"1\"><span style=\"font-weight: 400;\">Geeignet f\u00fcr Filamente: PLA, ABS, PETG, TPE, TPU, PC, PSU, PPSU, PEL und sogar Hochtemperaturfilament PEEK, PEKK<\/span><\/li>\n<\/ul>\n","protected":false},"excerpt":{"rendered":"<p><span style=\"font-weight: 400;\">Stellen Sie sicher, dass Ihr 3D-Druckprojekt so reibungslos wie m\u00f6glich verl\u00e4uft mit der Messingd\u00fcse f\u00fcr Creality K1  K1 MAX. Perfekt f\u00fcr Standardfilamente.  <\/span><\/p>\n","protected":false},"featured_media":44356,"comment_status":"closed","ping_status":"closed","template":"","meta":{"_acf_changed":false},"product_brand":[],"product_cat":[1765,1767,1671,1807,1808],"product_tag":[],"brand":[270],"class_list":{"0":"post-54294","1":"product","2":"type-product","3":"status-publish","4":"has-post-thumbnail","6":"product_cat-ersatzteile","7":"product_cat-alle-ersatzteile","8":"product_cat-angebote","9":"product_cat-dusen","10":"product_cat-normale-dusen","11":"pa_compatible-with-creality-fdm-3d-printers","12":"pa_fits-printer-creality-k1","13":"pa_fits-printer-creality-k1-max","14":"pa_nozzle-diameter-0-4mm","15":"pa_nozzle-diameter-0-6mm","16":"brand-creality","18":"first","19":"instock","20":"sale","21":"taxable","22":"shipping-taxable","23":"purchasable","24":"product-type-variable","25":"has-default-attributes"},"acf":[],"_links":{"self":[{"href":"https:\/\/azurefilm.com\/de\/wp-json\/wp\/v2\/product\/54294","targetHints":{"allow":["GET"]}}],"collection":[{"href":"https:\/\/azurefilm.com\/de\/wp-json\/wp\/v2\/product"}],"about":[{"href":"https:\/\/azurefilm.com\/de\/wp-json\/wp\/v2\/types\/product"}],"replies":[{"embeddable":true,"href":"https:\/\/azurefilm.com\/de\/wp-json\/wp\/v2\/comments?post=54294"}],"wp:featuredmedia":[{"embeddable":true,"href":"https:\/\/azurefilm.com\/de\/wp-json\/wp\/v2\/media\/44356"}],"wp:attachment":[{"href":"https:\/\/azurefilm.com\/de\/wp-json\/wp\/v2\/media?parent=54294"}],"wp:term":[{"taxonomy":"product_brand","embeddable":true,"href":"https:\/\/azurefilm.com\/de\/wp-json\/wp\/v2\/product_brand?post=54294"},{"taxonomy":"product_cat","embeddable":true,"href":"https:\/\/azurefilm.com\/de\/wp-json\/wp\/v2\/product_cat?post=54294"},{"taxonomy":"product_tag","embeddable":true,"href":"https:\/\/azurefilm.com\/de\/wp-json\/wp\/v2\/product_tag?post=54294"},{"taxonomy":"brand","embeddable":true,"href":"https:\/\/azurefilm.com\/de\/wp-json\/wp\/v2\/brand?post=54294"}],"curies":[{"name":"wp","href":"https:\/\/api.w.org\/{rel}","templated":true}]}}