
{"id":54299,"date":"2024-09-17T11:54:11","date_gmt":"2024-09-17T11:54:11","guid":{"rendered":"https:\/\/azurefilm.com\/product\/brass-nozzle-fuer-ender-3-v3-se\/"},"modified":"2024-09-17T11:54:11","modified_gmt":"2024-09-17T11:54:11","slug":"brass-nozzle-fuer-ender-3-v3-se","status":"publish","type":"product","link":"https:\/\/azurefilm.com\/de\/produkt\/brass-nozzle-fuer-ender-3-v3-se\/","title":{"rendered":"Brass Nozzle f\u00fcr Ender 3 V3 SE"},"content":{"rendered":"<p><span style=\"font-weight: 400;\">R\u00fcsten Sie Ihren Ender 3 V3 SE 3D-Drucker mit der Brass Nozzle f\u00fcr verbesserte Leistung und Pr\u00e4zision auf. Entwickelt f\u00fcr effiziente W\u00e4rmeleitf\u00e4higkeit, sorgt diese D\u00fcse f\u00fcr schnelles und gleichm\u00e4\u00dfiges Erhitzen und liefert glatte und pr\u00e4zise Drucke mit Standardfilamenten wie PLA, PETG, ASA und ABS. Einfach zu installieren und zu warten, ist die Brass Nozzle perfekt, um Ihr Druckerlebnis zu verbessern und konsistente, hochwertige Ergebnisse zu erzielen.  <\/span><\/p>\n<h2><strong>Hauptmerkmale: <\/strong><\/h2>\n<ul>\n<li style=\"font-weight: 400;\" aria-level=\"1\"><span style=\"font-weight: 400;\">F\u00fcr Ender 3 V3 SE<\/span><\/li>\n<li style=\"font-weight: 400;\" aria-level=\"1\"><span style=\"font-weight: 400;\">Eingangsdurchmesser: 1,75mm<\/span><\/li>\n<li style=\"font-weight: 400;\" aria-level=\"1\"><span style=\"font-weight: 400;\">Ausgangsdurchmesser: 0,4mm<\/span><\/li>\n<li style=\"font-weight: 400;\" aria-level=\"1\"><span style=\"font-weight: 400;\">M6 Gewinde<\/span><\/li>\n<li style=\"font-weight: 400;\" aria-level=\"1\"><span style=\"font-weight: 400;\">Kompatibel mit Filamenten: PLA, ABS, PETG, TPU, PC, PP, Nylon, PEEK<\/span><\/li>\n<\/ul>\n","protected":false},"excerpt":{"rendered":"<p><span style=\"font-weight: 400;\">Erzielen Sie makellose 3D-Drucke mit der Brass Nozzle f\u00fcr Ender 3 V3 SE. Perfekt f\u00fcr konsistente, hochwertige Ergebnisse. <\/span><\/p>\n","protected":false},"featured_media":44338,"comment_status":"closed","ping_status":"closed","template":"","meta":{"_acf_changed":false},"product_brand":[],"product_cat":[1765,1767,1671,1807,1808],"product_tag":[],"brand":[],"class_list":{"0":"post-54299","1":"product","2":"type-product","3":"status-publish","4":"has-post-thumbnail","6":"product_cat-ersatzteile","7":"product_cat-alle-ersatzteile","8":"product_cat-angebote","9":"product_cat-dusen","10":"product_cat-normale-dusen","11":"pa_compatible-with-creality-fdm-3d-printers","12":"pa_fits-printer-creality-ender-3-v3-se","13":"pa_nozzle-diameter-0-4mm","15":"first","16":"instock","17":"sale","18":"taxable","19":"shipping-taxable","20":"purchasable","21":"product-type-simple"},"acf":[],"_links":{"self":[{"href":"https:\/\/azurefilm.com\/de\/wp-json\/wp\/v2\/product\/54299","targetHints":{"allow":["GET"]}}],"collection":[{"href":"https:\/\/azurefilm.com\/de\/wp-json\/wp\/v2\/product"}],"about":[{"href":"https:\/\/azurefilm.com\/de\/wp-json\/wp\/v2\/types\/product"}],"replies":[{"embeddable":true,"href":"https:\/\/azurefilm.com\/de\/wp-json\/wp\/v2\/comments?post=54299"}],"wp:featuredmedia":[{"embeddable":true,"href":"https:\/\/azurefilm.com\/de\/wp-json\/wp\/v2\/media\/44338"}],"wp:attachment":[{"href":"https:\/\/azurefilm.com\/de\/wp-json\/wp\/v2\/media?parent=54299"}],"wp:term":[{"taxonomy":"product_brand","embeddable":true,"href":"https:\/\/azurefilm.com\/de\/wp-json\/wp\/v2\/product_brand?post=54299"},{"taxonomy":"product_cat","embeddable":true,"href":"https:\/\/azurefilm.com\/de\/wp-json\/wp\/v2\/product_cat?post=54299"},{"taxonomy":"product_tag","embeddable":true,"href":"https:\/\/azurefilm.com\/de\/wp-json\/wp\/v2\/product_tag?post=54299"},{"taxonomy":"brand","embeddable":true,"href":"https:\/\/azurefilm.com\/de\/wp-json\/wp\/v2\/brand?post=54299"}],"curies":[{"name":"wp","href":"https:\/\/api.w.org\/{rel}","templated":true}]}}