
{"id":54300,"date":"2024-09-17T11:54:33","date_gmt":"2024-09-17T11:54:33","guid":{"rendered":"https:\/\/azurefilm.com\/product\/gehaertete-stahlduese-fuer-ender-3-v3-se\/"},"modified":"2025-11-03T10:56:05","modified_gmt":"2025-11-03T10:56:05","slug":"gehaertete-stahlduese-fuer-ender-3-v3-se","status":"publish","type":"product","link":"https:\/\/azurefilm.com\/de\/produkt\/gehaertete-stahlduese-fuer-ender-3-v3-se\/","title":{"rendered":"Geh\u00e4rtete Stahld\u00fcse f\u00fcr Ender 3 V3 SE"},"content":{"rendered":"<p><span style=\"font-weight: 400;\">Probieren Sie die geh\u00e4rtete Stahld\u00fcse f\u00fcr Ender 3 V3 SE, die f\u00fcr au\u00dfergew\u00f6hnliche Haltbarkeit und Leistung gefertigt wurde. Entwickelt, um hohen Temperaturen und abrasiven Materialien standzuhalten, ist diese D\u00fcse perfekt f\u00fcr das Drucken mit fortschrittlichen Filamenten geeignet. Ihre robuste Konstruktion sorgt f\u00fcr gleichm\u00e4\u00dfige, hochwertige Drucke und minimiert den Verschlei\u00df, was sie zu einer zuverl\u00e4ssigen Wahl f\u00fcr anspruchsvolle Druckprojekte macht.  <\/span><\/p>\n<h2><strong>Hauptmerkmale:<\/strong><\/h2>\n<ul>\n<li style=\"font-weight: 400;\" aria-level=\"1\"><span style=\"font-weight: 400;\">F\u00fcr Ender 3 V3 SE <\/span><\/li>\n<li style=\"font-weight: 400;\" aria-level=\"1\"><span style=\"font-weight: 400;\">Eingangsdurchmesser: 1,75mm<\/span><\/li>\n<li style=\"font-weight: 400;\" aria-level=\"1\"><span style=\"font-weight: 400;\">Ausgangsdurchmesser: 0,4mm, 0,6mm<\/span><\/li>\n<li style=\"font-weight: 400;\" aria-level=\"1\"><span style=\"font-weight: 400;\">M6 Gewinde<\/span><\/li>\n<li style=\"font-weight: 400;\" aria-level=\"1\"><span style=\"font-weight: 400;\">Kompatibel mit Filamenten: PLA, ABS, PETG, TPU, PC, PP, Nylon, PEEK<\/span><\/li>\n<\/ul>\n","protected":false},"excerpt":{"rendered":"<p><span style=\"font-weight: 400;\">Probieren Sie die geh\u00e4rtete Stahld\u00fcse f\u00fcr Ender 3 V3 SE, die f\u00fcr hohe Haltbarkeit und Leistung entwickelt wurde. Ideal f\u00fcr abrasive Filamente. <\/span><\/p>\n","protected":false},"featured_media":44326,"comment_status":"closed","ping_status":"closed","template":"","meta":{"_acf_changed":false},"product_brand":[],"product_cat":[1765,1671,1807,1835],"product_tag":[],"brand":[270],"class_list":{"0":"post-54300","1":"product","2":"type-product","3":"status-publish","4":"has-post-thumbnail","6":"product_cat-ersatzteile","7":"product_cat-angebote","8":"product_cat-dusen","9":"product_cat-gehartete-verschleisfeste-dusen","10":"pa_compatible-with-creality-fdm-3d-printers","11":"pa_fits-printer-creality-ender-3-v3-se","12":"pa_nozzle-diameter-0-4mm","13":"pa_nozzle-diameter-0-6mm","14":"brand-creality","16":"first","17":"instock","18":"sale","19":"taxable","20":"shipping-taxable","21":"purchasable","22":"product-type-variable","23":"has-default-attributes"},"acf":[],"_links":{"self":[{"href":"https:\/\/azurefilm.com\/de\/wp-json\/wp\/v2\/product\/54300","targetHints":{"allow":["GET"]}}],"collection":[{"href":"https:\/\/azurefilm.com\/de\/wp-json\/wp\/v2\/product"}],"about":[{"href":"https:\/\/azurefilm.com\/de\/wp-json\/wp\/v2\/types\/product"}],"replies":[{"embeddable":true,"href":"https:\/\/azurefilm.com\/de\/wp-json\/wp\/v2\/comments?post=54300"}],"wp:featuredmedia":[{"embeddable":true,"href":"https:\/\/azurefilm.com\/de\/wp-json\/wp\/v2\/media\/44326"}],"wp:attachment":[{"href":"https:\/\/azurefilm.com\/de\/wp-json\/wp\/v2\/media?parent=54300"}],"wp:term":[{"taxonomy":"product_brand","embeddable":true,"href":"https:\/\/azurefilm.com\/de\/wp-json\/wp\/v2\/product_brand?post=54300"},{"taxonomy":"product_cat","embeddable":true,"href":"https:\/\/azurefilm.com\/de\/wp-json\/wp\/v2\/product_cat?post=54300"},{"taxonomy":"product_tag","embeddable":true,"href":"https:\/\/azurefilm.com\/de\/wp-json\/wp\/v2\/product_tag?post=54300"},{"taxonomy":"brand","embeddable":true,"href":"https:\/\/azurefilm.com\/de\/wp-json\/wp\/v2\/brand?post=54300"}],"curies":[{"name":"wp","href":"https:\/\/api.w.org\/{rel}","templated":true}]}}