
{"id":54305,"date":"2024-09-17T11:54:56","date_gmt":"2024-09-17T11:54:56","guid":{"rendered":"https:\/\/azurefilm.com\/product\/hotend-kit-fuer-ender-3-v3-se\/"},"modified":"2024-09-17T11:54:56","modified_gmt":"2024-09-17T11:54:56","slug":"hotend-kit-fuer-ender-3-v3-se","status":"publish","type":"product","link":"https:\/\/azurefilm.com\/de\/produkt\/hotend-kit-fuer-ender-3-v3-se\/","title":{"rendered":"Hotend-Kit f\u00fcr Ender 3 V3 SE"},"content":{"rendered":"<h2><strong>Eigenschaften:<\/strong><\/h2>\n<ul>\n<li style=\"font-weight: 400;\" aria-level=\"1\"><span style=\"font-weight: 400;\">24V, 40W Heizelement<\/span><\/li>\n<li style=\"font-weight: 400;\" aria-level=\"1\"><span style=\"font-weight: 400;\">Thermistor: 260\u00b0C<\/span><\/li>\n<li style=\"font-weight: 400;\" aria-level=\"1\"><span style=\"font-weight: 400;\">Produktfarbe: Schwarz<\/span><\/li>\n<li style=\"font-weight: 400;\" aria-level=\"1\"><span style=\"font-weight: 400;\">Produktgewicht: 3,1g<\/span><\/li>\n<li style=\"font-weight: 400;\" aria-level=\"1\"><span style=\"font-weight: 400;\">Produktgr\u00f6\u00dfe: 23x23x20mm<\/span><\/li>\n<li style=\"font-weight: 400;\" aria-level=\"1\"><span style=\"font-weight: 400;\">Material: Hochwertiges Silikon<\/span><\/li>\n<li style=\"font-weight: 400;\" aria-level=\"1\"><span style=\"font-weight: 400;\">Hochtemperaturbest\u00e4ndige Silikonfassung enthalten<\/span><\/li>\n<\/ul>\n<h2><strong>Hauptmerkmale:<\/strong><\/h2>\n<ul>\n<li style=\"font-weight: 400;\" aria-level=\"1\"><b>Hohe Isolationsleistung:<\/b><span style=\"font-weight: 400;\"> Sorgt f\u00fcr gleichm\u00e4\u00dfige und konstante Temperatur f\u00fcr bessere Druckqualit\u00e4t.<\/span><\/li>\n<li style=\"font-weight: 400;\" aria-level=\"1\"><b>Temperaturbest\u00e4ndigkeit:<\/b><span style=\"font-weight: 400;\"> Kann l\u00e4ngerer Einwirkung hoher Temperaturen bis zu 300\u00b0C standhalten.<\/span><\/li>\n<li style=\"font-weight: 400;\" aria-level=\"1\"><b>Langlebiges Material:<\/b><span style=\"font-weight: 400;\"> Hergestellt aus hochwertigem Silikon, das nicht leicht abbl\u00e4ttert und eine geringe W\u00e4rmeleitf\u00e4higkeit bietet.<\/span><\/li>\n<li style=\"font-weight: 400;\" aria-level=\"1\"><b>Sch\u00fctzend:<\/b><span style=\"font-weight: 400;\"> Sch\u00fctzt den Heizblock und die D\u00fcse, h\u00e4lt sie sauber und reduziert das Verbrennungsrisiko.<\/span><\/li>\n<li style=\"font-weight: 400;\" aria-level=\"1\"><b>Einfache Installation:<\/b><span style=\"font-weight: 400;\"> Einfach zu montieren und zu entfernen, was die Wartung erleichtert.<\/span><\/li>\n<\/ul>\n","protected":false},"excerpt":{"rendered":"<p><span style=\"font-weight: 400;\">Hotend-Kit f\u00fcr Ender 3 V3 SE &#8211; perfekt f\u00fcr gleichm\u00e4\u00dfiges Drucken, selbst bei hohen Temperaturen bis zu 300\u00b0C.<\/span><\/p>\n","protected":false},"featured_media":44290,"comment_status":"closed","ping_status":"closed","template":"","meta":{"_acf_changed":false},"product_brand":[],"product_cat":[1765,1767,1671,1799,1786,1795],"product_tag":[],"brand":[],"class_list":{"0":"post-54305","1":"product","2":"type-product","3":"status-publish","4":"has-post-thumbnail","6":"product_cat-ersatzteile","7":"product_cat-alle-ersatzteile","8":"product_cat-angebote","9":"product_cat-extruder-de-2","10":"product_cat-extruder-de","11":"product_cat-hotends-de","12":"pa_compatible-with-creality-fdm-3d-printers","13":"pa_fits-printer-creality-ender-3-v3-se","15":"first","16":"instock","17":"sale","18":"taxable","19":"shipping-taxable","20":"purchasable","21":"product-type-simple"},"acf":[],"_links":{"self":[{"href":"https:\/\/azurefilm.com\/de\/wp-json\/wp\/v2\/product\/54305","targetHints":{"allow":["GET"]}}],"collection":[{"href":"https:\/\/azurefilm.com\/de\/wp-json\/wp\/v2\/product"}],"about":[{"href":"https:\/\/azurefilm.com\/de\/wp-json\/wp\/v2\/types\/product"}],"replies":[{"embeddable":true,"href":"https:\/\/azurefilm.com\/de\/wp-json\/wp\/v2\/comments?post=54305"}],"wp:featuredmedia":[{"embeddable":true,"href":"https:\/\/azurefilm.com\/de\/wp-json\/wp\/v2\/media\/44290"}],"wp:attachment":[{"href":"https:\/\/azurefilm.com\/de\/wp-json\/wp\/v2\/media?parent=54305"}],"wp:term":[{"taxonomy":"product_brand","embeddable":true,"href":"https:\/\/azurefilm.com\/de\/wp-json\/wp\/v2\/product_brand?post=54305"},{"taxonomy":"product_cat","embeddable":true,"href":"https:\/\/azurefilm.com\/de\/wp-json\/wp\/v2\/product_cat?post=54305"},{"taxonomy":"product_tag","embeddable":true,"href":"https:\/\/azurefilm.com\/de\/wp-json\/wp\/v2\/product_tag?post=54305"},{"taxonomy":"brand","embeddable":true,"href":"https:\/\/azurefilm.com\/de\/wp-json\/wp\/v2\/brand?post=54305"}],"curies":[{"name":"wp","href":"https:\/\/api.w.org\/{rel}","templated":true}]}}