
{"id":54306,"date":"2024-09-17T11:55:17","date_gmt":"2024-09-17T11:55:17","guid":{"rendered":"https:\/\/azurefilm.com\/product\/3d-effekt-pei-platte-fuer-bambu-lab-x1-p1p\/"},"modified":"2024-09-17T11:55:17","modified_gmt":"2024-09-17T11:55:17","slug":"3d-effekt-pei-platte-fuer-bambu-lab-x1-p1p","status":"publish","type":"product","link":"https:\/\/azurefilm.com\/de\/produkt\/3d-effekt-pei-platte-fuer-bambu-lab-x1-p1p\/","title":{"rendered":"3D-Effekt-PEI-Platte f\u00fcr Bambu Lab X1 P1P"},"content":{"rendered":"<p><span style=\"font-weight: 400;\">M\u00f6chten Sie Ihren 3D-Drucken etwas Flair verleihen? Die 3D-Effekt-PEI-Platte von Bambu kann Ihren Projekten einzigartige Oberfl\u00e4chentexturen verleihen. Dieses Set bietet verschiedene Muster: Sternen, Diamant und Karbonfaser. Erh\u00f6hen Sie Ihre Drucke mit diesen Platten und erkunden Sie neue texturale Dimensionen.   <\/span><\/p>\n<h2><strong>Sternen-Oberfl\u00e4chenplatte <\/strong><\/h2>\n<p><span style=\"font-weight: 400;\">Die Bambu Sternen-Oberfl\u00e4chenplatte verleiht der ersten Schicht Ihres Drucks einen atemberaubenden regenbogenartigen Sterneneffekt, der je nach Betrachtungswinkel schimmert und die Farben wechselt. Dieser Effekt ist besonders beeindruckend in Kombination mit Seiden- oder gl\u00e4nzenden Filamenten, die das komplexe Muster verst\u00e4rken. <\/span><\/p>\n<h3><strong>Hauptmerkmale:<\/strong><\/h3>\n<ul>\n<li style=\"font-weight: 400;\" aria-level=\"1\"><span style=\"font-weight: 400;\">PEI+PEY Bauplatte<\/span><\/li>\n<li style=\"font-weight: 400;\" aria-level=\"1\"><span style=\"font-weight: 400;\">Beidseitig<\/span><\/li>\n<li style=\"font-weight: 400;\" aria-level=\"1\"><span style=\"font-weight: 400;\">Geeignet f\u00fcr verschiedene Filamente: PLA\/TPU\/PETG<\/span><\/li>\n<li style=\"font-weight: 400;\" aria-level=\"1\"><span style=\"font-weight: 400;\">PEI-Beschichtung sorgt f\u00fcr gute Haftung beim Drucken \u00fcber 260\u00b0C<\/span><\/li>\n<li style=\"font-weight: 400;\" aria-level=\"1\"><span style=\"font-weight: 400;\">Das glatte PEY-Blatt hat ein Muster aus Sternen und Punkten, das hell leuchten wird. <\/span><\/li>\n<li style=\"font-weight: 400;\" aria-level=\"1\"><span style=\"font-weight: 400;\">Verschiedene Farben erscheinen in verschiedenen Winkeln. Dar\u00fcber hinaus werden verschiedene Farben auf dem Druckmodell hinterlassen. <\/span><\/li>\n<\/ul>\n<h2><strong>Diamant-Oberfl\u00e4chenplatte<\/strong><\/h2>\n<p><span style=\"font-weight: 400;\">Die Bambu Diamant-Oberfl\u00e4chenplatte erzeugt eine diamantgemusterte erste Schicht mit einer Kombination aus gl\u00e4nzenden und matten Oberfl\u00e4chen. Sie ist am effektivsten mit Seiden- oder gl\u00e4nzenden Filamenten, die das volle Potenzial der Textur zur Geltung bringen. <\/span><\/p>\n<h3><strong>Hauptmerkmale: <\/strong><\/h3>\n<ul>\n<li style=\"font-weight: 400;\" aria-level=\"1\"><span style=\"font-weight: 400;\">PEI+PEO Bauplatte <\/span><\/li>\n<li style=\"font-weight: 400;\" aria-level=\"1\"><span style=\"font-weight: 400;\">Beidseitig<\/span><\/li>\n<li style=\"font-weight: 400;\" aria-level=\"1\"><span style=\"font-weight: 400;\">Geeignet f\u00fcr verschiedene Filamente: PLA\/TPU\/PETG<\/span><\/li>\n<li style=\"font-weight: 400;\" aria-level=\"1\"><span style=\"font-weight: 400;\">PEI-Beschichtung sorgt f\u00fcr gute Haftung beim Drucken \u00fcber 260\u00b0C<\/span><\/li>\n<li style=\"font-weight: 400;\" aria-level=\"1\"><span style=\"font-weight: 400;\">Die glatte Oberfl\u00e4che der PEO-Folie kann das Modell besser an der Plattform haften lassen<\/span><\/li>\n<\/ul>\n<h2><strong>Karbonfaser-Oberfl\u00e4chenplatte<\/strong><\/h2>\n<p><span style=\"font-weight: 400;\">Die Bambu Karbonfaserplatte imitiert die subtile Textur echter Karbonfaser. Bei Anwendung \u00fcbertr\u00e4gt sie dieses Muster auf die erste Schicht Ihres Drucks und erzeugt eine deutliche 3D-Textur, insbesondere bei Verwendung von grauem Karbonfilament. <\/span><\/p>\n<h3><strong>Hauptmerkmale:<\/strong><\/h3>\n<ul>\n<li style=\"font-weight: 400;\" aria-level=\"1\"><span style=\"font-weight: 400;\">PET+PEO Bauplatte <\/span><\/li>\n<li style=\"font-weight: 400;\" aria-level=\"1\"><span style=\"font-weight: 400;\">Die glatte Oberfl\u00e4che der PEO-Folie kann das Modell besser an der Plattform haften lassen<\/span><\/li>\n<li style=\"font-weight: 400;\" aria-level=\"1\"><span style=\"font-weight: 400;\">Die PET-Oberfl\u00e4che ist best\u00e4ndig gegen hohe Temperaturen von 120\u2103, wir empfehlen nur PLA-Filament f\u00fcr diese Oberfl\u00e4che<\/span><\/li>\n<li style=\"font-weight: 400;\" aria-level=\"1\"><span style=\"font-weight: 400;\">PET bietet eine falsche Karbonfaseroberfl\u00e4che und bietet eine deutliche visuelle Anziehungskraft<\/span><\/li>\n<\/ul>\n<h2><strong>Installation<\/strong><\/h2>\n<p><span style=\"font-weight: 400;\">Die 3D-Effekt-PEI-Platten m\u00fcssen manuell auf die Stahlplatte aufgebracht werden; sie sind nicht vorinstalliert. F\u00fcr optimale Ergebnisse verwenden Sie nur die offizielle Bambu Lab Stahlplatte. Wenn Sie die Platte auf eine vorhandene Platte auftragen, stellen Sie sicher, dass die alte Platte vollst\u00e4ndig entfernt und die Oberfl\u00e4che gr\u00fcndlich gereinigt und getrocknet ist. Befolgen Sie sorgf\u00e4ltig die empfohlenen Heizbett-Einstellungen, um die beste Textur\u00fcbertragung zu gew\u00e4hrleisten. Beachten Sie, dass eine saubere Oberfl\u00e4che entscheidend f\u00fcr die Sichtbarkeit der 3D-Effekte ist; Fett kann die Muster mindern. Reinigen Sie mit hei\u00dfem Wasser und Reinigungsmittel und vermeiden Sie direkten Kontakt mit der Oberfl\u00e4che.     <\/span><\/p>\n<h3><strong>Zus\u00e4tzliche \u00dcberlegungen <\/strong><\/h3>\n<p><span style=\"font-weight: 400;\">Da die 3D-Effekt-PEI-Platten Licht reflektieren, funktioniert die LIDAR-Kalibrierung m\u00f6glicherweise nicht wie erwartet. Es wird empfohlen, die LIDAR-Kalibrierungssequenz zu \u00fcberspringen oder eine normale Platte f\u00fcr die Kalibrierung zu verwenden. Denken Sie daran, dass diese Platten Verbrauchsmaterialien sind, daher sollten Sie versuchen, die Platzierung Ihrer Drucke auf der Platte zu variieren, um ihre Lebensdauer zu verl\u00e4ngern. Vermeiden Sie es, Klebstoff auf die Plattenoberfl\u00e4che aufzutragen, und seien Sie vorsichtig beim Einsatz eines Schabers, um Sch\u00e4den zu vermeiden.   <\/span><\/p>\n<h3><strong>Empfohlene Einstellungen<\/strong><\/h3>\n<p><span style=\"font-weight: 400;\">Zum Drucken empfehlen wir die Verwendung von PLA- oder TPU-Filamenten. Je nach Modell und Filament m\u00fcssen Sie m\u00f6glicherweise Ihre Slicer-Einstellungen anpassen.  <\/span><\/p>\n","protected":false},"excerpt":{"rendered":"<p><span style=\"font-weight: 400;\">Probieren Sie die 3D-Effekt-PEI-Platte f\u00fcr Bambu Lab X1 P1P in sternen-, diamant- oder karbonfaserstruktur und verwandeln Sie Ihre Drucke mit Texturen, die hervorstechen.<\/span><\/p>\n","protected":false},"featured_media":44187,"comment_status":"closed","ping_status":"closed","template":"","meta":{"_acf_changed":false},"product_brand":[],"product_cat":[1765,1767,1888,1994],"product_tag":[],"brand":[268],"class_list":{"0":"post-54306","1":"product","2":"type-product","3":"status-publish","4":"has-post-thumbnail","6":"product_cat-ersatzteile","7":"product_cat-alle-ersatzteile","8":"product_cat-bauoberflachen","9":"product_cat-pei-platten","10":"pa_compatible-with-bambulab-fdm-3d-printers","11":"pa_fits-printer-all-bambu-lab-x1-series-p1-series","12":"brand-bambu-lab","14":"first","15":"instock","16":"taxable","17":"shipping-taxable","18":"purchasable","19":"product-type-variable"},"acf":[],"_links":{"self":[{"href":"https:\/\/azurefilm.com\/de\/wp-json\/wp\/v2\/product\/54306","targetHints":{"allow":["GET"]}}],"collection":[{"href":"https:\/\/azurefilm.com\/de\/wp-json\/wp\/v2\/product"}],"about":[{"href":"https:\/\/azurefilm.com\/de\/wp-json\/wp\/v2\/types\/product"}],"replies":[{"embeddable":true,"href":"https:\/\/azurefilm.com\/de\/wp-json\/wp\/v2\/comments?post=54306"}],"wp:featuredmedia":[{"embeddable":true,"href":"https:\/\/azurefilm.com\/de\/wp-json\/wp\/v2\/media\/44187"}],"wp:attachment":[{"href":"https:\/\/azurefilm.com\/de\/wp-json\/wp\/v2\/media?parent=54306"}],"wp:term":[{"taxonomy":"product_brand","embeddable":true,"href":"https:\/\/azurefilm.com\/de\/wp-json\/wp\/v2\/product_brand?post=54306"},{"taxonomy":"product_cat","embeddable":true,"href":"https:\/\/azurefilm.com\/de\/wp-json\/wp\/v2\/product_cat?post=54306"},{"taxonomy":"product_tag","embeddable":true,"href":"https:\/\/azurefilm.com\/de\/wp-json\/wp\/v2\/product_tag?post=54306"},{"taxonomy":"brand","embeddable":true,"href":"https:\/\/azurefilm.com\/de\/wp-json\/wp\/v2\/brand?post=54306"}],"curies":[{"name":"wp","href":"https:\/\/api.w.org\/{rel}","templated":true}]}}