
{"id":54312,"date":"2024-09-20T08:41:24","date_gmt":"2024-09-20T08:41:24","guid":{"rendered":"https:\/\/azurefilm.com\/product\/creality-k1-se\/"},"modified":"2024-11-26T07:55:00","modified_gmt":"2024-11-26T07:55:00","slug":"creality-k1-se","status":"publish","type":"product","link":"https:\/\/azurefilm.com\/de\/produkt\/creality-k1-se\/","title":{"rendered":"Creality K1 SE"},"content":{"rendered":"<p><span style=\"font-weight: 400;\">Der<\/span><b> Creality K1 SE<\/b><span style=\"font-weight: 400;\"> 3D<\/span> <span style=\"font-weight: 400;\">Drucker kombiniert intelligentes Design mit hoher Geschwindigkeit, Pr\u00e4zision und Zuverl\u00e4ssigkeit, um Ideen mit bemerkenswerter Effizienz in die Realit\u00e4t umzusetzen. Dieser 3D-Drucker ist darauf ausgelegt, ein nahtloses Benutzererlebnis zu bieten und herausragende Ergebnisse in kurzer Zeit zu liefern, was ihn sowohl f\u00fcr Profis als auch f\u00fcr Hobbyisten ideal macht. <\/span><\/p>\n<h2><strong>Robustes Design f\u00fcr Stabilit\u00e4t und Haltbarkeit<\/strong><\/h2>\n<p><span style=\"font-weight: 400;\">Der Creality K1 SE verf\u00fcgt \u00fcber einen stabilen Rahmen aus integrierten Druckgussteilen aus Aluminiumlegierung, die nahtlos zusammengef\u00fcgt sind, um die Stabilit\u00e4t der Maschine zu erh\u00f6hen. Um diese Stabilit\u00e4t bei Hochgeschwindigkeitsvibrationen weiter zu unterst\u00fctzen, ist der Rahmen mit Eckverbindungen und robusten Quertr\u00e4gern verst\u00e4rkt. Dieses langlebige Design gew\u00e4hrleistet zuverl\u00e4ssiges und konsistentes Drucken, selbst unter intensiven Betriebsbedingungen. <\/span><\/p>\n<h2><strong>CoreXY-Struktur f\u00fcr ultraschnelles Drucken<\/strong><\/h2>\n<p><span style=\"font-weight: 400;\">Eines der herausragenden Merkmale des K1 SE ist seine dynamische CoreXY-Struktur, die f\u00fcr Hochgeschwindigkeitsdrucke entwickelt wurde, ohne die Druckqualit\u00e4t zu beeintr\u00e4chtigen. Diese fortschrittliche Struktur erm\u00f6glicht es dem Drucker, eine maximale Druckgeschwindigkeit von 600mm\/s und eine Beschleunigung von bis zu 20.000mm\/s\u00b2 zu erreichen, was eine schnellere Projektabwicklung bei gleichzeitiger Pr\u00e4zision erm\u00f6glicht. <\/span><\/p>\n<h2><strong>Dual-Getriebe-All-Metal-Extruder<\/strong><\/h2>\n<p><span style=\"font-weight: 400;\">Der K1 SE ist mit einem Dual-Getriebe-All-Metal-Extrudersystem ausgestattet, das eine Unterst\u00fctzung durch eine Feder und einen Kugelst\u00f6\u00dfel umfasst, um das Filament w\u00e4hrend des Druckens fest zu sichern. Dieses System bietet einen zuverl\u00e4ssigen Filamentgriff und ist f\u00fcr eine Vielzahl von Filamenttypen ausgelegt, einschlie\u00dflich flexibler Materialien wie TPU. Dar\u00fcber hinaus sorgt das verstopfungsfreie Design des Extruders f\u00fcr einen reibungslosen Betrieb, selbst beim Drucken komplexerer Materialien. F\u00fcr das Drucken von ABS wird eine Schutzabdeckung empfohlen. <\/span><\/p>\n<h2><strong>Schnellheizende Hotend <\/strong><\/h2>\n<p><span style=\"font-weight: 400;\">Das Hotend des Creality K1 SE ist auf Geschwindigkeit und Effizienz ausgelegt. Ausgestattet mit einem 60W Keramikheizer, heizt es sich in nur 75 Sekunden von 0 auf 300\u00b0C auf und schmilzt das Filament vollst\u00e4ndig, um ultraschnelles Drucken zu unterst\u00fctzen. Dies gew\u00e4hrleistet minimale Ausfallzeiten und erm\u00f6glicht kontinuierliches Drucken bei optimalen Geschwindigkeiten. <\/span><\/p>\n<h2><strong>Langlebige Tri-Metal-D\u00fcse <\/strong><\/h2>\n<p><span style=\"font-weight: 400;\">Der K1 SE verf\u00fcgt \u00fcber eine Tri-Metal-D\u00fcse mit einer Kupferbasis, einer Stahld\u00fcse und einem Titanlegierungs-W\u00e4rmeunterbrecher. Diese Konstruktion ist darauf ausgelegt, W\u00e4rmeansammlungen zu verhindern und tr\u00e4gt zu ihrer Langlebigkeit bei. Die D\u00fcse ist auch leicht austauschbar, was eine einfache Wartung und langfristige Nutzung gew\u00e4hrleistet. <\/span><\/p>\n<h2><strong>Intelligente Algorithmen f\u00fcr optimiertes Drucken<\/strong><\/h2>\n<p><span style=\"font-weight: 400;\">Der Creality K1 SE nutzt intelligente Algorithmen, um die Druckqualit\u00e4t und Effizienz zu gew\u00e4hrleisten:<\/span><\/p>\n<ul>\n<li style=\"font-weight: 400;\" aria-level=\"1\"><b>Eingangsformung:<\/b><span style=\"font-weight: 400;\"> Ein G-Sensor identifiziert Geschwindigkeiten, die Resonanzen verursachen k\u00f6nnen, und passt die Motoroperationen an, um potenzielle Vibrationen zu mindern und glatte und pr\u00e4zise Drucke zu gew\u00e4hrleisten.<\/span><\/li>\n<li style=\"font-weight: 400;\" aria-level=\"1\"><b>Ausgeglichener Komponentenl\u00fcfter: <\/b><span style=\"font-weight: 400;\">Der Komponentenl\u00fcfter am Druckkopf ist dynamisch ausbalanciert, wodurch Wackeln bei Hochgeschwindigkeitsoperationen reduziert wird.<\/span><\/li>\n<\/ul>\n<h2><strong>Benutzerfreundliche Funktionen<\/strong><\/h2>\n<p><span style=\"font-weight: 400;\">Der K1 SE bietet mehrere automatisierte und benutzerfreundliche Funktionen, um den Druckprozess zu vereinfachen:<\/span><\/p>\n<ul>\n<li style=\"font-weight: 400;\" aria-level=\"1\"><b>Plug-and-Play-Setup: <\/b><span style=\"font-weight: 400;\">Mit einfachen Startanweisungen kann der Drucker innerhalb von nur 3 Minuten ausgepackt und betriebsbereit gemacht werden.<\/span><\/li>\n<li style=\"font-weight: 400;\" aria-level=\"1\"><b>Automatische Kalibrierung:<\/b><span style=\"font-weight: 400;\"> Funktionen wie automatische Z-Offset, Nivellierung und Eingangsformungstests sorgen daf\u00fcr, dass der Drucker pr\u00e4zise Ergebnisse mit minimalem manuellem Eingriff liefert.<\/span><\/li>\n<li style=\"font-weight: 400;\" aria-level=\"1\"><b>Verwaltung von Teilausf\u00e4llen:<\/b><span style=\"font-weight: 400;\"> Im Falle eines teilweisen Druckfehlers erm\u00f6glicht der K1 SE den Benutzern, fehlerhafte Drucke auszuschlie\u00dfen und den Rest der Charge nahtlos weiter zu drucken.<\/span><\/li>\n<\/ul>\n<h2><strong>Open-Source-Flexibilit\u00e4t und Anpassung<\/strong><\/h2>\n<p><span style=\"font-weight: 400;\">Der K1 SE verf\u00fcgt \u00fcber Open-Source-Software, die es den Benutzern erm\u00f6glicht, \u00c4nderungen einfach vorzunehmen. Er unterst\u00fctzt Creality OS, Creality Print 5.0 und Creality Cloud f\u00fcr flexible Slicing-Optionen, was den Benutzern die Freiheit gibt, das Druckerlebnis an ihre spezifischen Bed\u00fcrfnisse anzupassen. Dar\u00fcber hinaus sorgt die flexible PEI-Bauplatte f\u00fcr eine einfache Entfernung der fertigen Drucke. <\/span><\/p>\n<h2><strong>Zus\u00e4tzliche Funktionen<\/strong><\/h2>\n<p><span style=\"font-weight: 400;\">Der Creality K1 SE umfasst mehrere zus\u00e4tzliche Funktionen, um die Leistung zu optimieren:<\/span><\/p>\n<ul>\n<li style=\"font-weight: 400;\" aria-level=\"1\"><span style=\"font-weight: 400;\">Vormontierte D\u00e4mpfungspads zur Ger\u00e4uschreduzierung und Stabilit\u00e4t.<\/span><\/li>\n<li style=\"font-weight: 400;\" aria-level=\"1\"><span style=\"font-weight: 400;\">Silikon-Wischstreifen, um die D\u00fcsen sauber zu halten.<\/span><\/li>\n<li style=\"font-weight: 400;\" aria-level=\"1\"><span style=\"font-weight: 400;\">Freih\u00e4ndige automatische Nivellierung f\u00fcr eine m\u00fchelose Einrichtung und Pr\u00e4zision.<\/span><\/li>\n<li style=\"font-weight: 400;\" aria-level=\"1\"><span style=\"font-weight: 400;\">Flexible PEI-Federstahlplatte f\u00fcr eine einfache Teileentfernung.<\/span><\/li>\n<\/ul>\n","protected":false},"excerpt":{"rendered":"<p><span style=\"font-weight: 400;\">Creality K1 SE &#8211; eine perfekte Kombination aus Geschwindigkeit, Zuverl\u00e4ssigkeit und fortschrittlichen Funktionen, ideal f\u00fcr Kreative, die hochwertige Drucke effizient produzieren m\u00f6chten.<\/span><\/p>\n","protected":false},"featured_media":44652,"comment_status":"closed","ping_status":"closed","template":"","meta":{"_acf_changed":false},"product_brand":[],"product_cat":[1693,1695,1671,1851,1694],"product_tag":[],"brand":[],"class_list":{"0":"post-54312","1":"product","2":"type-product","3":"status-publish","4":"has-post-thumbnail","6":"product_cat-3d-drucker","7":"product_cat-alle-3d-drucker","8":"product_cat-angebote","9":"product_cat-creality-de","10":"product_cat-fdm-drucker","12":"first","13":"instock","14":"sale","15":"taxable","16":"shipping-taxable","17":"purchasable","18":"product-type-simple"},"acf":[],"_links":{"self":[{"href":"https:\/\/azurefilm.com\/de\/wp-json\/wp\/v2\/product\/54312","targetHints":{"allow":["GET"]}}],"collection":[{"href":"https:\/\/azurefilm.com\/de\/wp-json\/wp\/v2\/product"}],"about":[{"href":"https:\/\/azurefilm.com\/de\/wp-json\/wp\/v2\/types\/product"}],"replies":[{"embeddable":true,"href":"https:\/\/azurefilm.com\/de\/wp-json\/wp\/v2\/comments?post=54312"}],"wp:featuredmedia":[{"embeddable":true,"href":"https:\/\/azurefilm.com\/de\/wp-json\/wp\/v2\/media\/44652"}],"wp:attachment":[{"href":"https:\/\/azurefilm.com\/de\/wp-json\/wp\/v2\/media?parent=54312"}],"wp:term":[{"taxonomy":"product_brand","embeddable":true,"href":"https:\/\/azurefilm.com\/de\/wp-json\/wp\/v2\/product_brand?post=54312"},{"taxonomy":"product_cat","embeddable":true,"href":"https:\/\/azurefilm.com\/de\/wp-json\/wp\/v2\/product_cat?post=54312"},{"taxonomy":"product_tag","embeddable":true,"href":"https:\/\/azurefilm.com\/de\/wp-json\/wp\/v2\/product_tag?post=54312"},{"taxonomy":"brand","embeddable":true,"href":"https:\/\/azurefilm.com\/de\/wp-json\/wp\/v2\/brand?post=54312"}],"curies":[{"name":"wp","href":"https:\/\/api.w.org\/{rel}","templated":true}]}}