
{"id":54315,"date":"2024-09-20T08:41:46","date_gmt":"2024-09-20T08:41:46","guid":{"rendered":"https:\/\/azurefilm.com\/product\/creality-ender-3-v3-plus\/"},"modified":"2024-11-26T07:37:33","modified_gmt":"2024-11-26T07:37:33","slug":"creality-ender-3-v3-plus","status":"publish","type":"product","link":"https:\/\/azurefilm.com\/de\/produkt\/creality-ender-3-v3-plus\/","title":{"rendered":"Creality Ender 3 V3 Plus"},"content":{"rendered":"<p><span style=\"font-weight: 400;\">Der <\/span><b>Ender 3 V3 Plus<\/b><span style=\"font-weight: 400;\"> von Creality bietet Platz f\u00fcr selbst die ehrgeizigsten Ideen, mit einem beeindruckenden Bauvolumen von 300x300x330mm. Dieser gro\u00dfe Bauraum erm\u00f6glicht es Benutzern, gr\u00f6\u00dfere Objekte oder mehrere Teile in einem einzigen Auftrag zu drucken, was ihn ideal f\u00fcr Designer und Kreative macht, die ihre Ideen in gr\u00f6\u00dferem Ma\u00dfstab verwirklichen m\u00f6chten. <\/span><\/p>\n<h2><strong>Robuste und stabile Konstruktion<\/strong><\/h2>\n<p><span style=\"font-weight: 400;\">Der Portalrahmen und die Basis des Druckers bestehen aus einem einzigen Aluminiumlegierungs-Druckgussteil, das eine robuste dreieckige Struktur bildet. Diese stabile Konstruktion wird durch zwei zus\u00e4tzliche St\u00fctzstangen weiter verst\u00e4rkt, die die Stabilit\u00e4t der Z-Achse erh\u00f6hen und jegliches Wackeln w\u00e4hrend des Druckens erheblich reduzieren. Mit weniger Schrauben und abgerundeten Ecken bietet der Ender 3 V3 Plus nicht nur zuverl\u00e4ssige Leistung, sondern auch ein elegantes, modernes Erscheinungsbild. <\/span><\/p>\n<h2><strong>CoreXZ-Bewegungssystem<\/strong><\/h2>\n<p><span style=\"font-weight: 400;\">Angetrieben von einem fortschrittlichen CoreXZ-Bewegungssystem kombiniert der Ender 3 V3 Plus die X- und Z-Achsen f\u00fcr stabiles, hochgeschwindigkeitsf\u00e4higes Drucken. Das Bewegungssystem wird von zwei leistungsstarken Motoren unterst\u00fctzt, die eine koordinierte und reibungslose Bewegung der Achsen gew\u00e4hrleisten. <\/span><\/p>\n<p><span style=\"font-weight: 400;\">Das Ergebnis ist eine beeindruckende H\u00f6chstgeschwindigkeit von 600mm\/s und eine maximale Beschleunigung von 20.000mm\/s\u00b2, die ein 12-mal schnelleres Druckerlebnis ohne Pr\u00e4zisionseinbu\u00dfen bietet. Die Y-Achse ist ebenfalls mit zwei leistungsstarken Motoren ausgestattet, die ein Spitzendrehmoment von 1000Nm erzeugen und eine reibungslose und genaue Bewegung des Druckbetts entlang seiner linearen F\u00fchrungsstangen erm\u00f6glichen. <\/span><\/p>\n<h2><strong>Optimierter Direktantrieb-Extruder und effiziente Heizung<\/strong><\/h2>\n<p><span style=\"font-weight: 400;\">Der Ender 3 V3 Plus verf\u00fcgt \u00fcber einen optimierten Direktantrieb-Extruder, der mit einer St\u00fctzfeder und einer Kugelrolle ausgestattet ist, um einen starken Filamentgriff und eine verstopfungsfreie Extrusion zu gew\u00e4hrleisten. Um die Leistung weiter zu verbessern, enth\u00e4lt der Drucker ein 60-Watt-Keramikheizelement, das in nur 75 Sekunden auf 300\u00b0C aufheizt. Diese schnelle, hochtemperaturf\u00e4hige F\u00e4higkeit erm\u00f6glicht eine zuverl\u00e4ssige Filamentschmelze selbst bei Hochgeschwindigkeitsdrucken und sorgt f\u00fcr konsistente Ergebnisse. <\/span><\/p>\n<h2><span style=\"font-weight: 400;\"><strong>Tri-Metall-D\u00fcse<\/strong> <\/span><\/h2>\n<p><span style=\"font-weight: 400;\">Im Kern des Ender 3 V3 Plus befindet sich eine Unicorn Tri-Metall-D\u00fcse. Diese D\u00fcse integriert eine Kupferbasis mit einer Stahld\u00fcse und einem Heatbreak aus Titanlegierung. Das Ergebnis ist eine langlebige D\u00fcse, die \u00fcberm\u00e4\u00dfige Hitzeentwicklung effektiv blockiert und pr\u00e4zises Drucken \u00fcber lange Zeitr\u00e4ume erm\u00f6glicht. Die D\u00fcse ist auch f\u00fcr einen einfachen Austausch konzipiert, was die Wartung unkompliziert macht. <\/span><\/p>\n<p><b>Hinweis: <\/b><span style=\"font-weight: 400;\">Stellen Sie sicher, dass die D\u00fcse abgek\u00fchlt ist, bevor Sie sie anfassen, um Verletzungen zu vermeiden.<\/span><\/p>\n<h2><strong>Effiziente K\u00fchlventilatoren<\/strong><\/h2>\n<p><span style=\"font-weight: 400;\">Der Ender 3 V3 Plus ist mit effizienten K\u00fchlventilatoren an der Vorder- und R\u00fcckseite des Druckkopfs ausgestattet. Diese Ventilatoren sorgen f\u00fcr eine schnelle und gleichm\u00e4\u00dfige Abk\u00fchlung der frisch gedruckten Schichten, was die Gesamtqualit\u00e4t des Drucks verbessert und das Risiko von Verformungen oder Verwerfungen im Endmodell verringert. <\/span><\/p>\n<h2><strong>Zus\u00e4tzliche Funktionen<\/strong><\/h2>\n<p><span style=\"font-weight: 400;\">Der Ender 3 V3 Plus bietet eine Reihe zus\u00e4tzlicher Funktionen, die die Benutzerfreundlichkeit und Leistung verbessern<\/span><\/p>\n<ul>\n<li style=\"font-weight: 400;\" aria-level=\"1\"><span style=\"font-weight: 400;\">Vormontierte Module f\u00fcr eine schnelle und einfache Einrichtung.<\/span><\/li>\n<li style=\"font-weight: 400;\" aria-level=\"1\"><span style=\"font-weight: 400;\">Ger\u00e4uschloser Betriebsmodus mit einem Ger\u00e4uschpegel von \u2264 55dB.<\/span><\/li>\n<li style=\"font-weight: 400;\" aria-level=\"1\"><span style=\"font-weight: 400;\">Automatische Kalibrierung mit One-Tap-Leveling, Z-Offset und Input-Shaping-Tests.<\/span><\/li>\n<li style=\"font-weight: 400;\" aria-level=\"1\"><span style=\"font-weight: 400;\">Vollautomatische Spannung der XZ-Riemen.<\/span><\/li>\n<li style=\"font-weight: 400;\" aria-level=\"1\"><span style=\"font-weight: 400;\">Ideal f\u00fcr die Erstellung von Druckfarmen mit mehreren Druckern.<\/span><\/li>\n<li style=\"font-weight: 400;\" aria-level=\"1\"><span style=\"font-weight: 400;\">Open-Source-Creality-OS, kompatibel mit Creality Print Slicer und Creality Cloud App f\u00fcr nahtlose Workflow-Integration.<\/span><\/li>\n<\/ul>\n","protected":false},"excerpt":{"rendered":"<p><span style=\"font-weight: 400;\">Creality Ender 3 V3 Plus &#8211; ein leistungsstarker, benutzerfreundlicher und effizienter 3D-Drucker mit einem Bauvolumen von 300x300x330mm. <\/span><\/p>\n","protected":false},"featured_media":44702,"comment_status":"closed","ping_status":"closed","template":"","meta":{"_acf_changed":false},"product_brand":[],"product_cat":[1693,1695,1671,1851,1694],"product_tag":[],"brand":[],"class_list":{"0":"post-54315","1":"product","2":"type-product","3":"status-publish","4":"has-post-thumbnail","6":"product_cat-3d-drucker","7":"product_cat-alle-3d-drucker","8":"product_cat-angebote","9":"product_cat-creality-de","10":"product_cat-fdm-drucker","12":"first","13":"outofstock","14":"sale","15":"taxable","16":"shipping-taxable","17":"purchasable","18":"product-type-simple"},"acf":[],"_links":{"self":[{"href":"https:\/\/azurefilm.com\/de\/wp-json\/wp\/v2\/product\/54315","targetHints":{"allow":["GET"]}}],"collection":[{"href":"https:\/\/azurefilm.com\/de\/wp-json\/wp\/v2\/product"}],"about":[{"href":"https:\/\/azurefilm.com\/de\/wp-json\/wp\/v2\/types\/product"}],"replies":[{"embeddable":true,"href":"https:\/\/azurefilm.com\/de\/wp-json\/wp\/v2\/comments?post=54315"}],"wp:featuredmedia":[{"embeddable":true,"href":"https:\/\/azurefilm.com\/de\/wp-json\/wp\/v2\/media\/44702"}],"wp:attachment":[{"href":"https:\/\/azurefilm.com\/de\/wp-json\/wp\/v2\/media?parent=54315"}],"wp:term":[{"taxonomy":"product_brand","embeddable":true,"href":"https:\/\/azurefilm.com\/de\/wp-json\/wp\/v2\/product_brand?post=54315"},{"taxonomy":"product_cat","embeddable":true,"href":"https:\/\/azurefilm.com\/de\/wp-json\/wp\/v2\/product_cat?post=54315"},{"taxonomy":"product_tag","embeddable":true,"href":"https:\/\/azurefilm.com\/de\/wp-json\/wp\/v2\/product_tag?post=54315"},{"taxonomy":"brand","embeddable":true,"href":"https:\/\/azurefilm.com\/de\/wp-json\/wp\/v2\/brand?post=54315"}],"curies":[{"name":"wp","href":"https:\/\/api.w.org\/{rel}","templated":true}]}}