
{"id":54318,"date":"2024-09-20T10:51:34","date_gmt":"2024-09-20T10:51:34","guid":{"rendered":"https:\/\/azurefilm.com\/product\/refill-pla-silk-rainbow-amber\/"},"modified":"2026-03-20T05:22:46","modified_gmt":"2026-03-20T05:22:46","slug":"refill-pla-silk-rainbow-amber","status":"publish","type":"product","link":"https:\/\/azurefilm.com\/de\/produkt\/refill-pla-silk-rainbow-amber\/","title":{"rendered":"Refill PLA Silk Regenbogen Bernstein"},"content":{"rendered":"<h2><b>Refill PLA Silk Rainbow<\/b><\/h2>\n<p><span style=\"font-weight: 400;\">Refill PLA Silk Rainbow Filamente bieten die gleichen Eigenschaften wie unser PLA Silk Rainbow. Sie verleihen das Aussehen einer <\/span><b>gl\u00e4nzenden, leicht durchscheinenden, seidigen Oberfl\u00e4che<\/b><span style=\"font-weight: 400;\"> sowie einen <\/span><b>sch\u00f6nen \u00dcbergang zwischen verschiedenen Farben<\/b><span style=\"font-weight: 400;\">. The colour transitions every few meters of the filament. Moreover, this material helps <\/span><b>verbergen die \u00dcberg\u00e4nge zwischen den Schichten<\/b><span style=\"font-weight: 400;\"> beim Drucken. <\/span> <span style=\"font-weight: 400;\">Refill PLA Silk Rainbow ist <\/span><b>einfach zu drucken<\/b><\/p>\n<p><span style=\"font-weight: 400;\"> und in vielen verschiedenen Farboptionen erh\u00e4ltlich. Diese Filamente sind ein <\/span><b>umweltfreundliche Wahl<\/b><span style=\"font-weight: 400;\"> das zuverl\u00e4ssige Leistung und konsistente Ergebnisse bietet. Dar\u00fcber hinaus sind unsere Refill PLA Silk Rainbow Filamente <\/span> <b> gro\u00dfartig f\u00fcr Anf\u00e4nger<\/b><span style=\"font-weight: 400;\">. <\/span><\/p>\n<h3><strong>Was ist neu?<\/strong><\/h3>\n<ul>\n<li><span style=\"font-weight: 400;\">Wir haben die Plastik-Kabelbinder entfernt und durch eine bessere Option ersetzt, um das Auspacken zu erleichtern.<\/span><\/li>\n<li><span style=\"font-weight: 400;\">Das Filamentende ist jetzt komplett gerade. Das verhindert, dass es in der Spule stecken bleibt und Ihren Druck ruiniert, wenn das Filament ausgeht. <\/span><\/li>\n<li><b>Perfekte Kompatibilit\u00e4t mit AzureFilm und Bambu Lab Spulen.<\/b><\/li>\n<\/ul>\n<h3><strong>Druckempfehlungen:<\/strong><\/h3>\n<ul>\n<li style=\"font-weight: 400;\" aria-level=\"1\"><span style=\"font-weight: 400;\">F\u00fcr beste Ergebnisse drucken Sie bei 220\u2013240\u00b0C. <\/span><\/li>\n<li style=\"font-weight: 400;\" aria-level=\"1\"><span style=\"font-weight: 400;\">Empfohlene Druckbett-Temperatur ist 80\u00b0C.<\/span><\/li>\n<li style=\"font-weight: 400;\" aria-level=\"1\"><span style=\"font-weight: 400;\">Verwenden Sie ein Glasbett, eine PEI-Folie, Kapton oder Blaues Klebeband f\u00fcr die Bauplattform mit 3Dlac-Spray.<\/span><\/li>\n<\/ul>\n<p><i><span style=\"font-weight: 400;\">*Die ideale Temperatur kann je nach verwendetem Drucker variieren.<\/span><\/i><\/p>\n<div class=\"is-divider divider clearfix\" style=\"max-width:100%;height:1px;background-color:rgb(17, 107, 168);\"><\/div>\n<p><span style=\"font-weight: 400;\">Unsere Refill PLA Silk Filamente sind perfekt kompatibel mit der <a href=\"https:\/\/azurefilm.com\/de\/produkt\/azurefilm-master-spool-11-gratis\/\" target=\"_blank\" rel=\"noopener\"><strong>AzureFilm Master Spool<\/strong><\/a> &#8211; <\/span><b>die einzige Spule, die Sie jemals brauchen werden<\/b><span style=\"font-weight: 400;\">. By using this reusable spool, you can join us in reducing waste and minimising environmental impact. <\/span><\/p>\n<p><span style=\"font-weight: 400;\">AzureFilm Master Spool ist unsere <\/span><b>wiederverwendbare Spule<\/b><span style=\"font-weight: 400;\">, die eine <\/span><b>nachhaltige und kosteng\u00fcnstige<\/b><span style=\"font-weight: 400;\"> L\u00f6sung f\u00fcr den 3D-Druck bietet. Die Spule ist eine <\/span><b>Satz aus zwei wiederverwendbaren, spritzgegossenen Scheiben<\/b><span style=\"font-weight: 400;\">. This ensures the high durability and precision of the spool. <\/span><\/p>\n<p><span style=\"font-weight: 400;\">Durch den Kauf und die Wiederverwendung unserer Master Spool tragen Sie zu einer saubereren Umwelt bei und genie\u00dfen gleichzeitig ein zuverl\u00e4ssiges und benutzerfreundliches Produkt, das mit den meisten 3D-Druckern kompatibel ist.<\/span><\/p>\n<div style=\"padding: 56.25% 0 0 0; position: relative;\"><iframe style=\"position: absolute; top: 0; left: 0; width: 100%; height: 100%;\" title=\"AzureFilm Master Spool\" src=\"https:\/\/player.vimeo.com\/video\/954356184?badge=0&amp;autopause=0&amp;player_id=0&amp;app_id=58479\" frameborder=\"0\"><\/iframe><\/div>\n<p><script src=\"https:\/\/player.vimeo.com\/api\/player.js\"><\/script><\/p>\n<div class=\"is-divider divider clearfix\" style=\"max-width:100%;height:1px;background-color:rgb(17, 107, 168);\"><\/div>\n<h2><b>Eigenschaften &amp; Eigenschaften<\/b><\/h2>\n<table>\n<thead>\n<tr>\n<th>Feature<\/th>\n<th>Value<\/th>\n<\/tr>\n<tr>\n<td><span style=\"font-weight: 400;\"> Flexibilit\u00e4t<\/span><\/td>\n<td><span style=\"font-weight: 400;\">Niedrig<\/span><\/td>\n<\/tr>\n<tr>\n<td><span style=\"font-weight: 400;\"> St\u00e4rke<\/span><\/td>\n<td><span style=\"font-weight: 400;\">Mittel<\/span><\/td>\n<\/tr>\n<tr>\n<td><span style=\"font-weight: 400;\"> Haltbarkeit<\/span><\/td>\n<td><span style=\"font-weight: 400;\">Mittel<\/span><\/td>\n<\/tr>\n<tr>\n<td><span style=\"font-weight: 400;\"> Schwierigkeit zu verwenden<\/span><\/td>\n<td><span style=\"font-weight: 400;\">Niedrig<\/span><\/td>\n<\/tr>\n<tr>\n<td><span style=\"font-weight: 400;\"> Schrumpfung \/ Verzug<\/span><\/td>\n<td><span style=\"font-weight: 400;\">Minimal<\/span><\/td>\n<\/tr>\n<tr>\n<td><span style=\"font-weight: 400;\"> L\u00f6slich<\/span><\/td>\n<td><span style=\"font-weight: 400;\">Nein<\/span><\/td>\n<\/tr>\n<tr>\n<td><span style=\"font-weight: 400;\"> Verf\u00fcgbarer Durchmesser<\/span><\/td>\n<td><span style=\"font-weight: 400;\">1,75mm<\/span><\/td>\n<\/tr>\n<tr>\n<td><span style=\"font-weight: 400;\"> Hersteller<\/span><\/td>\n<td><span style=\"font-weight: 400;\">AzureFilm<\/span><\/td>\n<\/tr>\n<\/thead>\n<\/table>\n<p><span style=\"font-weight: 400;\">Um mehr \u00fcber PLA Filamente zu erfahren, lesen Sie unseren <a href=\"https:\/\/azurefilm.com\/de\/2023\/07\/04\/pla-filamente-alles-was-sie-wissen-muessen\/\" target=\"_blank\" rel=\"noopener\"><strong>Blog<\/strong><\/a>. <\/span><\/p>\n<p><span style=\"font-weight: 400;\">Sie k\u00f6nnen das <\/span><b>Technische Datenblatt<\/b> <span style=\"font-weight: 400;\"><a href=\"https:\/\/azurefilm.com\/de\/technical-data-sheets\/\" target=\"_blank\" rel=\"noopener\"><strong> hier<\/strong><\/a>.<\/span><\/p>\n","protected":false},"excerpt":{"rendered":"<p><span style=\"font-weight: 400;\">Kaufen Sie Refill PLA Silk Rainbow Amber f\u00fcr eine seidige Oberfl\u00e4che und einen sch\u00f6nen \u00dcbergang zwischen verschiedenen Farben<\/span><span style=\"font-weight: 400;\">.<\/span><\/p>\n","protected":false},"featured_media":44844,"comment_status":"closed","ping_status":"closed","template":"","meta":{"_acf_changed":false},"product_brand":[],"product_cat":[2158,1669,1672,2026,1670,1837,2155],"product_tag":[1839],"brand":[267],"class_list":{"0":"post-54318","1":"product","2":"type-product","3":"status-publish","4":"has-post-thumbnail","6":"product_cat-refill-pla-silk-rainbow-de","7":"product_cat-3d-filamente","8":"product_cat-alle-filamente","9":"product_cat-pla-silk-rainbow-de","10":"product_cat-pla-filamente","11":"product_cat-refill-filamente","12":"product_cat-refill-pla-silk-de","13":"product_tag-oko","14":"pa_colour-gold","15":"pa_colour-multicolour","16":"pa_colour-red","17":"pa_filament-diameter-1-75mm","18":"pa_filament-weight-1000g","19":"brand-azurefilm","21":"first","22":"instock","23":"taxable","24":"shipping-taxable","25":"purchasable","26":"product-type-variable"},"acf":[],"_links":{"self":[{"href":"https:\/\/azurefilm.com\/de\/wp-json\/wp\/v2\/product\/54318","targetHints":{"allow":["GET"]}}],"collection":[{"href":"https:\/\/azurefilm.com\/de\/wp-json\/wp\/v2\/product"}],"about":[{"href":"https:\/\/azurefilm.com\/de\/wp-json\/wp\/v2\/types\/product"}],"replies":[{"embeddable":true,"href":"https:\/\/azurefilm.com\/de\/wp-json\/wp\/v2\/comments?post=54318"}],"wp:featuredmedia":[{"embeddable":true,"href":"https:\/\/azurefilm.com\/de\/wp-json\/wp\/v2\/media\/44844"}],"wp:attachment":[{"href":"https:\/\/azurefilm.com\/de\/wp-json\/wp\/v2\/media?parent=54318"}],"wp:term":[{"taxonomy":"product_brand","embeddable":true,"href":"https:\/\/azurefilm.com\/de\/wp-json\/wp\/v2\/product_brand?post=54318"},{"taxonomy":"product_cat","embeddable":true,"href":"https:\/\/azurefilm.com\/de\/wp-json\/wp\/v2\/product_cat?post=54318"},{"taxonomy":"product_tag","embeddable":true,"href":"https:\/\/azurefilm.com\/de\/wp-json\/wp\/v2\/product_tag?post=54318"},{"taxonomy":"brand","embeddable":true,"href":"https:\/\/azurefilm.com\/de\/wp-json\/wp\/v2\/brand?post=54318"}],"curies":[{"name":"wp","href":"https:\/\/api.w.org\/{rel}","templated":true}]}}