
{"id":54328,"date":"2024-09-26T10:15:07","date_gmt":"2024-09-26T10:15:07","guid":{"rendered":"https:\/\/azurefilm.com\/product\/refill-pctg-grey\/"},"modified":"2026-03-14T16:23:24","modified_gmt":"2026-03-14T16:23:24","slug":"refill-pctg-grey","status":"publish","type":"product","link":"https:\/\/azurefilm.com\/de\/produkt\/refill-pctg-grey\/","title":{"rendered":"Refill PCTG Grau"},"content":{"rendered":"<h2><b>Refill PCTG<\/b><\/h2>\n<p><span style=\"font-weight: 400;\">Refill PCTG Filamente bieten die gleichen Eigenschaften wie unser PCTG. Sie sind <\/span><b>langlebig, robust und geruchslos<\/b><span style=\"font-weight: 400;\">. Refill PCTG is an excellent filament that combines strength and flexibility. It has extremely minimal shrinkage and warping. It is ideal for printing large products, and mechanical products in robotics. <\/span><\/p>\n<p><span style=\"font-weight: 400;\">PCTG Filament ist unser <\/span><b>verbessertes PETG Original Filament<\/b><span style=\"font-weight: 400;\"> entwickelt, um h\u00f6heren Temperaturen standzuhalten. Folglich h\u00e4lt dieses Material <\/span><b>5\u201310\u00b0C h\u00f6here Temperaturen aus <\/b><span style=\"font-weight: 400;\">und hat eine erh\u00f6hte Haltbarkeit im Vergleich zu PETG Original. PCTG ist immer noch ein sehr <\/span><b>einfach zu verarbeitendes<\/b><span style=\"font-weight: 400;\"> Material und <\/span><b>geeignet f\u00fcr Anf\u00e4nger<\/b><span style=\"font-weight: 400;\">.<\/span><\/p>\n\n\t<section class=\"section pb-0\" id=\"section_499627138\">\n\t\t<div class=\"section-bg fill\" >\n\t\t\t\t\t\t\t\t\t<div class=\"section-bg-overlay absolute fill\"><\/div>\n\t\t\t\n\n\t\t<\/div>\n\n\t\t\n\n\t\t<div class=\"section-content relative\">\n\t\t\t\n<div class=\"row row-large align-middle pb-0\"  id=\"row-18086207\">\n\n\t<div id=\"col-1288555755\" class=\"col medium-6 small-12 large-6\"  >\n\t\t\t\t<div class=\"col-inner text-left\"  >\n\t\t\t\n\t\t\t\n<h3><strong>Was ist neu?<\/strong><\/h3>\n<ul>\n<li><span style=\"font-weight: 400;\">Wir haben die Plastik-Kabelbinder entfernt und durch eine bessere Option ersetzt, um das Auspacken zu erleichtern.<\/span><\/li>\n<li><span style=\"font-weight: 400;\">Das Filamentende ist jetzt komplett gerade. Das verhindert, dass es in der Spule stecken bleibt und Ihren Druck ruiniert, wenn das Filament ausgeht. <\/span><\/li>\n<li><b>Perfekte Kompatibilit\u00e4t mit AzureFilm und Bambu Lab Spulen.<\/b><\/li>\n<\/ul>\n<h3><strong>Druckempfehlungen:<\/strong><\/h3>\n<ul>\n<li style=\"font-weight: 400;\" aria-level=\"1\"><span style=\"font-weight: 400;\">F\u00fcr beste Ergebnisse drucken Sie bei 240\u2013260\u00b0C. <\/span><\/li>\n<li style=\"font-weight: 400;\" aria-level=\"1\"><span style=\"font-weight: 400;\">Empfohlene Druckbett-Temperatur ist 80\u00b0C.<\/span><\/li>\n<li style=\"font-weight: 400;\" aria-level=\"1\"><span style=\"font-weight: 400;\">Verwenden Sie ein Glasbett, eine PEI-Folie, Kapton oder Blaues Klebeband f\u00fcr die Bauplattform mit 3Dlac-Spray.<\/span><\/li>\n<\/ul>\n<p><i><span style=\"font-weight: 400;\">*Die ideale Temperatur kann je nach verwendetem Drucker variieren.<\/span><\/i><\/p>\n\t\t<\/div>\n\t\t\t\t\t<\/div>\n\n\t\n\n\t<div id=\"col-827931096\" class=\"col medium-6 small-12 large-6\"  >\n\t\t\t\t<div class=\"col-inner\"  >\n\t\t\t\n\t\t\t\n<div class=\"video video-fit mb\" style=\"padding-top:56.25%;\"><p><iframe loading=\"lazy\" title=\"Printing with PCTG filaments\" width=\"1020\" height=\"574\" src=\"https:\/\/www.youtube.com\/embed\/SSB2XEpYjoo?feature=oembed\" frameborder=\"0\" allow=\"accelerometer; autoplay; clipboard-write; encrypted-media; gyroscope; picture-in-picture; web-share\" referrerpolicy=\"strict-origin-when-cross-origin\" allowfullscreen><\/iframe><\/p>\n<\/div>\n\t\t<\/div>\n\t\t\t\t\t<\/div>\n\n\t\n<\/div>\n\t\t<\/div>\n\n\t\t\n<style>\n#section_499627138 {\n  padding-top: 30px;\n  padding-bottom: 30px;\n}\n#section_499627138 .section-bg-overlay {\n  background-color: rgba(255, 255, 255, 0.85);\n}\n<\/style>\n\t<\/section>\n\t\n<div class=\"is-divider divider clearfix\" style=\"max-width:100%;height:1px;background-color:rgb(17, 107, 168);\"><\/div>\n<p>Unsere Refill PCTG Filamente sind perfekt kompatibel mit der<a href=\"https:\/\/azurefilm.com\/de\/produkt\/azurefilm-master-spool-11-gratis\/\"><strong> AzureFilm Master Spool<\/strong> <\/a>&#8211; die einzige Spule, die Sie jemals brauchen werden. Durch die Verwendung dieser wiederverwendbaren Spule k\u00f6nnen Sie sich uns anschlie\u00dfen, um Abfall zu reduzieren und die Umweltbelastung zu minimieren AzureFilm Master Spool<span style=\"font-weight: 400;\">\u00a0ist unsere <\/span><b>wiederverwendbare Spule<\/b><span style=\"font-weight: 400;\">, die eine <\/span><b>nachhaltige und kosteng\u00fcnstige <\/b>L\u00f6sung f\u00fcr den 3D-Druck bietet. Die Spule ist eineSatz aus zwei wiederverwendbaren, spritzgegossenen. Dies gew\u00e4hrleistet die hohe Haltbarkeit und Pr\u00e4zision der spool. Durch den Kauf und die Wiederverwendung unserer Master Spool tragen Sie zu einer saubereren Umwelt bei und genie\u00dfen gleichzeitig ein zuverl\u00e4ssiges und benutzerfreundliches Produkt, das mit den meisten 3D-Druckern kompatibel is AzureFilm Master Spool Eigenschaften.<\/p>\n<p>Um mehr \u00fcber PCTG Filamente zu erfahren, lesen Sie unseren <a href=\"https:\/\/azurefilm.com\/de\/2023\/10\/12\/pctg-filamente-alles-was-sie-wissen-muessen\/\" target=\"_blank\" rel=\"noopener\"><strong>Blog<\/strong><\/a>. <span style=\"font-weight: 400;\">Sie k\u00f6nnen das <\/span><b>Technische Datenblatt<\/b> <span style=\"font-weight: 400;\"><a href=\"https:\/\/azurefilm.com\/de\/technical-data-sheets\/\" target=\"_blank\" rel=\"noopener\"><strong> hier<\/strong><\/a><\/span><span style=\"font-weight: 400;\">. By using this reusable spool, you can join us in reducing waste and minimising environmental impact. <\/span><\/p>\n<p><span style=\"font-weight: 400;\">AzureFilm Master Spool ist unsere <\/span><b>wiederverwendbare Spule<\/b><span style=\"font-weight: 400;\">, die eine <\/span><b>nachhaltige und kosteng\u00fcnstige<\/b><span style=\"font-weight: 400;\"> L\u00f6sung f\u00fcr den 3D-Druck bietet. Die Spule ist eine <\/span><b>Satz aus zwei wiederverwendbaren, spritzgegossenen Scheiben<\/b><span style=\"font-weight: 400;\">. This ensures the high durability and precision of the spool. <\/span><\/p>\n<p><span style=\"font-weight: 400;\">Durch den Kauf und die Wiederverwendung unserer Master Spool tragen Sie zu einer saubereren Umwelt bei und genie\u00dfen gleichzeitig ein zuverl\u00e4ssiges und benutzerfreundliches Produkt, das mit den meisten 3D-Druckern kompatibel ist.<\/span><\/p>\n<div style=\"padding: 56.25% 0 0 0; position: relative;\"><iframe style=\"position: absolute; top: 0; left: 0; width: 100%; height: 100%;\" title=\"AzureFilm Master Spool\" src=\"https:\/\/player.vimeo.com\/video\/954356184?badge=0autopause=0player_id=0app_id=58479\" frameborder=\"0\"><\/iframe><\/div>\n<p><script src=\"https:\/\/player.vimeo.com\/api\/player.js\"><\/script><\/p>\n<div class=\"is-divider divider clearfix\" style=\"max-width:100%;height:1px;background-color:rgb(17, 107, 168);\"><\/div>\n<h2><b>Eigenschaften Eigenschaften<\/b><\/h2>\n<table>\n<thead>\n<tr>\n<th>Feature<\/th>\n<th>Value<\/th>\n<\/tr>\n<tr>\n<td><span style=\"font-weight: 400;\"> Flexibilit\u00e4t<\/span><\/td>\n<td><span style=\"font-weight: 400;\">Mittel<\/span><\/td>\n<\/tr>\n<tr>\n<td><span style=\"font-weight: 400;\"> St\u00e4rke<\/span><\/td>\n<td><span style=\"font-weight: 400;\">Hoch<\/span><\/td>\n<\/tr>\n<tr>\n<td><span style=\"font-weight: 400;\"> Haltbarkeit<\/span><\/td>\n<td><span style=\"font-weight: 400;\">Hoch<\/span><\/td>\n<\/tr>\n<tr>\n<td><span style=\"font-weight: 400;\"> Schwierigkeit zu verwenden<\/span><\/td>\n<td><span style=\"font-weight: 400;\">Niedrig<\/span><\/td>\n<\/tr>\n<tr>\n<td><span style=\"font-weight: 400;\"> Schrumpfung \/ Verzug<\/span><\/td>\n<td><span style=\"font-weight: 400;\">Minimal<\/span><\/td>\n<\/tr>\n<tr>\n<td><span style=\"font-weight: 400;\"> L\u00f6slich<\/span><\/td>\n<td><span style=\"font-weight: 400;\">Nein<\/span><\/td>\n<\/tr>\n<tr>\n<td><span style=\"font-weight: 400;\"> Verf\u00fcgbarer Durchmesser<\/span><\/td>\n<td><span style=\"font-weight: 400;\">1,75mm<\/span><\/td>\n<\/tr>\n<tr>\n<td><span style=\"font-weight: 400;\"> Hersteller<\/span><\/td>\n<td><span style=\"font-weight: 400;\">AzureFilm<\/span><\/td>\n<\/tr>\n<\/thead>\n<\/table>\n<p><span style=\"font-weight: 400;\">Um mehr \u00fcber PCTG Filamente zu erfahren, lesen Sie unseren <a href=\"https:\/\/azurefilm.com\/de\/2023\/10\/12\/pctg-filamente-alles-was-sie-wissen-muessen\/\" target=\"_blank\" rel=\"noopener\"><strong>Blog<\/strong><\/a>. <\/span><\/p>\n<p><span style=\"font-weight: 400;\">Sie k\u00f6nnen das <\/span><b>Technische Datenblatt<\/b> <span style=\"font-weight: 400;\"><a href=\"https:\/\/azurefilm.com\/de\/technical-data-sheets\/\" target=\"_blank\" rel=\"noopener\"><strong> hier<\/strong><\/a>.<\/span><\/p>\n","protected":false},"excerpt":{"rendered":"<p><span style=\"font-weight: 400;\">Kaufen Sie Refill PCTG Grey f\u00fcr langlebige, robuste und geruchslose 3D-Drucke.<\/span><\/p>\n","protected":false},"featured_media":113102,"comment_status":"closed","ping_status":"closed","template":"","meta":{"_acf_changed":false},"product_brand":[],"product_cat":[2159,1669,1672,1876,1837],"product_tag":[1839],"brand":[],"class_list":{"0":"post-54328","1":"product","2":"type-product","3":"status-publish","4":"has-post-thumbnail","6":"product_cat-refill-pctg-de","7":"product_cat-3d-filamente","8":"product_cat-alle-filamente","9":"product_cat-pctg-filamente","10":"product_cat-refill-filamente","11":"product_tag-oko","12":"pa_colour-gray","13":"pa_filament-diameter-1-75mm","14":"pa_filament-weight-1000g","16":"first","17":"instock","18":"taxable","19":"shipping-taxable","20":"purchasable","21":"product-type-variable"},"acf":[],"_links":{"self":[{"href":"https:\/\/azurefilm.com\/de\/wp-json\/wp\/v2\/product\/54328","targetHints":{"allow":["GET"]}}],"collection":[{"href":"https:\/\/azurefilm.com\/de\/wp-json\/wp\/v2\/product"}],"about":[{"href":"https:\/\/azurefilm.com\/de\/wp-json\/wp\/v2\/types\/product"}],"replies":[{"embeddable":true,"href":"https:\/\/azurefilm.com\/de\/wp-json\/wp\/v2\/comments?post=54328"}],"wp:featuredmedia":[{"embeddable":true,"href":"https:\/\/azurefilm.com\/de\/wp-json\/wp\/v2\/media\/113102"}],"wp:attachment":[{"href":"https:\/\/azurefilm.com\/de\/wp-json\/wp\/v2\/media?parent=54328"}],"wp:term":[{"taxonomy":"product_brand","embeddable":true,"href":"https:\/\/azurefilm.com\/de\/wp-json\/wp\/v2\/product_brand?post=54328"},{"taxonomy":"product_cat","embeddable":true,"href":"https:\/\/azurefilm.com\/de\/wp-json\/wp\/v2\/product_cat?post=54328"},{"taxonomy":"product_tag","embeddable":true,"href":"https:\/\/azurefilm.com\/de\/wp-json\/wp\/v2\/product_tag?post=54328"},{"taxonomy":"brand","embeddable":true,"href":"https:\/\/azurefilm.com\/de\/wp-json\/wp\/v2\/brand?post=54328"}],"curies":[{"name":"wp","href":"https:\/\/api.w.org\/{rel}","templated":true}]}}