
{"id":54329,"date":"2024-09-27T10:16:39","date_gmt":"2024-09-27T10:16:39","guid":{"rendered":"https:\/\/azurefilm.com\/product\/pla-original-filament-cyan\/"},"modified":"2025-10-22T09:30:41","modified_gmt":"2025-10-22T09:30:41","slug":"pla-original-filament-cyan","status":"publish","type":"product","link":"https:\/\/azurefilm.com\/de\/produkt\/pla-original-filament-cyan\/","title":{"rendered":"PLA Original Filament Cyan"},"content":{"rendered":"<h2><b>PLA Original <\/b><\/h2>\n<p><span style=\"font-weight: 400;\">Einf\u00fchrung von PLA Original, unserer<\/span> <span style=\"font-weight: 400;\">Filamentlinie, die<\/span><b>zuverl\u00e4ssige Leistung<\/b><span style=\"font-weight: 400;\"> und eine<\/span><b>gro\u00dfe Farbpalette<\/b><span style=\"font-weight: 400;\"> Optionen. Diese Edition bietet alle traditionellen PLA-Eigenschaften und liefert <\/span><b>konsistente und zuverl\u00e4ssige Ergebnisse<\/b><span style=\"font-weight: 400;\">. PLA Original is <\/span><b>einfach zu drucken<\/b><span style=\"font-weight: 400;\"> und ist ideal f\u00fcr Anf\u00e4nger. Ob Sie an Dekorationen, Prototypen oder anderen Modellen arbeiten, PLA Original ist Ihre erste Wahl f\u00fcr ein erfolgreiches und zufriedenstellendes Druckerlebnis. <\/span><\/p>\n<p><span style=\"font-weight: 400;\">Um mehr \u00fcber PLA Filamente zu erfahren, lesen Sie unseren <strong><a href=\"https:\/\/azurefilm.com\/de\/2023\/07\/04\/pla-filamente-alles-was-sie-wissen-muessen\/\" target=\"_blank\" rel=\"noopener\">Blog<\/a>.<\/strong> <\/span><\/p>\n<p><span style=\"font-weight: 400;\">Sie k\u00f6nnen das <\/span><b>Technische Datenblatt <\/b><strong><a href=\"https:\/\/azurefilm.com\/de\/technical-data-sheets\/\" target=\"_blank\" rel=\"noopener\">hier<\/a>.<\/strong><\/p>\n<h3><strong>PLA Original Filament Cyan<\/strong><\/h3>\n<p>Beginnen Sie mit der Erstellung von charmanten Designs mit unserem PLA Original Filament Cyan.<\/p>\n<h3><strong>Druckempfehlungen:<\/strong><\/h3>\n<ul>\n<li style=\"font-weight: 400;\" aria-level=\"1\"><span style=\"font-weight: 400;\">Drucken Sie bei einer Temperatur von 200\u2013230\u00b0C f\u00fcr beste Ergebnisse.* <\/span><\/li>\n<li style=\"font-weight: 400;\" aria-level=\"1\"><span style=\"font-weight: 400;\">Sie ben\u00f6tigen keine beheizte Druckplatte, wir empfehlen jedoch, Ihre Druckplatte auf 50\u201360\u00b0C vorzuheizen.<\/span><\/li>\n<li style=\"font-weight: 400;\" aria-level=\"1\"><span style=\"font-weight: 400;\">Verwenden Sie ein Glasbett, eine PEI-Folie, Kapton oder Blaues Klebeband f\u00fcr die Bauplattform mit 3Dlac-Spray.<\/span><\/li>\n<\/ul>\n<p><i><span style=\"font-weight: 400;\">*Die ideale Temperatur kann je nach verwendetem Drucker variieren.<\/span><\/i><\/p>\n","protected":false},"excerpt":{"rendered":"<p><span style=\"font-weight: 400;\">F\u00fcllen Sie Ihren 3D-Drucker mit dem endlosen Potenzial des PLA Original Filament Cyan.<\/span><\/p>\n<p><span style=\"font-weight: 400;\">Probieren Sie es in Kombination mit anderen <\/span><b>PLA CMYK Farben, perfekt f\u00fcr Lithopane<\/b><span style=\"font-weight: 400;\">.<\/span><\/p>\n","protected":false},"featured_media":114126,"comment_status":"closed","ping_status":"closed","template":"","meta":{"_acf_changed":false},"product_brand":[],"product_cat":[1847,1669,1672,1956,1670],"product_tag":[],"brand":[],"class_list":{"0":"post-54329","1":"product","2":"type-product","3":"status-publish","4":"has-post-thumbnail","6":"product_cat-pla-original-de","7":"product_cat-3d-filamente","8":"product_cat-alle-filamente","9":"product_cat-pla-cmyk-de","10":"product_cat-pla-filamente","11":"pa_colour-blue","12":"pa_filament-diameter-1-75mm","13":"pa_filament-weight-1000g","15":"first","16":"outofstock","17":"taxable","18":"shipping-taxable","19":"purchasable","20":"product-type-variable","21":"has-default-attributes"},"acf":[],"_links":{"self":[{"href":"https:\/\/azurefilm.com\/de\/wp-json\/wp\/v2\/product\/54329","targetHints":{"allow":["GET"]}}],"collection":[{"href":"https:\/\/azurefilm.com\/de\/wp-json\/wp\/v2\/product"}],"about":[{"href":"https:\/\/azurefilm.com\/de\/wp-json\/wp\/v2\/types\/product"}],"replies":[{"embeddable":true,"href":"https:\/\/azurefilm.com\/de\/wp-json\/wp\/v2\/comments?post=54329"}],"wp:featuredmedia":[{"embeddable":true,"href":"https:\/\/azurefilm.com\/de\/wp-json\/wp\/v2\/media\/114126"}],"wp:attachment":[{"href":"https:\/\/azurefilm.com\/de\/wp-json\/wp\/v2\/media?parent=54329"}],"wp:term":[{"taxonomy":"product_brand","embeddable":true,"href":"https:\/\/azurefilm.com\/de\/wp-json\/wp\/v2\/product_brand?post=54329"},{"taxonomy":"product_cat","embeddable":true,"href":"https:\/\/azurefilm.com\/de\/wp-json\/wp\/v2\/product_cat?post=54329"},{"taxonomy":"product_tag","embeddable":true,"href":"https:\/\/azurefilm.com\/de\/wp-json\/wp\/v2\/product_tag?post=54329"},{"taxonomy":"brand","embeddable":true,"href":"https:\/\/azurefilm.com\/de\/wp-json\/wp\/v2\/brand?post=54329"}],"curies":[{"name":"wp","href":"https:\/\/api.w.org\/{rel}","templated":true}]}}