
{"id":54345,"date":"2024-10-02T07:52:52","date_gmt":"2024-10-02T07:52:52","guid":{"rendered":"https:\/\/azurefilm.com\/product\/refill-pla-cmyk-lithophane-4-pack\/"},"modified":"2025-12-14T12:28:27","modified_gmt":"2025-12-14T12:28:27","slug":"refill-pla-cmyk-lithophane-4-pack","status":"publish","type":"product","link":"https:\/\/azurefilm.com\/de\/produkt\/refill-pla-cmyk-lithophane-4-pack\/","title":{"rendered":"Refill PLA CMYK Lithophan 4-pack"},"content":{"rendered":"<h2><b>Was sind PLA CMYK Filamente?<\/b><\/h2>\n<p><span style=\"font-weight: 400;\">PLA CMYK Filamente sind spezialisierte 3D-Druckfilamente, die entwickelt wurden, um die vier Grundfarben des traditionellen Drucks darzustellen: <\/span><b>Cyan (C)<\/b><span style=\"font-weight: 400;\">, <\/span><b>Magenta (M)<\/b><span style=\"font-weight: 400;\">, <\/span><b>Gelb (Y)<\/b><span style=\"font-weight: 400;\">, und <\/span><b>Schl\u00fcsselfarbe (K)<\/b><span style=\"font-weight: 400;\">. The &#8220;key&#8221; color is used for depth, detail, and shadows &#8211; <\/span><b>Wei\u00df<\/b><span style=\"font-weight: 400;\"> wird bevorzugt, da es eine bessere Lichtdurchl\u00e4ssigkeit bei hinterleuchteten Projekten erm\u00f6glicht. Diese Filamente werden typischerweise \u00e4hnlich wie der CMYK-Druck im zweidimensionalen Tintendruck verwendet, um farbenfrohe und lebendige 3D-Drucke zu erstellen. <\/span><\/p>\n<p><img loading=\"lazy\" decoding=\"async\" class=\"aligncenter wp-image-45945 size-full\" src=\"https:\/\/azurefilm.com\/wp-content\/uploads\/2024\/10\/Combined-CMYK-Photos-1.jpg\" alt=\"\" width=\"2400\" height=\"1200\" title=\"\" srcset=\"https:\/\/azurefilm.com\/wp-content\/uploads\/2024\/10\/Combined-CMYK-Photos-1.jpg 2400w, https:\/\/azurefilm.com\/wp-content\/uploads\/2024\/10\/Combined-CMYK-Photos-1-510x255.jpg 510w, https:\/\/azurefilm.com\/wp-content\/uploads\/2024\/10\/Combined-CMYK-Photos-1-300x150.jpg 300w, https:\/\/azurefilm.com\/wp-content\/uploads\/2024\/10\/Combined-CMYK-Photos-1-1024x512.jpg 1024w, https:\/\/azurefilm.com\/wp-content\/uploads\/2024\/10\/Combined-CMYK-Photos-1-768x384.jpg 768w, https:\/\/azurefilm.com\/wp-content\/uploads\/2024\/10\/Combined-CMYK-Photos-1-1536x768.jpg 1536w, https:\/\/azurefilm.com\/wp-content\/uploads\/2024\/10\/Combined-CMYK-Photos-1-2048x1024.jpg 2048w\" sizes=\"auto, (max-width: 2400px) 100vw, 2400px\" \/><\/p>\n<h2><b>Was sind Lithopanen?<\/b><\/h2>\n<p><span style=\"font-weight: 400;\">Lithopanen sind <\/span><b>3D-gedruckte Bilder<\/b><span style=\"font-weight: 400;\"> die detaillierte Bilder enth\u00fcllen, wenn sie hinterleuchtet werden. Die subtile Variation in der Filamentdicke erm\u00f6glicht es <\/span><b>Licht unterschiedlich durchzulassen<\/b><span style=\"font-weight: 400;\">, wodurch ein Graustufenbild oder sogar ein Vollfarbbild entsteht, wenn es mit den richtigen Filamenten gedruckt wird.<\/span><\/p>\n\n\t<section class=\"section\" id=\"section_942760480\">\n\t\t<div class=\"section-bg fill\" >\n\t\t\t\t\t\t\t\t\t<div class=\"section-bg-overlay absolute fill\"><\/div>\n\t\t\t\n\n\t\t<\/div>\n\n\t\t\n\n\t\t<div class=\"section-content relative\">\n\t\t\t\n<h3><b>PLA CMYK Filamente sind gro\u00dfartig f\u00fcr Lithopanen, weil:<\/b><\/h3>\n<div class=\"row row-large align-middle\"  id=\"row-2079194885\">\n\n\t<div id=\"col-1156185222\" class=\"col medium-8 small-12 large-8\"  >\n\t\t\t\t<div class=\"col-inner text-left\"  >\n\t\t\t\n\t\t\t\n<h4><b>Farbkontrolle<\/b><\/h4>\n<p><span style=\"font-weight: 400;\">Durch das Drucken in verschiedenen Kombinationen von CMYK-Filamenten k\u00f6nnen Sie pr\u00e4zise Schattierungen und Tonaleffekte erzielen, die Lithopanen ein reichhaltigeres und dynamischeres Aussehen verleihen, wenn sie beleuchtet werden.<\/span><\/p>\n\t\t<\/div>\n\t\t\t\t\t<\/div>\n\n\t\n\n\t<div id=\"col-358018430\" class=\"col medium-4 small-12 large-4\"  >\n\t\t\t\t<div class=\"col-inner\"  >\n\t\t\t\n\t\t\t\n\t<div class=\"img has-hover x md-x lg-x y md-y lg-y\" id=\"image_13722637\">\n\t\t\t\t\t\t\t\t<div class=\"img-inner dark\" >\n\t\t\t<img loading=\"lazy\" decoding=\"async\" width=\"1020\" height=\"611\" src=\"https:\/\/azurefilm.com\/wp-content\/uploads\/2024\/10\/color-1024x613.jpg\" class=\"attachment-large size-large\" alt=\"\" srcset=\"https:\/\/azurefilm.com\/wp-content\/uploads\/2024\/10\/color-1024x613.jpg 1024w, https:\/\/azurefilm.com\/wp-content\/uploads\/2024\/10\/color-510x305.jpg 510w, https:\/\/azurefilm.com\/wp-content\/uploads\/2024\/10\/color-300x180.jpg 300w, https:\/\/azurefilm.com\/wp-content\/uploads\/2024\/10\/color-768x460.jpg 768w, https:\/\/azurefilm.com\/wp-content\/uploads\/2024\/10\/color-1536x919.jpg 1536w, https:\/\/azurefilm.com\/wp-content\/uploads\/2024\/10\/color.jpg 2005w\" sizes=\"auto, (max-width: 1020px) 100vw, 1020px\" title=\"\">\t\t\t\t\t\t\n\t\t\t\t\t<\/div>\n\t\t\t\t\t\t\t\t\n<style>\n#image_13722637 {\n  width: 100%;\n}\n<\/style>\n\t<\/div>\n\t\n\t\t<\/div>\n\t\t\t\t\t<\/div>\n\n\t\n<\/div>\n\t\t<\/div>\n\n\t\t\n<style>\n#section_942760480 {\n  padding-top: 30px;\n  padding-bottom: 30px;\n  background-color: rgb(193, 193, 193);\n}\n#section_942760480 .section-bg-overlay {\n  background-color: rgba(255, 255, 255, 0.85);\n}\n<\/style>\n\t<\/section>\n\t\n\n\t<section class=\"section\" id=\"section_172479984\">\n\t\t<div class=\"section-bg fill\" >\n\t\t\t\t\t\t\t\t\t<div class=\"section-bg-overlay absolute fill\"><\/div>\n\t\t\t\n\n\t\t<\/div>\n\n\t\t\n\n\t\t<div class=\"section-content relative\">\n\t\t\t\n<div class=\"row row-large align-middle\"  id=\"row-1603440566\">\n\n\t<div id=\"col-499670919\" class=\"col medium-8 small-12 large-8\"  >\n\t\t\t\t<div class=\"col-inner text-left\"  >\n\t\t\t\n\t\t\t\n<h4><b>Durchscheinend<\/b><\/h4>\n<p><span style=\"font-weight: 400;\">PLA, insbesondere in d\u00fcnneren Schichten, kann etwas durchscheinend sein, was f\u00fcr Lithopanen entscheidend ist, da sie auf Lichtdurchl\u00e4ssigkeit angewiesen sind, um Details zu enth\u00fcllen.<\/span><\/p>\n\t\t<\/div>\n\t\t\t\t\t<\/div>\n\n\t\n\n\t<div id=\"col-306048711\" class=\"col medium-4 small-12 large-4\"  >\n\t\t\t\t<div class=\"col-inner\"  >\n\t\t\t\n\t\t\t\n\t<div class=\"img has-hover x md-x lg-x y md-y lg-y\" id=\"image_1286364051\">\n\t\t\t\t\t\t\t\t<div class=\"img-inner dark\" >\n\t\t\t<img loading=\"lazy\" decoding=\"async\" width=\"1020\" height=\"611\" src=\"https:\/\/azurefilm.com\/wp-content\/uploads\/2024\/10\/translucent-1-1024x613.jpg\" class=\"attachment-large size-large\" alt=\"\" srcset=\"https:\/\/azurefilm.com\/wp-content\/uploads\/2024\/10\/translucent-1-1024x613.jpg 1024w, https:\/\/azurefilm.com\/wp-content\/uploads\/2024\/10\/translucent-1-510x305.jpg 510w, https:\/\/azurefilm.com\/wp-content\/uploads\/2024\/10\/translucent-1-300x180.jpg 300w, https:\/\/azurefilm.com\/wp-content\/uploads\/2024\/10\/translucent-1-768x460.jpg 768w, https:\/\/azurefilm.com\/wp-content\/uploads\/2024\/10\/translucent-1-1536x919.jpg 1536w, https:\/\/azurefilm.com\/wp-content\/uploads\/2024\/10\/translucent-1.jpg 2005w\" sizes=\"auto, (max-width: 1020px) 100vw, 1020px\" title=\"\">\t\t\t\t\t\t\n\t\t\t\t\t<\/div>\n\t\t\t\t\t\t\t\t\n<style>\n#image_1286364051 {\n  width: 100%;\n}\n<\/style>\n\t<\/div>\n\t\n\t\t<\/div>\n\t\t\t\t\t<\/div>\n\n\t\n<\/div>\n\t\t<\/div>\n\n\t\t\n<style>\n#section_172479984 {\n  padding-top: 30px;\n  padding-bottom: 30px;\n  background-color: rgb(193, 193, 193);\n}\n#section_172479984 .section-bg-overlay {\n  background-color: rgba(255, 255, 255, 0.85);\n}\n<\/style>\n\t<\/section>\n\t\n\n\t<section class=\"section\" id=\"section_1900457313\">\n\t\t<div class=\"section-bg fill\" >\n\t\t\t\t\t\t\t\t\t<div class=\"section-bg-overlay absolute fill\"><\/div>\n\t\t\t\n\n\t\t<\/div>\n\n\t\t\n\n\t\t<div class=\"section-content relative\">\n\t\t\t\n<div class=\"row row-large align-middle\"  id=\"row-912229840\">\n\n\t<div id=\"col-492623312\" class=\"col medium-8 small-12 large-8\"  >\n\t\t\t\t<div class=\"col-inner text-left\"  >\n\t\t\t\n\t\t\t\n<h4><b>Glattes Finish<\/b><\/h4>\n<p><span style=\"font-weight: 400;\"> PLA-Filamente neigen dazu, saubere, glatte Drucke zu erzeugen, was f\u00fcr Lithopanen entscheidend ist, da feine Details f\u00fcr ihre Klarheit wichtig sind.<\/span><\/p>\n\t\t<\/div>\n\t\t\t\t\t<\/div>\n\n\t\n\n\t<div id=\"col-1901608412\" class=\"col medium-4 small-12 large-4\"  >\n\t\t\t\t<div class=\"col-inner\"  >\n\t\t\t\n\t\t\t\n\t<div class=\"img has-hover x md-x lg-x y md-y lg-y\" id=\"image_290056459\">\n\t\t\t\t\t\t\t\t<div class=\"img-inner dark\" >\n\t\t\t<img loading=\"lazy\" decoding=\"async\" width=\"1020\" height=\"611\" src=\"https:\/\/azurefilm.com\/wp-content\/uploads\/2024\/10\/smooth-finish-1-1024x613.jpg\" class=\"attachment-large size-large\" alt=\"\" srcset=\"https:\/\/azurefilm.com\/wp-content\/uploads\/2024\/10\/smooth-finish-1-1024x613.jpg 1024w, https:\/\/azurefilm.com\/wp-content\/uploads\/2024\/10\/smooth-finish-1-510x305.jpg 510w, https:\/\/azurefilm.com\/wp-content\/uploads\/2024\/10\/smooth-finish-1-300x180.jpg 300w, https:\/\/azurefilm.com\/wp-content\/uploads\/2024\/10\/smooth-finish-1-768x460.jpg 768w, https:\/\/azurefilm.com\/wp-content\/uploads\/2024\/10\/smooth-finish-1-1536x919.jpg 1536w, https:\/\/azurefilm.com\/wp-content\/uploads\/2024\/10\/smooth-finish-1.jpg 2005w\" sizes=\"auto, (max-width: 1020px) 100vw, 1020px\" title=\"\">\t\t\t\t\t\t\n\t\t\t\t\t<\/div>\n\t\t\t\t\t\t\t\t\n<style>\n#image_290056459 {\n  width: 100%;\n}\n<\/style>\n\t<\/div>\n\t\n\t\t<\/div>\n\t\t\t\t\t<\/div>\n\n\t\n<\/div>\n\t\t<\/div>\n\n\t\t\n<style>\n#section_1900457313 {\n  padding-top: 30px;\n  padding-bottom: 30px;\n  background-color: rgb(193, 193, 193);\n}\n#section_1900457313 .section-bg-overlay {\n  background-color: rgba(255, 255, 255, 0.85);\n}\n<\/style>\n\t<\/section>\n\t\n\t<div id=\"gap-1597863763\" class=\"gap-element clearfix\" style=\"display:block; height:auto;\">\n\t\t\n<style>\n#gap-1597863763 {\n  padding-top: 30px;\n}\n<\/style>\n\t<\/div>\n\t\n<p><span style=\"font-weight: 400;\">Zusammenfassend erm\u00f6glichen PLA CMYK Filamente Lithopanen eine verbesserte Detailgenauigkeit und m\u00f6glicherweise sogar Farbe, wenn sie hinterleuchtet werden, was sie zu einer gro\u00dfartigen Wahl f\u00fcr diese Anwendung macht.<\/span><\/p>\n<h2><b>Unser Refill PLA CMYK Lithophane 4-pack<\/b><\/h2>\n<p><span style=\"font-weight: 400;\">In unserem Refill PLA CMYK Lithophane 4er-Pack erhalten Sie 1 kg Refill PLA Original Filament Cyan, 1 kg Refill PLA Original Filament Magenta, 1 kg Refill PLA Original Filament Yellow und 1 kg Refill PLA Lumos Filament Litho White. Kaufen Sie zusammen und sparen Sie. <\/span><\/p>\n","protected":false},"excerpt":{"rendered":"<p>Shop Nachf\u00fcll PLA CMYK Lithophane 4er-Pack: 1kg Refill PLA Original Filament <b>Cyan<\/b>, 1kg Refill PLA Original Filament <b>Magenta<\/b>, 1kg Refill PLA Original Filament<b> Yellow<\/b>, und 1kg Refill PLA Lumos Filament <b>Litho White<\/b>. Die perfekte Kombi f\u00fcr jeden Lithopane!<\/p>\n","protected":false},"featured_media":46044,"comment_status":"closed","ping_status":"closed","template":"","meta":{"_acf_changed":false},"product_brand":[],"product_cat":[1669,1672,1956,2021,1847,1670,1837,2064,2035],"product_tag":[],"brand":[],"class_list":{"0":"post-54345","1":"product","2":"type-product","3":"status-publish","4":"has-post-thumbnail","6":"product_cat-3d-filamente","7":"product_cat-alle-filamente","8":"product_cat-pla-cmyk-de","9":"product_cat-pla-lumos-de","10":"product_cat-pla-original-de","11":"product_cat-pla-filamente","12":"product_cat-refill-filamente","13":"product_cat-refill-pla-original-de-refill-filamente","14":"product_cat-vorteilspacks","15":"pa_colour-blue","16":"pa_colour-pink","17":"pa_colour-white","18":"pa_colour-yellow","19":"pa_filament-diameter-1-75mm","20":"pa_filament-weight-1000g","22":"first","23":"outofstock","24":"taxable","25":"shipping-taxable","26":"purchasable","27":"product-type-simple"},"acf":[],"_links":{"self":[{"href":"https:\/\/azurefilm.com\/de\/wp-json\/wp\/v2\/product\/54345","targetHints":{"allow":["GET"]}}],"collection":[{"href":"https:\/\/azurefilm.com\/de\/wp-json\/wp\/v2\/product"}],"about":[{"href":"https:\/\/azurefilm.com\/de\/wp-json\/wp\/v2\/types\/product"}],"replies":[{"embeddable":true,"href":"https:\/\/azurefilm.com\/de\/wp-json\/wp\/v2\/comments?post=54345"}],"wp:featuredmedia":[{"embeddable":true,"href":"https:\/\/azurefilm.com\/de\/wp-json\/wp\/v2\/media\/46044"}],"wp:attachment":[{"href":"https:\/\/azurefilm.com\/de\/wp-json\/wp\/v2\/media?parent=54345"}],"wp:term":[{"taxonomy":"product_brand","embeddable":true,"href":"https:\/\/azurefilm.com\/de\/wp-json\/wp\/v2\/product_brand?post=54345"},{"taxonomy":"product_cat","embeddable":true,"href":"https:\/\/azurefilm.com\/de\/wp-json\/wp\/v2\/product_cat?post=54345"},{"taxonomy":"product_tag","embeddable":true,"href":"https:\/\/azurefilm.com\/de\/wp-json\/wp\/v2\/product_tag?post=54345"},{"taxonomy":"brand","embeddable":true,"href":"https:\/\/azurefilm.com\/de\/wp-json\/wp\/v2\/brand?post=54345"}],"curies":[{"name":"wp","href":"https:\/\/api.w.org\/{rel}","templated":true}]}}