
{"id":54347,"date":"2024-10-14T11:31:18","date_gmt":"2024-10-14T11:31:18","guid":{"rendered":"https:\/\/azurefilm.com\/product\/power-supply-fuer-neptune-4-pro\/"},"modified":"2024-10-14T11:31:18","modified_gmt":"2024-10-14T11:31:18","slug":"power-supply-fuer-neptune-4-pro","status":"publish","type":"product","link":"https:\/\/azurefilm.com\/de\/produkt\/power-supply-fuer-neptune-4-pro\/","title":{"rendered":"Power Supply f\u00fcr Neptune 4 Pro"},"content":{"rendered":"<p><span style=\"font-weight: 400;\">Das Power Supply f\u00fcr Neptune 4 Pro bietet zuverl\u00e4ssige und konsistente Stromversorgung f\u00fcr Ihren 3D-Drucker, um einen stabilen Betrieb und eine effiziente Leistung f\u00fcr qualitativ hochwertiges, unterbrechungsfreies Drucken zu gew\u00e4hrleisten.<\/span><\/p>\n","protected":false},"excerpt":{"rendered":"<p><span style=\"font-weight: 400;\">Power Supply f\u00fcr Neptune 4 Pro f\u00fcr zuverl\u00e4ssige und konsistente Stromversorgung Ihres 3D-Druckers, um einen stabilen Betrieb zu gew\u00e4hrleisten. <\/span><\/p>\n","protected":false},"featured_media":47578,"comment_status":"closed","ping_status":"closed","template":"","meta":{"_acf_changed":false},"product_brand":[],"product_cat":[1765,1767,1671,1787],"product_tag":[],"brand":[],"class_list":{"0":"post-54347","1":"product","2":"type-product","3":"status-publish","4":"has-post-thumbnail","6":"product_cat-ersatzteile","7":"product_cat-alle-ersatzteile","8":"product_cat-angebote","9":"product_cat-elektronik","10":"pa_compatible-with-elegoo-fdm-printers","11":"pa_fits-printer-neptune-4-pro","13":"first","14":"instock","15":"sale","16":"taxable","17":"shipping-taxable","18":"purchasable","19":"product-type-simple"},"acf":[],"_links":{"self":[{"href":"https:\/\/azurefilm.com\/de\/wp-json\/wp\/v2\/product\/54347","targetHints":{"allow":["GET"]}}],"collection":[{"href":"https:\/\/azurefilm.com\/de\/wp-json\/wp\/v2\/product"}],"about":[{"href":"https:\/\/azurefilm.com\/de\/wp-json\/wp\/v2\/types\/product"}],"replies":[{"embeddable":true,"href":"https:\/\/azurefilm.com\/de\/wp-json\/wp\/v2\/comments?post=54347"}],"wp:featuredmedia":[{"embeddable":true,"href":"https:\/\/azurefilm.com\/de\/wp-json\/wp\/v2\/media\/47578"}],"wp:attachment":[{"href":"https:\/\/azurefilm.com\/de\/wp-json\/wp\/v2\/media?parent=54347"}],"wp:term":[{"taxonomy":"product_brand","embeddable":true,"href":"https:\/\/azurefilm.com\/de\/wp-json\/wp\/v2\/product_brand?post=54347"},{"taxonomy":"product_cat","embeddable":true,"href":"https:\/\/azurefilm.com\/de\/wp-json\/wp\/v2\/product_cat?post=54347"},{"taxonomy":"product_tag","embeddable":true,"href":"https:\/\/azurefilm.com\/de\/wp-json\/wp\/v2\/product_tag?post=54347"},{"taxonomy":"brand","embeddable":true,"href":"https:\/\/azurefilm.com\/de\/wp-json\/wp\/v2\/brand?post=54347"}],"curies":[{"name":"wp","href":"https:\/\/api.w.org\/{rel}","templated":true}]}}