
{"id":54354,"date":"2024-10-14T11:32:20","date_gmt":"2024-10-14T11:32:20","guid":{"rendered":"https:\/\/azurefilm.com\/product\/creality-nozzle-set-fuer-k1\/"},"modified":"2024-10-14T11:32:20","modified_gmt":"2024-10-14T11:32:20","slug":"creality-nozzle-set-fuer-k1","status":"publish","type":"product","link":"https:\/\/azurefilm.com\/de\/produkt\/creality-nozzle-set-fuer-k1\/","title":{"rendered":"Creality Nozzle Set f\u00fcr K1"},"content":{"rendered":"<p><span style=\"font-weight: 400;\">Dieses Nozzle Set ist speziell f\u00fcr Creality K1 3D-Drucker entwickelt, um optimale Leistung und Pr\u00e4zision zu gew\u00e4hrleisten.<\/span><\/p>\n<p><strong>Das Paket beinhaltet:<\/strong><\/p>\n<ul>\n<li style=\"font-weight: 400;\" aria-level=\"1\"><span style=\"font-weight: 400;\">1 x Messingd\u00fcse<\/span><\/li>\n<li style=\"font-weight: 400;\" aria-level=\"1\"><span style=\"font-weight: 400;\">1 x geh\u00e4rtete Stahld\u00fcse<\/span><\/li>\n<\/ul>\n","protected":false},"excerpt":{"rendered":"<p><span style=\"font-weight: 400;\">Creality Nozzle Set f\u00fcr K1 &#8211; speziell entwickelt f\u00fcr den Creality K1 3D-Drucker.<\/span><\/p>\n","protected":false},"featured_media":47536,"comment_status":"closed","ping_status":"closed","template":"","meta":{"_acf_changed":false},"product_brand":[],"product_cat":[1765,1767,1671,1807,1835,1808],"product_tag":[],"brand":[],"class_list":{"0":"post-54354","1":"product","2":"type-product","3":"status-publish","4":"has-post-thumbnail","6":"product_cat-ersatzteile","7":"product_cat-alle-ersatzteile","8":"product_cat-angebote","9":"product_cat-dusen","10":"product_cat-gehartete-verschleisfeste-dusen","11":"product_cat-normale-dusen","12":"pa_compatible-with-creality-fdm-3d-printers","13":"pa_fits-printer-creality-k1","15":"first","16":"instock","17":"sale","18":"taxable","19":"shipping-taxable","20":"purchasable","21":"product-type-simple"},"acf":[],"_links":{"self":[{"href":"https:\/\/azurefilm.com\/de\/wp-json\/wp\/v2\/product\/54354","targetHints":{"allow":["GET"]}}],"collection":[{"href":"https:\/\/azurefilm.com\/de\/wp-json\/wp\/v2\/product"}],"about":[{"href":"https:\/\/azurefilm.com\/de\/wp-json\/wp\/v2\/types\/product"}],"replies":[{"embeddable":true,"href":"https:\/\/azurefilm.com\/de\/wp-json\/wp\/v2\/comments?post=54354"}],"wp:featuredmedia":[{"embeddable":true,"href":"https:\/\/azurefilm.com\/de\/wp-json\/wp\/v2\/media\/47536"}],"wp:attachment":[{"href":"https:\/\/azurefilm.com\/de\/wp-json\/wp\/v2\/media?parent=54354"}],"wp:term":[{"taxonomy":"product_brand","embeddable":true,"href":"https:\/\/azurefilm.com\/de\/wp-json\/wp\/v2\/product_brand?post=54354"},{"taxonomy":"product_cat","embeddable":true,"href":"https:\/\/azurefilm.com\/de\/wp-json\/wp\/v2\/product_cat?post=54354"},{"taxonomy":"product_tag","embeddable":true,"href":"https:\/\/azurefilm.com\/de\/wp-json\/wp\/v2\/product_tag?post=54354"},{"taxonomy":"brand","embeddable":true,"href":"https:\/\/azurefilm.com\/de\/wp-json\/wp\/v2\/brand?post=54354"}],"curies":[{"name":"wp","href":"https:\/\/api.w.org\/{rel}","templated":true}]}}