
{"id":54355,"date":"2024-10-14T11:34:01","date_gmt":"2024-10-14T11:34:01","guid":{"rendered":"https:\/\/azurefilm.com\/product\/creality-extruder-fuer-k1-k1c-k1-max-ender-3-v3-ender-3-v3-plus\/"},"modified":"2024-10-14T11:34:01","modified_gmt":"2024-10-14T11:34:01","slug":"creality-extruder-fuer-k1-k1c-k1-max-ender-3-v3-ender-3-v3-plus","status":"publish","type":"product","link":"https:\/\/azurefilm.com\/de\/produkt\/creality-extruder-fuer-k1-k1c-k1-max-ender-3-v3-ender-3-v3-plus\/","title":{"rendered":"Creality Extruder f\u00fcr K1\/K1C\/K1 Max\/Ender 3 V3\/Ender 3 V3 Plus"},"content":{"rendered":"<p><span style=\"font-weight: 400;\">Dieser Creality Extruder ist nahtlos kompatibel mit den 3D-Druckern Creality K1, K1C, K1 Max, Ender 3 V3 und Ender 3 V3 Plus. Er bietet eine zuverl\u00e4ssige Filamentzufuhr mit erh\u00f6hter Pr\u00e4zision, was zu glatteren Drucken und weniger Verstopfungen f\u00fchrt. Perfekt f\u00fcr hochleistungsf\u00e4higes, pr\u00e4zises Drucken mit einer Vielzahl von Filamenttypen.  <\/span><\/p>\n","protected":false},"excerpt":{"rendered":"<p><span style=\"font-weight: 400;\">Creality Extruder, der nahtlos mit den 3D-Druckern Creality K1, K1C, K1 Max, Ender 3 V3 und Ender 3 V3 Plus kompatibel ist. <\/span><\/p>\n","protected":false},"featured_media":47493,"comment_status":"closed","ping_status":"closed","template":"","meta":{"_acf_changed":false},"product_brand":[],"product_cat":[1765,1767,1671,1799,1786],"product_tag":[],"brand":[],"class_list":{"0":"post-54355","1":"product","2":"type-product","3":"status-publish","4":"has-post-thumbnail","6":"product_cat-ersatzteile","7":"product_cat-alle-ersatzteile","8":"product_cat-angebote","9":"product_cat-extruder-de-2","10":"product_cat-extruder-de","11":"pa_compatible-with-creality-fdm-3d-printers","12":"pa_fits-printer-creality-k1","13":"pa_fits-printer-creality-k1-max","14":"pa_fits-printer-creality-k1c","16":"first","17":"outofstock","18":"sale","19":"taxable","20":"shipping-taxable","21":"purchasable","22":"product-type-simple"},"acf":[],"_links":{"self":[{"href":"https:\/\/azurefilm.com\/de\/wp-json\/wp\/v2\/product\/54355","targetHints":{"allow":["GET"]}}],"collection":[{"href":"https:\/\/azurefilm.com\/de\/wp-json\/wp\/v2\/product"}],"about":[{"href":"https:\/\/azurefilm.com\/de\/wp-json\/wp\/v2\/types\/product"}],"replies":[{"embeddable":true,"href":"https:\/\/azurefilm.com\/de\/wp-json\/wp\/v2\/comments?post=54355"}],"wp:featuredmedia":[{"embeddable":true,"href":"https:\/\/azurefilm.com\/de\/wp-json\/wp\/v2\/media\/47493"}],"wp:attachment":[{"href":"https:\/\/azurefilm.com\/de\/wp-json\/wp\/v2\/media?parent=54355"}],"wp:term":[{"taxonomy":"product_brand","embeddable":true,"href":"https:\/\/azurefilm.com\/de\/wp-json\/wp\/v2\/product_brand?post=54355"},{"taxonomy":"product_cat","embeddable":true,"href":"https:\/\/azurefilm.com\/de\/wp-json\/wp\/v2\/product_cat?post=54355"},{"taxonomy":"product_tag","embeddable":true,"href":"https:\/\/azurefilm.com\/de\/wp-json\/wp\/v2\/product_tag?post=54355"},{"taxonomy":"brand","embeddable":true,"href":"https:\/\/azurefilm.com\/de\/wp-json\/wp\/v2\/brand?post=54355"}],"curies":[{"name":"wp","href":"https:\/\/api.w.org\/{rel}","templated":true}]}}