
{"id":54356,"date":"2024-10-14T11:32:40","date_gmt":"2024-10-14T11:32:40","guid":{"rendered":"https:\/\/azurefilm.com\/product\/creality-unicorn-quick-swap-nozzle-kit-fuer-k1c\/"},"modified":"2024-10-14T11:32:40","modified_gmt":"2024-10-14T11:32:40","slug":"creality-unicorn-quick-swap-nozzle-kit-fuer-k1c","status":"publish","type":"product","link":"https:\/\/azurefilm.com\/de\/produkt\/creality-unicorn-quick-swap-nozzle-kit-fuer-k1c\/","title":{"rendered":"Creality Unicorn Quick Swap Nozzle Kit f\u00fcr K1C"},"content":{"rendered":"<p><span style=\"font-weight: 400;\">Das Creality Unicorn Quick Swap Nozzle Kit f\u00fcr K1C ist f\u00fcr schnelle D\u00fcsenwechsel konzipiert und verf\u00fcgt \u00fcber eine robuste Tri-Metall-Konstruktion, die sowohl eine D\u00fcse als auch einen Heatbreak f\u00fcr eine effiziente Montage und Demontage umfasst.<\/span><\/p>\n<h2><strong>Hoher Durchfluss f\u00fcr Hochgeschwindigkeitsdruck<\/strong><\/h2>\n<p><span style=\"font-weight: 400;\">Dank einer vergr\u00f6\u00dferten D\u00fcsenkammer erreicht die Unicorn-D\u00fcse eine maximale Durchflussrate von bis zu 30mm\u00b3\/s. Ihre Ganzmetallkonstruktion unterst\u00fctzt Hochgeschwindigkeitsdruck mit Geschwindigkeiten von bis zu 600mm\/s und gew\u00e4hrleistet \u00fcberlegene Leistung in anspruchsvollen Anwendungen. <\/span><\/p>\n<h2><strong>Langlebige Ganzmetallkonstruktion<\/strong><\/h2>\n<p><span style=\"font-weight: 400;\">Der Heatbreak besteht aus einer langlebigen Titanlegierung, die die W\u00e4rme\u00fcbertragung minimiert, w\u00e4hrend die D\u00fcse aus einer Kupferlegierung mit einem beeindruckenden W\u00e4rmeleitf\u00e4higkeitskoeffizienten von 330W\/mK gefertigt ist. Die D\u00fcsenkappe aus geh\u00e4rtetem Stahl mit einer Mohs-H\u00e4rte von 7,8 erh\u00f6ht die Haltbarkeit weiter. Diese verbesserte Materialzusammensetzung erm\u00f6glicht die Kompatibilit\u00e4t mit einer Vielzahl von Filamenten, einschlie\u00dflich PLA, ABS, PETG, TPU, PP, PC, PLA-CF, PA-CF und PET-CF.  <\/span><\/p>\n<h2><strong>Verschiedene D\u00fcsendurchmesser<\/strong><\/h2>\n<p><span style=\"font-weight: 400;\">Das Kit enth\u00e4lt drei D\u00fcsendurchmesser (0,4mm, 0,6mm, 0,8mm), die Flexibilit\u00e4t bieten, um verschiedenen Druckanforderungen gerecht zu werden, von detaillierten bis hin zu schnelleren, robusteren Drucken.<\/span><\/p>\n<ul>\n<li style=\"font-weight: 400;\" aria-level=\"1\"><span style=\"font-weight: 400;\">2 x 0,4mm Unicorn D\u00fcsen<\/span><\/li>\n<li style=\"font-weight: 400;\" aria-level=\"1\"><span style=\"font-weight: 400;\">1 x 0,6mm Unicorn D\u00fcse<\/span><\/li>\n<li style=\"font-weight: 400;\" aria-level=\"1\"><span style=\"font-weight: 400;\">1 x 0,8mm Unicorn D\u00fcse<\/span><\/li>\n<\/ul>\n","protected":false},"excerpt":{"rendered":"<p><span style=\"font-weight: 400;\">Kaufen Sie das Creality Unicorn Quick Swap Nozzle Kit f\u00fcr K1C f\u00fcr schnelle D\u00fcsenwechsel und erhalten Sie drei verschiedene D\u00fcsendurchmesser.<\/span><\/p>\n","protected":false},"featured_media":47523,"comment_status":"closed","ping_status":"closed","template":"","meta":{"_acf_changed":false},"product_brand":[],"product_cat":[1765,1767,1807,1808],"product_tag":[],"brand":[],"class_list":{"0":"post-54356","1":"product","2":"type-product","3":"status-publish","4":"has-post-thumbnail","6":"product_cat-ersatzteile","7":"product_cat-alle-ersatzteile","8":"product_cat-dusen","9":"product_cat-normale-dusen","10":"pa_compatible-with-creality-fdm-3d-printers","11":"pa_fits-printer-creality-k1c","13":"first","14":"outofstock","15":"taxable","16":"shipping-taxable","17":"purchasable","18":"product-type-simple"},"acf":[],"_links":{"self":[{"href":"https:\/\/azurefilm.com\/de\/wp-json\/wp\/v2\/product\/54356","targetHints":{"allow":["GET"]}}],"collection":[{"href":"https:\/\/azurefilm.com\/de\/wp-json\/wp\/v2\/product"}],"about":[{"href":"https:\/\/azurefilm.com\/de\/wp-json\/wp\/v2\/types\/product"}],"replies":[{"embeddable":true,"href":"https:\/\/azurefilm.com\/de\/wp-json\/wp\/v2\/comments?post=54356"}],"wp:featuredmedia":[{"embeddable":true,"href":"https:\/\/azurefilm.com\/de\/wp-json\/wp\/v2\/media\/47523"}],"wp:attachment":[{"href":"https:\/\/azurefilm.com\/de\/wp-json\/wp\/v2\/media?parent=54356"}],"wp:term":[{"taxonomy":"product_brand","embeddable":true,"href":"https:\/\/azurefilm.com\/de\/wp-json\/wp\/v2\/product_brand?post=54356"},{"taxonomy":"product_cat","embeddable":true,"href":"https:\/\/azurefilm.com\/de\/wp-json\/wp\/v2\/product_cat?post=54356"},{"taxonomy":"product_tag","embeddable":true,"href":"https:\/\/azurefilm.com\/de\/wp-json\/wp\/v2\/product_tag?post=54356"},{"taxonomy":"brand","embeddable":true,"href":"https:\/\/azurefilm.com\/de\/wp-json\/wp\/v2\/brand?post=54356"}],"curies":[{"name":"wp","href":"https:\/\/api.w.org\/{rel}","templated":true}]}}