
{"id":54359,"date":"2024-10-14T11:33:00","date_gmt":"2024-10-14T11:33:00","guid":{"rendered":"https:\/\/azurefilm.com\/product\/creality-power-supply-fuer-k1-max\/"},"modified":"2024-10-14T11:33:00","modified_gmt":"2024-10-14T11:33:00","slug":"creality-power-supply-fuer-k1-max","status":"publish","type":"product","link":"https:\/\/azurefilm.com\/de\/produkt\/creality-power-supply-fuer-k1-max\/","title":{"rendered":"Creality Power Supply f\u00fcr K1 Max"},"content":{"rendered":"<p><span style=\"font-weight: 400;\">Das Creality Power Supply f\u00fcr K1 Max bietet zuverl\u00e4ssige und konstante Stromversorgung f\u00fcr Ihren 3D-Drucker, gew\u00e4hrleistet einen stabilen Betrieb und eine effiziente Leistung f\u00fcr qualitativ hochwertiges, unterbrechungsfreies Drucken.<\/span><\/p>\n","protected":false},"excerpt":{"rendered":"<p><span style=\"font-weight: 400;\">Creality Power Supply f\u00fcr K1 Max f\u00fcr zuverl\u00e4ssige und konstante Stromversorgung Ihres 3D-Druckers, um einen stabilen Betrieb zu gew\u00e4hrleisten. <\/span><\/p>\n","protected":false},"featured_media":47511,"comment_status":"closed","ping_status":"closed","template":"","meta":{"_acf_changed":false},"product_brand":[],"product_cat":[1765,1767,1671,1787],"product_tag":[],"brand":[],"class_list":{"0":"post-54359","1":"product","2":"type-product","3":"status-publish","4":"has-post-thumbnail","6":"product_cat-ersatzteile","7":"product_cat-alle-ersatzteile","8":"product_cat-angebote","9":"product_cat-elektronik","10":"pa_compatible-with-creality-fdm-3d-printers","11":"pa_fits-printer-creality-k1-max","13":"first","14":"instock","15":"sale","16":"taxable","17":"shipping-taxable","18":"purchasable","19":"product-type-simple"},"acf":[],"_links":{"self":[{"href":"https:\/\/azurefilm.com\/de\/wp-json\/wp\/v2\/product\/54359","targetHints":{"allow":["GET"]}}],"collection":[{"href":"https:\/\/azurefilm.com\/de\/wp-json\/wp\/v2\/product"}],"about":[{"href":"https:\/\/azurefilm.com\/de\/wp-json\/wp\/v2\/types\/product"}],"replies":[{"embeddable":true,"href":"https:\/\/azurefilm.com\/de\/wp-json\/wp\/v2\/comments?post=54359"}],"wp:featuredmedia":[{"embeddable":true,"href":"https:\/\/azurefilm.com\/de\/wp-json\/wp\/v2\/media\/47511"}],"wp:attachment":[{"href":"https:\/\/azurefilm.com\/de\/wp-json\/wp\/v2\/media?parent=54359"}],"wp:term":[{"taxonomy":"product_brand","embeddable":true,"href":"https:\/\/azurefilm.com\/de\/wp-json\/wp\/v2\/product_brand?post=54359"},{"taxonomy":"product_cat","embeddable":true,"href":"https:\/\/azurefilm.com\/de\/wp-json\/wp\/v2\/product_cat?post=54359"},{"taxonomy":"product_tag","embeddable":true,"href":"https:\/\/azurefilm.com\/de\/wp-json\/wp\/v2\/product_tag?post=54359"},{"taxonomy":"brand","embeddable":true,"href":"https:\/\/azurefilm.com\/de\/wp-json\/wp\/v2\/brand?post=54359"}],"curies":[{"name":"wp","href":"https:\/\/api.w.org\/{rel}","templated":true}]}}