
{"id":54362,"date":"2024-10-14T11:33:42","date_gmt":"2024-10-14T11:33:42","guid":{"rendered":"https:\/\/azurefilm.com\/product\/creality-hotend-fan-fuer-k1-k1c-k1-max\/"},"modified":"2024-10-14T11:33:42","modified_gmt":"2024-10-14T11:33:42","slug":"creality-hotend-fan-fuer-k1-k1c-k1-max","status":"publish","type":"product","link":"https:\/\/azurefilm.com\/de\/produkt\/creality-hotend-fan-fuer-k1-k1c-k1-max\/","title":{"rendered":"Creality Hotend Fan f\u00fcr K1\/K1C\/K1 Max"},"content":{"rendered":"<p><span style=\"font-weight: 400;\">Der Creality Hotend Fan f\u00fcr K1\/K1C\/K1 Max ist entwickelt, um das Hotend Ihres 3D-Druckers effizient zu k\u00fchlen, stabile Temperaturen zu gew\u00e4hrleisten und \u00dcberhitzung w\u00e4hrend des Druckens zu verhindern. Ideal zur Aufrechterhaltung optimaler Leistung und Druckqualit\u00e4t. <\/span><\/p>\n","protected":false},"excerpt":{"rendered":"<p><span style=\"font-weight: 400;\">Creality Hotend Fan f\u00fcr K1\/K1C\/K1 Max ist entwickelt, um das Hotend effizient zu k\u00fchlen, stabile Temperaturen zu gew\u00e4hrleisten und \u00dcberhitzung zu verhindern. <\/span><\/p>\n","protected":false},"featured_media":47499,"comment_status":"closed","ping_status":"closed","template":"","meta":{"_acf_changed":false},"product_brand":[],"product_cat":[1765,1767,1671,1814],"product_tag":[],"brand":[],"class_list":{"0":"post-54362","1":"product","2":"type-product","3":"status-publish","4":"has-post-thumbnail","6":"product_cat-ersatzteile","7":"product_cat-alle-ersatzteile","8":"product_cat-angebote","9":"product_cat-lufter","10":"pa_compatible-with-creality-fdm-3d-printers","11":"pa_fits-printer-creality-k1","12":"pa_fits-printer-creality-k1-max","13":"pa_fits-printer-creality-k1c","15":"first","16":"instock","17":"sale","18":"taxable","19":"shipping-taxable","20":"purchasable","21":"product-type-simple"},"acf":[],"_links":{"self":[{"href":"https:\/\/azurefilm.com\/de\/wp-json\/wp\/v2\/product\/54362","targetHints":{"allow":["GET"]}}],"collection":[{"href":"https:\/\/azurefilm.com\/de\/wp-json\/wp\/v2\/product"}],"about":[{"href":"https:\/\/azurefilm.com\/de\/wp-json\/wp\/v2\/types\/product"}],"replies":[{"embeddable":true,"href":"https:\/\/azurefilm.com\/de\/wp-json\/wp\/v2\/comments?post=54362"}],"wp:featuredmedia":[{"embeddable":true,"href":"https:\/\/azurefilm.com\/de\/wp-json\/wp\/v2\/media\/47499"}],"wp:attachment":[{"href":"https:\/\/azurefilm.com\/de\/wp-json\/wp\/v2\/media?parent=54362"}],"wp:term":[{"taxonomy":"product_brand","embeddable":true,"href":"https:\/\/azurefilm.com\/de\/wp-json\/wp\/v2\/product_brand?post=54362"},{"taxonomy":"product_cat","embeddable":true,"href":"https:\/\/azurefilm.com\/de\/wp-json\/wp\/v2\/product_cat?post=54362"},{"taxonomy":"product_tag","embeddable":true,"href":"https:\/\/azurefilm.com\/de\/wp-json\/wp\/v2\/product_tag?post=54362"},{"taxonomy":"brand","embeddable":true,"href":"https:\/\/azurefilm.com\/de\/wp-json\/wp\/v2\/brand?post=54362"}],"curies":[{"name":"wp","href":"https:\/\/api.w.org\/{rel}","templated":true}]}}