
{"id":54363,"date":"2024-10-14T11:35:27","date_gmt":"2024-10-14T11:35:27","guid":{"rendered":"https:\/\/azurefilm.com\/product\/creality-part-cooling-fan-fuer-ender-3-v3-se\/"},"modified":"2024-10-14T11:35:27","modified_gmt":"2024-10-14T11:35:27","slug":"creality-part-cooling-fan-fuer-ender-3-v3-se","status":"publish","type":"product","link":"https:\/\/azurefilm.com\/de\/produkt\/creality-part-cooling-fan-fuer-ender-3-v3-se\/","title":{"rendered":"Creality Part Cooling Fan f\u00fcr Ender 3 V3 SE"},"content":{"rendered":"<p><span style=\"font-weight: 400;\">Der Creality Part Cooling Fan f\u00fcr Ender 3 V3 SE verbessert die Qualit\u00e4t von 3D-Drucken, indem er das gedruckte Material schnell und gleichm\u00e4\u00dfig k\u00fchlt, die Schichthaftung verbessert und Verformungen reduziert, um glattere und pr\u00e4zisere Ergebnisse zu erzielen.<\/span><\/p>\n","protected":false},"excerpt":{"rendered":"<p><span style=\"font-weight: 400;\">Der Creality Part Cooling Fan f\u00fcr Ender 3 V3 SE ist f\u00fcr schnelles und gleichm\u00e4\u00dfiges K\u00fchlen des gedruckten Materials ausgelegt. <\/span><\/p>\n","protected":false},"featured_media":47401,"comment_status":"closed","ping_status":"closed","template":"","meta":{"_acf_changed":false},"product_brand":[],"product_cat":[1765,1767,1671,1814],"product_tag":[],"brand":[],"class_list":{"0":"post-54363","1":"product","2":"type-product","3":"status-publish","4":"has-post-thumbnail","6":"product_cat-ersatzteile","7":"product_cat-alle-ersatzteile","8":"product_cat-angebote","9":"product_cat-lufter","10":"pa_compatible-with-creality-fdm-3d-printers","11":"pa_fits-printer-creality-ender-3-v3-se","13":"first","14":"instock","15":"sale","16":"taxable","17":"shipping-taxable","18":"purchasable","19":"product-type-simple"},"acf":[],"_links":{"self":[{"href":"https:\/\/azurefilm.com\/de\/wp-json\/wp\/v2\/product\/54363","targetHints":{"allow":["GET"]}}],"collection":[{"href":"https:\/\/azurefilm.com\/de\/wp-json\/wp\/v2\/product"}],"about":[{"href":"https:\/\/azurefilm.com\/de\/wp-json\/wp\/v2\/types\/product"}],"replies":[{"embeddable":true,"href":"https:\/\/azurefilm.com\/de\/wp-json\/wp\/v2\/comments?post=54363"}],"wp:featuredmedia":[{"embeddable":true,"href":"https:\/\/azurefilm.com\/de\/wp-json\/wp\/v2\/media\/47401"}],"wp:attachment":[{"href":"https:\/\/azurefilm.com\/de\/wp-json\/wp\/v2\/media?parent=54363"}],"wp:term":[{"taxonomy":"product_brand","embeddable":true,"href":"https:\/\/azurefilm.com\/de\/wp-json\/wp\/v2\/product_brand?post=54363"},{"taxonomy":"product_cat","embeddable":true,"href":"https:\/\/azurefilm.com\/de\/wp-json\/wp\/v2\/product_cat?post=54363"},{"taxonomy":"product_tag","embeddable":true,"href":"https:\/\/azurefilm.com\/de\/wp-json\/wp\/v2\/product_tag?post=54363"},{"taxonomy":"brand","embeddable":true,"href":"https:\/\/azurefilm.com\/de\/wp-json\/wp\/v2\/brand?post=54363"}],"curies":[{"name":"wp","href":"https:\/\/api.w.org\/{rel}","templated":true}]}}