
{"id":54367,"date":"2024-10-25T08:45:04","date_gmt":"2024-10-25T08:45:04","guid":{"rendered":"https:\/\/azurefilm.com\/?post_type=product&#038;p=54367"},"modified":"2024-10-25T08:45:05","modified_gmt":"2024-10-25T08:45:05","slug":"magigoo-3d-druckkleber","status":"publish","type":"product","link":"https:\/\/azurefilm.com\/de\/produkt\/magigoo-3d-druckkleber\/","title":{"rendered":"Magigoo 3D-Druckkleber"},"content":{"rendered":"<p><strong>Magigoo 3D-Druckkleber<\/strong><\/p>\n<p>Egal, ob Sie ein Hobbyist oder ein Profi sind, es gibt nichts Befriedigenderes, als einen mehrst\u00fcndigen Druck ohne Verzug zu sehen und ihn mit nur einem Fingerstreich entfernen zu k\u00f6nnen.<\/p>\n<p><strong>Hauptvorteile:<\/strong><\/p>\n<ul>\n<li>Funktioniert mit mehreren Filamenten: ABS, PLA, PETG, HIPS, ASA, TPU<\/li>\n<li>Einfach anzuwenden: einfach sch\u00fctteln, dr\u00fccken und auf den aktiven Druckbereich verteilen &#8211; es ist nicht notwendig, die gesamte Platte zu beschichten<\/li>\n<li>Problemloses Entfernen: Drucke l\u00f6sen sich reibungslos, wenn die Platte abk\u00fchlt<\/li>\n<li>Einfach zu reinigen: einfach mit Wasser absp\u00fclen<\/li>\n<li>Langlebig: \u00fcber 100 Anwendungen pro Flasche<\/li>\n<li>Geruchlos und sicher in Klassenzimmern oder Werkst\u00e4tten zu verwenden<\/li>\n<li>Keine Werkzeuge f\u00fcr die Anwendung oder Entfernung erforderlich<\/li>\n<\/ul>\n<p>Magigoo ist tragbar, ungiftig und sorgt daf\u00fcr, dass Ihre Drucke jedes Mal scharf aussehen. <strong>Erh\u00e4ltlich in:<\/strong> 50ml und 120ml. <b>Wichtiger Hinweis: <\/b>Der Applikator hat ein aktives Feder-Ventil, das aktiviert wird, wenn der Applikator gegen die Bauplatte gedr\u00fcckt wird. Bitte dr\u00fccken Sie die Flasche nicht wie eine &#8220;Ketchup-Flasche&#8221;, da sonst der Applikator abfallen k\u00f6nnte. Die Flasche darf nur leicht gedr\u00fcckt werden, wenn die Spitze gegen das Bett gedr\u00fcckt wird, und dies ist nur erforderlich, wenn ein gr\u00f6\u00dferer Fluss ben\u00f6tigt wird. Die Flasche darf nicht gedr\u00fcckt werden, wenn die Kappe zu anderen Zeiten abgenommen ist, da dies dazu f\u00fchren kann, dass der Kleber aus der Flasche herausspritzt.<\/p>\n<p><img loading=\"lazy\" decoding=\"async\" class=\"alignnone wp-image-48244\" src=\"https:\/\/azurefilm.com\/wp-content\/uploads\/2024\/10\/Magigoo-banner-800x800px-1-300x300.png\" alt=\"3D Klebestift\" width=\"808\" height=\"808\" title=\"\" srcset=\"https:\/\/azurefilm.com\/wp-content\/uploads\/2024\/10\/Magigoo-banner-800x800px-1-300x300.png 300w, https:\/\/azurefilm.com\/wp-content\/uploads\/2024\/10\/Magigoo-banner-800x800px-1-scaled-274x274.png 274w, https:\/\/azurefilm.com\/wp-content\/uploads\/2024\/10\/Magigoo-banner-800x800px-1-scaled-100x100.png 100w, https:\/\/azurefilm.com\/wp-content\/uploads\/2024\/10\/Magigoo-banner-800x800px-1-scaled-510x510.png 510w, https:\/\/azurefilm.com\/wp-content\/uploads\/2024\/10\/Magigoo-banner-800x800px-1-1024x1024.png 1024w, https:\/\/azurefilm.com\/wp-content\/uploads\/2024\/10\/Magigoo-banner-800x800px-1-150x150.png 150w, https:\/\/azurefilm.com\/wp-content\/uploads\/2024\/10\/Magigoo-banner-800x800px-1-768x768.png 768w, https:\/\/azurefilm.com\/wp-content\/uploads\/2024\/10\/Magigoo-banner-800x800px-1-1536x1536.png 1536w, https:\/\/azurefilm.com\/wp-content\/uploads\/2024\/10\/Magigoo-banner-800x800px-1-2048x2048.png 2048w\" sizes=\"auto, (max-width: 808px) 100vw, 808px\" \/><\/p>\n<p><img loading=\"lazy\" decoding=\"async\" class=\"alignnone wp-image-48250\" src=\"https:\/\/azurefilm.com\/wp-content\/uploads\/2024\/10\/Magigoo-banner-800x800px-2-300x300.png\" alt=\"Gute 3D Haftung\" width=\"808\" height=\"808\" title=\"\" srcset=\"https:\/\/azurefilm.com\/wp-content\/uploads\/2024\/10\/Magigoo-banner-800x800px-2-300x300.png 300w, https:\/\/azurefilm.com\/wp-content\/uploads\/2024\/10\/Magigoo-banner-800x800px-2-scaled-274x274.png 274w, https:\/\/azurefilm.com\/wp-content\/uploads\/2024\/10\/Magigoo-banner-800x800px-2-scaled-100x100.png 100w, https:\/\/azurefilm.com\/wp-content\/uploads\/2024\/10\/Magigoo-banner-800x800px-2-scaled-510x510.png 510w, https:\/\/azurefilm.com\/wp-content\/uploads\/2024\/10\/Magigoo-banner-800x800px-2-1024x1024.png 1024w, https:\/\/azurefilm.com\/wp-content\/uploads\/2024\/10\/Magigoo-banner-800x800px-2-150x150.png 150w, https:\/\/azurefilm.com\/wp-content\/uploads\/2024\/10\/Magigoo-banner-800x800px-2-768x768.png 768w, https:\/\/azurefilm.com\/wp-content\/uploads\/2024\/10\/Magigoo-banner-800x800px-2-1536x1536.png 1536w, https:\/\/azurefilm.com\/wp-content\/uploads\/2024\/10\/Magigoo-banner-800x800px-2-2048x2048.png 2048w\" sizes=\"auto, (max-width: 808px) 100vw, 808px\" \/><\/p>\n<p><img loading=\"lazy\" decoding=\"async\" class=\"alignnone wp-image-48238\" src=\"https:\/\/azurefilm.com\/wp-content\/uploads\/2024\/10\/Magigoo-banner-800x800px-3-300x300.png\" alt=\"\" width=\"809\" height=\"809\" title=\"\" srcset=\"https:\/\/azurefilm.com\/wp-content\/uploads\/2024\/10\/Magigoo-banner-800x800px-3-300x300.png 300w, https:\/\/azurefilm.com\/wp-content\/uploads\/2024\/10\/Magigoo-banner-800x800px-3-scaled-274x274.png 274w, https:\/\/azurefilm.com\/wp-content\/uploads\/2024\/10\/Magigoo-banner-800x800px-3-scaled-100x100.png 100w, https:\/\/azurefilm.com\/wp-content\/uploads\/2024\/10\/Magigoo-banner-800x800px-3-scaled-510x510.png 510w, https:\/\/azurefilm.com\/wp-content\/uploads\/2024\/10\/Magigoo-banner-800x800px-3-1024x1024.png 1024w, https:\/\/azurefilm.com\/wp-content\/uploads\/2024\/10\/Magigoo-banner-800x800px-3-150x150.png 150w, https:\/\/azurefilm.com\/wp-content\/uploads\/2024\/10\/Magigoo-banner-800x800px-3-768x768.png 768w, https:\/\/azurefilm.com\/wp-content\/uploads\/2024\/10\/Magigoo-banner-800x800px-3-1536x1536.png 1536w, https:\/\/azurefilm.com\/wp-content\/uploads\/2024\/10\/Magigoo-banner-800x800px-3-2048x2048.png 2048w\" sizes=\"auto, (max-width: 809px) 100vw, 809px\" \/><\/p>\n","protected":false},"excerpt":{"rendered":"<p>Verabschieden Sie sich von Problemen mit der Haftung der ersten Schicht mit Magigoo, der bew\u00e4hrten L\u00f6sung, um sicherzustellen, dass Ihre 3D-Drucke sicher auf der Bauplatte haften. Es ist einfach zu verwenden \u2013 tragen Sie es einfach auf die beheizte Oberfl\u00e4che auf, und es sorgt f\u00fcr eine feste Verbindung w\u00e4hrend des gesamten Drucks. Aber hier ist das Beste: Sobald die Platte abk\u00fchlt, l\u00f6st sich Ihr Druck m\u00fchelos, kein Schaben oder Hebeln erforderlich! Au\u00dferdem hilft Magigoo, das frustrierende Problem des Verziehens zu verhindern, sodass auch lange Drucke perfekt gelingen.   <\/p>\n","protected":false},"featured_media":48234,"comment_status":"closed","ping_status":"closed","template":"","meta":{"_acf_changed":false},"product_brand":[],"product_cat":[1765,1767,1671,1942],"product_tag":[],"brand":[2598],"class_list":{"0":"post-54367","1":"product","2":"type-product","3":"status-publish","4":"has-post-thumbnail","6":"product_cat-ersatzteile","7":"product_cat-alle-ersatzteile","8":"product_cat-angebote","9":"product_cat-bett-haftung","10":"brand-magigoo","12":"first","13":"outofstock","14":"sale","15":"taxable","16":"shipping-taxable","17":"purchasable","18":"product-type-variable"},"acf":[],"_links":{"self":[{"href":"https:\/\/azurefilm.com\/de\/wp-json\/wp\/v2\/product\/54367","targetHints":{"allow":["GET"]}}],"collection":[{"href":"https:\/\/azurefilm.com\/de\/wp-json\/wp\/v2\/product"}],"about":[{"href":"https:\/\/azurefilm.com\/de\/wp-json\/wp\/v2\/types\/product"}],"replies":[{"embeddable":true,"href":"https:\/\/azurefilm.com\/de\/wp-json\/wp\/v2\/comments?post=54367"}],"wp:featuredmedia":[{"embeddable":true,"href":"https:\/\/azurefilm.com\/de\/wp-json\/wp\/v2\/media\/48234"}],"wp:attachment":[{"href":"https:\/\/azurefilm.com\/de\/wp-json\/wp\/v2\/media?parent=54367"}],"wp:term":[{"taxonomy":"product_brand","embeddable":true,"href":"https:\/\/azurefilm.com\/de\/wp-json\/wp\/v2\/product_brand?post=54367"},{"taxonomy":"product_cat","embeddable":true,"href":"https:\/\/azurefilm.com\/de\/wp-json\/wp\/v2\/product_cat?post=54367"},{"taxonomy":"product_tag","embeddable":true,"href":"https:\/\/azurefilm.com\/de\/wp-json\/wp\/v2\/product_tag?post=54367"},{"taxonomy":"brand","embeddable":true,"href":"https:\/\/azurefilm.com\/de\/wp-json\/wp\/v2\/brand?post=54367"}],"curies":[{"name":"wp","href":"https:\/\/api.w.org\/{rel}","templated":true}]}}