
{"id":54372,"date":"2024-10-14T11:37:11","date_gmt":"2024-10-14T11:37:11","guid":{"rendered":"https:\/\/azurefilm.com\/product\/hardened-steel-extruder-unit-fuer-x1c\/"},"modified":"2024-10-14T11:37:11","modified_gmt":"2024-10-14T11:37:11","slug":"hardened-steel-extruder-unit-fuer-x1c","status":"publish","type":"product","link":"https:\/\/azurefilm.com\/de\/produkt\/hardened-steel-extruder-unit-fuer-x1c\/","title":{"rendered":"Hardened Steel Extruder Unit f\u00fcr X1C"},"content":{"rendered":"<p><span style=\"font-weight: 400;\">Die Hardened Steel Extruder Unit f\u00fcr X1C ist mit geh\u00e4rteten Stahlzahnr\u00e4dern ausgestattet, die eine erh\u00f6hte Extrusionskraft, reduzierte Rutschgefahr und verbesserte Abriebfestigkeit bieten. Diese Eigenschaften erm\u00f6glichen es der Extrudereinheit, anspruchsvolle technische Filamente wie Carbon Fiber  Nylon Filamente zu verarbeiten. <\/span><\/p>\n<p><span style=\"font-weight: 400;\">Zus\u00e4tzlich ist die Einheit mit einem Filamentbruch-Erkennungssensor ausgestattet, der Druckfehler verhindert und die Gesamtdruckeffizienz erh\u00f6ht.<\/span><\/p>\n<h2><strong>Produktspezifikationen<\/strong><\/h2>\n<ul>\n<li style=\"font-weight: 400;\" aria-level=\"1\"><span style=\"font-weight: 400;\">Reduktionsverh\u00e4ltnis: 9 : 53<\/span><\/li>\n<li style=\"font-weight: 400;\" aria-level=\"1\"><span style=\"font-weight: 400;\">Materialien: Kunststoff, Metall<\/span><\/li>\n<li style=\"font-weight: 400;\" aria-level=\"1\"><span style=\"font-weight: 400;\">Unterst\u00fctzter Filamentdurchmesser: 1,75mm<\/span><\/li>\n<li style=\"font-weight: 400;\" aria-level=\"1\"><span style=\"font-weight: 400;\">Verpackungsgr\u00f6\u00dfe: 60x60x30mm<\/span><\/li>\n<li style=\"font-weight: 400;\" aria-level=\"1\"><span style=\"font-weight: 400;\">Unterst\u00fctzte Filamente: PET-CF, PAHT-CF, PA6-CF, PLA-CF, PETG-CF, PLA, PETG, ABS, ASA, PC, TPU<\/span><\/li>\n<li style=\"font-weight: 400;\" aria-level=\"1\"><span style=\"font-weight: 400;\">Verpackungsgewicht:<\/span> <span style=\"font-weight: 400;\">50g<\/span><\/li>\n<\/ul>\n","protected":false},"excerpt":{"rendered":"<p><span style=\"font-weight: 400;\">Hardened Steel Extruder Unit f\u00fcr X1C &#8211; entwickelt f\u00fcr erh\u00f6hte Extrusionskraft, reduzierte Rutschgefahr und verbesserte Abriebfestigkeit. <\/span><\/p>\n","protected":false},"featured_media":47347,"comment_status":"closed","ping_status":"closed","template":"","meta":{"_acf_changed":false},"product_brand":[],"product_cat":[1765,1767,1786,1799],"product_tag":[],"brand":[],"class_list":{"0":"post-54372","1":"product","2":"type-product","3":"status-publish","4":"has-post-thumbnail","6":"product_cat-ersatzteile","7":"product_cat-alle-ersatzteile","8":"product_cat-extruder-de","9":"product_cat-extruder-de-2","10":"pa_compatible-with-bambulab-fdm-3d-printers","11":"pa_fits-printer-bambu-lab-x1-series-only","12":"pa_fits-printer-bambu-lab-x1-carbon","14":"first","15":"outofstock","16":"taxable","17":"shipping-taxable","18":"purchasable","19":"product-type-simple"},"acf":[],"_links":{"self":[{"href":"https:\/\/azurefilm.com\/de\/wp-json\/wp\/v2\/product\/54372","targetHints":{"allow":["GET"]}}],"collection":[{"href":"https:\/\/azurefilm.com\/de\/wp-json\/wp\/v2\/product"}],"about":[{"href":"https:\/\/azurefilm.com\/de\/wp-json\/wp\/v2\/types\/product"}],"replies":[{"embeddable":true,"href":"https:\/\/azurefilm.com\/de\/wp-json\/wp\/v2\/comments?post=54372"}],"wp:featuredmedia":[{"embeddable":true,"href":"https:\/\/azurefilm.com\/de\/wp-json\/wp\/v2\/media\/47347"}],"wp:attachment":[{"href":"https:\/\/azurefilm.com\/de\/wp-json\/wp\/v2\/media?parent=54372"}],"wp:term":[{"taxonomy":"product_brand","embeddable":true,"href":"https:\/\/azurefilm.com\/de\/wp-json\/wp\/v2\/product_brand?post=54372"},{"taxonomy":"product_cat","embeddable":true,"href":"https:\/\/azurefilm.com\/de\/wp-json\/wp\/v2\/product_cat?post=54372"},{"taxonomy":"product_tag","embeddable":true,"href":"https:\/\/azurefilm.com\/de\/wp-json\/wp\/v2\/product_tag?post=54372"},{"taxonomy":"brand","embeddable":true,"href":"https:\/\/azurefilm.com\/de\/wp-json\/wp\/v2\/brand?post=54372"}],"curies":[{"name":"wp","href":"https:\/\/api.w.org\/{rel}","templated":true}]}}