
{"id":54381,"date":"2024-10-23T08:01:06","date_gmt":"2024-10-23T08:01:06","guid":{"rendered":"https:\/\/azurefilm.com\/?post_type=product&#038;p=54381"},"modified":"2026-02-10T14:37:51","modified_gmt":"2026-02-10T14:37:51","slug":"refill-lumberlay-white-wood","status":"publish","type":"product","link":"https:\/\/azurefilm.com\/de\/produkt\/refill-lumberlay-white-wood\/","title":{"rendered":"Refill LumberLay Wei\u00dfes Holz"},"content":{"rendered":"<h2><b>Refill LumberLay<\/b><\/h2>\n<p><span style=\"font-weight: 400;\">Lernen Sie unsere Refill LumberLay Filamente kennen &#8211; ein einzigartiges Material, das das <\/span><b>Aussehen und Gef\u00fchl von echtem Holz<\/b><span style=\"font-weight: 400;\"> hat. <\/span><\/p>\n<p><span style=\"font-weight: 400;\">Refill LumberLay Filamente wurden entwickelt, um mit <\/span><b>einer Master Spool<\/b><span style=\"font-weight: 400;\"> zu helfen, Abfall zu reduzieren und nachhaltige 3D-Druckpraktiken zu verbessern. Dar\u00fcber hinaus kombinieren sie <\/span><b>40% recyceltes Holz<\/b><span style=\"font-weight: 400;\"> und 60% PLA-Filament. Aufgrund dieser Mischung haben Ihre Drucke das <\/span><b>Aussehen von nat\u00fcrlichem Holz<\/b><span style=\"font-weight: 400;\">, und die physikalischen Eigenschaften des Produkts werden extrem \u00e4hnlich zu nat\u00fcrlichem Holz sein. <\/span><\/p>\n<p><span style=\"font-weight: 400;\">Unsere Refills k\u00f6nnen auch mit der Bambu Lab Reusable Spool verwendet werden. <\/span><\/p>\n<p><b>Bitte beachten: <\/b><span style=\"font-weight: 400;\">Die LumberLay-Filamente m\u00fcssen vor der Verwendung getrocknet werden (8 Stunden bei 55\u00b0C) und sind nicht mit einer 0,2 mm D\u00fcse kompatibel.<\/span><\/p>\n<p><img loading=\"lazy\" decoding=\"async\" class=\"aligncenter wp-image-48268 size-full\" src=\"https:\/\/azurefilm.com\/wp-content\/uploads\/2024\/10\/LumberLay_BLOG_cover.jpg\" alt=\"\" width=\"2560\" height=\"960\" title=\"\" srcset=\"https:\/\/azurefilm.com\/wp-content\/uploads\/2024\/10\/LumberLay_BLOG_cover.jpg 2560w, https:\/\/azurefilm.com\/wp-content\/uploads\/2024\/10\/LumberLay_BLOG_cover-510x191.jpg 510w, https:\/\/azurefilm.com\/wp-content\/uploads\/2024\/10\/LumberLay_BLOG_cover-300x113.jpg 300w, https:\/\/azurefilm.com\/wp-content\/uploads\/2024\/10\/LumberLay_BLOG_cover-1024x384.jpg 1024w, https:\/\/azurefilm.com\/wp-content\/uploads\/2024\/10\/LumberLay_BLOG_cover-768x288.jpg 768w, https:\/\/azurefilm.com\/wp-content\/uploads\/2024\/10\/LumberLay_BLOG_cover-1536x576.jpg 1536w, https:\/\/azurefilm.com\/wp-content\/uploads\/2024\/10\/LumberLay_BLOG_cover-2048x768.jpg 2048w\" sizes=\"auto, (max-width: 2560px) 100vw, 2560px\" \/><\/p>\n\n\t<section class=\"section\" id=\"section_1089117056\">\n\t\t<div class=\"section-bg fill\" >\n\t\t\t\t\t\t\t\t\t<div class=\"section-bg-overlay absolute fill\"><\/div>\n\t\t\t\n\n\t\t<\/div>\n\n\t\t\n\n\t\t<div class=\"section-content relative\">\n\t\t\t\n<div class=\"row row-large align-middle pb-0\"  id=\"row-1428777713\">\n\n\t<div id=\"col-1039555827\" class=\"col medium-8 small-12 large-8\"  >\n\t\t\t\t<div class=\"col-inner text-left\"  >\n\t\t\t\n\t\t\t\n<h3><strong>Druckempfehlungen:<\/strong><\/h3>\n<ul>\n<li><strong>Der Filament muss vor der Verwendung getrocknet werden (8 Stunden bei 55\u00b0C).<\/strong><\/li>\n<li><strong>LumberLay-Filamente sind nicht mit einer 0,2-mm-D\u00fcse kompatibel.<\/strong><\/li>\n<li><span style=\"font-weight: 400;\">F\u00fcr die besten Ergebnisse drucken Sie bei 200\u2013230\u00b0C. <\/span><\/li>\n<li><span style=\"font-weight: 400;\">Empfohlene Druckbett-Temperatur ist 60\u00b0C.<\/span><\/li>\n<li><span style=\"font-weight: 400;\">Verwenden Sie ein Glasbett, eine PEI-Folie, Kapton oder Blaues Klebeband f\u00fcr die Bauplattform mit 3Dlac-Spray.<\/span><\/li>\n<\/ul>\n<p><i><span style=\"font-weight: 400;\">*Die ideale Temperatur kann je nach verwendetem Drucker variieren.<\/span><\/i><\/p>\n\t\t<\/div>\n\t\t\t\t\t<\/div>\n\n\t\n\n\t<div id=\"col-1552181098\" class=\"col medium-4 small-12 large-4\"  >\n\t\t\t\t<div class=\"col-inner\"  >\n\t\t\t\n\t\t\t\n\t<div class=\"img has-hover x md-x lg-x y md-y lg-y\" id=\"image_1213560505\">\n\t\t\t\t\t\t\t\t<div class=\"img-inner dark\" style=\"margin:20px 0px 0px 0px;\">\n\t\t\t<img loading=\"lazy\" decoding=\"async\" width=\"1020\" height=\"1020\" src=\"https:\/\/azurefilm.com\/wp-content\/uploads\/2024\/10\/P1388925-1024x1024.jpg\" class=\"attachment-large size-large\" alt=\"\" srcset=\"https:\/\/azurefilm.com\/wp-content\/uploads\/2024\/10\/P1388925-1024x1024.jpg 1024w, https:\/\/azurefilm.com\/wp-content\/uploads\/2024\/10\/P1388925-scaled-274x274.jpg 274w, https:\/\/azurefilm.com\/wp-content\/uploads\/2024\/10\/P1388925-scaled-100x100.jpg 100w, https:\/\/azurefilm.com\/wp-content\/uploads\/2024\/10\/P1388925-scaled-510x510.jpg 510w, https:\/\/azurefilm.com\/wp-content\/uploads\/2024\/10\/P1388925-300x300.jpg 300w, https:\/\/azurefilm.com\/wp-content\/uploads\/2024\/10\/P1388925-150x150.jpg 150w, https:\/\/azurefilm.com\/wp-content\/uploads\/2024\/10\/P1388925-768x768.jpg 768w, https:\/\/azurefilm.com\/wp-content\/uploads\/2024\/10\/P1388925-1536x1536.jpg 1536w, https:\/\/azurefilm.com\/wp-content\/uploads\/2024\/10\/P1388925-2048x2048.jpg 2048w\" sizes=\"auto, (max-width: 1020px) 100vw, 1020px\" title=\"\">\t\t\t\t\t\t\n\t\t\t\t\t<\/div>\n\t\t\t\t\t\t\t\t\n<style>\n#image_1213560505 {\n  width: 100%;\n}\n<\/style>\n\t<\/div>\n\t\n\t\t<\/div>\n\t\t\t\t\t<\/div>\n\n\t\n<\/div>\n\t\t<\/div>\n\n\t\t\n<style>\n#section_1089117056 {\n  padding-top: 30px;\n  padding-bottom: 30px;\n  background-color: rgb(242, 215, 182);\n}\n#section_1089117056 .section-bg-overlay {\n  background-color: rgba(255, 255, 255, 0.85);\n}\n<\/style>\n\t<\/section>\n\t\n\n\t<section class=\"section\" id=\"section_203657470\">\n\t\t<div class=\"section-bg fill\" >\n\t\t\t\t\t\t\t\t\t<div class=\"section-bg-overlay absolute fill\"><\/div>\n\t\t\t\n\n\t\t<\/div>\n\n\t\t\n\n\t\t<div class=\"section-content relative\">\n\t\t\t\n<div class=\"row row-large align-middle pb-0\"  id=\"row-1400310198\">\n\n\t<div id=\"col-1078525479\" class=\"col medium-8 small-12 large-8\"  >\n\t\t\t\t<div class=\"col-inner text-left\"  >\n\t\t\t\n\t\t\t\n<h3><b>Warum AzureFilm Refill-Filamente w\u00e4hlen?<\/b><\/h3>\n<ul>\n<li><span style=\"font-weight: 400;\">Wir haben die Plastik-Kabelbinder entfernt und durch eine bessere Option ersetzt, um das Auspacken zu erleichtern.<\/span><\/li>\n<li><span style=\"font-weight: 400;\">Das Filamentende ist jetzt komplett gerade. Das verhindert, dass es in der Spule stecken bleibt und Ihren Druck ruiniert, wenn das Filament ausgeht. <\/span><\/li>\n<li><b>Perfekte Kompatibilit\u00e4t mit AzureFilm und Bambu Lab Spulen.<\/b><\/li>\n<\/ul>\n<h3><\/h3>\n\t\t<\/div>\n\t\t\t\t\t<\/div>\n\n\t\n\n\t<div id=\"col-506451015\" class=\"col medium-4 small-12 large-4\"  >\n\t\t\t\t<div class=\"col-inner\"  >\n\t\t\t\n\t\t\t\n\t<div class=\"img has-hover x md-x lg-x y md-y lg-y\" id=\"image_85800283\">\n\t\t\t\t\t\t\t\t<div class=\"img-inner dark\" >\n\t\t\t<img loading=\"lazy\" decoding=\"async\" width=\"1020\" height=\"1020\" src=\"https:\/\/azurefilm.com\/wp-content\/uploads\/2024\/10\/P1388736-1-1024x1024.jpg\" class=\"attachment-large size-large\" alt=\"\" srcset=\"https:\/\/azurefilm.com\/wp-content\/uploads\/2024\/10\/P1388736-1-1024x1024.jpg 1024w, https:\/\/azurefilm.com\/wp-content\/uploads\/2024\/10\/P1388736-1-scaled-274x274.jpg 274w, https:\/\/azurefilm.com\/wp-content\/uploads\/2024\/10\/P1388736-1-scaled-100x100.jpg 100w, https:\/\/azurefilm.com\/wp-content\/uploads\/2024\/10\/P1388736-1-scaled-510x510.jpg 510w, https:\/\/azurefilm.com\/wp-content\/uploads\/2024\/10\/P1388736-1-300x300.jpg 300w, https:\/\/azurefilm.com\/wp-content\/uploads\/2024\/10\/P1388736-1-150x150.jpg 150w, https:\/\/azurefilm.com\/wp-content\/uploads\/2024\/10\/P1388736-1-768x768.jpg 768w, https:\/\/azurefilm.com\/wp-content\/uploads\/2024\/10\/P1388736-1-1536x1536.jpg 1536w, https:\/\/azurefilm.com\/wp-content\/uploads\/2024\/10\/P1388736-1-2048x2048.jpg 2048w\" sizes=\"auto, (max-width: 1020px) 100vw, 1020px\" title=\"\">\t\t\t\t\t\t\n\t\t\t\t\t<\/div>\n\t\t\t\t\t\t\t\t\n<style>\n#image_85800283 {\n  width: 100%;\n}\n<\/style>\n\t<\/div>\n\t\n\t\t<\/div>\n\t\t\t\t\t<\/div>\n\n\t\n<\/div>\n\t\t<\/div>\n\n\t\t\n<style>\n#section_203657470 {\n  padding-top: 30px;\n  padding-bottom: 30px;\n  background-color: rgb(242, 215, 182);\n}\n#section_203657470 .section-bg-overlay {\n  background-color: rgba(255, 255, 255, 0.85);\n}\n<\/style>\n\t<\/section>\n\t\n<div class=\"is-divider divider clearfix\" style=\"max-width:100%;height:1px;background-color:rgb(17, 107, 168);\"><\/div>\n<p><span style=\"font-weight: 400;\">Unsere Refill PLA Lumberlay Filamente sind perfekt kompatibel mit der <\/span><a href=\"https:\/\/azurefilm.com\/de\/produkt\/azurefilm-master-spool-11-gratis\/?_gl=1*1368ovo*_up*MQ..*_ga*ODc1MTMyNTgxLjE3MzI2OTYyMTg.*_ga_P213FF6C6P*MTczMjY5NjIxNi4xLjAuMTczMjY5NjIxNi4wLjAuMA..\" target=\"_blank\" rel=\"noopener\"><b>AzureFilm Master Spool<\/b><\/a><b> \u2013 die einzige Spule, die Sie jemals brauchen werden<\/b><span style=\"font-weight: 400;\">. By using this reusable spool, you can join us in reducing waste and minimising environmental impact. <\/span><\/p>\n<p><span style=\"font-weight: 400;\">AzureFilm Master Spool ist unsere <\/span><b>wiederverwendbare Spule<\/b><span style=\"font-weight: 400;\">, die eine <\/span><b>nachhaltige und kosteng\u00fcnstige L\u00f6sung<\/b><span style=\"font-weight: 400;\"> f\u00fcr den 3D-Druck bietet. Die Spule ist ein <\/span><b>Satz aus zwei wiederverwendbaren, spritzgegossenen Scheiben<\/b><span style=\"font-weight: 400;\">. This ensures the high durability and precision of the spool. <\/span><\/p>\n<p><span style=\"font-weight: 400;\">Durch den Kauf und die Wiederverwendung unserer Master Spool tragen Sie zu einer saubereren Umwelt bei und genie\u00dfen gleichzeitig ein zuverl\u00e4ssiges und benutzerfreundliches Produkt, das mit den meisten 3D-Druckern kompatibel ist.<\/span><\/p>\n<p><span style=\"font-weight: 400;\">Unsere Refills k\u00f6nnen auch mit der Bambu Lab Reusable Spool verwendet werden. <\/span><\/p>\n<div style=\"padding: 56.25% 0 0 0; position: relative;\"><iframe style=\"position: absolute; top: 0; left: 0; width: 100%; height: 100%;\" title=\"AzureFilm Master Spool\" src=\"https:\/\/player.vimeo.com\/video\/954356184?badge=0&amp;autopause=0&amp;player_id=0&amp;app_id=58479\" frameborder=\"0\"><\/iframe><\/div>\n<p><script src=\"https:\/\/player.vimeo.com\/api\/player.js\"><\/script><\/p>\n<div class=\"is-divider divider clearfix\" style=\"max-width:100%;height:1px;background-color:rgb(17, 107, 168);\"><\/div>\n<h2><b>Eigenschaften und Merkmale<\/b><\/h2>\n<table>\n<thead>\n<tr>\n<th><b>Merkmal<\/b><\/th>\n<th><b>Wert<\/b><\/th>\n<\/tr>\n<tr>\n<td><span style=\"font-weight: 400;\"> Flexibilit\u00e4t<\/span><\/td>\n<td><span style=\"font-weight: 400;\">Niedrig<\/span><\/td>\n<\/tr>\n<tr>\n<td><span style=\"font-weight: 400;\"> St\u00e4rke<\/span><\/td>\n<td><span style=\"font-weight: 400;\">Mittel<\/span><\/td>\n<\/tr>\n<tr>\n<td><span style=\"font-weight: 400;\"> Haltbarkeit<\/span><\/td>\n<td><span style=\"font-weight: 400;\">Mittel<\/span><\/td>\n<\/tr>\n<tr>\n<td><span style=\"font-weight: 400;\"> Schwierigkeit zu verwenden<\/span><\/td>\n<td><span style=\"font-weight: 400;\">Niedrig<\/span><\/td>\n<\/tr>\n<tr>\n<td><span style=\"font-weight: 400;\"> Schrumpfung \/ Verzug<\/span><\/td>\n<td><span style=\"font-weight: 400;\">Minimal<\/span><\/td>\n<\/tr>\n<tr>\n<td><span style=\"font-weight: 400;\"> L\u00f6slich<\/span><\/td>\n<td><span style=\"font-weight: 400;\">Nein<\/span><\/td>\n<\/tr>\n<tr>\n<td><span style=\"font-weight: 400;\"> Verf\u00fcgbarer Durchmesser<\/span><\/td>\n<td><span style=\"font-weight: 400;\">1,75mm<\/span><\/td>\n<\/tr>\n<tr>\n<td><span style=\"font-weight: 400;\"> Hersteller<\/span><\/td>\n<td><span style=\"font-weight: 400;\">AzureFilm<\/span><\/td>\n<\/tr>\n<\/thead>\n<\/table>\n<p><span style=\"font-weight: 400;\">Um mehr \u00fcber Lumberlay-Filamente zu erfahren, lesen Sie unseren Blog. <\/span><\/p>\n<p><span style=\"font-weight: 400;\">Sie k\u00f6nnen das <\/span><b>Technische Datenblatt<\/b> <span style=\"font-weight: 400;\"><a href=\"https:\/\/azurefilm.com\/de\/technical-data-sheets\/\" target=\"_blank\" rel=\"noopener\"><strong> hier<\/strong><\/a>.<\/span><\/p>\n\n  \n    <div class=\"row large-columns-4 medium-columns-3 small-columns-2\" >\n  <div class=\"gallery-col col\" >\n          <div class=\"col-inner\">\n            <a class=\"image-lightbox lightbox-gallery\" href=\"https:\/\/azurefilm.com\/wp-content\/uploads\/3-9-1024x1024.jpg\" title=\"\">            <div class=\"box has-hover gallery-box box-overlay dark\">\n              <div class=\"box-image\" >\n                <img loading=\"lazy\" decoding=\"async\" width=\"300\" height=\"300\" src=\"https:\/\/azurefilm.com\/wp-content\/uploads\/3-9-300x300.jpg\" class=\"attachment-medium size-medium\" alt=\"\" ids=\"73772,73790,73796,73802,73766,73784,73778,73675\" srcset=\"https:\/\/azurefilm.com\/wp-content\/uploads\/3-9-300x300.jpg 300w, https:\/\/azurefilm.com\/wp-content\/uploads\/3-9-274x274.jpg 274w, https:\/\/azurefilm.com\/wp-content\/uploads\/3-9-100x100.jpg 100w, https:\/\/azurefilm.com\/wp-content\/uploads\/3-9-510x510.jpg 510w, https:\/\/azurefilm.com\/wp-content\/uploads\/3-9-1024x1024.jpg 1024w, https:\/\/azurefilm.com\/wp-content\/uploads\/3-9-150x150.jpg 150w, https:\/\/azurefilm.com\/wp-content\/uploads\/3-9-768x768.jpg 768w, https:\/\/azurefilm.com\/wp-content\/uploads\/3-9.jpg 1200w\" sizes=\"auto, (max-width: 300px) 100vw, 300px\" title=\"\">                                  <div class=\"overlay fill\"\n                      style=\"background-color: rgba(0,0,0,.15)\">\n                  <\/div>\n                                                              <\/div>\n              <div class=\"box-text text-left\" >\n                 <p><\/p>\n              <\/div>\n            <\/div>\n            <\/a>          <\/div>\n         <\/div><div class=\"gallery-col col\" >\n          <div class=\"col-inner\">\n            <a class=\"image-lightbox lightbox-gallery\" href=\"https:\/\/azurefilm.com\/wp-content\/uploads\/6-8-1024x1024.jpg\" title=\"\">            <div class=\"box has-hover gallery-box box-overlay dark\">\n              <div class=\"box-image\" >\n                <img loading=\"lazy\" decoding=\"async\" width=\"300\" height=\"300\" src=\"https:\/\/azurefilm.com\/wp-content\/uploads\/6-8-300x300.jpg\" class=\"attachment-medium size-medium\" alt=\"\" ids=\"73772,73790,73796,73802,73766,73784,73778,73675\" srcset=\"https:\/\/azurefilm.com\/wp-content\/uploads\/6-8-300x300.jpg 300w, https:\/\/azurefilm.com\/wp-content\/uploads\/6-8-274x274.jpg 274w, https:\/\/azurefilm.com\/wp-content\/uploads\/6-8-100x100.jpg 100w, https:\/\/azurefilm.com\/wp-content\/uploads\/6-8-510x510.jpg 510w, https:\/\/azurefilm.com\/wp-content\/uploads\/6-8-1024x1024.jpg 1024w, https:\/\/azurefilm.com\/wp-content\/uploads\/6-8-150x150.jpg 150w, https:\/\/azurefilm.com\/wp-content\/uploads\/6-8-768x768.jpg 768w, https:\/\/azurefilm.com\/wp-content\/uploads\/6-8.jpg 1200w\" sizes=\"auto, (max-width: 300px) 100vw, 300px\" title=\"\">                                  <div class=\"overlay fill\"\n                      style=\"background-color: rgba(0,0,0,.15)\">\n                  <\/div>\n                                                              <\/div>\n              <div class=\"box-text text-left\" >\n                 <p><\/p>\n              <\/div>\n            <\/div>\n            <\/a>          <\/div>\n         <\/div><div class=\"gallery-col col\" >\n          <div class=\"col-inner\">\n            <a class=\"image-lightbox lightbox-gallery\" href=\"https:\/\/azurefilm.com\/wp-content\/uploads\/9-8-1024x1024.jpg\" title=\"\">            <div class=\"box has-hover gallery-box box-overlay dark\">\n              <div class=\"box-image\" >\n                <img loading=\"lazy\" decoding=\"async\" width=\"300\" height=\"300\" src=\"https:\/\/azurefilm.com\/wp-content\/uploads\/9-8-300x300.jpg\" class=\"attachment-medium size-medium\" alt=\"\" ids=\"73772,73790,73796,73802,73766,73784,73778,73675\" srcset=\"https:\/\/azurefilm.com\/wp-content\/uploads\/9-8-300x300.jpg 300w, https:\/\/azurefilm.com\/wp-content\/uploads\/9-8-274x274.jpg 274w, https:\/\/azurefilm.com\/wp-content\/uploads\/9-8-100x100.jpg 100w, https:\/\/azurefilm.com\/wp-content\/uploads\/9-8-510x510.jpg 510w, https:\/\/azurefilm.com\/wp-content\/uploads\/9-8-1024x1024.jpg 1024w, https:\/\/azurefilm.com\/wp-content\/uploads\/9-8-150x150.jpg 150w, https:\/\/azurefilm.com\/wp-content\/uploads\/9-8-768x768.jpg 768w, https:\/\/azurefilm.com\/wp-content\/uploads\/9-8.jpg 1200w\" sizes=\"auto, (max-width: 300px) 100vw, 300px\" title=\"\">                                  <div class=\"overlay fill\"\n                      style=\"background-color: rgba(0,0,0,.15)\">\n                  <\/div>\n                                                              <\/div>\n              <div class=\"box-text text-left\" >\n                 <p><\/p>\n              <\/div>\n            <\/div>\n            <\/a>          <\/div>\n         <\/div><div class=\"gallery-col col\" >\n          <div class=\"col-inner\">\n            <a class=\"image-lightbox lightbox-gallery\" href=\"https:\/\/azurefilm.com\/wp-content\/uploads\/10-8-1024x1024.jpg\" title=\"\">            <div class=\"box has-hover gallery-box box-overlay dark\">\n              <div class=\"box-image\" >\n                <img loading=\"lazy\" decoding=\"async\" width=\"300\" height=\"300\" src=\"https:\/\/azurefilm.com\/wp-content\/uploads\/10-8-300x300.jpg\" class=\"attachment-medium size-medium\" alt=\"\" ids=\"73772,73790,73796,73802,73766,73784,73778,73675\" srcset=\"https:\/\/azurefilm.com\/wp-content\/uploads\/10-8-300x300.jpg 300w, https:\/\/azurefilm.com\/wp-content\/uploads\/10-8-274x274.jpg 274w, https:\/\/azurefilm.com\/wp-content\/uploads\/10-8-100x100.jpg 100w, https:\/\/azurefilm.com\/wp-content\/uploads\/10-8-510x510.jpg 510w, https:\/\/azurefilm.com\/wp-content\/uploads\/10-8-1024x1024.jpg 1024w, https:\/\/azurefilm.com\/wp-content\/uploads\/10-8-150x150.jpg 150w, https:\/\/azurefilm.com\/wp-content\/uploads\/10-8-768x768.jpg 768w, https:\/\/azurefilm.com\/wp-content\/uploads\/10-8.jpg 1200w\" sizes=\"auto, (max-width: 300px) 100vw, 300px\" title=\"\">                                  <div class=\"overlay fill\"\n                      style=\"background-color: rgba(0,0,0,.15)\">\n                  <\/div>\n                                                              <\/div>\n              <div class=\"box-text text-left\" >\n                 <p><\/p>\n              <\/div>\n            <\/div>\n            <\/a>          <\/div>\n         <\/div><div class=\"gallery-col col\" >\n          <div class=\"col-inner\">\n            <a class=\"image-lightbox lightbox-gallery\" href=\"https:\/\/azurefilm.com\/wp-content\/uploads\/1-4-1024x1024.jpg\" title=\"\">            <div class=\"box has-hover gallery-box box-overlay dark\">\n              <div class=\"box-image\" >\n                <img loading=\"lazy\" decoding=\"async\" width=\"300\" height=\"300\" src=\"https:\/\/azurefilm.com\/wp-content\/uploads\/1-4-300x300.jpg\" class=\"attachment-medium size-medium\" alt=\"\" ids=\"73772,73790,73796,73802,73766,73784,73778,73675\" srcset=\"https:\/\/azurefilm.com\/wp-content\/uploads\/1-4-300x300.jpg 300w, https:\/\/azurefilm.com\/wp-content\/uploads\/1-4-274x274.jpg 274w, https:\/\/azurefilm.com\/wp-content\/uploads\/1-4-100x100.jpg 100w, https:\/\/azurefilm.com\/wp-content\/uploads\/1-4-510x510.jpg 510w, https:\/\/azurefilm.com\/wp-content\/uploads\/1-4-1024x1024.jpg 1024w, https:\/\/azurefilm.com\/wp-content\/uploads\/1-4-150x150.jpg 150w, https:\/\/azurefilm.com\/wp-content\/uploads\/1-4-768x768.jpg 768w, https:\/\/azurefilm.com\/wp-content\/uploads\/1-4.jpg 1200w\" sizes=\"auto, (max-width: 300px) 100vw, 300px\" title=\"\">                                  <div class=\"overlay fill\"\n                      style=\"background-color: rgba(0,0,0,.15)\">\n                  <\/div>\n                                                              <\/div>\n              <div class=\"box-text text-left\" >\n                 <p><\/p>\n              <\/div>\n            <\/div>\n            <\/a>          <\/div>\n         <\/div><div class=\"gallery-col col\" >\n          <div class=\"col-inner\">\n            <a class=\"image-lightbox lightbox-gallery\" href=\"https:\/\/azurefilm.com\/wp-content\/uploads\/5-9-1024x1024.jpg\" title=\"\">            <div class=\"box has-hover gallery-box box-overlay dark\">\n              <div class=\"box-image\" >\n                <img loading=\"lazy\" decoding=\"async\" width=\"300\" height=\"300\" src=\"https:\/\/azurefilm.com\/wp-content\/uploads\/5-9-300x300.jpg\" class=\"attachment-medium size-medium\" alt=\"\" ids=\"73772,73790,73796,73802,73766,73784,73778,73675\" srcset=\"https:\/\/azurefilm.com\/wp-content\/uploads\/5-9-300x300.jpg 300w, https:\/\/azurefilm.com\/wp-content\/uploads\/5-9-274x274.jpg 274w, https:\/\/azurefilm.com\/wp-content\/uploads\/5-9-100x100.jpg 100w, https:\/\/azurefilm.com\/wp-content\/uploads\/5-9-510x510.jpg 510w, https:\/\/azurefilm.com\/wp-content\/uploads\/5-9-1024x1024.jpg 1024w, https:\/\/azurefilm.com\/wp-content\/uploads\/5-9-150x150.jpg 150w, https:\/\/azurefilm.com\/wp-content\/uploads\/5-9-768x768.jpg 768w, https:\/\/azurefilm.com\/wp-content\/uploads\/5-9.jpg 1200w\" sizes=\"auto, (max-width: 300px) 100vw, 300px\" title=\"\">                                  <div class=\"overlay fill\"\n                      style=\"background-color: rgba(0,0,0,.15)\">\n                  <\/div>\n                                                              <\/div>\n              <div class=\"box-text text-left\" >\n                 <p><\/p>\n              <\/div>\n            <\/div>\n            <\/a>          <\/div>\n         <\/div><div class=\"gallery-col col\" >\n          <div class=\"col-inner\">\n            <a class=\"image-lightbox lightbox-gallery\" href=\"https:\/\/azurefilm.com\/wp-content\/uploads\/4-9-1024x1024.jpg\" title=\"\">            <div class=\"box has-hover gallery-box box-overlay dark\">\n              <div class=\"box-image\" >\n                <img loading=\"lazy\" decoding=\"async\" width=\"300\" height=\"300\" src=\"https:\/\/azurefilm.com\/wp-content\/uploads\/4-9-300x300.jpg\" class=\"attachment-medium size-medium\" alt=\"\" ids=\"73772,73790,73796,73802,73766,73784,73778,73675\" srcset=\"https:\/\/azurefilm.com\/wp-content\/uploads\/4-9-300x300.jpg 300w, https:\/\/azurefilm.com\/wp-content\/uploads\/4-9-274x274.jpg 274w, https:\/\/azurefilm.com\/wp-content\/uploads\/4-9-100x100.jpg 100w, https:\/\/azurefilm.com\/wp-content\/uploads\/4-9-510x510.jpg 510w, https:\/\/azurefilm.com\/wp-content\/uploads\/4-9-1024x1024.jpg 1024w, https:\/\/azurefilm.com\/wp-content\/uploads\/4-9-150x150.jpg 150w, https:\/\/azurefilm.com\/wp-content\/uploads\/4-9-768x768.jpg 768w, https:\/\/azurefilm.com\/wp-content\/uploads\/4-9.jpg 1200w\" sizes=\"auto, (max-width: 300px) 100vw, 300px\" title=\"\">                                  <div class=\"overlay fill\"\n                      style=\"background-color: rgba(0,0,0,.15)\">\n                  <\/div>\n                                                              <\/div>\n              <div class=\"box-text text-left\" >\n                 <p><\/p>\n              <\/div>\n            <\/div>\n            <\/a>          <\/div>\n         <\/div><div class=\"gallery-col col\" >\n          <div class=\"col-inner\">\n            <a class=\"image-lightbox lightbox-gallery\" href=\"https:\/\/azurefilm.com\/wp-content\/uploads\/2-4-1024x1024.jpg\" title=\"\">            <div class=\"box has-hover gallery-box box-overlay dark\">\n              <div class=\"box-image\" >\n                <img loading=\"lazy\" decoding=\"async\" width=\"300\" height=\"300\" src=\"https:\/\/azurefilm.com\/wp-content\/uploads\/2-4-300x300.jpg\" class=\"attachment-medium size-medium\" alt=\"\" ids=\"73772,73790,73796,73802,73766,73784,73778,73675\" srcset=\"https:\/\/azurefilm.com\/wp-content\/uploads\/2-4-300x300.jpg 300w, https:\/\/azurefilm.com\/wp-content\/uploads\/2-4-274x274.jpg 274w, https:\/\/azurefilm.com\/wp-content\/uploads\/2-4-100x100.jpg 100w, https:\/\/azurefilm.com\/wp-content\/uploads\/2-4-510x510.jpg 510w, https:\/\/azurefilm.com\/wp-content\/uploads\/2-4-1024x1024.jpg 1024w, https:\/\/azurefilm.com\/wp-content\/uploads\/2-4-150x150.jpg 150w, https:\/\/azurefilm.com\/wp-content\/uploads\/2-4-768x768.jpg 768w, https:\/\/azurefilm.com\/wp-content\/uploads\/2-4.jpg 1200w\" sizes=\"auto, (max-width: 300px) 100vw, 300px\" title=\"\">                                  <div class=\"overlay fill\"\n                      style=\"background-color: rgba(0,0,0,.15)\">\n                  <\/div>\n                                                              <\/div>\n              <div class=\"box-text text-left\" >\n                 <p><\/p>\n              <\/div>\n            <\/div>\n            <\/a>          <\/div>\n         <\/div><\/div>\n","protected":false},"excerpt":{"rendered":"<p><span style=\"font-weight: 400;\">Kaufen Sie Refill LumberLay Wei\u00dfes Holz f\u00fcr 3D-Drucke, die wie echtes Holz riechen, sich anf\u00fchlen und aussehen. Hergestellt aus 40% recyceltem Holz.<\/span><\/p>\n<p><b>Hinweis: <\/b><span style=\"font-weight: 400;\">Aufgrund nat\u00fcrlicher Variationen in den Holzfasern kann es zwischen den Chargen der LumberLay-Filamente zu geringf\u00fcgigen Farbabweichungen kommen. <\/span><\/p>\n","protected":false},"featured_media":113223,"comment_status":"closed","ping_status":"closed","template":"","meta":{"_acf_changed":false},"product_brand":[],"product_cat":[2169,1669,1672,1991,1837],"product_tag":[1839],"brand":[],"class_list":{"0":"post-54381","1":"product","2":"type-product","3":"status-publish","4":"has-post-thumbnail","6":"product_cat-refill-lumberlay-de","7":"product_cat-3d-filamente","8":"product_cat-alle-filamente","9":"product_cat-lumberlay-filamente","10":"product_cat-refill-filamente","11":"product_tag-oko","12":"pa_colour-white","13":"pa_filament-diameter-1-75mm","14":"pa_filament-weight-750g","16":"first","17":"instock","18":"taxable","19":"shipping-taxable","20":"purchasable","21":"product-type-variable"},"acf":[],"_links":{"self":[{"href":"https:\/\/azurefilm.com\/de\/wp-json\/wp\/v2\/product\/54381","targetHints":{"allow":["GET"]}}],"collection":[{"href":"https:\/\/azurefilm.com\/de\/wp-json\/wp\/v2\/product"}],"about":[{"href":"https:\/\/azurefilm.com\/de\/wp-json\/wp\/v2\/types\/product"}],"replies":[{"embeddable":true,"href":"https:\/\/azurefilm.com\/de\/wp-json\/wp\/v2\/comments?post=54381"}],"wp:featuredmedia":[{"embeddable":true,"href":"https:\/\/azurefilm.com\/de\/wp-json\/wp\/v2\/media\/113223"}],"wp:attachment":[{"href":"https:\/\/azurefilm.com\/de\/wp-json\/wp\/v2\/media?parent=54381"}],"wp:term":[{"taxonomy":"product_brand","embeddable":true,"href":"https:\/\/azurefilm.com\/de\/wp-json\/wp\/v2\/product_brand?post=54381"},{"taxonomy":"product_cat","embeddable":true,"href":"https:\/\/azurefilm.com\/de\/wp-json\/wp\/v2\/product_cat?post=54381"},{"taxonomy":"product_tag","embeddable":true,"href":"https:\/\/azurefilm.com\/de\/wp-json\/wp\/v2\/product_tag?post=54381"},{"taxonomy":"brand","embeddable":true,"href":"https:\/\/azurefilm.com\/de\/wp-json\/wp\/v2\/brand?post=54381"}],"curies":[{"name":"wp","href":"https:\/\/api.w.org\/{rel}","templated":true}]}}