
{"id":63101,"date":"2024-11-19T12:29:20","date_gmt":"2024-11-19T12:29:20","guid":{"rendered":"https:\/\/azurefilm.com\/product\/humidifier-diy-kit\/"},"modified":"2025-02-28T11:58:48","modified_gmt":"2025-02-28T11:58:48","slug":"luftbefeuchter-diy-kit","status":"publish","type":"product","link":"https:\/\/azurefilm.com\/de\/produkt\/luftbefeuchter-diy-kit\/","title":{"rendered":"Luftbefeuchter DIY kit"},"content":{"rendered":"<h2><strong>Luftbefeuchter DIY kit<\/strong><\/h2>\n<p><span style=\"font-weight: 400;\">Verabschieden Sie sich von trockener Luft und begr\u00fc\u00dfen Sie eine frische, stilvolle Umgebung mit unserem 3D-gedruckten DIY-Luftbefeuchter-Kit! Dieses innovative Kit von Tylman Design erm\u00f6glicht Ihnen die Herstellung eines kompakten, minimalistischen und \u00e4u\u00dferst funktionalen Luftbefeuchters. Es wurde f\u00fcr die Verwendung mit unserem hochwertigen Filament entwickelt und ist das perfekte Projekt f\u00fcr alle, die praktische Kreativit\u00e4t mit einem praktischen Touch lieben.<\/span><\/p>\n\n\t<section class=\"section pb-0\" id=\"section_55478938\">\n\t\t<div class=\"section-bg fill\" >\n\t\t\t\t\t\t\t\t\t<div class=\"section-bg-overlay absolute fill\"><\/div>\n\t\t\t\n\n\t\t<\/div>\n\n\t\t\n\n\t\t<div class=\"section-content relative\">\n\t\t\t\n<div class=\"row row-large align-middle\"  id=\"row-576378037\">\n\n\t<div id=\"col-2004830151\" class=\"col medium-8 small-12 large-8\"  >\n\t\t\t\t<div class=\"col-inner text-left\"  >\n\t\t\t\n\t\t\t\n<h3><strong>Minimalistisches und modernes Design<\/strong><\/h3>\n<p><span style=\"font-weight: 400;\">Das kompakte, \u00e4sthetische Design dieses Luftbefeuchters f\u00fcgt sich nahtlos in jede Raumgestaltung ein. Sein minimalistischer Stil ist ideal f\u00fcr alle, die Form und Funktion sch\u00e4tzen, und macht ihn zu einer einzigartigen Erg\u00e4nzung f\u00fcr Ihren Raum.<\/span><\/p>\n\t\t<\/div>\n\t\t\t\t\t<\/div>\n\n\t\n\n\t<div id=\"col-2107527408\" class=\"col medium-4 small-12 large-4\"  >\n\t\t\t\t<div class=\"col-inner\"  >\n\t\t\t\n\t\t\t\n\t<div class=\"img has-hover x md-x lg-x y md-y lg-y\" id=\"image_1270498457\">\n\t\t\t\t\t\t\t\t<div class=\"img-inner dark\" >\n\t\t\t<img loading=\"lazy\" decoding=\"async\" width=\"1020\" height=\"680\" src=\"https:\/\/azurefilm.com\/wp-content\/uploads\/2024\/11\/4-1024x683.jpg\" class=\"attachment-large size-large\" alt=\"\" srcset=\"https:\/\/azurefilm.com\/wp-content\/uploads\/2024\/11\/4-1024x683.jpg 1024w, https:\/\/azurefilm.com\/wp-content\/uploads\/2024\/11\/4-510x340.jpg 510w, https:\/\/azurefilm.com\/wp-content\/uploads\/2024\/11\/4-300x200.jpg 300w, https:\/\/azurefilm.com\/wp-content\/uploads\/2024\/11\/4-768x512.jpg 768w, https:\/\/azurefilm.com\/wp-content\/uploads\/2024\/11\/4-1536x1024.jpg 1536w, https:\/\/azurefilm.com\/wp-content\/uploads\/2024\/11\/4.jpg 1800w\" sizes=\"auto, (max-width: 1020px) 100vw, 1020px\" title=\"\">\t\t\t\t\t\t\n\t\t\t\t\t<\/div>\n\t\t\t\t\t\t\t\t\n<style>\n#image_1270498457 {\n  width: 100%;\n}\n<\/style>\n\t<\/div>\n\t\n\t\t<\/div>\n\t\t\t\t\t<\/div>\n\n\t\n<\/div>\n<div class=\"row row-large align-middle\"  id=\"row-53488089\">\n\n\t<div id=\"col-2017516676\" class=\"col medium-8 small-12 large-8\"  >\n\t\t\t\t<div class=\"col-inner text-left\"  >\n\t\t\t\n\t\t\t\n<h3><strong>Stromversorgung \u00fcber USB, praktisch und tragbar<\/strong><\/h3>\n<p><span style=\"font-weight: 400;\">Dank der USB-Stromversorgung k\u00f6nnen Sie diesen Luftbefeuchter problemlos \u00fcberall aufstellen, wo Sie ihn brauchen, sei es auf Ihrem Schreibtisch, neben dem Bett oder auf einem Regal in Ihrem Wohnzimmer. Schlie\u00dfen Sie ihn einfach an einen beliebigen USB-Anschluss an und schon kann es losgehen.<\/span><\/p>\n\t\t<\/div>\n\t\t\t\t\t<\/div>\n\n\t\n\n\t<div id=\"col-2008254416\" class=\"col medium-4 small-12 large-4\"  >\n\t\t\t\t<div class=\"col-inner\"  >\n\t\t\t\n\t\t\t\n\t<div class=\"img has-hover x md-x lg-x y md-y lg-y\" id=\"image_747815662\">\n\t\t\t\t\t\t\t\t<div class=\"img-inner dark\" >\n\t\t\t<img loading=\"lazy\" decoding=\"async\" width=\"1020\" height=\"680\" src=\"https:\/\/azurefilm.com\/wp-content\/uploads\/2024\/11\/humidifier-parts-1024x683.jpg\" class=\"attachment-large size-large\" alt=\"\" srcset=\"https:\/\/azurefilm.com\/wp-content\/uploads\/2024\/11\/humidifier-parts-1024x683.jpg 1024w, https:\/\/azurefilm.com\/wp-content\/uploads\/2024\/11\/humidifier-parts-510x340.jpg 510w, https:\/\/azurefilm.com\/wp-content\/uploads\/2024\/11\/humidifier-parts-300x200.jpg 300w, https:\/\/azurefilm.com\/wp-content\/uploads\/2024\/11\/humidifier-parts-768x512.jpg 768w, https:\/\/azurefilm.com\/wp-content\/uploads\/2024\/11\/humidifier-parts-1536x1024.jpg 1536w, https:\/\/azurefilm.com\/wp-content\/uploads\/2024\/11\/humidifier-parts.jpg 1800w\" sizes=\"auto, (max-width: 1020px) 100vw, 1020px\" title=\"\">\t\t\t\t\t\t\n\t\t\t\t\t<\/div>\n\t\t\t\t\t\t\t\t\n<style>\n#image_747815662 {\n  width: 100%;\n}\n<\/style>\n\t<\/div>\n\t\n\t\t<\/div>\n\t\t\t\t\t<\/div>\n\n\t\n<\/div>\n<div class=\"row row-large align-middle\"  id=\"row-867268777\">\n\n\t<div id=\"col-1603030864\" class=\"col medium-8 small-12 large-8\"  >\n\t\t\t\t<div class=\"col-inner text-left\"  >\n\t\t\t\n\t\t\t\n<h3><strong>Wassertank mit optimaler Kapazit\u00e4t<\/strong><\/h3>\n<p><span style=\"font-weight: 400;\">Der 3D-gedruckte Wassertank ist einfach gestaltet und l\u00e4sst sich leicht zusammenbauen und drucken. Mit einer Kapazit\u00e4t von 1,5 Stunden ist er ideal f\u00fcr kurze Sitzungen und liefert genau die richtige Menge an Feuchtigkeit, um Trockenheit zu bek\u00e4mpfen, ohne dass er st\u00e4ndig nachgef\u00fcllt werden muss.<\/span><\/p>\n\t\t<\/div>\n\t\t\t\t\t<\/div>\n\n\t\n\n\t<div id=\"col-1215091562\" class=\"col medium-4 small-12 large-4\"  >\n\t\t\t\t<div class=\"col-inner\"  >\n\t\t\t\n\t\t\t\n\t<div class=\"img has-hover x md-x lg-x y md-y lg-y\" id=\"image_168848585\">\n\t\t\t\t\t\t\t\t<div class=\"img-inner dark\" >\n\t\t\t<img loading=\"lazy\" decoding=\"async\" width=\"1020\" height=\"680\" src=\"https:\/\/azurefilm.com\/wp-content\/uploads\/2024\/11\/humidifier-3d-printed-parts-1024x683.jpg\" class=\"attachment-large size-large\" alt=\"\" srcset=\"https:\/\/azurefilm.com\/wp-content\/uploads\/2024\/11\/humidifier-3d-printed-parts-1024x683.jpg 1024w, https:\/\/azurefilm.com\/wp-content\/uploads\/2024\/11\/humidifier-3d-printed-parts-510x340.jpg 510w, https:\/\/azurefilm.com\/wp-content\/uploads\/2024\/11\/humidifier-3d-printed-parts-300x200.jpg 300w, https:\/\/azurefilm.com\/wp-content\/uploads\/2024\/11\/humidifier-3d-printed-parts-768x512.jpg 768w, https:\/\/azurefilm.com\/wp-content\/uploads\/2024\/11\/humidifier-3d-printed-parts-1536x1024.jpg 1536w, https:\/\/azurefilm.com\/wp-content\/uploads\/2024\/11\/humidifier-3d-printed-parts.jpg 1800w\" sizes=\"auto, (max-width: 1020px) 100vw, 1020px\" title=\"\">\t\t\t\t\t\t\n\t\t\t\t\t<\/div>\n\t\t\t\t\t\t\t\t\n<style>\n#image_168848585 {\n  width: 100%;\n}\n<\/style>\n\t<\/div>\n\t\n\t\t<\/div>\n\t\t\t\t\t<\/div>\n\n\t\n<\/div>\n\t\t<\/div>\n\n\t\t\n<style>\n#section_55478938 {\n  padding-top: 30px;\n  padding-bottom: 30px;\n  background-color: rgb(193, 193, 193);\n}\n#section_55478938 .section-bg-overlay {\n  background-color: rgba(255, 255, 255, 0.85);\n}\n<\/style>\n\t<\/section>\n\t\n\n\t<section class=\"section\" id=\"section_1488230472\">\n\t\t<div class=\"section-bg fill\" >\n\t\t\t\t\t\t\t\t\t<div class=\"section-bg-overlay absolute fill\"><\/div>\n\t\t\t\n\n\t\t<\/div>\n\n\t\t\n\n\t\t<div class=\"section-content relative\">\n\t\t\t\n<div class=\"row row-large align-middle\"  id=\"row-1746132702\">\n\n\t<div id=\"col-1011058977\" class=\"col medium-8 small-12 large-8\"  >\n\t\t\t\t<div class=\"col-inner text-left\"  >\n\t\t\t\n\t\t\t\n<h3><strong>Hohe Kompatibilit\u00e4t mit unserem Filament<\/strong><\/h3>\n<p><span style=\"font-weight: 400;\">Dieses Kit wurde so entwickelt, dass es perfekt mit unserem Filament funktioniert und die beste Druckqualit\u00e4t f\u00fcr einen langlebigen und funktionalen Luftbefeuchter gew\u00e4hrleistet. Durch die Verwendung unseres Filaments erzielen Sie ein glattes, zuverl\u00e4ssiges Finish, das sowohl die \u00c4sthetik als auch die Betriebsqualit\u00e4t Ihres Luftbefeuchters verbessert.<\/span><\/p>\n<a href=\"https:\/\/azurefilm.com\/de\/produkt-kategorie\/3d-filamente\/\" target=\"_blank\" class=\"button primary diy-btn\" rel=\"noopener\" >\n\t\t<span>Finden Sie das richtige Filament &gt;&gt;<\/span>\n\t<\/a>\n\n\t\t<\/div>\n\t\t\t\t\t<\/div>\n\n\t\n\n\t<div id=\"col-174039010\" class=\"col medium-4 small-12 large-4\"  >\n\t\t\t\t<div class=\"col-inner\"  >\n\t\t\t\n\t\t\t\n\t<div class=\"img has-hover x md-x lg-x y md-y lg-y\" id=\"image_225646099\">\n\t\t<a class=\"\" href=\"https:\/\/azurefilm.com\/3d-filaments\/\" >\t\t\t\t\t\t<div class=\"img-inner dark\" >\n\t\t\t<img loading=\"lazy\" decoding=\"async\" width=\"1020\" height=\"680\" src=\"https:\/\/azurefilm.com\/wp-content\/uploads\/2024\/11\/5-1024x683.jpg\" class=\"attachment-large size-large\" alt=\"\" srcset=\"https:\/\/azurefilm.com\/wp-content\/uploads\/2024\/11\/5-1024x683.jpg 1024w, https:\/\/azurefilm.com\/wp-content\/uploads\/2024\/11\/5-510x340.jpg 510w, https:\/\/azurefilm.com\/wp-content\/uploads\/2024\/11\/5-300x200.jpg 300w, https:\/\/azurefilm.com\/wp-content\/uploads\/2024\/11\/5-768x512.jpg 768w, https:\/\/azurefilm.com\/wp-content\/uploads\/2024\/11\/5-1536x1024.jpg 1536w, https:\/\/azurefilm.com\/wp-content\/uploads\/2024\/11\/5.jpg 1800w\" sizes=\"auto, (max-width: 1020px) 100vw, 1020px\" title=\"\">\t\t\t\t\t\t\n\t\t\t\t\t<\/div>\n\t\t\t\t\t\t<\/a>\t\t\n<style>\n#image_225646099 {\n  width: 100%;\n}\n<\/style>\n\t<\/div>\n\t\n\t\t<\/div>\n\t\t\t\t\t<\/div>\n\n\t\n<\/div>\n\t\t<\/div>\n\n\t\t\n<style>\n#section_1488230472 {\n  padding-top: 30px;\n  padding-bottom: 30px;\n  background-color: rgb(193, 193, 193);\n}\n#section_1488230472 .section-bg-overlay {\n  background-color: rgba(255, 255, 255, 0.85);\n}\n<\/style>\n\t<\/section>\n\t\n\t<div id=\"gap-1239085012\" class=\"gap-element clearfix\" style=\"display:block; height:auto;\">\n\t\t\n<style>\n#gap-1239085012 {\n  padding-top: 15px;\n}\n<\/style>\n\t<\/div>\n\t\n<h2><strong>Warum sollten Sie sich f\u00fcr unser Luftbefeuchter-DIY kit entscheiden?<\/strong><\/h2>\n<p><span style=\"font-weight: 400;\">Einen eigenen Luftbefeuchter zu bauen, verleiht Ihrem Ger\u00e4t nicht nur eine pers\u00f6nliche Note, sondern bietet Ihnen auch eine praktische L\u00f6sung, die umweltfreundlich und effizient ist. Dieses Set ist ideal f\u00fcr Maker, Heimwerker und alle, die sich f\u00fcr 3D-Druck und Heimwerkerprojekte interessieren. Dank der USB-Stromversorgung und der kompakten Gr\u00f6\u00dfe l\u00e4sst es sich au\u00dferdem leicht mitnehmen, sodass Ihnen nie die frische, befeuchtete Luft ausgeht!<\/span><\/p>\n<h3><strong>Das Kit enth\u00e4lt:<\/strong><\/h3>\n<ul>\n<li style=\"font-weight: 400;\" aria-level=\"1\"><span style=\"font-weight: 400;\">USB-Kabel<\/span><\/li>\n<li style=\"font-weight: 400;\" aria-level=\"1\"><span style=\"font-weight: 400;\">Piezoelektrische Membran mit Schwamm<\/span><\/li>\n<li style=\"font-weight: 400;\" aria-level=\"1\"><span style=\"font-weight: 400;\">Zerst\u00e4uber-Antriebsschaltung<\/span><\/li>\n<li style=\"font-weight: 400;\" aria-level=\"1\"><span style=\"font-weight: 400;\">Schrauben<\/span><\/li>\n<li style=\"font-weight: 400;\" aria-level=\"1\"><span style=\"font-weight: 400;\">Inbusschl\u00fcssel<\/span><\/li>\n<li style=\"font-weight: 400;\" aria-level=\"1\"><span style=\"font-weight: 400;\"><strong>Einen QR-Code, der zu allen STL-Dateien f\u00fchrt, die Sie ben\u00f6tigen<\/strong> (Luftbefeuchtergeh\u00e4use, Wassertank, elektronische Abdeckung und Taste)<\/span><\/li>\n<\/ul>\n","protected":false},"excerpt":{"rendered":"<p><span style=\"font-weight: 400;\">Sorgen Sie mit diesem kompakten, eleganten und 3D-gedruckten Luftbefeuchter-Set selbst f\u00fcr frischen Wind.<\/span><\/p>\n<p><span style=\"font-weight: 400;\">Ja, Sie k\u00f6nnen mit diesem DIY-Kit Ihren eigenen 3D-gedruckten Luftbefeuchter herstellen! Mit einem USB-betriebenen Design und einer Wassertankkapazit\u00e4t von 1,5 Stunden ist es die perfekte Kombination aus \u00c4sthetik und Funktionalit\u00e4t.<\/span><\/p>\n","protected":false},"featured_media":62258,"comment_status":"closed","ping_status":"closed","template":"","meta":{"_acf_changed":false},"product_brand":[],"product_cat":[2619,1669,1672],"product_tag":[],"brand":[],"class_list":{"0":"post-63101","1":"product","2":"type-product","3":"status-publish","4":"has-post-thumbnail","6":"product_cat-diy-kits-de","7":"product_cat-3d-filamente","8":"product_cat-alle-filamente","10":"first","11":"instock","12":"taxable","13":"shipping-taxable","14":"purchasable","15":"product-type-simple"},"acf":[],"_links":{"self":[{"href":"https:\/\/azurefilm.com\/de\/wp-json\/wp\/v2\/product\/63101","targetHints":{"allow":["GET"]}}],"collection":[{"href":"https:\/\/azurefilm.com\/de\/wp-json\/wp\/v2\/product"}],"about":[{"href":"https:\/\/azurefilm.com\/de\/wp-json\/wp\/v2\/types\/product"}],"replies":[{"embeddable":true,"href":"https:\/\/azurefilm.com\/de\/wp-json\/wp\/v2\/comments?post=63101"}],"wp:featuredmedia":[{"embeddable":true,"href":"https:\/\/azurefilm.com\/de\/wp-json\/wp\/v2\/media\/62258"}],"wp:attachment":[{"href":"https:\/\/azurefilm.com\/de\/wp-json\/wp\/v2\/media?parent=63101"}],"wp:term":[{"taxonomy":"product_brand","embeddable":true,"href":"https:\/\/azurefilm.com\/de\/wp-json\/wp\/v2\/product_brand?post=63101"},{"taxonomy":"product_cat","embeddable":true,"href":"https:\/\/azurefilm.com\/de\/wp-json\/wp\/v2\/product_cat?post=63101"},{"taxonomy":"product_tag","embeddable":true,"href":"https:\/\/azurefilm.com\/de\/wp-json\/wp\/v2\/product_tag?post=63101"},{"taxonomy":"brand","embeddable":true,"href":"https:\/\/azurefilm.com\/de\/wp-json\/wp\/v2\/brand?post=63101"}],"curies":[{"name":"wp","href":"https:\/\/api.w.org\/{rel}","templated":true}]}}