
{"id":63104,"date":"2024-11-19T12:28:44","date_gmt":"2024-11-19T12:28:44","guid":{"rendered":"https:\/\/azurefilm.com\/product\/spoolker-diy-kit\/"},"modified":"2024-12-04T08:38:46","modified_gmt":"2024-12-04T08:38:46","slug":"spoolker-diy-kit","status":"publish","type":"product","link":"https:\/\/azurefilm.com\/de\/produkt\/spoolker-diy-kit\/","title":{"rendered":"Spoolker DIY kit"},"content":{"rendered":"<h2><strong>Spoolker DIY kit<\/strong><\/h2>\n<p><span style=\"font-weight: 400;\">Das Spoolker-DIY-Kit ist sowohl f\u00fcr Musikliebhaber als auch f\u00fcr 3D-Druck-Enthusiasten konzipiert, die eine Mischung aus Kreativit\u00e4t und Funktionalit\u00e4t sch\u00e4tzen. Mit seinem einzigartigen, druckfreundlichen Design k\u00f6nnen Sie mit diesem Bluetooth-Lautsprecher-Kit einen Lautsprecher bauen, der nicht nur praktisch ist, sondern auch perfekt f\u00fcr eine individuelle Note Ihres Stils.<\/span><\/p>\n\n\t<section class=\"section pb-0\" id=\"section_362492627\">\n\t\t<div class=\"section-bg fill\" >\n\t\t\t\t\t\t\t\t\t<div class=\"section-bg-overlay absolute fill\"><\/div>\n\t\t\t\n\n\t\t<\/div>\n\n\t\t\n\n\t\t<div class=\"section-content relative\">\n\t\t\t\n<div class=\"row row-large align-middle\"  id=\"row-1689246695\">\n\n\t<div id=\"col-1031765163\" class=\"col medium-6 small-12 large-6\"  >\n\t\t\t\t<div class=\"col-inner text-left\"  >\n\t\t\t\n\t\t\t\n<h3><strong>Einfache Bluetooth-Verbindung<\/strong><\/h3>\n<p><span style=\"font-weight: 400;\">Der Spoolker ist mit Laptops, Smartphones und anderen Bluetooth-f\u00e4higen Ger\u00e4ten kompatibel. Egal, ob Sie arbeiten, lernen oder einfach nur entspannen, stellen Sie ganz einfach eine Verbindung her und spielen Sie Ihre Lieblingstitel ab \u2013 ohne l\u00e4stige Kabel oder komplizierte Einrichtung.<\/span><\/p>\n<h3><strong>3-W-Lautsprecher f\u00fcr hochwertigen Sound<\/strong><\/h3>\n<p><span style=\"font-weight: 400;\">Ausgestattet mit einem 3-W-Lautsprecher liefert dieses DIY-Kit eine hohe Klangqualit\u00e4t und sorgt f\u00fcr klaren und kraftvollen Sound \u2013 perfekt f\u00fcr die meisten Musikgenres (f\u00fcr Heavy Dubstep ist es allerdings nicht ganz geeignet). Genie\u00dfen Sie ein sattes Klangerlebnis, das f\u00fcr den allt\u00e4glichen Gebrauch konzipiert ist.<\/span><\/p>\n\t\t<\/div>\n\t\t\t\t\t<\/div>\n\n\t\n\n\t<div id=\"col-416222752\" class=\"col medium-6 small-12 large-6\"  >\n\t\t\t\t<div class=\"col-inner\"  >\n\t\t\t\n\t\t\t\n\t<div class=\"img has-hover x md-x lg-x y md-y lg-y\" id=\"image_53001260\">\n\t\t\t\t\t\t\t\t<div class=\"img-inner dark\" >\n\t\t\t<img loading=\"lazy\" decoding=\"async\" width=\"1020\" height=\"680\" src=\"https:\/\/azurefilm.com\/wp-content\/uploads\/2024\/11\/spoolker-parts-1024x683.jpg\" class=\"attachment-large size-large\" alt=\"\" srcset=\"https:\/\/azurefilm.com\/wp-content\/uploads\/2024\/11\/spoolker-parts-1024x683.jpg 1024w, https:\/\/azurefilm.com\/wp-content\/uploads\/2024\/11\/spoolker-parts-510x340.jpg 510w, https:\/\/azurefilm.com\/wp-content\/uploads\/2024\/11\/spoolker-parts-300x200.jpg 300w, https:\/\/azurefilm.com\/wp-content\/uploads\/2024\/11\/spoolker-parts-768x512.jpg 768w, https:\/\/azurefilm.com\/wp-content\/uploads\/2024\/11\/spoolker-parts-1536x1024.jpg 1536w, https:\/\/azurefilm.com\/wp-content\/uploads\/2024\/11\/spoolker-parts.jpg 1800w\" sizes=\"auto, (max-width: 1020px) 100vw, 1020px\" title=\"\">\t\t\t\t\t\t\n\t\t\t\t\t<\/div>\n\t\t\t\t\t\t\t\t\n<style>\n#image_53001260 {\n  width: 100%;\n}\n<\/style>\n\t<\/div>\n\t\n\t\t<\/div>\n\t\t\t\t\t<\/div>\n\n\t\n<\/div>\n<div class=\"row row-large align-middle\"  id=\"row-351203096\">\n\n\t<div id=\"col-179042874\" class=\"col medium-6 small-12 large-6\"  >\n\t\t\t\t<div class=\"col-inner text-left\"  >\n\t\t\t\n\t\t\t\n<h3><strong>Einzigartiges und stilvolles Design<\/strong><\/h3>\n<p><span style=\"font-weight: 400;\">Das einzigartige Design des Spoolker ist ideal f\u00fcr alle, die 3D-Druckprojekte lieben. Es ist nicht nur ein Lautsprecher, sondern ein Statement-St\u00fcck, das perfekt in Ihren kreativen Raum passt. Der Spoolker wurde f\u00fcr einen nahtlosen Druck entwickelt und ist eine fantastische Erg\u00e4nzung f\u00fcr Ihre Sammlung 3D-gedruckter Objekte.<\/span><\/p>\n<h3><strong>12-V-Stromversorgung f\u00fcr konstante Leistung<\/strong><\/h3>\n<p><span style=\"font-weight: 400;\">Anders als viele tragbare Lautsprecher wird der Spoolker \u00fcber ein 12-V-Netzteil mit Strom versorgt, sodass Sie eine stabile Stromquelle f\u00fcr unterbrechungsfreien Sound erhalten. Damit ist er eine gro\u00dfartige Wahl f\u00fcr die Aufstellung auf Ihrem Schreibtisch, in einem B\u00fccherregal oder in jedem kreativen Arbeitsbereich.<\/span><\/p>\n\t\t<\/div>\n\t\t\t\t\t<\/div>\n\n\t\n\n\t<div id=\"col-2126700190\" class=\"col medium-6 small-12 large-6\"  >\n\t\t\t\t<div class=\"col-inner\"  >\n\t\t\t\n\t\t\t\n\t<div class=\"img has-hover x md-x lg-x y md-y lg-y\" id=\"image_1368444178\">\n\t\t\t\t\t\t\t\t<div class=\"img-inner dark\" >\n\t\t\t<img loading=\"lazy\" decoding=\"async\" width=\"1020\" height=\"680\" src=\"https:\/\/azurefilm.com\/wp-content\/uploads\/2024\/11\/2-1024x683.jpg\" class=\"attachment-large size-large\" alt=\"\" srcset=\"https:\/\/azurefilm.com\/wp-content\/uploads\/2024\/11\/2-1024x683.jpg 1024w, https:\/\/azurefilm.com\/wp-content\/uploads\/2024\/11\/2-510x340.jpg 510w, https:\/\/azurefilm.com\/wp-content\/uploads\/2024\/11\/2-300x200.jpg 300w, https:\/\/azurefilm.com\/wp-content\/uploads\/2024\/11\/2-768x512.jpg 768w, https:\/\/azurefilm.com\/wp-content\/uploads\/2024\/11\/2-1536x1024.jpg 1536w, https:\/\/azurefilm.com\/wp-content\/uploads\/2024\/11\/2.jpg 1800w\" sizes=\"auto, (max-width: 1020px) 100vw, 1020px\" title=\"\">\t\t\t\t\t\t\n\t\t\t\t\t<\/div>\n\t\t\t\t\t\t\t\t\n<style>\n#image_1368444178 {\n  width: 100%;\n}\n<\/style>\n\t<\/div>\n\t\n\t\t<\/div>\n\t\t\t\t\t<\/div>\n\n\t\n<\/div>\n\t\t<\/div>\n\n\t\t\n<style>\n#section_362492627 {\n  padding-top: 30px;\n  padding-bottom: 30px;\n  background-color: rgb(193, 193, 193);\n}\n#section_362492627 .section-bg-overlay {\n  background-color: rgba(255, 255, 255, 0.85);\n}\n<\/style>\n\t<\/section>\n\t\n\n\t<section class=\"section pb-0\" id=\"section_1290373255\">\n\t\t<div class=\"section-bg fill\" >\n\t\t\t\t\t\t\t\t\t<div class=\"section-bg-overlay absolute fill\"><\/div>\n\t\t\t\n\n\t\t<\/div>\n\n\t\t\n\n\t\t<div class=\"section-content relative\">\n\t\t\t\n<div class=\"row row-large align-middle\"  id=\"row-1556651992\">\n\n\t<div id=\"col-1946899341\" class=\"col medium-6 small-12 large-6\"  >\n\t\t\t\t<div class=\"col-inner text-left\"  >\n\t\t\t\n\t\t\t\n<h3><strong>Perfekte Kompatibilit\u00e4t mit unserem Filament und unserer Masterspule<\/strong><\/h3>\n<p><span style=\"font-weight: 400;\">Dieses Kit wurde so entwickelt, dass es perfekt mit unserem Filament und unserer Master-Spule funktioniert und die beste Druckqualit\u00e4t f\u00fcr einen langlebigen und funktionalen Spoolker gew\u00e4hrleistet. Durch die Verwendung unseres Filaments erzielen Sie ein glattes, zuverl\u00e4ssiges Finish, das sowohl die \u00e4sthetische als auch die funktionale Qualit\u00e4t Ihres Designs verbessert.<\/span><\/p>\n<a href=\"https:\/\/azurefilm.com\/de\/produkt-kategorie\/3d-filamente\/\" target=\"_blank\" class=\"button primary diy-btn\" rel=\"noopener\" >\n\t\t<span>Finden Sie Ihre Filamente und Masterspule &gt;&gt;<\/span>\n\t<\/a>\n\n\t\t<\/div>\n\t\t\t\t\t<\/div>\n\n\t\n\n\t<div id=\"col-1406988227\" class=\"col medium-6 small-12 large-6\"  >\n\t\t\t\t<div class=\"col-inner\"  >\n\t\t\t\n\t\t\t\n\t<div class=\"img has-hover x md-x lg-x y md-y lg-y\" id=\"image_1838253065\">\n\t\t\t\t\t\t\t\t<div class=\"img-inner dark\" >\n\t\t\t<img loading=\"lazy\" decoding=\"async\" width=\"1020\" height=\"680\" src=\"https:\/\/azurefilm.com\/wp-content\/uploads\/2024\/11\/5-1024x683.jpg\" class=\"attachment-large size-large\" alt=\"\" srcset=\"https:\/\/azurefilm.com\/wp-content\/uploads\/2024\/11\/5-1024x683.jpg 1024w, https:\/\/azurefilm.com\/wp-content\/uploads\/2024\/11\/5-510x340.jpg 510w, https:\/\/azurefilm.com\/wp-content\/uploads\/2024\/11\/5-300x200.jpg 300w, https:\/\/azurefilm.com\/wp-content\/uploads\/2024\/11\/5-768x512.jpg 768w, https:\/\/azurefilm.com\/wp-content\/uploads\/2024\/11\/5-1536x1024.jpg 1536w, https:\/\/azurefilm.com\/wp-content\/uploads\/2024\/11\/5.jpg 1800w\" sizes=\"auto, (max-width: 1020px) 100vw, 1020px\" title=\"\">\t\t\t\t\t\t\n\t\t\t\t\t<\/div>\n\t\t\t\t\t\t\t\t\n<style>\n#image_1838253065 {\n  width: 100%;\n}\n<\/style>\n\t<\/div>\n\t\n\t\t<\/div>\n\t\t\t\t\t<\/div>\n\n\t\n<\/div>\n\t\t<\/div>\n\n\t\t\n<style>\n#section_1290373255 {\n  padding-top: 30px;\n  padding-bottom: 30px;\n  background-color: rgb(193, 193, 193);\n}\n#section_1290373255 .section-bg-overlay {\n  background-color: rgba(255, 255, 255, 0.85);\n}\n<\/style>\n\t<\/section>\n\t\n\t<div id=\"gap-1216075577\" class=\"gap-element clearfix\" style=\"display:block; height:auto;\">\n\t\t\n<style>\n#gap-1216075577 {\n  padding-top: 15px;\n}\n<\/style>\n\t<\/div>\n\t\n<h2><strong>Warum sollten Sie sich f\u00fcr das Spoolker-DIY kit entscheiden?<\/strong><\/h2>\n<p><span style=\"font-weight: 400;\">Der Spoolker ist mehr als nur ein Lautsprecher. Es ist ein einzigartiges, praktisches Projekt, mit dem Sie etwas Funktionales und Stilvolles bauen k\u00f6nnen. Egal, ob Sie ein 3D-Druck-Bastler sind oder einfach nur gutes Design zu sch\u00e4tzen wissen, mit dem Spoolker k\u00f6nnen Sie Ihre Musik auf v\u00f6llig neue Weise genie\u00dfen. Es ist das perfekte Geschenk f\u00fcr Macher, Musikfans und alle, die ihrem technischen Setup eine kreative Note verleihen m\u00f6chten.<\/span><\/p>\n<h3><strong>Das Kit enth\u00e4lt:<\/strong><\/h3>\n<ul>\n<li style=\"font-weight: 400;\" aria-level=\"1\"><span style=\"font-weight: 400;\">12-V-Stromversorgung<\/span><\/li>\n<li style=\"font-weight: 400;\" aria-level=\"1\"><span style=\"font-weight: 400;\">2x 3-W-40-hm-Lautsprecher<\/span><\/li>\n<li style=\"font-weight: 400;\" aria-level=\"1\"><span style=\"font-weight: 400;\">Bluetooth-Audiomodul<\/span><\/li>\n<li style=\"font-weight: 400;\" aria-level=\"1\"><span style=\"font-weight: 400;\">Inbusschl\u00fcssel<\/span><\/li>\n<li style=\"font-weight: 400;\" aria-level=\"1\"><span style=\"font-weight: 400;\">Schrauben<\/span><\/li>\n<li style=\"font-weight: 400;\" aria-level=\"1\"><span style=\"font-weight: 400;\">Hauptspule<\/span><\/li>\n<li style=\"font-weight: 400;\" aria-level=\"1\"><strong>Einen QR-Code, der zu allen STL-Dateien f\u00fchrt, die Sie ben\u00f6tigen<\/strong><\/li>\n<\/ul>\n","protected":false},"excerpt":{"rendered":"<p><span style=\"font-weight: 400;\">Erwecken Sie Ihre Musik mit dem Spoolker-DIY-Kit zum Leben!<\/span><\/p>\n<p><span style=\"font-weight: 400;\">Dieser 12-V-Lautsprecher wurde f\u00fcr 3D-Druck-Enthusiasten entwickelt und bietet hochwertigen Sound und Stil f\u00fcr Ihre Lieblingsmusik. Einfache Verbindung \u00fcber Bluetooth!<\/span><\/p>\n","protected":false},"featured_media":62203,"comment_status":"closed","ping_status":"closed","template":"","meta":{"_acf_changed":false},"product_brand":[],"product_cat":[2619,1669,1672],"product_tag":[],"brand":[],"class_list":{"0":"post-63104","1":"product","2":"type-product","3":"status-publish","4":"has-post-thumbnail","6":"product_cat-diy-kits-de","7":"product_cat-3d-filamente","8":"product_cat-alle-filamente","10":"first","11":"instock","12":"taxable","13":"shipping-taxable","14":"purchasable","15":"product-type-simple"},"acf":[],"_links":{"self":[{"href":"https:\/\/azurefilm.com\/de\/wp-json\/wp\/v2\/product\/63104","targetHints":{"allow":["GET"]}}],"collection":[{"href":"https:\/\/azurefilm.com\/de\/wp-json\/wp\/v2\/product"}],"about":[{"href":"https:\/\/azurefilm.com\/de\/wp-json\/wp\/v2\/types\/product"}],"replies":[{"embeddable":true,"href":"https:\/\/azurefilm.com\/de\/wp-json\/wp\/v2\/comments?post=63104"}],"wp:featuredmedia":[{"embeddable":true,"href":"https:\/\/azurefilm.com\/de\/wp-json\/wp\/v2\/media\/62203"}],"wp:attachment":[{"href":"https:\/\/azurefilm.com\/de\/wp-json\/wp\/v2\/media?parent=63104"}],"wp:term":[{"taxonomy":"product_brand","embeddable":true,"href":"https:\/\/azurefilm.com\/de\/wp-json\/wp\/v2\/product_brand?post=63104"},{"taxonomy":"product_cat","embeddable":true,"href":"https:\/\/azurefilm.com\/de\/wp-json\/wp\/v2\/product_cat?post=63104"},{"taxonomy":"product_tag","embeddable":true,"href":"https:\/\/azurefilm.com\/de\/wp-json\/wp\/v2\/product_tag?post=63104"},{"taxonomy":"brand","embeddable":true,"href":"https:\/\/azurefilm.com\/de\/wp-json\/wp\/v2\/brand?post=63104"}],"curies":[{"name":"wp","href":"https:\/\/api.w.org\/{rel}","templated":true}]}}