
{"id":65286,"date":"2024-12-02T06:59:58","date_gmt":"2024-12-02T06:59:58","guid":{"rendered":"https:\/\/azurefilm.com\/?post_type=product&#038;p=65286"},"modified":"2026-01-28T17:52:25","modified_gmt":"2026-01-28T17:52:25","slug":"creality-glatte-pei-bauplatte","status":"publish","type":"product","link":"https:\/\/azurefilm.com\/de\/produkt\/creality-glatte-pei-bauplatte\/","title":{"rendered":"Creality glatte PEI-Bauplatte"},"content":{"rendered":"<p><span style=\"font-weight: 400;\">Die <\/span><b>Creality Smooth PEI-Bauplatte <\/b><span style=\"font-weight: 400;\">wurde fachm\u00e4nnisch f\u00fcr Pr\u00e4zision, Haltbarkeit und Kompatibilit\u00e4t mit den folgenden Creality 3D-Druckermodellen gefertigt:<\/span><\/p>\n<ul>\n<li style=\"font-weight: 400;\" aria-level=\"1\"><span style=\"font-weight: 400;\">Ender-3 S1<\/span><\/li>\n<li style=\"font-weight: 400;\" aria-level=\"1\"><span style=\"font-weight: 400;\">Ender-3 S1 Pro<\/span><\/li>\n<li style=\"font-weight: 400;\" aria-level=\"1\"><span style=\"font-weight: 400;\">Ender-5 S1<\/span><\/li>\n<li style=\"font-weight: 400;\" aria-level=\"1\"><span style=\"font-weight: 400;\">K1<\/span><\/li>\n<li style=\"font-weight: 400;\" aria-level=\"1\"><span style=\"font-weight: 400;\">Ender-3 V3 SE<\/span><\/li>\n<li style=\"font-weight: 400;\" aria-level=\"1\"><span style=\"font-weight: 400;\">Ender-3 V3 KE<\/span><\/li>\n<li style=\"font-weight: 400;\" aria-level=\"1\"><span style=\"font-weight: 400;\">CR-10 SE<\/span><\/li>\n<\/ul>\n<h2><strong>Produkteigenschaften:<\/strong><\/h2>\n<ul>\n<li style=\"font-weight: 400;\" aria-level=\"1\"><b>Glatte PEI-Oberfl\u00e4che <\/b><span style=\"font-weight: 400;\">: Entwickelt, um flache und makellose Modelloberfl\u00e4chen zu liefern und so Ergebnisse in professioneller Qualit\u00e4t zu gew\u00e4hrleisten.<\/span><\/li>\n<li style=\"font-weight: 400;\" aria-level=\"1\"><b>Langlebiges PEI-Material <\/b><span style=\"font-weight: 400;\">: Bietet au\u00dfergew\u00f6hnliche Verschlei\u00dffestigkeit, Hochtemperaturstabilit\u00e4t und zuverl\u00e4ssige Langzeitleistung.<\/span><\/li>\n<li style=\"font-weight: 400;\" aria-level=\"1\"><b>Hochfeste Federstahlplatte <\/b><span style=\"font-weight: 400;\">: Best\u00e4ndig gegen Verformung und bietet gleichbleibende Leistung bei intensiver Nutzung.<\/span><\/li>\n<li style=\"font-weight: 400;\" aria-level=\"1\"><b>Einfaches Entfernen des Modells <\/b><span style=\"font-weight: 400;\">: Das flexible Design erm\u00f6glicht ein m\u00fcheloses Abnehmen der gedruckten Modelle und minimiert so Sch\u00e4den an Ihren Kreationen.<\/span><\/li>\n<li style=\"font-weight: 400;\" aria-level=\"1\"><b>Starker Magnetfu\u00df <\/b><span style=\"font-weight: 400;\">: Sorgt daf\u00fcr, dass die Platte w\u00e4hrend des Druckens sicher in ihrer Position bleibt und verringert die Gefahr einer Verschiebung.<\/span><\/li>\n<li style=\"font-weight: 400;\" aria-level=\"1\"><b>Durchdachtes Design <\/b><span style=\"font-weight: 400;\">: Jedes Detail ist darauf ausgelegt, ein \u00fcberragendes Benutzererlebnis zu bieten, von der Installation bis zur endg\u00fcltigen Entfernung des Ausdrucks.<\/span><\/li>\n<\/ul>\n","protected":false},"excerpt":{"rendered":"<p><span style=\"font-weight: 400;\">R\u00fcsten Sie Ihren 3D-Drucker mit der Creality Smooth PEI Build Plate auf \u2013 eine professionelle L\u00f6sung zum m\u00fchelosen Erzielen pr\u00e4ziser, hochwertiger Drucke.<\/span><\/p>\n","protected":false},"featured_media":65263,"comment_status":"closed","ping_status":"closed","template":"","meta":{"_acf_changed":false},"product_brand":[],"product_cat":[1765,1767,1671,1888,1994],"product_tag":[],"brand":[],"class_list":{"0":"post-65286","1":"product","2":"type-product","3":"status-publish","4":"has-post-thumbnail","6":"product_cat-ersatzteile","7":"product_cat-alle-ersatzteile","8":"product_cat-angebote","9":"product_cat-bauoberflachen","10":"product_cat-pei-platten","11":"pa_compatible-with-creality-fdm-3d-printers","12":"pa_fits-printer-creality-ender-3-v3-se","13":"pa_fits-printer-creality-k1","15":"first","16":"outofstock","17":"sale","18":"taxable","19":"shipping-taxable","20":"purchasable","21":"product-type-simple"},"acf":[],"_links":{"self":[{"href":"https:\/\/azurefilm.com\/de\/wp-json\/wp\/v2\/product\/65286","targetHints":{"allow":["GET"]}}],"collection":[{"href":"https:\/\/azurefilm.com\/de\/wp-json\/wp\/v2\/product"}],"about":[{"href":"https:\/\/azurefilm.com\/de\/wp-json\/wp\/v2\/types\/product"}],"replies":[{"embeddable":true,"href":"https:\/\/azurefilm.com\/de\/wp-json\/wp\/v2\/comments?post=65286"}],"wp:featuredmedia":[{"embeddable":true,"href":"https:\/\/azurefilm.com\/de\/wp-json\/wp\/v2\/media\/65263"}],"wp:attachment":[{"href":"https:\/\/azurefilm.com\/de\/wp-json\/wp\/v2\/media?parent=65286"}],"wp:term":[{"taxonomy":"product_brand","embeddable":true,"href":"https:\/\/azurefilm.com\/de\/wp-json\/wp\/v2\/product_brand?post=65286"},{"taxonomy":"product_cat","embeddable":true,"href":"https:\/\/azurefilm.com\/de\/wp-json\/wp\/v2\/product_cat?post=65286"},{"taxonomy":"product_tag","embeddable":true,"href":"https:\/\/azurefilm.com\/de\/wp-json\/wp\/v2\/product_tag?post=65286"},{"taxonomy":"brand","embeddable":true,"href":"https:\/\/azurefilm.com\/de\/wp-json\/wp\/v2\/brand?post=65286"}],"curies":[{"name":"wp","href":"https:\/\/api.w.org\/{rel}","templated":true}]}}