
{"id":65336,"date":"2024-12-02T07:00:21","date_gmt":"2024-12-02T07:00:21","guid":{"rendered":"https:\/\/azurefilm.com\/?post_type=product&#038;p=65336"},"modified":"2024-12-02T07:00:22","modified_gmt":"2024-12-02T07:00:22","slug":"creality-extruder-bausatz","status":"publish","type":"product","link":"https:\/\/azurefilm.com\/de\/produkt\/creality-extruder-bausatz\/","title":{"rendered":"Creality Extruder Bausatz"},"content":{"rendered":"<p><span style=\"font-weight: 400;\">Das <\/span><b>Creality Extruder Kit <\/b><span style=\"font-weight: 400;\">ist ein hochwertiger Ersatz, der f\u00fcr die Aufrechterhaltung der Spitzenleistung von Creality 3D-Druckern entwickelt wurde. Dieser auf Pr\u00e4zision und Zuverl\u00e4ssigkeit ausgelegte Extruder sorgt f\u00fcr eine reibungslose Filamentzufuhr und gleichm\u00e4\u00dfige Extrusion f\u00fcr hervorragende Druckergebnisse. Er ist mit einer Reihe von Creality-Modellen kompatibel, einfach zu installieren und wurde entwickelt, um den Anforderungen des fortgeschrittenen 3D-Drucks gerecht zu werden.<\/span><\/p>\n<p><b>Kompatibel mit: <\/b><span style=\"font-weight: 400;\">Sermoon V2, CR-200B Pro, Ender-3 S1, Sermoon V1, Sermoon V1 Pro, Sermoon D3, Ender-5 S1, Ender-3 V3 SE, Ender-3 V3 KE<\/span><\/p>\n","protected":false},"excerpt":{"rendered":"<p><span style=\"font-weight: 400;\">Kaufen Sie das Creality Extruder Kit \u2013 ein hochwertiger Ersatz, der daf\u00fcr entwickelt wurde, die Spitzenleistung von Creality 3D-Druckern aufrechtzuerhalten.<\/span><\/p>\n","protected":false},"featured_media":65312,"comment_status":"closed","ping_status":"closed","template":"","meta":{"_acf_changed":false},"product_brand":[],"product_cat":[1765,1767,1671,1786,1799],"product_tag":[],"brand":[],"class_list":{"0":"post-65336","1":"product","2":"type-product","3":"status-publish","4":"has-post-thumbnail","6":"product_cat-ersatzteile","7":"product_cat-alle-ersatzteile","8":"product_cat-angebote","9":"product_cat-extruder-de","10":"product_cat-extruder-de-2","11":"pa_compatible-with-creality-fdm-3d-printers","12":"pa_fits-printer-creality-ender-3-v3-se","14":"first","15":"instock","16":"sale","17":"taxable","18":"shipping-taxable","19":"purchasable","20":"product-type-simple"},"acf":[],"_links":{"self":[{"href":"https:\/\/azurefilm.com\/de\/wp-json\/wp\/v2\/product\/65336","targetHints":{"allow":["GET"]}}],"collection":[{"href":"https:\/\/azurefilm.com\/de\/wp-json\/wp\/v2\/product"}],"about":[{"href":"https:\/\/azurefilm.com\/de\/wp-json\/wp\/v2\/types\/product"}],"replies":[{"embeddable":true,"href":"https:\/\/azurefilm.com\/de\/wp-json\/wp\/v2\/comments?post=65336"}],"wp:featuredmedia":[{"embeddable":true,"href":"https:\/\/azurefilm.com\/de\/wp-json\/wp\/v2\/media\/65312"}],"wp:attachment":[{"href":"https:\/\/azurefilm.com\/de\/wp-json\/wp\/v2\/media?parent=65336"}],"wp:term":[{"taxonomy":"product_brand","embeddable":true,"href":"https:\/\/azurefilm.com\/de\/wp-json\/wp\/v2\/product_brand?post=65336"},{"taxonomy":"product_cat","embeddable":true,"href":"https:\/\/azurefilm.com\/de\/wp-json\/wp\/v2\/product_cat?post=65336"},{"taxonomy":"product_tag","embeddable":true,"href":"https:\/\/azurefilm.com\/de\/wp-json\/wp\/v2\/product_tag?post=65336"},{"taxonomy":"brand","embeddable":true,"href":"https:\/\/azurefilm.com\/de\/wp-json\/wp\/v2\/brand?post=65336"}],"curies":[{"name":"wp","href":"https:\/\/api.w.org\/{rel}","templated":true}]}}