
{"id":65374,"date":"2024-12-02T07:00:43","date_gmt":"2024-12-02T07:00:43","guid":{"rendered":"https:\/\/azurefilm.com\/?post_type=product&#038;p=65374"},"modified":"2024-12-02T07:00:44","modified_gmt":"2024-12-02T07:00:44","slug":"creality-extrusionmechanismus-kit","status":"publish","type":"product","link":"https:\/\/azurefilm.com\/de\/produkt\/creality-extrusionmechanismus-kit\/","title":{"rendered":"Creality Extrusionsmechanismus-Kit"},"content":{"rendered":"<p><span style=\"font-weight: 400;\">Das <\/span><b>Creality Extrusion Mechanism Kit <\/b><span style=\"font-weight: 400;\">wurde entwickelt, um eine reibungslose und gleichm\u00e4\u00dfige Filamentzufuhr f\u00fcr Ihren 3D-Drucker zu gew\u00e4hrleisten. Dieses hochwertige Kit enth\u00e4lt alle wichtigen Komponenten, die f\u00fcr eine optimale Extrusionsleistung erforderlich sind, und gew\u00e4hrleistet einen pr\u00e4zisen Materialfluss und eine verbesserte Druckqualit\u00e4t. Einfach zu installieren und langlebig.<\/span><\/p>\n","protected":false},"excerpt":{"rendered":"<p><span style=\"font-weight: 400;\">Kaufen Sie das Creality Extrusion Mechanism Kit \u2013 optimale Extrusionsleistung, die einen pr\u00e4zisen Materialfluss gew\u00e4hrleistet.<\/span><\/p>\n","protected":false},"featured_media":65345,"comment_status":"closed","ping_status":"closed","template":"","meta":{"_acf_changed":false},"product_brand":[],"product_cat":[1765,1767,1786,1799],"product_tag":[],"brand":[],"class_list":{"0":"post-65374","1":"product","2":"type-product","3":"status-publish","4":"has-post-thumbnail","6":"product_cat-ersatzteile","7":"product_cat-alle-ersatzteile","8":"product_cat-extruder-de","9":"product_cat-extruder-de-2","10":"pa_compatible-with-creality-fdm-3d-printers","11":"pa_fits-printer-creality-k1","12":"pa_fits-printer-creality-k1-max","13":"pa_fits-printer-creality-k1c","15":"first","16":"instock","17":"taxable","18":"shipping-taxable","19":"purchasable","20":"product-type-simple"},"acf":[],"_links":{"self":[{"href":"https:\/\/azurefilm.com\/de\/wp-json\/wp\/v2\/product\/65374","targetHints":{"allow":["GET"]}}],"collection":[{"href":"https:\/\/azurefilm.com\/de\/wp-json\/wp\/v2\/product"}],"about":[{"href":"https:\/\/azurefilm.com\/de\/wp-json\/wp\/v2\/types\/product"}],"replies":[{"embeddable":true,"href":"https:\/\/azurefilm.com\/de\/wp-json\/wp\/v2\/comments?post=65374"}],"wp:featuredmedia":[{"embeddable":true,"href":"https:\/\/azurefilm.com\/de\/wp-json\/wp\/v2\/media\/65345"}],"wp:attachment":[{"href":"https:\/\/azurefilm.com\/de\/wp-json\/wp\/v2\/media?parent=65374"}],"wp:term":[{"taxonomy":"product_brand","embeddable":true,"href":"https:\/\/azurefilm.com\/de\/wp-json\/wp\/v2\/product_brand?post=65374"},{"taxonomy":"product_cat","embeddable":true,"href":"https:\/\/azurefilm.com\/de\/wp-json\/wp\/v2\/product_cat?post=65374"},{"taxonomy":"product_tag","embeddable":true,"href":"https:\/\/azurefilm.com\/de\/wp-json\/wp\/v2\/product_tag?post=65374"},{"taxonomy":"brand","embeddable":true,"href":"https:\/\/azurefilm.com\/de\/wp-json\/wp\/v2\/brand?post=65374"}],"curies":[{"name":"wp","href":"https:\/\/api.w.org\/{rel}","templated":true}]}}