
{"id":65426,"date":"2024-12-02T07:01:52","date_gmt":"2024-12-02T07:01:52","guid":{"rendered":"https:\/\/azurefilm.com\/?post_type=product&#038;p=65426"},"modified":"2024-12-02T07:01:53","modified_gmt":"2024-12-02T07:01:53","slug":"anycubic-extruder-fur-kobra-3","status":"publish","type":"product","link":"https:\/\/azurefilm.com\/de\/produkt\/anycubic-extruder-fur-kobra-3\/","title":{"rendered":"Anycubic Extruder f\u00fcr Kobra 3"},"content":{"rendered":"<p><span style=\"font-weight: 400;\">Der Anycubic Extruder f\u00fcr den Kobra 3 sorgt f\u00fcr eine pr\u00e4zise und gleichm\u00e4\u00dfige Filamentzufuhr f\u00fcr hochwertige Drucke. Er ist auf Langlebigkeit und einfache Installation ausgelegt und eine zuverl\u00e4ssige Komponente zur Aufrechterhaltung einer optimalen Druckerleistung.<\/span><\/p>\n","protected":false},"excerpt":{"rendered":"<p><span style=\"font-weight: 400;\">Kaufen Sie den Anycubic Extruder f\u00fcr Kobra 3 \u2013 pr\u00e4zise und gleichm\u00e4\u00dfige Filamentzufuhr f\u00fcr hochwertige Drucke.<\/span><\/p>\n","protected":false},"featured_media":65409,"comment_status":"closed","ping_status":"closed","template":"","meta":{"_acf_changed":false},"product_brand":[],"product_cat":[1765,1767,1671,1786,1799],"product_tag":[],"brand":[],"class_list":{"0":"post-65426","1":"product","2":"type-product","3":"status-publish","4":"has-post-thumbnail","6":"product_cat-ersatzteile","7":"product_cat-alle-ersatzteile","8":"product_cat-angebote","9":"product_cat-extruder-de","10":"product_cat-extruder-de-2","11":"pa_compatible-with-anycubic-fdm-printers","12":"pa_fits-printer-kobra-3","14":"first","15":"outofstock","16":"sale","17":"taxable","18":"shipping-taxable","19":"purchasable","20":"product-type-simple"},"acf":[],"_links":{"self":[{"href":"https:\/\/azurefilm.com\/de\/wp-json\/wp\/v2\/product\/65426","targetHints":{"allow":["GET"]}}],"collection":[{"href":"https:\/\/azurefilm.com\/de\/wp-json\/wp\/v2\/product"}],"about":[{"href":"https:\/\/azurefilm.com\/de\/wp-json\/wp\/v2\/types\/product"}],"replies":[{"embeddable":true,"href":"https:\/\/azurefilm.com\/de\/wp-json\/wp\/v2\/comments?post=65426"}],"wp:featuredmedia":[{"embeddable":true,"href":"https:\/\/azurefilm.com\/de\/wp-json\/wp\/v2\/media\/65409"}],"wp:attachment":[{"href":"https:\/\/azurefilm.com\/de\/wp-json\/wp\/v2\/media?parent=65426"}],"wp:term":[{"taxonomy":"product_brand","embeddable":true,"href":"https:\/\/azurefilm.com\/de\/wp-json\/wp\/v2\/product_brand?post=65426"},{"taxonomy":"product_cat","embeddable":true,"href":"https:\/\/azurefilm.com\/de\/wp-json\/wp\/v2\/product_cat?post=65426"},{"taxonomy":"product_tag","embeddable":true,"href":"https:\/\/azurefilm.com\/de\/wp-json\/wp\/v2\/product_tag?post=65426"},{"taxonomy":"brand","embeddable":true,"href":"https:\/\/azurefilm.com\/de\/wp-json\/wp\/v2\/brand?post=65426"}],"curies":[{"name":"wp","href":"https:\/\/api.w.org\/{rel}","templated":true}]}}