
{"id":65438,"date":"2024-12-02T07:02:13","date_gmt":"2024-12-02T07:02:13","guid":{"rendered":"https:\/\/azurefilm.com\/?post_type=product&#038;p=65438"},"modified":"2024-12-02T07:02:14","modified_gmt":"2024-12-02T07:02:14","slug":"anycubic-hotend-lufter-fur-kobra-3","status":"publish","type":"product","link":"https:\/\/azurefilm.com\/de\/produkt\/anycubic-hotend-lufter-fur-kobra-3\/","title":{"rendered":"Anycubic Hotend-L\u00fcfter f\u00fcr Kobra 3"},"content":{"rendered":"<p><span style=\"font-weight: 400;\">Der <\/span><b>Anycubic Hotend-L\u00fcfter <\/b><span style=\"font-weight: 400;\">sorgt f\u00fcr eine effiziente K\u00fchlung des <\/span><b>Kobra 3 <\/b><span style=\"font-weight: 400;\">und gew\u00e4hrleistet eine stabile Hotend-Leistung sowie eine reibungslose Filamentextrusion. Er ist langlebig und einfach zu installieren und damit f\u00fcr die Aufrechterhaltung einer zuverl\u00e4ssigen Druckqualit\u00e4t unerl\u00e4sslich.<\/span><\/p>\n","protected":false},"excerpt":{"rendered":"<p><span style=\"font-weight: 400;\">Kaufen Sie den Anycubic Hotend-Ventilator f\u00fcr Kobra 3 \u2013 effiziente K\u00fchlung f\u00fcr stabile Hotend-Leistung und reibungslose Filamentextrusion.<\/span><\/p>\n","protected":false},"featured_media":65433,"comment_status":"closed","ping_status":"closed","template":"","meta":{"_acf_changed":false},"product_brand":[],"product_cat":[1765,1767,1814],"product_tag":[],"brand":[],"class_list":{"0":"post-65438","1":"product","2":"type-product","3":"status-publish","4":"has-post-thumbnail","6":"product_cat-ersatzteile","7":"product_cat-alle-ersatzteile","8":"product_cat-lufter","9":"pa_compatible-with-anycubic-fdm-printers","10":"pa_fits-printer-kobra-3","12":"first","13":"instock","14":"taxable","15":"shipping-taxable","16":"purchasable","17":"product-type-simple"},"acf":[],"_links":{"self":[{"href":"https:\/\/azurefilm.com\/de\/wp-json\/wp\/v2\/product\/65438","targetHints":{"allow":["GET"]}}],"collection":[{"href":"https:\/\/azurefilm.com\/de\/wp-json\/wp\/v2\/product"}],"about":[{"href":"https:\/\/azurefilm.com\/de\/wp-json\/wp\/v2\/types\/product"}],"replies":[{"embeddable":true,"href":"https:\/\/azurefilm.com\/de\/wp-json\/wp\/v2\/comments?post=65438"}],"wp:featuredmedia":[{"embeddable":true,"href":"https:\/\/azurefilm.com\/de\/wp-json\/wp\/v2\/media\/65433"}],"wp:attachment":[{"href":"https:\/\/azurefilm.com\/de\/wp-json\/wp\/v2\/media?parent=65438"}],"wp:term":[{"taxonomy":"product_brand","embeddable":true,"href":"https:\/\/azurefilm.com\/de\/wp-json\/wp\/v2\/product_brand?post=65438"},{"taxonomy":"product_cat","embeddable":true,"href":"https:\/\/azurefilm.com\/de\/wp-json\/wp\/v2\/product_cat?post=65438"},{"taxonomy":"product_tag","embeddable":true,"href":"https:\/\/azurefilm.com\/de\/wp-json\/wp\/v2\/product_tag?post=65438"},{"taxonomy":"brand","embeddable":true,"href":"https:\/\/azurefilm.com\/de\/wp-json\/wp\/v2\/brand?post=65438"}],"curies":[{"name":"wp","href":"https:\/\/api.w.org\/{rel}","templated":true}]}}