
{"id":65452,"date":"2024-12-02T07:02:35","date_gmt":"2024-12-02T07:02:35","guid":{"rendered":"https:\/\/azurefilm.com\/?post_type=product&#038;p=65452"},"modified":"2025-03-25T09:24:46","modified_gmt":"2025-03-25T09:24:46","slug":"anycubic-filamentsensor-fur-kobra-3","status":"publish","type":"product","link":"https:\/\/azurefilm.com\/de\/produkt\/anycubic-filamentsensor-fur-kobra-3\/","title":{"rendered":"Anycubic Filamentsensor f\u00fcr Kobra 3"},"content":{"rendered":"<p><span style=\"font-weight: 400;\">Der <\/span><b>Anycubic Filamentsensor <\/b><span style=\"font-weight: 400;\">f\u00fcr den <\/span><b>Kobra 3 <\/b><span style=\"font-weight: 400;\">erkennt Filamentverlust oder -bruch und unterbricht den Druckvorgang, um Fehler zu vermeiden. Er ist einfach zu installieren und \u00e4u\u00dferst zuverl\u00e4ssig und sorgt f\u00fcr unterbrechungsfreien und effizienten 3D-Druck.<\/span><\/p>\n","protected":false},"excerpt":{"rendered":"<p><span style=\"font-weight: 400;\">Kaufen Sie den Anycubic-Filamentsensor f\u00fcr Kobra 3 \u2013 erkennt Filamentauslauf oder -bruch und unterbricht den Druck, um Fehler zu vermeiden.<\/span><\/p>\n","protected":false},"featured_media":65447,"comment_status":"closed","ping_status":"closed","template":"","meta":{"_acf_changed":false},"product_brand":[],"product_cat":[1765,1767,1787],"product_tag":[],"brand":[],"class_list":{"0":"post-65452","1":"product","2":"type-product","3":"status-publish","4":"has-post-thumbnail","6":"product_cat-ersatzteile","7":"product_cat-alle-ersatzteile","8":"product_cat-elektronik","9":"pa_compatible-with-anycubic-fdm-printers","10":"pa_fits-printer-kobra-3","12":"first","13":"instock","14":"taxable","15":"shipping-taxable","16":"purchasable","17":"product-type-simple"},"acf":[],"_links":{"self":[{"href":"https:\/\/azurefilm.com\/de\/wp-json\/wp\/v2\/product\/65452","targetHints":{"allow":["GET"]}}],"collection":[{"href":"https:\/\/azurefilm.com\/de\/wp-json\/wp\/v2\/product"}],"about":[{"href":"https:\/\/azurefilm.com\/de\/wp-json\/wp\/v2\/types\/product"}],"replies":[{"embeddable":true,"href":"https:\/\/azurefilm.com\/de\/wp-json\/wp\/v2\/comments?post=65452"}],"wp:featuredmedia":[{"embeddable":true,"href":"https:\/\/azurefilm.com\/de\/wp-json\/wp\/v2\/media\/65447"}],"wp:attachment":[{"href":"https:\/\/azurefilm.com\/de\/wp-json\/wp\/v2\/media?parent=65452"}],"wp:term":[{"taxonomy":"product_brand","embeddable":true,"href":"https:\/\/azurefilm.com\/de\/wp-json\/wp\/v2\/product_brand?post=65452"},{"taxonomy":"product_cat","embeddable":true,"href":"https:\/\/azurefilm.com\/de\/wp-json\/wp\/v2\/product_cat?post=65452"},{"taxonomy":"product_tag","embeddable":true,"href":"https:\/\/azurefilm.com\/de\/wp-json\/wp\/v2\/product_tag?post=65452"},{"taxonomy":"brand","embeddable":true,"href":"https:\/\/azurefilm.com\/de\/wp-json\/wp\/v2\/brand?post=65452"}],"curies":[{"name":"wp","href":"https:\/\/api.w.org\/{rel}","templated":true}]}}