
{"id":65737,"date":"2024-12-03T09:44:19","date_gmt":"2024-12-03T09:44:19","guid":{"rendered":"https:\/\/azurefilm.com\/?post_type=product&#038;p=65737"},"modified":"2025-10-23T12:01:59","modified_gmt":"2025-10-23T12:01:59","slug":"prusa-mk4s","status":"publish","type":"product","link":"https:\/\/azurefilm.com\/de\/produkt\/prusa-mk4s\/","title":{"rendered":"Prusa MK4S"},"content":{"rendered":"<p><span style=\"font-weight: 400;\">Der Prusa MK4S setzt mit h\u00f6heren Geschwindigkeiten, beispielloser Pr\u00e4zision und benutzerfreundlicher Bedienung einen neuen Standard f\u00fcr den 3D-Druck. Dieser Drucker wurde sowohl f\u00fcr Anf\u00e4nger als auch f\u00fcr Profis entwickelt und vereint Innovation, Zuverl\u00e4ssigkeit und hohe Leistung in einem einzigen Paket.<\/span><\/p>\n<h2><strong>Schnelle und pr\u00e4zise Ergebnisse ohne Kompromisse<\/strong><\/h2>\n<p><span style=\"font-weight: 400;\">Aufbauend auf der bew\u00e4hrten MK4-Plattform bietet der MK4S eine Hochdurchflussd\u00fcse, 360\u00b0-K\u00fchlung und verbesserte Firmware-Optimierungen. Diese Upgrades gew\u00e4hrleisten eine \u00fcberragende Druckqualit\u00e4t und verk\u00fcrzen gleichzeitig die Druckzeiten erheblich. Egal, ob Sie an komplizierten Designs oder funktionalen Prototypen arbeiten, der MK4S liefert au\u00dfergew\u00f6hnliche Ergebnisse.<\/span><\/p>\n<h2><strong>Einfach zu bedienen f\u00fcr alle F\u00e4higkeitsstufen<\/strong><\/h2>\n<p><span style=\"font-weight: 400;\">Egal, ob Sie neu im 3D-Druck sind oder ein erfahrener Profi, der MK4S wird Ihren Anforderungen gerecht. Seine intuitive Benutzeroberfl\u00e4che vereinfacht die Bedienung, sodass Sie in nur 15 Minuten auspacken, kalibrieren und mit dem Drucken beginnen k\u00f6nnen. Dies macht ihn zu einer ausgezeichneten Wahl f\u00fcr Werkst\u00e4tten, Schulen und Bastler gleicherma\u00dfen.<\/span><\/p>\n<h2><strong>Au\u00dfergew\u00f6hnliche Druckqualit\u00e4t<\/strong><\/h2>\n<p><span style=\"font-weight: 400;\">Der MK4S erreicht eine bemerkenswerte Druckgenauigkeit ohne Einbu\u00dfen bei der Geschwindigkeit. Seine erweiterten Funktionen sorgen f\u00fcr glatte, pr\u00e4zise Modelle, die nur minimale Nachbearbeitung erfordern. Er wurde f\u00fcr seine herausragende Leistung anerkannt, darunter eine perfekte Punktzahl in der Druckqualit\u00e4t in Branchentests.<\/span><\/p>\n<h2><strong>Ma\u00dfgenauigkeit, auf die Sie sich verlassen k\u00f6nnen<\/strong><\/h2>\n<p><span style=\"font-weight: 400;\">Wenn Ihre Designs perfekte Passungen erfordern, ist Pr\u00e4zision entscheidend. Der MK4S zeichnet sich durch die Erstellung ma\u00dfgenauer Modelle aus, die durch strenge Tests wie CT-Scans validiert werden, und ist daher ideal f\u00fcr technische und funktionale Drucke.<\/span><\/p>\n<h2><strong>360\u00b0 K\u00fchlung f\u00fcr bessere \u00dcberh\u00e4nge und flexible Materialien<\/strong><\/h2>\n<p><span style=\"font-weight: 400;\">Das 360\u00b0-K\u00fchlsystem des MK4S reduziert den Bedarf an St\u00fctzen und erm\u00f6glicht \u00dcberh\u00e4nge von bis zu 75\u00b0 ohne Kompromisse bei der Qualit\u00e4t. Diese Funktion spart Zeit und Material, insbesondere bei der Arbeit mit flexiblen Filamenten wie TPU, bei denen die Verarbeitung mit St\u00fctzen eine Herausforderung sein kann.<\/span><\/p>\n<h2><strong>Langlebige und robuste Drucke<\/strong><\/h2>\n<p><span style=\"font-weight: 400;\">Der MK4S sorgt mit optimierter K\u00fchlung und einer Hochdurchflussd\u00fcse f\u00fcr eine hervorragende Schichthaftung f\u00fcr robuste und langlebige Drucke. Anpassbare Profile erm\u00f6glichen es Ihnen, je nach Projektanforderungen Geschwindigkeit oder Haltbarkeit zu priorisieren.<\/span><\/p>\n<h2><strong>Erstklassige Oberfl\u00e4cheng\u00fcte<\/strong><\/h2>\n<p><span style=\"font-weight: 400;\">Erzielen Sie atemberaubende \u00c4sthetik mit dem MK4S, der glatte, detaillierte Oberfl\u00e4chen liefert. Von komplizierten Modellen mit einer 0,25-mm-D\u00fcse bis hin zu gro\u00df angelegten Projekten passt sich der MK4S pr\u00e4zise an Ihren gew\u00fcnschten Detaillierungsgrad an.<\/span><\/p>\n<h2><strong>Un\u00fcbertroffene Druckgeschwindigkeit<\/strong><\/h2>\n<p><span style=\"font-weight: 400;\">Dank fortschrittlicher K\u00fchlung und optimiertem Filamentfluss verk\u00fcrzt der MK4S die Druckzeiten erheblich, ohne die Qualit\u00e4t zu beeintr\u00e4chtigen. Egal, ob Sie an knappen Terminen oder gro\u00dfen Projekten arbeiten, dieser Drucker sorgt f\u00fcr schnelle und zuverl\u00e4ssige Ergebnisse.<\/span><\/p>\n<h2><strong>Bew\u00e4hrte Zuverl\u00e4ssigkeit<\/strong><\/h2>\n<p><span style=\"font-weight: 400;\">Mit \u00fcber einer halben Million Prusa-Druckern im weltweiten Einsatz und einer au\u00dfergew\u00f6hnlich niedrigen R\u00fccklaufquote zeichnet sich der MK4S durch seine Zuverl\u00e4ssigkeit aus. Jedes Ger\u00e4t wird in der EU oder den USA hergestellt und unterliegt einer strengen Qualit\u00e4tskontrolle, um den h\u00f6chsten Standards zu entsprechen.<\/span><\/p>\n<h2><strong>Nahtlose Konnektivit\u00e4t und Workflow<\/strong><\/h2>\n<p><span style=\"font-weight: 400;\">Der MK4S bietet Fernsteuerung \u00fcber einen Ethernet-Anschluss, WLAN und NFC-Einrichtung. Verwenden Sie das Prusa Connect-System oder die mobile App f\u00fcr eine sichere, optimierte Verwaltung. Im Offline-Betrieb funktioniert der Drucker einwandfrei ohne Internetzugang und bietet vollst\u00e4ndige Privatsph\u00e4re und Sicherheit.<\/span><\/p>\n<h2><strong>Erweiterte Materialvertr\u00e4glichkeit<\/strong><\/h2>\n<p><span style=\"font-weight: 400;\">Der MK4S verarbeitet eine breite Palette von Filamenten, von PLA und PETG bis hin zu fortschrittlicheren Optionen wie kohlenstoffgef\u00fcllten Verbundwerkstoffen und flexiblem TPU. Die Kombination mit einem Geh\u00e4use verbessert die Leistung bei Materialien, die kontrollierte Umgebungen erfordern, wie ABS oder ASA, noch weiter.<\/span><\/p>\n<h2><strong>Datenschutz durch Technikgestaltung<\/strong><\/h2>\n<p><span style=\"font-weight: 400;\">Mit dem MK4S bleiben Ihre Projekte vertraulich. Es arbeitet standardm\u00e4\u00dfig offline und stellt sicher, dass keine Daten ohne Zustimmung weitergegeben werden. Dank seines Open-Source-Designs k\u00f6nnen Sie die Sicherheit \u00fcberpr\u00fcfen und seine Funktionalit\u00e4t nach Bedarf anpassen.<\/span><\/p>\n<h2><strong>Zubeh\u00f6r und modulare Upgrades<\/strong><\/h2>\n<p><span style=\"font-weight: 400;\">Erweitern Sie den MK4S mit optionalen Add-ons wie dem GPIO-Hackerboard oder dem Beschleunigungsmesser f\u00fcr erweiterte Modifikationen. Dar\u00fcber hinaus erm\u00f6glicht das MMU3-Upgrade den Mehrmaterialdruck mit minimalem Filamentabfall, wodurch komplexe Projekte effizienter und kosteng\u00fcnstiger werden.<\/span><\/p>\n<h2><strong>Langlebig und leicht zu warten<\/strong><\/h2>\n<p><span style=\"font-weight: 400;\">Das MK4S verf\u00fcgt \u00fcber ein offenes Design f\u00fcr einfachen Zugriff und Wartung. Da keine geklebten oder geschwei\u00dften Teile vorhanden sind, kann jede Komponente mit Standardwerkzeugen zerlegt werden, was Langlebigkeit und Benutzerfreundlichkeit \u00fcber Jahre hinweg gew\u00e4hrleistet.<\/span><\/p>\n<h2><strong>Was ist neu im MK4S?<\/strong><\/h2>\n<p><span style=\"font-weight: 400;\">Im Vergleich zum MK4 bietet das MK4S:<\/span><\/p>\n<ul>\n<li style=\"font-weight: 400;\" aria-level=\"1\"><span style=\"font-weight: 400;\">360\u00b0-K\u00fchlung f\u00fcr verbesserte \u00dcberh\u00e4nge und Materialhandhabung.<\/span><\/li>\n<li style=\"font-weight: 400;\" aria-level=\"1\"><span style=\"font-weight: 400;\">Hochdurchflussd\u00fcse f\u00fcr schnellere Drucke.<\/span><\/li>\n<li style=\"font-weight: 400;\" aria-level=\"1\"><span style=\"font-weight: 400;\">Verbesserte Druckqualit\u00e4t und Geschwindigkeit.<\/span><\/li>\n<li style=\"font-weight: 400;\" aria-level=\"1\"><span style=\"font-weight: 400;\">WLAN mit NFC-Einrichtung f\u00fcr nahtlose Konnektivit\u00e4t.<\/span><\/li>\n<li style=\"font-weight: 400;\" aria-level=\"1\"><span style=\"font-weight: 400;\">Neue, langlebige Komponenten aus Prusament PC Blend Carbon Fiber oder Spritzgussteilen.<\/span><\/li>\n<\/ul>\n","protected":false},"excerpt":{"rendered":"<p><span style=\"font-weight: 400;\">Der Prusa MK4S ist die neueste Version des Flaggschiff-3D-Druckers und wurde f\u00fcr eine unkomplizierte Einrichtung, zuverl\u00e4ssige Leistung und schnellen, hochwertigen Druck entwickelt. Hergestellt in der EU, um den h\u00f6chsten Standards zu entsprechen.<\/span><\/p>\n","protected":false},"featured_media":65726,"comment_status":"closed","ping_status":"closed","template":"","meta":{"_acf_changed":false},"product_brand":[],"product_cat":[1693,1695,1671,1694,2642],"product_tag":[],"brand":[],"class_list":{"0":"post-65737","1":"product","2":"type-product","3":"status-publish","4":"has-post-thumbnail","6":"product_cat-3d-drucker","7":"product_cat-alle-3d-drucker","8":"product_cat-angebote","9":"product_cat-fdm-drucker","10":"product_cat-prusa-de","12":"first","13":"onbackorder","14":"sale","15":"taxable","16":"shipping-taxable","17":"purchasable","18":"product-type-simple"},"acf":[],"_links":{"self":[{"href":"https:\/\/azurefilm.com\/de\/wp-json\/wp\/v2\/product\/65737","targetHints":{"allow":["GET"]}}],"collection":[{"href":"https:\/\/azurefilm.com\/de\/wp-json\/wp\/v2\/product"}],"about":[{"href":"https:\/\/azurefilm.com\/de\/wp-json\/wp\/v2\/types\/product"}],"replies":[{"embeddable":true,"href":"https:\/\/azurefilm.com\/de\/wp-json\/wp\/v2\/comments?post=65737"}],"wp:featuredmedia":[{"embeddable":true,"href":"https:\/\/azurefilm.com\/de\/wp-json\/wp\/v2\/media\/65726"}],"wp:attachment":[{"href":"https:\/\/azurefilm.com\/de\/wp-json\/wp\/v2\/media?parent=65737"}],"wp:term":[{"taxonomy":"product_brand","embeddable":true,"href":"https:\/\/azurefilm.com\/de\/wp-json\/wp\/v2\/product_brand?post=65737"},{"taxonomy":"product_cat","embeddable":true,"href":"https:\/\/azurefilm.com\/de\/wp-json\/wp\/v2\/product_cat?post=65737"},{"taxonomy":"product_tag","embeddable":true,"href":"https:\/\/azurefilm.com\/de\/wp-json\/wp\/v2\/product_tag?post=65737"},{"taxonomy":"brand","embeddable":true,"href":"https:\/\/azurefilm.com\/de\/wp-json\/wp\/v2\/brand?post=65737"}],"curies":[{"name":"wp","href":"https:\/\/api.w.org\/{rel}","templated":true}]}}