
{"id":65790,"date":"2024-12-03T09:45:18","date_gmt":"2024-12-03T09:45:18","guid":{"rendered":"https:\/\/azurefilm.com\/?post_type=product&#038;p=65790"},"modified":"2024-12-03T09:45:19","modified_gmt":"2024-12-03T09:45:19","slug":"prusa-xl","status":"publish","type":"product","link":"https:\/\/azurefilm.com\/de\/produkt\/prusa-xl\/","title":{"rendered":"Prusa XL"},"content":{"rendered":"<p><span style=\"font-weight: 400;\">Der Original Prusa XL ver\u00e4ndert die Welt des 3D-Drucks grundlegend. Mit seinem fortschrittlichen Werkzeugwechsler mit f\u00fcnf K\u00f6pfen liefert der XL schneller und effizienter hochwertige Mehrmaterialdrucke als jeder andere Drucker. Von seiner Pr\u00e4zision und seinem gro\u00dfen Druckvolumen bis hin zu seinen abfallfreien Druckfunktionen setzt der XL einen neuen Standard f\u00fcr leistungsstarke Desktop-3D-Drucker.<\/span><\/p>\n<h2><strong>F\u00fcnfkopf-Werkzeugwechsler f\u00fcr maximale Flexibilit\u00e4t<\/strong><\/h2>\n<p><span style=\"font-weight: 400;\">Der Eckpfeiler des Original Prusa XL ist sein F\u00fcnfkopf-Werkzeugwechsler. Mit dieser Funktion k\u00f6nnen Sie bis zu f\u00fcnf Materialien gleichzeitig laden und w\u00e4hrend des Druckvorgangs sofort zwischen ihnen wechseln. Dieses schnelle und zuverl\u00e4ssige Werkzeugwechselsystem sorgt daf\u00fcr, dass Sie komplexe Drucke aus mehreren Materialien problemlos durchf\u00fchren und gleichzeitig die Druckzeiten verk\u00fcrzen k\u00f6nnen.<\/span><\/p>\n<h2><strong>Abfallfreier Druck<\/strong><\/h2>\n<p><span style=\"font-weight: 400;\">Mit dem Prusa XL k\u00f6nnen Sie sich von Filamentabfall verabschieden. Im Gegensatz zu Einzelextruderdruckern, die bei jedem Farb- oder Materialwechsel Material verschwenden, wird der Abfall beim XL fast vollst\u00e4ndig vermieden. Dank seines einzigartigen Designs, einschlie\u00dflich eines winzigen Ansaugturms zur Stabilisierung des D\u00fcsendrucks und Wisch-zum-F\u00fcllen-Optionen, genie\u00dfen Sie effizienten Mehrmaterialdruck mit minimalem bis keinem Abfall.<\/span><\/p>\n<h2><strong>Un\u00fcbertroffene Druckgeschwindigkeit und Pr\u00e4zision<\/strong><\/h2>\n<p><span style=\"font-weight: 400;\">Der XL ist der schnellste Multimaterial-Desktopdrucker auf dem Markt. Er verf\u00fcgt \u00fcber modernste Technologien wie Input Shaper und Pressure Advance und erm\u00f6glicht superschnelles Drucken ohne Kompromisse bei der Qualit\u00e4t. Egal, ob Sie mit flexiblen Filamenten oder fortschrittlichen Materialien drucken, der XL bietet \u00fcber das gesamte Druckbett hinweg au\u00dfergew\u00f6hnliche Pr\u00e4zision und Qualit\u00e4t.<\/span><\/p>\n<h2><strong>Riesiges Bauvolumen f\u00fcr gro\u00dfe Projekte<\/strong><\/h2>\n<p><span style=\"font-weight: 400;\">Mit einer Baufl\u00e4che von 360\u00d7360\u00d7360 mm ist der Original Prusa XL ideal f\u00fcr gr\u00f6\u00dfere Projekte. Sein gro\u00dfz\u00fcgiges Druckvolumen erm\u00f6glicht Ihnen gro\u00dfe Drucke und Designs aus mehreren Materialien, w\u00e4hrend gleichzeitig ein hohes Ma\u00df an Detailgenauigkeit und Genauigkeit erhalten bleibt.<\/span><\/p>\n<h2><strong>Erweiterte Druckqualit\u00e4t und Zuverl\u00e4ssigkeit<\/strong><\/h2>\n<p><span style=\"font-weight: 400;\">Der XL zeichnet sich durch perfekte Druckergebnisse aus, selbst bei den kompliziertesten Designs. Ausgestattet mit dem Nextruder f\u00fcr flexiblen Filamentdruck und au\u00dfergew\u00f6hnlicher Leistung bei steilen \u00dcberh\u00e4ngen ist der XL auf Zuverl\u00e4ssigkeit und Pr\u00e4zision ausgelegt. Egal, ob Sie Teile drucken, die perfekt zusammenpassen m\u00fcssen, oder komplexe Geometrien, der XL liefert jedes Mal.<\/span><\/p>\n<h2><strong>Modulares, segmentiertes Heizbett f\u00fcr gleichbleibende Ergebnisse<\/strong><\/h2>\n<p><span style=\"font-weight: 400;\">Der XL ist mit einem modularen, segmentierten Heizbett ausgestattet, das Verformungen verhindert, die bei einzelnen gro\u00dfen Heizbetten h\u00e4ufig vorkommen. Jede der 16 gesteuerten Kacheln sorgt f\u00fcr eine gleichm\u00e4\u00dfige Erw\u00e4rmung der gesamten Druckoberfl\u00e4che und sorgt so jedes Mal f\u00fcr optimale Haftung und Druckqualit\u00e4t.<\/span><\/p>\n<h2><strong>Flexible Materialvertr\u00e4glichkeit<\/strong><\/h2>\n<p><span style=\"font-weight: 400;\">Ob Sie mit PLA, PETG, ASA oder sogar flexiblen Filamenten wie TPU drucken m\u00fcssen, der Original Prusa XL kann mit allem umgehen. Mit seinem direkt angetriebenen Nextruder sorgt der XL f\u00fcr reibungsloses und pr\u00e4zises Drucken selbst mit den anspruchsvollsten Materialien. F\u00fcr Materialien, die einen geschlossenen Raum ben\u00f6tigen, bietet das optionale Original Prusa Enclosure die perfekte L\u00f6sung.<\/span><\/p>\n<h2><strong>Schneller Netzwerkdruck mit Prusa connect<\/strong><\/h2>\n<p><span style=\"font-weight: 400;\">Mit Prusa Connect bietet der XL eine einfache drahtlose Steuerung und \u00dcberwachung. Sie k\u00f6nnen Druckvorg\u00e4nge aus der Ferne starten, Auftr\u00e4ge planen und den Fortschritt \u00fcber eine Webcam im Auge behalten \u2013 und das alles \u00fcber ein sicheres und verschl\u00fcsseltes System. Dar\u00fcber hinaus unterst\u00fctzt der XL Netzwerkdruck, sodass Sie mehrere Drucker problemlos von einem Standort aus verwalten k\u00f6nnen.<\/span><\/p>\n<h2><strong>Wiederherstellung nach Stromausfall<\/strong><\/h2>\n<p><span style=\"font-weight: 400;\">Gro\u00dfe Drucke k\u00f6nnen Stunden dauern, aber mit der Wiederherstellungsfunktion des XL nach Stromausfall m\u00fcssen Sie sich keine Sorgen \u00fcber Stromausf\u00e4lle machen. Der Drucker speichert die letzte bekannte Position des Extruders, sodass er bei einem Stromausfall den Druck genau dort fortsetzen kann, wo er aufgeh\u00f6rt hat. So wird Ihr Arbeitsablauf nur minimal gest\u00f6rt.<\/span><\/p>\n<h2><strong>Einfache Bedienung durch Drucken mit nur einem Klick<\/strong><\/h2>\n<p><span style=\"font-weight: 400;\">Das benutzerfreundliche Design des XL macht es einfach, sofort loszulegen. Dank automatischer Kalibrierung, Drucken mit einem Klick und stets perfekten ersten Schichten m\u00fcssen Sie keine Zeit mit dem Anpassen von Einstellungen verschwenden. Dar\u00fcber hinaus machen die Touchscreen-Oberfl\u00e4che und die intuitiven Men\u00fcs des Druckers die Bedienung des XL zum Kinderspiel.<\/span><\/p>\n<h2><strong>Auf Langlebigkeit ausgelegt und mit langfristigem Support<\/strong><\/h2>\n<p><span style=\"font-weight: 400;\">Prusa 3D-Drucker, einschlie\u00dflich des XL, sind f\u00fcr den Langzeitgebrauch und kontinuierliche Verbesserung ausgelegt. Der XL wird mit regelm\u00e4\u00dfigen Firmware- und Hardware-Updates unterst\u00fctzt, die neue Funktionen hinzuf\u00fcgen und den Drucker \u00fcber Jahre hinweg auf dem neuesten Stand halten.<\/span><\/p>\n","protected":false},"excerpt":{"rendered":"<p><span style=\"font-weight: 400;\">Der Prusa XL ist die neueste Version ihres gro\u00dfformatigen Multimaterial-Desktop-3D-Druckers. Er verf\u00fcgt \u00fcber ein gro\u00dfz\u00fcgiges Bauvolumen von 360 x 360 x 360 mm. Ausgestattet mit einem schnellen Werkzeugwechsler und der M\u00f6glichkeit, bis zu f\u00fcnf Werkzeugk\u00f6pfe zu verwenden, erzielt der XL schneller als jeder andere Drucker hochwertige Multimaterialdrucke und minimiert dabei den Abfall. Entworfen und gebaut in der EU.<\/span><\/p>\n","protected":false},"featured_media":65784,"comment_status":"closed","ping_status":"closed","template":"","meta":{"_acf_changed":false},"product_brand":[],"product_cat":[1693,1695,1694,2642],"product_tag":[],"brand":[],"class_list":{"0":"post-65790","1":"product","2":"type-product","3":"status-publish","4":"has-post-thumbnail","6":"product_cat-3d-drucker","7":"product_cat-alle-3d-drucker","8":"product_cat-fdm-drucker","9":"product_cat-prusa-de","11":"first","12":"instock","13":"taxable","14":"shipping-taxable","15":"product-type-simple"},"acf":[],"_links":{"self":[{"href":"https:\/\/azurefilm.com\/de\/wp-json\/wp\/v2\/product\/65790","targetHints":{"allow":["GET"]}}],"collection":[{"href":"https:\/\/azurefilm.com\/de\/wp-json\/wp\/v2\/product"}],"about":[{"href":"https:\/\/azurefilm.com\/de\/wp-json\/wp\/v2\/types\/product"}],"replies":[{"embeddable":true,"href":"https:\/\/azurefilm.com\/de\/wp-json\/wp\/v2\/comments?post=65790"}],"wp:featuredmedia":[{"embeddable":true,"href":"https:\/\/azurefilm.com\/de\/wp-json\/wp\/v2\/media\/65784"}],"wp:attachment":[{"href":"https:\/\/azurefilm.com\/de\/wp-json\/wp\/v2\/media?parent=65790"}],"wp:term":[{"taxonomy":"product_brand","embeddable":true,"href":"https:\/\/azurefilm.com\/de\/wp-json\/wp\/v2\/product_brand?post=65790"},{"taxonomy":"product_cat","embeddable":true,"href":"https:\/\/azurefilm.com\/de\/wp-json\/wp\/v2\/product_cat?post=65790"},{"taxonomy":"product_tag","embeddable":true,"href":"https:\/\/azurefilm.com\/de\/wp-json\/wp\/v2\/product_tag?post=65790"},{"taxonomy":"brand","embeddable":true,"href":"https:\/\/azurefilm.com\/de\/wp-json\/wp\/v2\/brand?post=65790"}],"curies":[{"name":"wp","href":"https:\/\/api.w.org\/{rel}","templated":true}]}}