
{"id":65919,"date":"2024-12-03T09:44:47","date_gmt":"2024-12-03T09:44:47","guid":{"rendered":"https:\/\/azurefilm.com\/?post_type=product&#038;p=65919"},"modified":"2024-12-03T09:44:48","modified_gmt":"2024-12-03T09:44:48","slug":"prusa-mini","status":"publish","type":"product","link":"https:\/\/azurefilm.com\/de\/produkt\/prusa-mini\/","title":{"rendered":"Prusa MINI+"},"content":{"rendered":"<p><span style=\"font-weight: 400;\">Der Original Prusa MINI+ ist ein leistungsstarker 3D-Drucker, der Geschwindigkeit, Zuverl\u00e4ssigkeit und Benutzerfreundlichkeit in einem kompakten Design vereint. Er ist mit allen Funktionen ausgestattet, die Sie von einem Original Prusa 3D-Drucker erwarten, und ist damit die perfekte Wahl f\u00fcr Benutzer auf jedem Niveau.<\/span><\/p>\n<h2><strong>Bauvolumen: 18x18x18cm<\/strong><\/h2>\n<p><span style=\"font-weight: 400;\">Der MINI+ bietet einen gro\u00dfz\u00fcgigen Druckbereich mit einem Bauvolumen von 18\u00d718\u00d718 cm in einem kompakten Geh\u00e4use. Dieser kleine, aber leistungsstarke Drucker ist mit Funktionen wie sensorlosem Homing, automatischer Mesh-Bettkalibrierung und einem Vollfarb-LCD-Bildschirm ausgestattet, was die Bedienung und Wartung erleichtert.<\/span><\/p>\n<h2><strong>Schneller Druck mit Eingabeformer und Druckvorschub<\/strong><\/h2>\n<p><span style=\"font-weight: 400;\">Dank der Einf\u00fchrung der Technologien Input Shaper und Pressure Advance ist der MINI+ jetzt schneller als je zuvor. Diese Upgrades erm\u00f6glichen dem Drucker Hochgeschwindigkeitsdruck ohne Kompromisse bei der Druckqualit\u00e4t. Mit werkseitig getesteten Profilen in PrusaSlicer k\u00f6nnen Sie ganz einfach die besten Einstellungen f\u00fcr Ihr Projekt finden.<\/span><\/p>\n<h2><strong>Flexible Druckb\u00f6gen<\/strong><\/h2>\n<p><span style=\"font-weight: 400;\">Schluss mit dem \u00c4rger mit am Bett festklebenden Drucken! Der MINI+ verf\u00fcgt \u00fcber ein magnetisches Heizbett mit abnehmbaren Federstahlplatten, sodass sich die Drucke durch einfaches Biegen leicht entfernen lassen. Die Oberfl\u00e4che ist in drei Varianten erh\u00e4ltlich: glatt, strukturiert und satiniert, die alle leicht zu pflegen sind.<\/span><\/p>\n<h2><strong>SuperPINDA-Sonde f\u00fcr pr\u00e4zise Bettnivellierung<\/strong><\/h2>\n<p><span style=\"font-weight: 400;\">Die SuperPINDA-Sonde sorgt jedes Mal f\u00fcr perfekte erste Schichten, indem sie eine vollautomatische Nivellierung des Mesh-Betts durchf\u00fchrt. Vor jedem Druck pr\u00fcft sie das Bett an mehreren Stellen und erstellt eine virtuelle H\u00f6henkarte, um bei jedem Druck eine makellose erste Schicht sicherzustellen.<\/span><\/p>\n<h2><strong>Netzwerkkonnektivit\u00e4t f\u00fcr die Fernverwaltung<\/strong><\/h2>\n<p><span style=\"font-weight: 400;\">Ausgestattet mit einem Ethernet-Anschluss erm\u00f6glicht Ihnen der MINI+ die einfache Integration in unser Remote-Druckverwaltungssystem Prusa Connect. Sie k\u00f6nnen Ihre Ausdrucke verwalten, neue Dateien hochladen oder sogar die Firmware remote \u00fcber einen Webbrowser flashen. Ein optionales Wi-Fi-Upgrade macht dies noch bequemer.<\/span><\/p>\n<h2><strong>Sicherheitsvorrichtungen<\/strong><\/h2>\n<p><span style=\"font-weight: 400;\">Beim MINI+ wurde auf Sicherheit geachtet. Jedes Ger\u00e4t wird strengen internen Tests unterzogen, um sicherzustellen, dass alle Teile den h\u00f6chsten Standards entsprechen. Ausgestattet mit drei Thermistoren und einem hochwertigen Netzteil (Delta oder Mean Well, je nach Region) ist der MINI+ f\u00fcr einen sicheren und zuverl\u00e4ssigen Betrieb ausgelegt.<\/span><\/p>\n<h2><strong>Drucken mit nur einem Klick<\/strong><\/h2>\n<p><span style=\"font-weight: 400;\">Das Drucken wird durch die Ein-Klick-Funktion zum Kinderspiel. Stecken Sie einfach ein USB-Laufwerk mit Ihrer Sliced-Datei ein, w\u00e4hlen Sie den Druck aus dem Objektvorschaumen\u00fc und klicken Sie einmal, um zu beginnen. Der MINI+ k\u00fcmmert sich um den Rest.<\/span><\/p>\n<h2><strong>32-Bit-Embedded-Plattform f\u00fcr Leistung und Flexibilit\u00e4t<\/strong><\/h2>\n<p><span style=\"font-weight: 400;\">Der MINI+ wird von unserem ma\u00dfgeschneiderten 32-Bit-Motherboard \u201eBuddy\u201c angetrieben, das Trinamic 2209-Treiber f\u00fcr einen pr\u00e4zisen und reibungslosen Betrieb enth\u00e4lt. Es f\u00fchrt Input Shaper und Pressure Advance nativ aus und erm\u00f6glicht so schnelleres Drucken ohne zus\u00e4tzliche Hardware. Es l\u00e4sst sich au\u00dferdem nahtlos in Prusa Connect f\u00fcr die Fernverwaltung integrieren.<\/span><\/p>\n","protected":false},"excerpt":{"rendered":"<p><span style=\"font-weight: 400;\">Der Original Prusa MINI+ bietet gro\u00dfe Druckerleistung in einem kompakten Design und ist jetzt schneller als je zuvor dank Input Shaper und Pressure Advance. Der MINI+ ist zuverl\u00e4ssig, schnell und kann problemlos eine Vielzahl von Projekten bew\u00e4ltigen. Au\u00dferdem wird er mit einem Smooth PEI-Druckblatt f\u00fcr optimale Haftung geliefert.<\/span><\/p>\n","protected":false},"featured_media":65914,"comment_status":"closed","ping_status":"closed","template":"","meta":{"_acf_changed":false},"product_brand":[],"product_cat":[1693,1695,1671,1694,2642],"product_tag":[],"brand":[],"class_list":{"0":"post-65919","1":"product","2":"type-product","3":"status-publish","4":"has-post-thumbnail","6":"product_cat-3d-drucker","7":"product_cat-alle-3d-drucker","8":"product_cat-angebote","9":"product_cat-fdm-drucker","10":"product_cat-prusa-de","12":"first","13":"instock","14":"sale","15":"taxable","16":"shipping-taxable","17":"purchasable","18":"product-type-simple"},"acf":[],"_links":{"self":[{"href":"https:\/\/azurefilm.com\/de\/wp-json\/wp\/v2\/product\/65919","targetHints":{"allow":["GET"]}}],"collection":[{"href":"https:\/\/azurefilm.com\/de\/wp-json\/wp\/v2\/product"}],"about":[{"href":"https:\/\/azurefilm.com\/de\/wp-json\/wp\/v2\/types\/product"}],"replies":[{"embeddable":true,"href":"https:\/\/azurefilm.com\/de\/wp-json\/wp\/v2\/comments?post=65919"}],"wp:featuredmedia":[{"embeddable":true,"href":"https:\/\/azurefilm.com\/de\/wp-json\/wp\/v2\/media\/65914"}],"wp:attachment":[{"href":"https:\/\/azurefilm.com\/de\/wp-json\/wp\/v2\/media?parent=65919"}],"wp:term":[{"taxonomy":"product_brand","embeddable":true,"href":"https:\/\/azurefilm.com\/de\/wp-json\/wp\/v2\/product_brand?post=65919"},{"taxonomy":"product_cat","embeddable":true,"href":"https:\/\/azurefilm.com\/de\/wp-json\/wp\/v2\/product_cat?post=65919"},{"taxonomy":"product_tag","embeddable":true,"href":"https:\/\/azurefilm.com\/de\/wp-json\/wp\/v2\/product_tag?post=65919"},{"taxonomy":"brand","embeddable":true,"href":"https:\/\/azurefilm.com\/de\/wp-json\/wp\/v2\/brand?post=65919"}],"curies":[{"name":"wp","href":"https:\/\/api.w.org\/{rel}","templated":true}]}}