
{"id":71612,"date":"2025-02-18T07:18:34","date_gmt":"2025-02-18T07:18:34","guid":{"rendered":"https:\/\/azurefilm.com\/?post_type=product&#038;p=71612"},"modified":"2025-03-13T08:41:56","modified_gmt":"2025-03-13T08:41:56","slug":"creality-hi-combo","status":"publish","type":"product","link":"https:\/\/azurefilm.com\/de\/produkt\/creality-hi-combo\/","title":{"rendered":"Creality Hi Combo"},"content":{"rendered":"<p><span style=\"font-weight: 400;\">Das Creality Hi Combo kombiniert den fortschrittlichen Creality Hi 3D-Drucker und das Creality CFS Multimaterialsystem f\u00fcr pr\u00e4zises Drucken mit beeindruckender Geschwindigkeit. Mit diesem Paket k\u00f6nnen Sie frei mit verschiedenen Materialien und Farben experimentieren und gleichzeitig qualitativ hochwertige Ergebnisse erzielen.<\/span><\/p>\n<h2><strong>Creality Hi: Intelligentes und effizientes Drucken<\/strong><\/h2>\n<p><span style=\"font-weight: 400;\">Egal, ob Sie Anf\u00e4nger oder Profi sind, Creality Hi macht 3D-Druck schneller, intelligenter und einfacher. Mit modernster Technologie, intuitiver Steuerung und einem schlanken, stabilen Design verbessert es Ihr Druckerlebnis.<\/span><\/p>\n<h3><strong>Schnelle Montage<\/strong><\/h3>\n<p><span style=\"font-weight: 400;\">Creality Hi wird zu 95 % vormontiert geliefert \u2013 nur sieben Schrauben und ein paar Anschl\u00fcsse, und in 8 Minuten sind Sie druckbereit! Die Softwareeinrichtung und die Erstkalibrierung sind ebenso einfach.<\/span><\/p>\n<h3><strong>Stabilit\u00e4t trifft Stil<\/strong><\/h3>\n<p><span style=\"font-weight: 400;\">Das schlanke Geh\u00e4use des Creality Hi aus einer Vollmetalllegierung bietet Stabilit\u00e4t, w\u00e4hrend sein Linearschienensystem auf der X-Achse und die doppelten Linearstangen auf der Y-Achse f\u00fcr sanfte Bewegungen und pr\u00e4zises Drucken sorgen.<\/span><\/p>\n<h3><strong>Hochgeschwindigkeitsdruck<\/strong><\/h3>\n<p><span style=\"font-weight: 400;\">Die FOC-Step-Servo-Motoren von Creality Hi erm\u00f6glichen Druckgeschwindigkeiten von bis zu 500 mm\/s und eine Beschleunigung von 12.000 mm\/s\u00b2 und gew\u00e4hrleisten so sowohl Geschwindigkeit als auch Pr\u00e4zision.<\/span><\/p>\n<h3><strong>Automatische Bettnivellierung f\u00fcr perfekte erste Schichten<\/strong><\/h3>\n<p><span style=\"font-weight: 400;\">Das automatische Bettnivellierungssystem sorgt dank pr\u00e4ziser Einstellungen mit zwei Leitspindeln auf der X-Achse daf\u00fcr, dass Ihre ersten Schichten jedes Mal makellos sind.<\/span><\/p>\n<h3><strong>High-Speed-Heizung f\u00fcr schnellere Starts<\/strong><\/h3>\n<p><span style=\"font-weight: 400;\">Das 1000 W starke Heizbett erreicht 60 \u00b0C in nur 30 Sekunden und 100 \u00b0C in 90 Sekunden und erm\u00f6glicht so schnelle Druckvorbereitungen und schnellere Druckstarts.<\/span><\/p>\n<h3><strong>Benachrichtigungen mit Tonalarmen<\/strong><\/h3>\n<p><span style=\"font-weight: 400;\">Integrierte Tonwarnungen informieren Sie \u00fcber Aktualisierungen des Druckstatus, z. B. wenn der Druckvorgang abgeschlossen oder vor\u00fcbergehend unterbrochen ist.<\/span><\/p>\n<h3><strong>Zusatzfunktionen:<\/strong><\/h3>\n<ul>\n<li style=\"font-weight: 400;\" aria-level=\"1\"><span style=\"font-weight: 400;\">Extrem langlebige Metallzahnr\u00e4der f\u00fcr langanhaltende Extrusion<\/span><\/li>\n<li style=\"font-weight: 400;\" aria-level=\"1\"><span style=\"font-weight: 400;\">Effizienter Filamentschneider mit magnetischem R\u00fcckzug<\/span><\/li>\n<li style=\"font-weight: 400;\" aria-level=\"1\"><span style=\"font-weight: 400;\">Auslaufsensor f\u00fcr weniger Filamentabfall<\/span><\/li>\n<li style=\"font-weight: 400;\" aria-level=\"1\"><span style=\"font-weight: 400;\">Eingebaute Kamera zur Fern\u00fcberwachung<\/span><\/li>\n<li style=\"font-weight: 400;\" aria-level=\"1\"><span style=\"font-weight: 400;\">Leiser Betrieb bei ~48 dB<\/span><\/li>\n<li style=\"font-weight: 400;\" aria-level=\"1\"><span style=\"font-weight: 400;\">3,2-Zoll-Touchscreen-Display<\/span><\/li>\n<\/ul>\n<h2><strong>Creality CFS: Multimaterialdruck leicht gemacht<\/strong><\/h2>\n<p><span style=\"font-weight: 400;\">Das Creality CFS (Color Filament System) ist ein intelligentes Multimaterialsystem mit vier Filament-Slots, perfekt f\u00fcr Mehrfarbdruck und die gleichzeitige Verwendung verschiedener Materialien.<\/span><\/p>\n<h3><strong>Automatisiertes Filamentmanagement<\/strong><\/h3>\n<p><span style=\"font-weight: 400;\">Das System l\u00e4dt und entl\u00e4dt Filament automatisch, sodass kein manueller Austausch mehr erforderlich ist. Es dient auch als Trockenbox zur Filamentlagerung und verf\u00fcgt \u00fcber Temperatur- und Feuchtigkeitsanzeigen zur optimalen Filamentkonservierung.<\/span><\/p>\n<h3><strong>RFID-Materialerkennung<\/strong><\/h3>\n<p><span style=\"font-weight: 400;\">Das CFS-System erkennt Filamenttypen automatisch mittels RFID und sorgt so f\u00fcr ein nahtloses Materialmanagement.<\/span><\/p>\n<h3><strong>Kompatibilit\u00e4t und Kapazit\u00e4t<\/strong><\/h3>\n<p><span style=\"font-weight: 400;\">CFS bietet Platz f\u00fcr vier 1 kg Filamentspulen (197\u2013202 mm Durchmesser, 42\u201368 mm Breite).\u00a0<\/span><\/p>\n<h3><strong>CFS-Spezifikationen<\/strong><\/h3>\n<ul>\n<li>Produkt: <span style=\"font-weight: 400;\">CFS<\/span><\/li>\n<li>Unterst\u00fctzte 3D-Drucker: <span style=\"font-weight: 400;\">Creality Hi<\/span><\/li>\n<li>Ma\u00dfe: <span style=\"font-weight: 400;\">379x314x276mm<\/span><\/li>\n<li>Anschlussport: <span style=\"font-weight: 400;\">Creality 485 x 2<\/span><\/li>\n<li>Nettogewicht: <span style=\"font-weight: 400;\">4,56 kg<\/span><\/li>\n<li>Anzahl der Filamentschlitze: <span style=\"font-weight: 400;\">4<\/span><\/li>\n<li>Anzeigebildschirm: <span style=\"font-weight: 400;\">Segment-LCD, <\/span><span style=\"font-weight: 400;\">Anzeige von Temperatur und Luftfeuchtigkeit<\/span><\/li>\n<li>Anzahl der Erweiterungen: <span style=\"font-weight: 400;\">\u2264 4<\/span><\/li>\n<li>Filamentpuffer: <span style=\"font-weight: 400;\">Eingang x 4 und Ausgang x 1<\/span><\/li>\n<li>Filamentspulen-Kompatibilit\u00e4t: <span style=\"font-weight: 400;\">1 kg Filamentspule; <\/span><span style=\"font-weight: 400;\">Durchmesser: 197-202mm, Dicke: 42-68mm<\/span><\/li>\n<li>Filamentdurchmesser: <span style=\"font-weight: 400;\">1,75 \u00b1 0,05 mm<\/span><\/li>\n<li>Stromversorgung: <span style=\"font-weight: 400;\">Gleichstrom 24 V<\/span><\/li>\n<li>Nennleistung: <span style=\"font-weight: 400;\">20 W<\/span><\/li>\n<li>Trocknungsmethode: <span style=\"font-weight: 400;\">Trockenmittel<\/span><\/li>\n<li>Statusanzeige: <span style=\"font-weight: 400;\">Kontrollleuchte (wei\u00df\/rot) x 4<\/span><\/li>\n<li>RFID Filament Erkennung: <span style=\"font-weight: 400;\">Ja<\/span><\/li>\n<li>Unterst\u00fctzte Filamente: <span style=\"font-weight: 400;\">PLA\/PETG\/ABS\/ASA\/PET\/PLA-CF, <\/span><span style=\"font-weight: 400;\">*Nicht kompatibel mit flexiblem TPU, feuchtem BVOH\/PVA oder verzogenen Pappspulen.<\/span><\/li>\n<li>Automatisches Filamentrelais: <span style=\"font-weight: 400;\">Ja<\/span><\/li>\n<\/ul>\n","protected":false},"excerpt":{"rendered":"<p><span style=\"font-weight: 400;\">Lernen Sie das Creality Hi Combo kennen! Es kombiniert den fortschrittlichen Creality Hi 3D-Drucker und das Creality CFS Multimaterialsystem f\u00fcr pr\u00e4zises Drucken mit beeindruckender Geschwindigkeit. Mit diesem Paket k\u00f6nnen Sie frei mit verschiedenen Materialien und Farben experimentieren und gleichzeitig qualitativ hochwertige Ergebnisse erzielen!<\/span><\/p>\n","protected":false},"featured_media":71700,"comment_status":"closed","ping_status":"closed","template":"","meta":{"_acf_changed":false},"product_brand":[],"product_cat":[1693,1695,1671,2802,1851,1694],"product_tag":[2150],"brand":[],"class_list":{"0":"post-71612","1":"product","2":"type-product","3":"status-publish","4":"has-post-thumbnail","6":"product_cat-3d-drucker","7":"product_cat-alle-3d-drucker","8":"product_cat-angebote","9":"product_cat-back-to-school-de","10":"product_cat-creality-de","11":"product_cat-fdm-drucker","12":"product_tag-vorbestellung","14":"first","15":"outofstock","16":"sale","17":"taxable","18":"shipping-taxable","19":"purchasable","20":"product-type-simple"},"acf":[],"_links":{"self":[{"href":"https:\/\/azurefilm.com\/de\/wp-json\/wp\/v2\/product\/71612","targetHints":{"allow":["GET"]}}],"collection":[{"href":"https:\/\/azurefilm.com\/de\/wp-json\/wp\/v2\/product"}],"about":[{"href":"https:\/\/azurefilm.com\/de\/wp-json\/wp\/v2\/types\/product"}],"replies":[{"embeddable":true,"href":"https:\/\/azurefilm.com\/de\/wp-json\/wp\/v2\/comments?post=71612"}],"wp:featuredmedia":[{"embeddable":true,"href":"https:\/\/azurefilm.com\/de\/wp-json\/wp\/v2\/media\/71700"}],"wp:attachment":[{"href":"https:\/\/azurefilm.com\/de\/wp-json\/wp\/v2\/media?parent=71612"}],"wp:term":[{"taxonomy":"product_brand","embeddable":true,"href":"https:\/\/azurefilm.com\/de\/wp-json\/wp\/v2\/product_brand?post=71612"},{"taxonomy":"product_cat","embeddable":true,"href":"https:\/\/azurefilm.com\/de\/wp-json\/wp\/v2\/product_cat?post=71612"},{"taxonomy":"product_tag","embeddable":true,"href":"https:\/\/azurefilm.com\/de\/wp-json\/wp\/v2\/product_tag?post=71612"},{"taxonomy":"brand","embeddable":true,"href":"https:\/\/azurefilm.com\/de\/wp-json\/wp\/v2\/brand?post=71612"}],"curies":[{"name":"wp","href":"https:\/\/api.w.org\/{rel}","templated":true}]}}