
{"id":73115,"date":"2025-03-21T08:25:54","date_gmt":"2025-03-21T08:25:54","guid":{"rendered":"https:\/\/azurefilm.com\/?post_type=product&#038;p=73115"},"modified":"2025-03-21T08:25:55","modified_gmt":"2025-03-21T08:25:55","slug":"bambu-lab-zusatzteil-kuehlluefter","status":"publish","type":"product","link":"https:\/\/azurefilm.com\/de\/produkt\/bambu-lab-zusatzteil-kuehlluefter\/","title":{"rendered":"Bambu Lab Zusatzteil-K\u00fchll\u00fcfter"},"content":{"rendered":"<p><span style=\"font-weight: 400;\">Der Bambu Lab Zusatzteil-L\u00fcfter ist aus hochwertigen Materialien gefertigt, um Vibrationen zu minimieren. Er unterst\u00fctzt die effiziente W\u00e4rmeableitung aus dem Geh\u00e4use, gew\u00e4hrleistet optimale Leistung und erm\u00f6glicht Hochgeschwindigkeitsdruck auch in geschlossenen R\u00e4umen.<\/span><\/p>\n<p><span style=\"font-weight: 400;\">Passend f\u00fcr Drucker: Bambu Lab P1P, Bambu Lab P1S, Bambu Lab P1S Combo, Bambu Lab X1 Carbon, Bambu Lab X1 Carbon Combo<\/span><\/p>\n","protected":false},"excerpt":{"rendered":"<p><span style=\"font-weight: 400;\">Kaufen Sie den K\u00fchll\u00fcfter f\u00fcr Zusatzteile von Bambu Lab \u2013 hergestellt aus hochwertigen Materialien zur Minimierung von Vibrationen.<\/span><\/p>\n","protected":false},"featured_media":73253,"comment_status":"closed","ping_status":"closed","template":"","meta":{"_acf_changed":false},"product_brand":[],"product_cat":[1765,1767,1814],"product_tag":[],"brand":[],"class_list":{"0":"post-73115","1":"product","2":"type-product","3":"status-publish","4":"has-post-thumbnail","6":"product_cat-ersatzteile","7":"product_cat-alle-ersatzteile","8":"product_cat-lufter","9":"pa_compatible-with-bambulab-fdm-3d-printers","10":"pa_fits-printer-all-bambu-lab-x1-series-p1-series","11":"pa_fits-printer-bambu-lab-p1p","12":"pa_fits-printer-bambu-lab-x1-carbon","14":"first","15":"instock","16":"taxable","17":"shipping-taxable","18":"purchasable","19":"product-type-simple"},"acf":[],"_links":{"self":[{"href":"https:\/\/azurefilm.com\/de\/wp-json\/wp\/v2\/product\/73115","targetHints":{"allow":["GET"]}}],"collection":[{"href":"https:\/\/azurefilm.com\/de\/wp-json\/wp\/v2\/product"}],"about":[{"href":"https:\/\/azurefilm.com\/de\/wp-json\/wp\/v2\/types\/product"}],"replies":[{"embeddable":true,"href":"https:\/\/azurefilm.com\/de\/wp-json\/wp\/v2\/comments?post=73115"}],"wp:featuredmedia":[{"embeddable":true,"href":"https:\/\/azurefilm.com\/de\/wp-json\/wp\/v2\/media\/73253"}],"wp:attachment":[{"href":"https:\/\/azurefilm.com\/de\/wp-json\/wp\/v2\/media?parent=73115"}],"wp:term":[{"taxonomy":"product_brand","embeddable":true,"href":"https:\/\/azurefilm.com\/de\/wp-json\/wp\/v2\/product_brand?post=73115"},{"taxonomy":"product_cat","embeddable":true,"href":"https:\/\/azurefilm.com\/de\/wp-json\/wp\/v2\/product_cat?post=73115"},{"taxonomy":"product_tag","embeddable":true,"href":"https:\/\/azurefilm.com\/de\/wp-json\/wp\/v2\/product_tag?post=73115"},{"taxonomy":"brand","embeddable":true,"href":"https:\/\/azurefilm.com\/de\/wp-json\/wp\/v2\/brand?post=73115"}],"curies":[{"name":"wp","href":"https:\/\/api.w.org\/{rel}","templated":true}]}}