
{"id":73120,"date":"2025-03-21T08:25:04","date_gmt":"2025-03-21T08:25:04","guid":{"rendered":"https:\/\/azurefilm.com\/?post_type=product&#038;p=73120"},"modified":"2025-03-21T08:25:05","modified_gmt":"2025-03-21T08:25:05","slug":"bambu-lab-ams-feeder-fuer-die-erste-stufe","status":"publish","type":"product","link":"https:\/\/azurefilm.com\/de\/produkt\/bambu-lab-ams-feeder-fuer-die-erste-stufe\/","title":{"rendered":"Bambu Lab AMS Feeder f\u00fcr die erste Stufe"},"content":{"rendered":"<p><span style=\"font-weight: 400;\">Der AMS-Vorstufen-Feeder unterst\u00fctzt das Automatic Material System (AMS) f\u00fcr Mehrfarben- und Mehrmaterialdruck. Jede AMS-Einheit enth\u00e4lt vier Vorstufen-Feeder, die jeweils mit einem eigenen Motor und Getriebe ausgestattet sind, um das Filament aktiv vorw\u00e4rtszuschieben oder auf die Spule zur\u00fcckzuspulen. Der Feeder verf\u00fcgt au\u00dferdem \u00fcber einen Filamenterkennungssensor, der das Filament nach dem Einlegen automatisch einzieht. Beim Zur\u00fcckspulen greift der Feeder in die AMS-Antriebswelle ein, um die Spule zu drehen und das Filament gleichm\u00e4\u00dfig einzuziehen.<\/span><\/p>\n<p><span style=\"font-weight: 400;\">Passend f\u00fcr Drucker: Bambu Lab P1S Combo, Bambu Lab X1 Carbon Combo, Bambu Lab AMS<\/span><\/p>\n","protected":false},"excerpt":{"rendered":"<p><span style=\"font-weight: 400;\">Kaufen Sie den Bambu Lab AMS First Stage Feeder \u2013 entwickelt zur Unterst\u00fctzung des Automatic Material System (AMS) f\u00fcr Mehrfarben- und Mehrmaterialdruck.<\/span><\/p>\n","protected":false},"featured_media":73259,"comment_status":"closed","ping_status":"closed","template":"","meta":{"_acf_changed":false},"product_brand":[],"product_cat":[1765,1767,1786,1788],"product_tag":[],"brand":[],"class_list":{"0":"post-73120","1":"product","2":"type-product","3":"status-publish","4":"has-post-thumbnail","6":"product_cat-ersatzteile","7":"product_cat-alle-ersatzteile","8":"product_cat-extruder-de","9":"product_cat-extruderteile","10":"pa_compatible-with-bambulab-fdm-3d-printers","11":"pa_fits-printer-bambu-lab-ams","12":"pa_fits-printer-bambu-lab-p1s-combo","13":"pa_fits-printer-bambu-lab-x1-carbon-combo","15":"first","16":"outofstock","17":"taxable","18":"shipping-taxable","19":"purchasable","20":"product-type-simple"},"acf":[],"_links":{"self":[{"href":"https:\/\/azurefilm.com\/de\/wp-json\/wp\/v2\/product\/73120","targetHints":{"allow":["GET"]}}],"collection":[{"href":"https:\/\/azurefilm.com\/de\/wp-json\/wp\/v2\/product"}],"about":[{"href":"https:\/\/azurefilm.com\/de\/wp-json\/wp\/v2\/types\/product"}],"replies":[{"embeddable":true,"href":"https:\/\/azurefilm.com\/de\/wp-json\/wp\/v2\/comments?post=73120"}],"wp:featuredmedia":[{"embeddable":true,"href":"https:\/\/azurefilm.com\/de\/wp-json\/wp\/v2\/media\/73259"}],"wp:attachment":[{"href":"https:\/\/azurefilm.com\/de\/wp-json\/wp\/v2\/media?parent=73120"}],"wp:term":[{"taxonomy":"product_brand","embeddable":true,"href":"https:\/\/azurefilm.com\/de\/wp-json\/wp\/v2\/product_brand?post=73120"},{"taxonomy":"product_cat","embeddable":true,"href":"https:\/\/azurefilm.com\/de\/wp-json\/wp\/v2\/product_cat?post=73120"},{"taxonomy":"product_tag","embeddable":true,"href":"https:\/\/azurefilm.com\/de\/wp-json\/wp\/v2\/product_tag?post=73120"},{"taxonomy":"brand","embeddable":true,"href":"https:\/\/azurefilm.com\/de\/wp-json\/wp\/v2\/brand?post=73120"}],"curies":[{"name":"wp","href":"https:\/\/api.w.org\/{rel}","templated":true}]}}