
{"id":73125,"date":"2025-03-21T08:24:24","date_gmt":"2025-03-21T08:24:24","guid":{"rendered":"https:\/\/azurefilm.com\/?post_type=product&#038;p=73125"},"modified":"2025-03-21T08:24:24","modified_gmt":"2025-03-21T08:24:24","slug":"bambu-lab-ams-aktive-stuetzwellenbaugruppe","status":"publish","type":"product","link":"https:\/\/azurefilm.com\/de\/produkt\/bambu-lab-ams-aktive-stuetzwellenbaugruppe\/","title":{"rendered":"Bambu Lab AMS Aktive St\u00fctzwellenbaugruppe"},"content":{"rendered":"<p><span style=\"font-weight: 400;\">Die AMS Active Support Shaft Assembly ist eine wichtige Komponente des Automatic Material Systems (AMS) und sorgt f\u00fcr eine reibungslose und zuverl\u00e4ssige Filamenthandhabung. Sie sorgt f\u00fcr eine pr\u00e4zise Filamentbewegung, reduziert Reibung und verbessert die Gesamtleistung beim Materialwechsel. Diese auf Langlebigkeit und Pr\u00e4zision ausgelegte Baugruppe tr\u00e4gt ma\u00dfgeblich dazu bei, dass Ihre Multimaterialdrucke reibungslos und effizient verlaufen.<\/span><\/p>\n<p><span style=\"font-weight: 400;\">Passend f\u00fcr Drucker: Bambu Lab P1S Combo, Bambu Lab X1 Carbon Combo, Bambu Lab AMS<\/span><\/p>\n","protected":false},"excerpt":{"rendered":"<p><span style=\"font-weight: 400;\">Kaufen Sie die Bambu Lab AMS Active Support Shaft Assembly \u2013 entwickelt, um eine reibungslose und zuverl\u00e4ssige Filamenthandhabung zu gew\u00e4hrleisten.<\/span><\/p>\n","protected":false},"featured_media":73265,"comment_status":"closed","ping_status":"closed","template":"","meta":{"_acf_changed":false},"product_brand":[],"product_cat":[1765,1767,1786,1788],"product_tag":[],"brand":[],"class_list":{"0":"post-73125","1":"product","2":"type-product","3":"status-publish","4":"has-post-thumbnail","6":"product_cat-ersatzteile","7":"product_cat-alle-ersatzteile","8":"product_cat-extruder-de","9":"product_cat-extruderteile","10":"pa_compatible-with-bambulab-fdm-3d-printers","11":"pa_fits-printer-bambu-lab-ams","12":"pa_fits-printer-bambu-lab-p1s-combo","13":"pa_fits-printer-bambu-lab-x1-carbon-combo","15":"first","16":"outofstock","17":"taxable","18":"shipping-taxable","19":"purchasable","20":"product-type-simple"},"acf":[],"_links":{"self":[{"href":"https:\/\/azurefilm.com\/de\/wp-json\/wp\/v2\/product\/73125","targetHints":{"allow":["GET"]}}],"collection":[{"href":"https:\/\/azurefilm.com\/de\/wp-json\/wp\/v2\/product"}],"about":[{"href":"https:\/\/azurefilm.com\/de\/wp-json\/wp\/v2\/types\/product"}],"replies":[{"embeddable":true,"href":"https:\/\/azurefilm.com\/de\/wp-json\/wp\/v2\/comments?post=73125"}],"wp:featuredmedia":[{"embeddable":true,"href":"https:\/\/azurefilm.com\/de\/wp-json\/wp\/v2\/media\/73265"}],"wp:attachment":[{"href":"https:\/\/azurefilm.com\/de\/wp-json\/wp\/v2\/media?parent=73125"}],"wp:term":[{"taxonomy":"product_brand","embeddable":true,"href":"https:\/\/azurefilm.com\/de\/wp-json\/wp\/v2\/product_brand?post=73125"},{"taxonomy":"product_cat","embeddable":true,"href":"https:\/\/azurefilm.com\/de\/wp-json\/wp\/v2\/product_cat?post=73125"},{"taxonomy":"product_tag","embeddable":true,"href":"https:\/\/azurefilm.com\/de\/wp-json\/wp\/v2\/product_tag?post=73125"},{"taxonomy":"brand","embeddable":true,"href":"https:\/\/azurefilm.com\/de\/wp-json\/wp\/v2\/brand?post=73125"}],"curies":[{"name":"wp","href":"https:\/\/api.w.org\/{rel}","templated":true}]}}