
{"id":74449,"date":"2025-04-01T11:30:40","date_gmt":"2025-04-01T11:30:40","guid":{"rendered":"https:\/\/azurefilm.com\/?post_type=product&#038;p=74449"},"modified":"2025-04-01T11:30:40","modified_gmt":"2025-04-01T11:30:40","slug":"ams-ht","status":"publish","type":"product","link":"https:\/\/azurefilm.com\/de\/produkt\/ams-ht\/","title":{"rendered":"AMS HT"},"content":{"rendered":"<h2><span style=\"font-weight: 400;\">AMS HT: Fortgeschrittenes AMS-System<\/span><span style=\"font-weight: 400;\"><br \/>\n<\/span><\/h2>\n<p><span style=\"font-weight: 400;\">Die brandneuen AMS-Systeme der 2. Generation, einschlie\u00dflich AMS 2 Pro und AMS HT, verf\u00fcgen \u00fcber b\u00fcrstenlose Servomotoren f\u00fcr das Filamentfeeding, die die Effizienz der Filamentzufuhr erheblich steigern und das Drucken mit mehreren Farben und Materialien beschleunigen. Die 2. Generation von AMS f\u00fchrt auch eine Filamenttrocknungsfunktion mit einem aktiven Luftventil in einem vollst\u00e4ndig versiegelten System ein, das die Trocknungseffizienz verbessert und optimale Filamentbedingungen \u00fcber l\u00e4ngere Zeitr\u00e4ume aufrechterh\u00e4lt.<\/span><\/p>\n<h3>Effizientes Trocknen von Filamenten<\/h3>\n<ul>\n<li style=\"font-weight: 400;\" aria-level=\"1\"><b>Hochtemperaturtrocknung:<\/b><span style=\"font-weight: 400;\"> Erreicht bis zu 85\u00b0C, ideal f\u00fcr PET-CF und andere fortschrittliche Materialien.<\/span><\/li>\n<li style=\"font-weight: 400;\" aria-level=\"1\"><b>Elektromagnetisches Luftventil:<\/b><span style=\"font-weight: 400;\"> Passt sich automatisch an Feuchtigkeit und Temperatur an, um eine bessere Trocknung zu gew\u00e4hrleisten.<\/span><\/li>\n<li style=\"font-weight: 400;\" aria-level=\"1\"><b>Luftdichte Lagerung:<\/b><span style=\"font-weight: 400;\"> H\u00e4lt Filamente \u00fcber l\u00e4ngere Zeitr\u00e4ume trocken und verhindert das Eindringen von Feuchtigkeit.<\/span><\/li>\n<li style=\"font-weight: 400;\" aria-level=\"1\"><b>RFID-Automatische Erkennung:<\/b><span style=\"font-weight: 400;\"> Wendet automatisch die richtigen Trocknungseinstellungen f\u00fcr offizielle Bambu-Filamente an.<\/span><span style=\"font-weight: 400;\"><br \/>\n<\/span><\/li>\n<\/ul>\n<h3>Schnellerer Multimaterialdruck<\/h3>\n<ul>\n<li style=\"font-weight: 400;\" aria-level=\"1\"><b>B\u00fcrstenlose Servomotoren f\u00fcr das Filamentfeeding:<\/b><span style=\"font-weight: 400;\"> Verbessern die Effizienz der Filamentzufuhr.<\/span><\/li>\n<li style=\"font-weight: 400;\" aria-level=\"1\"><b>Optimiert f\u00fcr Multimaterialdruck:<\/b><span style=\"font-weight: 400;\"> Erm\u00f6glicht reibungslose und zuverl\u00e4ssige Farb- oder Materialwechsel.<\/span><\/li>\n<li style=\"font-weight: 400;\" aria-level=\"1\"><b style=\"color: #555555;\">Zukunftssichere Kompatibilit\u00e4t:<\/b><span style=\"font-weight: 400;\"> Funktioniert mit allen Bambu Lab-Druckern, mit Unterst\u00fctzung f\u00fcr die A1-Serie, die im dritten Quartal 2025 verf\u00fcgbar sein wird.<\/span><\/li>\n<\/ul>\n","protected":false},"excerpt":{"rendered":"<p><span style=\"font-weight: 400;\">Das Bambu Lab AMS HT (Automatic Material System High-Temperature) ist ein fortschrittliches Filamentmanagementsystem, das das Drucken mit mehreren Materialien und Farben im 3D-Druck verbessert.<\/span><\/p>\n","protected":false},"featured_media":74444,"comment_status":"closed","ping_status":"closed","template":"","meta":{"_acf_changed":false},"product_brand":[],"product_cat":[1693,1695,1767,1696,1765,1694,1766],"product_tag":[],"brand":[],"class_list":{"0":"post-74449","1":"product","2":"type-product","3":"status-publish","4":"has-post-thumbnail","6":"product_cat-3d-drucker","7":"product_cat-alle-3d-drucker","8":"product_cat-alle-ersatzteile","9":"product_cat-bambu-lab-de","10":"product_cat-ersatzteile","11":"product_cat-fdm-drucker","12":"product_cat-sonstige_artikel","14":"first","15":"outofstock","16":"taxable","17":"shipping-taxable","18":"purchasable","19":"product-type-simple"},"acf":[],"_links":{"self":[{"href":"https:\/\/azurefilm.com\/de\/wp-json\/wp\/v2\/product\/74449","targetHints":{"allow":["GET"]}}],"collection":[{"href":"https:\/\/azurefilm.com\/de\/wp-json\/wp\/v2\/product"}],"about":[{"href":"https:\/\/azurefilm.com\/de\/wp-json\/wp\/v2\/types\/product"}],"replies":[{"embeddable":true,"href":"https:\/\/azurefilm.com\/de\/wp-json\/wp\/v2\/comments?post=74449"}],"wp:featuredmedia":[{"embeddable":true,"href":"https:\/\/azurefilm.com\/de\/wp-json\/wp\/v2\/media\/74444"}],"wp:attachment":[{"href":"https:\/\/azurefilm.com\/de\/wp-json\/wp\/v2\/media?parent=74449"}],"wp:term":[{"taxonomy":"product_brand","embeddable":true,"href":"https:\/\/azurefilm.com\/de\/wp-json\/wp\/v2\/product_brand?post=74449"},{"taxonomy":"product_cat","embeddable":true,"href":"https:\/\/azurefilm.com\/de\/wp-json\/wp\/v2\/product_cat?post=74449"},{"taxonomy":"product_tag","embeddable":true,"href":"https:\/\/azurefilm.com\/de\/wp-json\/wp\/v2\/product_tag?post=74449"},{"taxonomy":"brand","embeddable":true,"href":"https:\/\/azurefilm.com\/de\/wp-json\/wp\/v2\/brand?post=74449"}],"curies":[{"name":"wp","href":"https:\/\/api.w.org\/{rel}","templated":true}]}}