
{"id":76935,"date":"2025-05-15T10:31:51","date_gmt":"2025-05-15T10:31:51","guid":{"rendered":"https:\/\/azurefilm.com\/?post_type=product&#038;p=76935"},"modified":"2025-05-15T10:31:51","modified_gmt":"2025-05-15T10:31:51","slug":"loetspitzen-fuer-gewindeeinsaetze","status":"publish","type":"product","link":"https:\/\/azurefilm.com\/de\/produkt\/loetspitzen-fuer-gewindeeinsaetze\/","title":{"rendered":"L\u00f6tspitzen f\u00fcr Gewindeeins\u00e4tze"},"content":{"rendered":"","protected":false},"excerpt":{"rendered":"<p><span style=\"font-weight: 400;\">Hochwertige L\u00f6tspitzen, die speziell f\u00fcr die pr\u00e4zise Installation von Gewindeeins\u00e4tzen in 3D-gedruckten Teilen entwickelt wurden.<br \/>\n<\/span><\/p>\n","protected":false},"featured_media":77803,"comment_status":"closed","ping_status":"closed","template":"","meta":{"_acf_changed":false},"product_brand":[],"product_cat":[1765,1767,1671,1769],"product_tag":[],"brand":[],"class_list":{"0":"post-76935","1":"product","2":"type-product","3":"status-publish","4":"has-post-thumbnail","6":"product_cat-ersatzteile","7":"product_cat-alle-ersatzteile","8":"product_cat-angebote","9":"product_cat-werkzeuge","11":"first","12":"instock","13":"sale","14":"taxable","15":"shipping-taxable","16":"purchasable","17":"product-type-simple"},"acf":[],"_links":{"self":[{"href":"https:\/\/azurefilm.com\/de\/wp-json\/wp\/v2\/product\/76935","targetHints":{"allow":["GET"]}}],"collection":[{"href":"https:\/\/azurefilm.com\/de\/wp-json\/wp\/v2\/product"}],"about":[{"href":"https:\/\/azurefilm.com\/de\/wp-json\/wp\/v2\/types\/product"}],"replies":[{"embeddable":true,"href":"https:\/\/azurefilm.com\/de\/wp-json\/wp\/v2\/comments?post=76935"}],"wp:featuredmedia":[{"embeddable":true,"href":"https:\/\/azurefilm.com\/de\/wp-json\/wp\/v2\/media\/77803"}],"wp:attachment":[{"href":"https:\/\/azurefilm.com\/de\/wp-json\/wp\/v2\/media?parent=76935"}],"wp:term":[{"taxonomy":"product_brand","embeddable":true,"href":"https:\/\/azurefilm.com\/de\/wp-json\/wp\/v2\/product_brand?post=76935"},{"taxonomy":"product_cat","embeddable":true,"href":"https:\/\/azurefilm.com\/de\/wp-json\/wp\/v2\/product_cat?post=76935"},{"taxonomy":"product_tag","embeddable":true,"href":"https:\/\/azurefilm.com\/de\/wp-json\/wp\/v2\/product_tag?post=76935"},{"taxonomy":"brand","embeddable":true,"href":"https:\/\/azurefilm.com\/de\/wp-json\/wp\/v2\/brand?post=76935"}],"curies":[{"name":"wp","href":"https:\/\/api.w.org\/{rel}","templated":true}]}}