
{"id":76953,"date":"2025-05-15T10:54:19","date_gmt":"2025-05-15T10:54:19","guid":{"rendered":"https:\/\/azurefilm.com\/?post_type=product&#038;p=76953"},"modified":"2025-05-15T10:54:20","modified_gmt":"2025-05-15T10:54:20","slug":"235-x-235-mm-pei-doppelseitendruckplatte","status":"publish","type":"product","link":"https:\/\/azurefilm.com\/de\/produkt\/235-x-235-mm-pei-doppelseitendruckplatte\/","title":{"rendered":"235 x 235 mm PEI-Doppelseitendruckplatte"},"content":{"rendered":"","protected":false},"excerpt":{"rendered":"<p><span style=\"font-weight: 400;\">Die doppelseitige PEI-Druckplatte mit der Gr\u00f6\u00dfe 235 x 235 mm gew\u00e4hrleistet eine hervorragende Haftung der ersten Schicht und ein einfaches Entfernen des Drucks f\u00fcr 3D-Drucker.<br \/>\n<\/span><\/p>\n","protected":false},"featured_media":77815,"comment_status":"closed","ping_status":"closed","template":"","meta":{"_acf_changed":false},"product_brand":[],"product_cat":[1765,1767,1671,1888,1994],"product_tag":[],"brand":[],"class_list":{"0":"post-76953","1":"product","2":"type-product","3":"status-publish","4":"has-post-thumbnail","6":"product_cat-ersatzteile","7":"product_cat-alle-ersatzteile","8":"product_cat-angebote","9":"product_cat-bauoberflachen","10":"product_cat-pei-platten","11":"pa_compatible-with-creality-fdm-3d-printers","13":"first","14":"instock","15":"sale","16":"taxable","17":"shipping-taxable","18":"purchasable","19":"product-type-simple"},"acf":[],"_links":{"self":[{"href":"https:\/\/azurefilm.com\/de\/wp-json\/wp\/v2\/product\/76953","targetHints":{"allow":["GET"]}}],"collection":[{"href":"https:\/\/azurefilm.com\/de\/wp-json\/wp\/v2\/product"}],"about":[{"href":"https:\/\/azurefilm.com\/de\/wp-json\/wp\/v2\/types\/product"}],"replies":[{"embeddable":true,"href":"https:\/\/azurefilm.com\/de\/wp-json\/wp\/v2\/comments?post=76953"}],"wp:featuredmedia":[{"embeddable":true,"href":"https:\/\/azurefilm.com\/de\/wp-json\/wp\/v2\/media\/77815"}],"wp:attachment":[{"href":"https:\/\/azurefilm.com\/de\/wp-json\/wp\/v2\/media?parent=76953"}],"wp:term":[{"taxonomy":"product_brand","embeddable":true,"href":"https:\/\/azurefilm.com\/de\/wp-json\/wp\/v2\/product_brand?post=76953"},{"taxonomy":"product_cat","embeddable":true,"href":"https:\/\/azurefilm.com\/de\/wp-json\/wp\/v2\/product_cat?post=76953"},{"taxonomy":"product_tag","embeddable":true,"href":"https:\/\/azurefilm.com\/de\/wp-json\/wp\/v2\/product_tag?post=76953"},{"taxonomy":"brand","embeddable":true,"href":"https:\/\/azurefilm.com\/de\/wp-json\/wp\/v2\/brand?post=76953"}],"curies":[{"name":"wp","href":"https:\/\/api.w.org\/{rel}","templated":true}]}}