
{"id":77002,"date":"2025-05-15T10:20:07","date_gmt":"2025-05-15T10:20:07","guid":{"rendered":"https:\/\/azurefilm.com\/?post_type=product&#038;p=77002"},"modified":"2025-05-27T19:52:09","modified_gmt":"2025-05-27T19:52:09","slug":"runder-neodym-magnet-der-fi-serie-n52-50-stueck","status":"publish","type":"product","link":"https:\/\/azurefilm.com\/de\/produkt\/runder-neodym-magnet-der-fi-serie-n52-50-stueck\/","title":{"rendered":"Runder Neodym-Magnet der fi-Serie (N52, 50 St\u00fcck)"},"content":{"rendered":"","protected":false},"excerpt":{"rendered":"<p><span style=\"font-weight: 400;\">Leistungsstarke runde N52-Neodym-Magnete in verschiedenen Gr\u00f6\u00dfen, ideal f\u00fcr magnetische Verbindungen, Verschl\u00fcsse und die Befestigung in 3D-Drucken. Verkauft in Packungen zu 50 St\u00fcck (au\u00dfer fi30x2mm).<br \/>\n<\/span><\/p>\n","protected":false},"featured_media":77599,"comment_status":"closed","ping_status":"closed","template":"","meta":{"_acf_changed":false},"product_brand":[],"product_cat":[1767,1671,1765,1741,1766],"product_tag":[],"brand":[],"class_list":{"0":"post-77002","1":"product","2":"type-product","3":"status-publish","4":"has-post-thumbnail","6":"product_cat-alle-ersatzteile","7":"product_cat-angebote","8":"product_cat-ersatzteile","9":"product_cat-nicht-kategorisiert","10":"product_cat-sonstige_artikel","12":"first","13":"instock","14":"sale","15":"taxable","16":"shipping-taxable","17":"purchasable","18":"product-type-variable"},"acf":[],"_links":{"self":[{"href":"https:\/\/azurefilm.com\/de\/wp-json\/wp\/v2\/product\/77002","targetHints":{"allow":["GET"]}}],"collection":[{"href":"https:\/\/azurefilm.com\/de\/wp-json\/wp\/v2\/product"}],"about":[{"href":"https:\/\/azurefilm.com\/de\/wp-json\/wp\/v2\/types\/product"}],"replies":[{"embeddable":true,"href":"https:\/\/azurefilm.com\/de\/wp-json\/wp\/v2\/comments?post=77002"}],"wp:featuredmedia":[{"embeddable":true,"href":"https:\/\/azurefilm.com\/de\/wp-json\/wp\/v2\/media\/77599"}],"wp:attachment":[{"href":"https:\/\/azurefilm.com\/de\/wp-json\/wp\/v2\/media?parent=77002"}],"wp:term":[{"taxonomy":"product_brand","embeddable":true,"href":"https:\/\/azurefilm.com\/de\/wp-json\/wp\/v2\/product_brand?post=77002"},{"taxonomy":"product_cat","embeddable":true,"href":"https:\/\/azurefilm.com\/de\/wp-json\/wp\/v2\/product_cat?post=77002"},{"taxonomy":"product_tag","embeddable":true,"href":"https:\/\/azurefilm.com\/de\/wp-json\/wp\/v2\/product_tag?post=77002"},{"taxonomy":"brand","embeddable":true,"href":"https:\/\/azurefilm.com\/de\/wp-json\/wp\/v2\/brand?post=77002"}],"curies":[{"name":"wp","href":"https:\/\/api.w.org\/{rel}","templated":true}]}}