
{"id":77262,"date":"2025-05-13T11:46:01","date_gmt":"2025-05-13T11:46:01","guid":{"rendered":"https:\/\/azurefilm.com\/?post_type=product&#038;p=77262"},"modified":"2025-09-30T06:48:14","modified_gmt":"2025-09-30T06:48:14","slug":"refill-abs-plus-grey","status":"publish","type":"product","link":"https:\/\/azurefilm.com\/de\/produkt\/refill-abs-plus-grey\/","title":{"rendered":"Refill ABS PLUS Grey"},"content":{"rendered":"<h2><b>Refill ABS PLUS\u00a0<\/b><\/h2>\n<p><span style=\"font-weight: 400;\">Refill ABS PLUS Filamente bieten die gleichen Eigenschaften wie unser ABS PLUS. ABS PLUS Filamente sind technische Filamente, die sich perfekt f\u00fcr Anwendungen eignen, die eine <\/span><b>extrem hohe Schlagz\u00e4higkeit und gute W\u00e4rmebest\u00e4ndigkeit erfordern <\/b><span style=\"font-weight: 400;\">. Zu ihren Vorteilen geh\u00f6rt auch <\/span><b>die hohe Flexibilit\u00e4t<\/b><span style=\"font-weight: 400;\">.<\/span><\/p>\n<p><span style=\"font-weight: 400;\">PLUS steht f\u00fcr unsere speziellen Additive, die dieses Material <\/span><b>noch st\u00e4rker machen als normales ABS <\/b><span style=\"font-weight: 400;\">. Das Material h\u00e4lt Temperaturen bis zu 85 \u00b0C stand und eignet sich daher hervorragend f\u00fcr Au\u00dfen- und technische Anwendungen.<\/span><\/p>\n<p><span style=\"font-weight: 400;\">Dieses Material kann ohne geschlossenen Drucker gedruckt werden, wir <\/span><b>empfehlen jedoch dringend die Verwendung eines geschlossenen oder geschlossenen 3D-Druckers<\/b><span style=\"font-weight: 400;\">.<\/span><\/p>\n<h3><strong>Was ist neu?<\/strong><\/h3>\n<ul>\n<li><span style=\"font-weight: 400;\">Wir haben die Plastik-Kabelbinder entfernt und durch eine bessere Option ersetzt, um das Auspacken zu erleichtern.<\/span><\/li>\n<li><span style=\"font-weight: 400;\">Das Filamentende ist jetzt komplett gerade. Das verhindert, dass es in der Spule stecken bleibt und Ihren Druck ruiniert, wenn das Filament ausgeht.<\/span><\/li>\n<li><b>Perfekte Kompatibilit\u00e4t mit AzureFilm und Bambu Lab Spulen.<\/b><\/li>\n<\/ul>\n<h3><strong>Druckempfehlungen:<\/strong><\/h3>\n<ul>\n<li style=\"font-weight: 400;\" aria-level=\"1\"><span style=\"font-weight: 400;\">F\u00fcr beste Ergebnisse drucken Sie bei 240\u2013260\u00b0C.<\/span><\/li>\n<li style=\"font-weight: 400;\" aria-level=\"1\"><span style=\"font-weight: 400;\">Die empfohlene Druckbetttemperatur liegt bei 90\u2013120\u00b0C. Wir empfehlen die Verwendung eines Geh\u00e4uses oder eines geschlossenen 3D-Druckers.<\/span><\/li>\n<li style=\"font-weight: 400;\" aria-level=\"1\"><span style=\"font-weight: 400;\">Verwenden Sie ein Glasbett, eine PEI-Folie, Kapton oder Blaues Klebeband f\u00fcr die Bauplattform mit 3Dlac-Spray.<\/span><\/li>\n<\/ul>\n<p><i><span style=\"font-weight: 400;\">*Die ideale Temperatur kann je nach verwendetem Drucker variieren.<\/span><\/i><\/p>\n<p><span style=\"vertical-align: inherit;\"><span style=\"vertical-align: inherit;\"><div class=\"is-divider divider clearfix\" style=\"max-width:100%;height:1px;background-color:rgb(17, 107, 168);\"><\/div><\/span><\/span><\/p>\n<p><span style=\"font-weight: 400;\">Unsere Refill ABS PLUS Filamente sind perfekt kompatibel mit der<\/span> <a href=\"https:\/\/azurefilm.com\/de\/produkt\/azurefilm-master-spool-11-gratis\/\" target=\"_blank\" rel=\"noopener\"><b>AzureFilm Master Spool<\/b><\/a><b> \u2013 die einzige Spule, die Sie jemals brauchen werden<\/b><span style=\"font-weight: 400;\">. By using this reusable spool, you can join us in reducing waste and minimising environmental impact.<\/span><\/p>\n<p><span style=\"font-weight: 400;\">AzureFilm Master Spool ist unsere <\/span><b>wiederverwendbare Spule<\/b><span style=\"font-weight: 400;\">, die eine <\/span><b>nachhaltige und kosteng\u00fcnstige L\u00f6sung<\/b><span style=\"font-weight: 400;\"> f\u00fcr den 3D-Druck bietet. Die Spule ist eine Satz aus <\/span><b>zwei wiederverwendbaren, spritzgegossenen Scheiben<\/b><span style=\"font-weight: 400;\">. This ensures the high durability and precision of the spool.<\/span><\/p>\n<p><span style=\"font-weight: 400;\">Durch den Kauf und die Wiederverwendung unserer Master Spool tragen Sie zu einer saubereren Umwelt bei und genie\u00dfen gleichzeitig ein zuverl\u00e4ssiges und benutzerfreundliches Produkt, das mit den meisten 3D-Druckern kompatibel ist.<\/span><\/p>\n<div style=\"padding: 56.25% 0 0 0; position: relative;\"><iframe style=\"position: absolute; top: 0; left: 0; width: 100%; height: 100%;\" title=\"AzureFilm Master Spool\" src=\"https:\/\/player.vimeo.com\/video\/954356184?badge=0&amp;autopause=0&amp;player_id=0&amp;app_id=58479\" frameborder=\"0\"><\/iframe><\/div>\n<p><script src=\"https:\/\/player.vimeo.com\/api\/player.js\"><\/script><\/p>\n<p><span style=\"vertical-align: inherit;\"><span style=\"vertical-align: inherit;\"><div class=\"is-divider divider clearfix\" style=\"max-width:100%;height:1px;background-color:rgb(17, 107, 168);\"><\/div><\/span><\/span><\/p>\n<h2><b>Merkmale und Eigenschaften<\/b><\/h2>\n<table>\n<thead>\n<tr>\n<th><b>Besonderheit<\/b><\/th>\n<th><b><span style=\"vertical-align: inherit;\"><span style=\"vertical-align: inherit;\">Wert<\/span><\/span><\/b><\/th>\n<\/tr>\n<tr>\n<td><span style=\"font-weight: 400;\">Flexibilit\u00e4t<\/span><\/td>\n<td><span style=\"font-weight: 400;\"><span style=\"vertical-align: inherit;\"><span style=\"vertical-align: inherit;\">Medium<\/span><\/span><\/span><\/td>\n<\/tr>\n<tr>\n<td><span style=\"font-weight: 400;\">St\u00e4rke<\/span><\/td>\n<td>Hoch<\/td>\n<\/tr>\n<tr>\n<td><span style=\"font-weight: 400;\">Haltbarkeit<\/span><\/td>\n<td><span style=\"font-weight: 400;\"><span style=\"vertical-align: inherit;\"><span style=\"vertical-align: inherit;\">Hoch<\/span><\/span><\/span><\/td>\n<\/tr>\n<tr>\n<td><span style=\"font-weight: 400;\">Schwierigkeit zu verwenden<\/span><\/td>\n<td><span style=\"font-weight: 400;\"><span style=\"vertical-align: inherit;\"><span style=\"vertical-align: inherit;\">Medium<\/span><\/span><\/span><\/td>\n<\/tr>\n<tr>\n<td><span style=\"font-weight: 400;\">Schrumpfung \/ Verzug<\/span><\/td>\n<td><span style=\"font-weight: 400;\"><span style=\"vertical-align: inherit;\"><span style=\"vertical-align: inherit;\">Minimal<\/span><\/span><\/span><\/td>\n<\/tr>\n<tr>\n<td><span style=\"font-weight: 400;\">L\u00f6slich<\/span><\/td>\n<td><span style=\"font-weight: 400;\"><span style=\"vertical-align: inherit;\"><span style=\"vertical-align: inherit;\">No<\/span><\/span><\/span><\/td>\n<\/tr>\n<tr>\n<td><span style=\"font-weight: 400;\">Verf\u00fcgbarer Durchmesser<\/span><\/td>\n<td><span style=\"font-weight: 400;\"><span style=\"vertical-align: inherit;\"><span style=\"vertical-align: inherit;\">1.75mm<\/span><\/span><\/span><\/td>\n<\/tr>\n<tr>\n<td><span style=\"font-weight: 400;\">Hersteller<\/span><\/td>\n<td><span style=\"font-weight: 400;\"><span style=\"vertical-align: inherit;\"><span style=\"vertical-align: inherit;\">AzureFilm<\/span><\/span><\/span><\/td>\n<\/tr>\n<\/thead>\n<\/table>\n<p><span style=\"font-weight: 400;\">Um mehr \u00fcber ASA-Filamente zu erfahren, lesen Sie unseren <a href=\"https:\/\/azurefilm.com\/de\/2023\/07\/11\/abs-filamente-alles-was-sie-wissen-muessen\/\" target=\"_blank\" rel=\"noopener\"><strong>Blog<\/strong><\/a>.<\/span><\/p>\n<p><b>Technischen Datenblatt <\/b><span style=\"font-weight: 400;\">gelangen Sie <a href=\"https:\/\/azurefilm.com\/de\/technical-data-sheets\/\" target=\"_blank\" rel=\"noopener\"><strong>hier<\/strong><\/a>.<\/span><\/p>\n","protected":false},"excerpt":{"rendered":"<p><span style=\"font-weight: 400;\">Kaufen Sie AzureFilm Refill ABS PLUS Grey f\u00fcr starke, UV- und sto\u00dffeste Drucke \u2013 ideal f\u00fcr technische Hochtemperaturanwendungen.<\/span><\/p>\n","protected":false},"featured_media":77533,"comment_status":"closed","ping_status":"closed","template":"","meta":{"_acf_changed":false},"product_brand":[],"product_cat":[2753,1669,1993,1992,1672,1837],"product_tag":[1839],"brand":[1665],"class_list":{"0":"post-77262","1":"product","2":"type-product","3":"status-publish","4":"has-post-thumbnail","6":"product_cat-refill-abs-plus-de","7":"product_cat-3d-filamente","8":"product_cat-abs-filamente","9":"product_cat-abs-plus-filamente","10":"product_cat-alle-filamente","11":"product_cat-refill-filamente","12":"product_tag-oko","13":"pa_colour-grau","14":"pa_filament-diameter-1-75mm-de","15":"pa_filament-weight-1000g-de","16":"brand-azurefilm-de","18":"first","19":"outofstock","20":"taxable","21":"shipping-taxable","22":"purchasable","23":"product-type-variable","24":"has-default-attributes"},"acf":[],"_links":{"self":[{"href":"https:\/\/azurefilm.com\/de\/wp-json\/wp\/v2\/product\/77262","targetHints":{"allow":["GET"]}}],"collection":[{"href":"https:\/\/azurefilm.com\/de\/wp-json\/wp\/v2\/product"}],"about":[{"href":"https:\/\/azurefilm.com\/de\/wp-json\/wp\/v2\/types\/product"}],"replies":[{"embeddable":true,"href":"https:\/\/azurefilm.com\/de\/wp-json\/wp\/v2\/comments?post=77262"}],"wp:featuredmedia":[{"embeddable":true,"href":"https:\/\/azurefilm.com\/de\/wp-json\/wp\/v2\/media\/77533"}],"wp:attachment":[{"href":"https:\/\/azurefilm.com\/de\/wp-json\/wp\/v2\/media?parent=77262"}],"wp:term":[{"taxonomy":"product_brand","embeddable":true,"href":"https:\/\/azurefilm.com\/de\/wp-json\/wp\/v2\/product_brand?post=77262"},{"taxonomy":"product_cat","embeddable":true,"href":"https:\/\/azurefilm.com\/de\/wp-json\/wp\/v2\/product_cat?post=77262"},{"taxonomy":"product_tag","embeddable":true,"href":"https:\/\/azurefilm.com\/de\/wp-json\/wp\/v2\/product_tag?post=77262"},{"taxonomy":"brand","embeddable":true,"href":"https:\/\/azurefilm.com\/de\/wp-json\/wp\/v2\/brand?post=77262"}],"curies":[{"name":"wp","href":"https:\/\/api.w.org\/{rel}","templated":true}]}}