
{"id":81606,"date":"2025-06-23T07:13:08","date_gmt":"2025-06-23T07:13:08","guid":{"rendered":"https:\/\/azurefilm.com\/?post_type=product&#038;p=81606"},"modified":"2025-06-23T07:13:08","modified_gmt":"2025-06-23T07:13:08","slug":"creality-space-pi-filamenttrockner","status":"publish","type":"product","link":"https:\/\/azurefilm.com\/de\/produkt\/creality-space-pi-filamenttrockner\/","title":{"rendered":"Creality Space Pi Filamenttrockner"},"content":{"rendered":"<h2><b>Creality Space Pi Filamenttrockner<\/b><\/h2>\n<p><span style=\"font-weight: 400;\">Der Creality Space Pi Filamenttrockner gew\u00e4hrleistet eine schnelle und gleichm\u00e4\u00dfige Trocknung von Filamenten, um Ihre 3D-Druckqualit\u00e4t zu verbessern und Probleme wie F\u00e4denziehen oder Blasenbildung zu vermeiden. Geeignet f\u00fcr PLA, PETG, TPU und Spezialmaterialien.<\/span><\/p>\n<h2><b>Hauptmerkmale<\/b><\/h2>\n<ul>\n<li style=\"font-weight: 400;\" aria-level=\"1\"><b>80\u202fW PTC-Heizung mit 360\u00b0<\/b><span style=\"font-weight: 400;\"> Hei\u00dfluftzirkulation<\/span><\/li>\n<li style=\"font-weight: 400;\" aria-level=\"1\"><span style=\"font-weight: 400;\">Temperaturbereich einstellbar: <\/span><b>45\u202f\u00b0C bis 70\u202f\u00b0C<\/b><\/li>\n<li style=\"font-weight: 400;\" aria-level=\"1\"><span style=\"font-weight: 400;\">One-Touch-Voreinstellungen f\u00fcr<\/span><b> 12 Filamenttypen<\/b><\/li>\n<li style=\"font-weight: 400;\" aria-level=\"1\"><span style=\"font-weight: 400;\">Trocknungsdauer von <\/span><b>0 bis 48 Stunden<\/b><span style=\"font-weight: 400;\"> mit Speicherfunktion<\/span><span style=\"font-weight: 400;\"><br \/>\n<\/span><\/li>\n<\/ul>\n<h2><b>Echtzeit\u00fcberwachung<\/b><\/h2>\n<ul>\n<li style=\"font-weight: 400;\" aria-level=\"1\"><b>3,7\u2033 LCD-Touchscreen<\/b><span style=\"font-weight: 400;\"> zur einfachen Bedienung<\/span><\/li>\n<li style=\"font-weight: 400;\" aria-level=\"1\"><span style=\"font-weight: 400;\">Anzeige von Temperatur, Luftfeuchtigkeit und Countdown<\/span><\/li>\n<li style=\"font-weight: 400;\" aria-level=\"1\"><b>Integrierter Feuchtigkeitssensor<\/b><span style=\"font-weight: 400;\"> f\u00fcr pr\u00e4zise Werte<\/span><span style=\"font-weight: 400;\"><br \/>\n<\/span><\/li>\n<\/ul>\n<h2><b>Betriebsvorteile<\/b><\/h2>\n<ul>\n<li style=\"font-weight: 400;\" aria-level=\"1\"><span style=\"font-weight: 400;\">Leiser Betrieb dank optimiertem Luftstrom<\/span><\/li>\n<li style=\"font-weight: 400;\" aria-level=\"1\"><span style=\"font-weight: 400;\">Unterst\u00fctzte Filamentdurchmesser<\/span><b>: 1,75 mm \/ 2,85 mm \/ 3 mm<\/b><\/li>\n<li style=\"font-weight: 400;\" aria-level=\"1\"><span style=\"font-weight: 400;\">Benutzerfreundliches, schnelles Setup<\/span><\/li>\n<li style=\"font-weight: 400;\" aria-level=\"1\"><span style=\"font-weight: 400;\">Verhindert typische Druckprobleme wie <\/span><b>Stringing, Blasen oder Haftungsprobleme<\/b><b><br \/>\n<\/b><\/li>\n<\/ul>\n<h2><b>Technische Daten<\/b><\/h2>\n<ul>\n<li style=\"font-weight: 400;\" aria-level=\"1\"><span style=\"font-weight: 400;\">Produktname: Space \u03c0 Filamenttrockner<\/span><\/li>\n<li style=\"font-weight: 400;\" aria-level=\"1\"><span style=\"font-weight: 400;\">Modell: DB-03<\/span><\/li>\n<li style=\"font-weight: 400;\" aria-level=\"1\"><span style=\"font-weight: 400;\">Verpackungsgr\u00f6\u00dfe: 315x 125&#215;300 mm<\/span><\/li>\n<li style=\"font-weight: 400;\" aria-level=\"1\"><span style=\"font-weight: 400;\">Nettogewicht: 1150 g<\/span><\/li>\n<li style=\"font-weight: 400;\" aria-level=\"1\"><span style=\"font-weight: 400;\">Farbe: Space Grau<\/span><\/li>\n<li style=\"font-weight: 400;\" aria-level=\"1\"><span style=\"font-weight: 400;\">Eingangsspannung:<\/span>\n<ul>\n<li style=\"font-weight: 400;\" aria-level=\"2\"><span style=\"font-weight: 400;\">USA: 110 V \/ 50\u201360 Hz<\/span><\/li>\n<li style=\"font-weight: 400;\" aria-level=\"2\"><span style=\"font-weight: 400;\">EU\/UK: 220 V \/ 50\u201360 Hz<\/span><\/li>\n<\/ul>\n<\/li>\n<li style=\"font-weight: 400;\" aria-level=\"1\"><span style=\"font-weight: 400;\">Leistungsaufnahme: 145\u202fW<\/span><\/li>\n<li style=\"font-weight: 400;\" aria-level=\"1\"><span style=\"font-weight: 400;\">Temperaturbereich: 45\u202f\u00b0C \u2013 70\u202f\u00b0C<\/span><\/li>\n<li style=\"font-weight: 400;\" aria-level=\"1\"><span style=\"font-weight: 400;\">Heizdauer: 0\u201348 h<\/span><\/li>\n<li style=\"font-weight: 400;\" aria-level=\"1\"><span style=\"font-weight: 400;\">Kompatible Filamentdurchmesser: 1,75 mm \/ 2,85 mm<\/span><\/li>\n<\/ul>\n","protected":false},"excerpt":{"rendered":"<p><span style=\"font-weight: 400;\">Der Space Pi Filamenttrockner von Creality sorgt f\u00fcr schnelles, effizientes Trocknen zur Verbesserung der Druckqualit\u00e4t und zur Reduzierung feuchtigkeitsbedingter Probleme.<\/span><\/p>\n","protected":false},"featured_media":81915,"comment_status":"closed","ping_status":"closed","template":"","meta":{"_acf_changed":false},"product_brand":[],"product_cat":[1765,1767,1766],"product_tag":[],"brand":[],"class_list":{"0":"post-81606","1":"product","2":"type-product","3":"status-publish","4":"has-post-thumbnail","6":"product_cat-ersatzteile","7":"product_cat-alle-ersatzteile","8":"product_cat-sonstige_artikel","10":"first","11":"instock","12":"taxable","13":"shipping-taxable","14":"purchasable","15":"product-type-simple"},"acf":[],"_links":{"self":[{"href":"https:\/\/azurefilm.com\/de\/wp-json\/wp\/v2\/product\/81606","targetHints":{"allow":["GET"]}}],"collection":[{"href":"https:\/\/azurefilm.com\/de\/wp-json\/wp\/v2\/product"}],"about":[{"href":"https:\/\/azurefilm.com\/de\/wp-json\/wp\/v2\/types\/product"}],"replies":[{"embeddable":true,"href":"https:\/\/azurefilm.com\/de\/wp-json\/wp\/v2\/comments?post=81606"}],"wp:featuredmedia":[{"embeddable":true,"href":"https:\/\/azurefilm.com\/de\/wp-json\/wp\/v2\/media\/81915"}],"wp:attachment":[{"href":"https:\/\/azurefilm.com\/de\/wp-json\/wp\/v2\/media?parent=81606"}],"wp:term":[{"taxonomy":"product_brand","embeddable":true,"href":"https:\/\/azurefilm.com\/de\/wp-json\/wp\/v2\/product_brand?post=81606"},{"taxonomy":"product_cat","embeddable":true,"href":"https:\/\/azurefilm.com\/de\/wp-json\/wp\/v2\/product_cat?post=81606"},{"taxonomy":"product_tag","embeddable":true,"href":"https:\/\/azurefilm.com\/de\/wp-json\/wp\/v2\/product_tag?post=81606"},{"taxonomy":"brand","embeddable":true,"href":"https:\/\/azurefilm.com\/de\/wp-json\/wp\/v2\/brand?post=81606"}],"curies":[{"name":"wp","href":"https:\/\/api.w.org\/{rel}","templated":true}]}}